{"id":1643,"date":"2023-12-08T12:02:17","date_gmt":"2023-12-08T09:02:17","guid":{"rendered":"https:\/\/batisomine.com\/?page_id=1643"},"modified":"2025-02-21T13:18:22","modified_gmt":"2025-02-21T10:18:22","slug":"70x70-eskenar-type-nut-1","status":"publish","type":"page","link":"http:\/\/batisomine.com\/en\/somine-models\/wooded-nutrunners\/eskenar-type-somine\/70x70-eskenar-type-nut-1\/","title":{"rendered":"70\u00d770 Equilateral Type Fireplace #1"},"content":{"rendered":"<div data-elementor-type=\"wp-page\" data-elementor-id=\"1643\" class=\"elementor elementor-1643\" data-elementor-post-type=\"page\">\n\t\t\t\t<div class=\"elementor-element elementor-element-2e33aba e-flex e-con-boxed e-con e-parent\" data-id=\"2e33aba\" data-element_type=\"container\" data-e-type=\"container\">\n\t\t\t\t\t<div class=\"e-con-inner\">\n\t\t<div class=\"elementor-element elementor-element-579d92a e-flex e-con-boxed e-con e-child\" data-id=\"579d92a\" data-element_type=\"container\" data-e-type=\"container\">\n\t\t\t\t\t<div class=\"e-con-inner\">\n\t\t<div class=\"elementor-element elementor-element-e401ef3 e-con-full e-flex e-con e-child\" data-id=\"e401ef3\" data-element_type=\"container\" data-e-type=\"container\">\n\t\t\t\t<div class=\"elementor-element elementor-element-a2dd182 elementor-widget elementor-widget-image\" data-id=\"a2dd182\" data-element_type=\"widget\" data-e-type=\"widget\" data-widget_type=\"image.default\">\n\t\t\t\t<div class=\"elementor-widget-container\">\n\t\t\t\t\t\t\t\t\t\t\t\t\t\t\t\t<a href=\"https:\/\/batisomine.com\/wp-content\/uploads\/2023\/12\/l-tipi-somine-2-ates-tuglali.jpg\" data-elementor-open-lightbox=\"yes\" data-elementor-lightbox-title=\"l-tipi-\u015f\u00f6mine-2-ate\u015f-tu\u011flal\u0131\" data-e-action-hash=\"#elementor-action%3Aaction%3Dlightbox%26settings%3DeyJpZCI6ODI2LCJ1cmwiOiJodHRwczpcL1wvYmF0aXNvbWluZS5jb21cL3dwLWNvbnRlbnRcL3VwbG9hZHNcLzIwMjNcLzEyXC9sLXRpcGktc29taW5lLTItYXRlcy10dWdsYWxpLmpwZyJ9\">\n\t\t\t\t\t\t\t<img fetchpriority=\"high\" decoding=\"async\" width=\"1000\" height=\"1000\" src=\"https:\/\/batisomine.com\/wp-content\/uploads\/2023\/12\/l-tipi-somine-2-ates-tuglali.jpg\" class=\"attachment-full size-full wp-image-826\" alt=\"l-type-fireplace-2-fire-brick\" srcset=\"https:\/\/batisomine.com\/wp-content\/uploads\/2023\/12\/l-tipi-somine-2-ates-tuglali.jpg 1000w, https:\/\/batisomine.com\/wp-content\/uploads\/2023\/12\/l-tipi-somine-2-ates-tuglali-300x300.jpg 300w, https:\/\/batisomine.com\/wp-content\/uploads\/2023\/12\/l-tipi-somine-2-ates-tuglali-150x150.jpg 150w, https:\/\/batisomine.com\/wp-content\/uploads\/2023\/12\/l-tipi-somine-2-ates-tuglali-768x768.jpg 768w\" sizes=\"(max-width: 1000px) 100vw, 1000px\" \/>\t\t\t\t\t\t\t\t<\/a>\n\t\t\t\t\t\t\t\t\t\t\t\t\t\t\t<\/div>\n\t\t\t\t<\/div>\n\t\t\t\t<div class=\"elementor-element elementor-element-5038762 elementor-align-center elementor-widget elementor-widget-button\" data-id=\"5038762\" data-element_type=\"widget\" data-e-type=\"widget\" data-widget_type=\"button.default\">\n\t\t\t\t<div class=\"elementor-widget-container\">\n\t\t\t\t\t\t\t\t\t<div class=\"elementor-button-wrapper\">\n\t\t\t\t\t<a class=\"elementor-button elementor-button-link elementor-size-sm\" href=\"https:\/\/api.whatsapp.com\/send\/?phone=905548223356&#038;text=Merhaba%2C+web+siteniz+%C3%BCzerinden+ula%C5%9F%C4%B1yorum+bilgi+alabilir+miyim%3F&#038;type=phone_number&#038;app_absent=0\">\n\t\t\t\t\t\t<span class=\"elementor-button-content-wrapper\">\n\t\t\t\t\t\t<span class=\"elementor-button-icon\">\n\t\t\t\t<svg aria-hidden=\"true\" class=\"e-font-icon-svg e-fab-whatsapp\" viewbox=\"0 0 448 512\" xmlns=\"http:\/\/www.w3.org\/2000\/svg\"><path d=\"M380.9 97.1C339 55.1 283.2 32 223.9 32c-122.4 0-222 99.6-222 222 0 39.1 10.2 77.3 29.6 111L0 480l117.7-30.9c32.4 17.7 68.9 27 106.1 27h.1c122.3 0 224.1-99.6 224.1-222 0-59.3-25.2-115-67.1-157zm-157 341.6c-33.2 0-65.7-8.9-94-25.7l-6.7-4-69.8 18.3L72 359.2l-4.4-7c-18.5-29.4-28.2-63.3-28.2-98.2 0-101.7 82.8-184.5 184.6-184.5 49.3 0 95.6 19.2 130.4 54.1 34.8 34.9 56.2 81.2 56.1 130.5 0 101.8-84.9 184.6-186.6 184.6zm101.2-138.2c-5.5-2.8-32.8-16.2-37.9-18-5.1-1.9-8.8-2.8-12.5 2.8-3.7 5.6-14.3 18-17.6 21.8-3.2 3.7-6.5 4.2-12 1.4-32.6-16.3-54-29.1-75.5-66-5.7-9.8 5.7-9.1 16.3-30.3 1.8-3.7.9-6.9-.5-9.7-1.4-2.8-12.5-30.1-17.1-41.2-4.5-10.8-9.1-9.3-12.5-9.5-3.2-.2-6.9-.2-10.6-.2-3.7 0-9.7 1.4-14.8 6.9-5.1 5.6-19.4 19-19.4 46.3 0 27.3 19.9 53.7 22.6 57.4 2.8 3.7 39.1 59.7 94.8 83.8 35.2 15.2 49 16.5 66.6 13.9 10.7-1.6 32.8-13.4 37.4-26.4 4.6-13 4.6-24.1 3.2-26.4-1.3-2.5-5-3.9-10.5-6.6z\"><\/path><\/svg>\t\t\t<\/span>\n\t\t\t\t\t\t\t\t\t<span class=\"elementor-button-text\">Get Information via Whatsapp<\/span>\n\t\t\t\t\t<\/span>\n\t\t\t\t\t<\/a>\n\t\t\t\t<\/div>\n\t\t\t\t\t\t\t\t<\/div>\n\t\t\t\t<\/div>\n\t\t\t\t<div class=\"elementor-element elementor-element-077a1de elementor-align-center elementor-widget elementor-widget-button\" data-id=\"077a1de\" data-element_type=\"widget\" data-e-type=\"widget\" data-widget_type=\"button.default\">\n\t\t\t\t<div class=\"elementor-widget-container\">\n\t\t\t\t\t\t\t\t\t<div class=\"elementor-button-wrapper\">\n\t\t\t\t\t<a class=\"elementor-button elementor-button-link elementor-size-sm\" href=\"tel:905548223356\">\n\t\t\t\t\t\t<span class=\"elementor-button-content-wrapper\">\n\t\t\t\t\t\t<span class=\"elementor-button-icon\">\n\t\t\t\t<svg aria-hidden=\"true\" class=\"e-font-icon-svg e-fas-phone-alt\" viewbox=\"0 0 512 512\" xmlns=\"http:\/\/www.w3.org\/2000\/svg\"><path d=\"M497.39 361.8l-112-48a24 24 0 0 0-28 6.9l-49.6 60.6A370.66 370.66 0 0 1 130.6 204.11l60.6-49.6a23.94 23.94 0 0 0 6.9-28l-48-112A24.16 24.16 0 0 0 122.6.61l-104 24A24 24 0 0 0 0 48c0 256.5 207.9 464 464 464a24 24 0 0 0 23.4-18.6l24-104a24.29 24.29 0 0 0-14.01-27.6z\"><\/path><\/svg>\t\t\t<\/span>\n\t\t\t\t\t\t\t\t\t<span class=\"elementor-button-text\">Get Information by Phone<\/span>\n\t\t\t\t\t<\/span>\n\t\t\t\t\t<\/a>\n\t\t\t\t<\/div>\n\t\t\t\t\t\t\t\t<\/div>\n\t\t\t\t<\/div>\n\t\t\t\t<\/div>\n\t\t<div class=\"elementor-element elementor-element-03d572a e-con-full e-flex e-con e-child\" data-id=\"03d572a\" data-element_type=\"container\" data-e-type=\"container\">\n\t\t\t\t<div class=\"elementor-element elementor-element-280b3e5 elementor-widget elementor-widget-heading\" data-id=\"280b3e5\" data-element_type=\"widget\" data-e-type=\"widget\" data-widget_type=\"heading.default\">\n\t\t\t\t<div class=\"elementor-widget-container\">\n\t\t\t\t\t<h1 class=\"elementor-heading-title elementor-size-default\">70\u00d770 Equilateral Type Fireplace #1<\/h1>\t\t\t\t<\/div>\n\t\t\t\t<\/div>\n\t\t\t\t<div class=\"elementor-element elementor-element-2c601a0 elementor-widget elementor-widget-heading\" data-id=\"2c601a0\" data-element_type=\"widget\" data-e-type=\"widget\" data-widget_type=\"heading.default\">\n\t\t\t\t<div class=\"elementor-widget-container\">\n\t\t\t\t\t<h3 class=\"elementor-heading-title elementor-size-default\">U Type Fireplace<\/h3>\t\t\t\t<\/div>\n\t\t\t\t<\/div>\n\t\t\t\t<div class=\"elementor-element elementor-element-ac36af5 elementor-widget__width-auto elementor-widget elementor-widget-text-editor\" data-id=\"ac36af5\" data-element_type=\"widget\" data-e-type=\"widget\" data-widget_type=\"text-editor.default\">\n\t\t\t\t<div class=\"elementor-widget-container\">\n\t\t\t\t\t\t\t\t\t<table style=\"width: 350px;\"><tbody><tr><th style=\"width: 175px;\">Feature<\/th><th style=\"width: 175px;\">Value<\/th><\/tr><\/tbody><tbody><tr><td style=\"width: 175px;\">Power (kW)<\/td><td style=\"width: 175px;\">19<\/td><\/tr><tr><td style=\"width: 175px;\">Heating Efficiency (%)<\/td><td style=\"width: 175px;\">87<\/td><\/tr><tr><td style=\"width: 175px;\">Weight (kg)<\/td><td style=\"width: 175px;\">310<\/td><\/tr><tr><td style=\"width: 175px;\">Material<\/td><td style=\"width: 175px;\">Steel<\/td><\/tr><tr><td style=\"width: 175px;\">Chimney Diameter<\/td><td style=\"width: 175px;\">200<\/td><\/tr><tr><td style=\"width: 175px;\">Glass<\/td><td style=\"width: 175px;\">Ceramic Glass<\/td><\/tr><tr><td style=\"width: 175px;\">Combustion Chamber<\/td><td style=\"width: 175px;\">Fire Brick<\/td><\/tr><tr><td style=\"width: 175px;\">Guarantee<\/td><td style=\"width: 175px;\">5 Years<\/td><\/tr><\/tbody><\/table>\t\t\t\t\t\t\t\t<\/div>\n\t\t\t\t<\/div>\n\t\t\t\t<\/div>\n\t\t\t\t\t<\/div>\n\t\t\t\t<\/div>\n\t\t\t\t\t<\/div>\n\t\t\t\t<\/div>\n\t\t<div class=\"elementor-element elementor-element-6f5470b e-flex e-con-boxed e-con e-parent\" data-id=\"6f5470b\" data-element_type=\"container\" data-e-type=\"container\">\n\t\t\t\t\t<div class=\"e-con-inner\">\n\t\t<div class=\"elementor-element elementor-element-15a857d e-flex e-con-boxed e-con e-child\" data-id=\"15a857d\" data-element_type=\"container\" data-e-type=\"container\">\n\t\t\t\t\t<div class=\"e-con-inner\">\n\t\t<div class=\"elementor-element elementor-element-1c9ba6c e-flex e-con-boxed e-con e-child\" data-id=\"1c9ba6c\" data-element_type=\"container\" data-e-type=\"container\">\n\t\t\t\t\t<div class=\"e-con-inner\">\n\t\t\t\t<div class=\"elementor-element elementor-element-514040b elementor-widget elementor-widget-heading\" data-id=\"514040b\" data-element_type=\"widget\" data-e-type=\"widget\" data-widget_type=\"heading.default\">\n\t\t\t\t<div class=\"elementor-widget-container\">\n\t\t\t\t\t<h3 class=\"elementor-heading-title elementor-size-default\">Technical Drawing<\/h3>\t\t\t\t<\/div>\n\t\t\t\t<\/div>\n\t\t\t\t<div class=\"elementor-element elementor-element-4209e01 elementor-widget elementor-widget-image\" data-id=\"4209e01\" data-element_type=\"widget\" data-e-type=\"widget\" data-widget_type=\"image.default\">\n\t\t\t\t<div class=\"elementor-widget-container\">\n\t\t\t\t\t\t\t\t\t\t\t\t\t\t\t\t<a href=\"https:\/\/batisomine.com\/wp-content\/uploads\/2023\/12\/eskenar-tip-60x60-1.jpg\" data-elementor-open-lightbox=\"yes\" data-elementor-lightbox-title=\"e\u015fkenar-tip-60x60\" data-e-action-hash=\"#elementor-action%3Aaction%3Dlightbox%26settings%3DeyJpZCI6MTcwOCwidXJsIjoiaHR0cHM6XC9cL2JhdGlzb21pbmUuY29tXC93cC1jb250ZW50XC91cGxvYWRzXC8yMDIzXC8xMlwvZXNrZW5hci10aXAtNjB4NjAtMS5qcGcifQ%3D%3D\">\n\t\t\t\t\t\t\t<img decoding=\"async\" width=\"631\" height=\"800\" src=\"https:\/\/batisomine.com\/wp-content\/uploads\/2023\/12\/eskenar-tip-60x60-1.jpg\" class=\"attachment-full size-full wp-image-1708\" alt=\"equilateral-type-60x60\" srcset=\"https:\/\/batisomine.com\/wp-content\/uploads\/2023\/12\/eskenar-tip-60x60-1.jpg 631w, https:\/\/batisomine.com\/wp-content\/uploads\/2023\/12\/eskenar-tip-60x60-1-237x300.jpg 237w\" sizes=\"(max-width: 631px) 100vw, 631px\" \/>\t\t\t\t\t\t\t\t<\/a>\n\t\t\t\t\t\t\t\t\t\t\t\t\t\t\t<\/div>\n\t\t\t\t<\/div>\n\t\t\t\t\t<\/div>\n\t\t\t\t<\/div>\n\t\t<div class=\"elementor-element elementor-element-2f7cc67 e-flex e-con-boxed e-con e-child\" data-id=\"2f7cc67\" data-element_type=\"container\" data-e-type=\"container\">\n\t\t\t\t\t<div class=\"e-con-inner\">\n\t\t\t\t<div class=\"elementor-element elementor-element-4e26724 elementor-widget elementor-widget-heading\" data-id=\"4e26724\" data-element_type=\"widget\" data-e-type=\"widget\" data-widget_type=\"heading.default\">\n\t\t\t\t<div class=\"elementor-widget-container\">\n\t\t\t\t\t<h3 class=\"elementor-heading-title elementor-size-default\">Usage Image<\/h3>\t\t\t\t<\/div>\n\t\t\t\t<\/div>\n\t\t\t\t\t<\/div>\n\t\t\t\t<\/div>\n\t\t\t\t\t<\/div>\n\t\t\t\t<\/div>\n\t\t\t\t\t<\/div>\n\t\t\t\t<\/div>\n\t\t\t\t<\/div>","protected":false},"excerpt":{"rendered":"<p>Whatsapp ile Bilgi Al\u0131n Telefon ile Bilgi Al\u0131n U Tipi \u015e\u00f6mine \u00d6zellik De\u011fer G\u00fc\u00e7 (kW) 19 Is\u0131tma Verimlili\u011fi (%) 87 A\u011f\u0131rl\u0131k (kg) 310 Malzeme \u00c7elik Baca \u00c7ap\u0131 200 Cam Seramik Cam Yanma Haznesi Ate\u015f Tu\u011flas\u0131 Garanti 5 Y\u0131l Teknik Resim Kullan\u0131m Resim<\/p>","protected":false},"author":3,"featured_media":0,"parent":1636,"menu_order":0,"comment_status":"closed","ping_status":"closed","template":"elementor_header_footer","meta":{"footnotes":""},"class_list":["post-1643","page","type-page","status-publish","hentry"],"yoast_head":"<!-- This site is optimized with the Yoast SEO plugin v27.3 - https:\/\/yoast.com\/product\/yoast-seo-wordpress\/ -->\n<title>70x70&#039;lik E\u015fkenar Tip \u015e\u00f6mine #1 | Bat\u0131 \u015e\u00f6mine<\/title>\n<meta name=\"description\" content=\"\u0130zmir D\u00f6k\u00fcm \u015f\u00f6mine barbek\u00fc soba \u00fcretimi i\u00e7in en do\u011fru adres Bat\u0131 \u015e\u00f6mine. F\u0131r\u0131nl\u0131 odunlu \u015f\u00f6mine barbek\u00fc tasar\u0131m\u0131 \u00fcretimi ve montaj\u0131\" \/>\n<meta name=\"robots\" content=\"index, follow, max-snippet:-1, max-image-preview:large, max-video-preview:-1\" \/>\n<link rel=\"canonical\" href=\"https:\/\/batisomine.com\/en\/somine-models\/wooded-nutrunners\/eskenar-type-somine\/70x70-eskenar-type-nut-1\/\" \/>\n<meta property=\"og:locale\" content=\"en_GB\" \/>\n<meta property=\"og:type\" content=\"article\" \/>\n<meta property=\"og:title\" content=\"70x70&#039;lik E\u015fkenar Tip \u015e\u00f6mine #1 | Bat\u0131 \u015e\u00f6mine\" \/>\n<meta property=\"og:description\" content=\"\u0130zmir D\u00f6k\u00fcm \u015f\u00f6mine barbek\u00fc soba \u00fcretimi i\u00e7in en do\u011fru adres Bat\u0131 \u015e\u00f6mine. F\u0131r\u0131nl\u0131 odunlu \u015f\u00f6mine barbek\u00fc tasar\u0131m\u0131 \u00fcretimi ve montaj\u0131\" \/>\n<meta property=\"og:url\" content=\"https:\/\/batisomine.com\/en\/somine-models\/wooded-nutrunners\/eskenar-type-somine\/70x70-eskenar-type-nut-1\/\" \/>\n<meta property=\"og:site_name\" content=\"Bat\u0131 \u015e\u00f6mine\" \/>\n<meta property=\"article:modified_time\" content=\"2025-02-21T10:18:22+00:00\" \/>\n<meta property=\"og:image\" content=\"https:\/\/batisomine.com\/wp-content\/uploads\/2023\/12\/l-tipi-somine-2-ates-tuglali.jpg\" \/>\n<meta name=\"twitter:card\" content=\"summary_large_image\" \/>\n<script type=\"application\/ld+json\" class=\"yoast-schema-graph\">{\"@context\":\"https:\\\/\\\/schema.org\",\"@graph\":[{\"@type\":\"WebPage\",\"@id\":\"https:\\\/\\\/batisomine.com\\\/somine-modelleri\\\/odunlu-somineler\\\/eskenar-tip-somine\\\/70x70lik-eskenar-tip-somine-1\\\/\",\"url\":\"https:\\\/\\\/batisomine.com\\\/somine-modelleri\\\/odunlu-somineler\\\/eskenar-tip-somine\\\/70x70lik-eskenar-tip-somine-1\\\/\",\"name\":\"70x70'lik E\u015fkenar Tip \u015e\u00f6mine #1 | Bat\u0131 \u015e\u00f6mine\",\"isPartOf\":{\"@id\":\"http:\\\/\\\/batisomine.com\\\/#website\"},\"primaryImageOfPage\":{\"@id\":\"https:\\\/\\\/batisomine.com\\\/somine-modelleri\\\/odunlu-somineler\\\/eskenar-tip-somine\\\/70x70lik-eskenar-tip-somine-1\\\/#primaryimage\"},\"image\":{\"@id\":\"https:\\\/\\\/batisomine.com\\\/somine-modelleri\\\/odunlu-somineler\\\/eskenar-tip-somine\\\/70x70lik-eskenar-tip-somine-1\\\/#primaryimage\"},\"thumbnailUrl\":\"https:\\\/\\\/batisomine.com\\\/wp-content\\\/uploads\\\/2023\\\/12\\\/l-tipi-somine-2-ates-tuglali.jpg\",\"datePublished\":\"2023-12-08T09:02:17+00:00\",\"dateModified\":\"2025-02-21T10:18:22+00:00\",\"description\":\"\u0130zmir D\u00f6k\u00fcm \u015f\u00f6mine barbek\u00fc soba \u00fcretimi i\u00e7in en do\u011fru adres Bat\u0131 \u015e\u00f6mine. F\u0131r\u0131nl\u0131 odunlu \u015f\u00f6mine barbek\u00fc tasar\u0131m\u0131 \u00fcretimi ve montaj\u0131\",\"breadcrumb\":{\"@id\":\"https:\\\/\\\/batisomine.com\\\/somine-modelleri\\\/odunlu-somineler\\\/eskenar-tip-somine\\\/70x70lik-eskenar-tip-somine-1\\\/#breadcrumb\"},\"inLanguage\":\"en-GB\",\"potentialAction\":[{\"@type\":\"ReadAction\",\"target\":[\"https:\\\/\\\/batisomine.com\\\/somine-modelleri\\\/odunlu-somineler\\\/eskenar-tip-somine\\\/70x70lik-eskenar-tip-somine-1\\\/\"]}]},{\"@type\":\"ImageObject\",\"inLanguage\":\"en-GB\",\"@id\":\"https:\\\/\\\/batisomine.com\\\/somine-modelleri\\\/odunlu-somineler\\\/eskenar-tip-somine\\\/70x70lik-eskenar-tip-somine-1\\\/#primaryimage\",\"url\":\"https:\\\/\\\/batisomine.com\\\/wp-content\\\/uploads\\\/2023\\\/12\\\/l-tipi-somine-2-ates-tuglali.jpg\",\"contentUrl\":\"https:\\\/\\\/batisomine.com\\\/wp-content\\\/uploads\\\/2023\\\/12\\\/l-tipi-somine-2-ates-tuglali.jpg\"},{\"@type\":\"BreadcrumbList\",\"@id\":\"https:\\\/\\\/batisomine.com\\\/somine-modelleri\\\/odunlu-somineler\\\/eskenar-tip-somine\\\/70x70lik-eskenar-tip-somine-1\\\/#breadcrumb\",\"itemListElement\":[{\"@type\":\"ListItem\",\"position\":1,\"name\":\"Anasayfa\",\"item\":\"http:\\\/\\\/batisomine.com\\\/\"},{\"@type\":\"ListItem\",\"position\":2,\"name\":\"\u015e\u00f6mineler\",\"item\":\"https:\\\/\\\/batisomine.com\\\/somine-modelleri\\\/\"},{\"@type\":\"ListItem\",\"position\":3,\"name\":\"Odunlu \u015e\u00f6mineler\",\"item\":\"https:\\\/\\\/batisomine.com\\\/somine-modelleri\\\/odunlu-somineler\\\/\"},{\"@type\":\"ListItem\",\"position\":4,\"name\":\"E\u015fkenar Tip \u015e\u00f6mine\",\"item\":\"http:\\\/\\\/batisomine.com\\\/en\\\/somine-models\\\/wooded-nutrunners\\\/eskenar-type-somine\\\/\"},{\"@type\":\"ListItem\",\"position\":5,\"name\":\"70&#215;70&#8217;lik E\u015fkenar Tip \u015e\u00f6mine #1\"}]},{\"@type\":\"WebSite\",\"@id\":\"http:\\\/\\\/batisomine.com\\\/#website\",\"url\":\"http:\\\/\\\/batisomine.com\\\/\",\"name\":\"Bat\u0131 \u015e\u00f6mine\",\"description\":\"D\u00f6k\u00fcm \u015e\u00f6mine &amp; Barbek\u00fc &amp; Soba\",\"publisher\":{\"@id\":\"http:\\\/\\\/batisomine.com\\\/#organization\"},\"alternateName\":\"\u0130zmir D\u00f6k\u00fcm \u015e\u00f6mine Barbek\u00fc Soba\",\"potentialAction\":[{\"@type\":\"SearchAction\",\"target\":{\"@type\":\"EntryPoint\",\"urlTemplate\":\"http:\\\/\\\/batisomine.com\\\/?s={search_term_string}\"},\"query-input\":{\"@type\":\"PropertyValueSpecification\",\"valueRequired\":true,\"valueName\":\"search_term_string\"}}],\"inLanguage\":\"en-GB\"},{\"@type\":\"Organization\",\"@id\":\"http:\\\/\\\/batisomine.com\\\/#organization\",\"name\":\"Bat\u0131 \u015e\u00f6mine\",\"url\":\"http:\\\/\\\/batisomine.com\\\/\",\"logo\":{\"@type\":\"ImageObject\",\"inLanguage\":\"en-GB\",\"@id\":\"http:\\\/\\\/batisomine.com\\\/#\\\/schema\\\/logo\\\/image\\\/\",\"url\":\"http:\\\/\\\/batisomine.com\\\/wp-content\\\/uploads\\\/2023\\\/12\\\/yatay-logo.png\",\"contentUrl\":\"http:\\\/\\\/batisomine.com\\\/wp-content\\\/uploads\\\/2023\\\/12\\\/yatay-logo.png\",\"width\":447,\"height\":200,\"caption\":\"Bat\u0131 \u015e\u00f6mine\"},\"image\":{\"@id\":\"http:\\\/\\\/batisomine.com\\\/#\\\/schema\\\/logo\\\/image\\\/\"},\"sameAs\":[\"https:\\\/\\\/www.instagram.com\\\/batisomine\\\/\"]}]}<\/script>\n<!-- \/ Yoast SEO plugin. -->","yoast_head_json":{"title":"70x70 Equilateral Type Fireplace #1 | West Fireplace","description":"Izmir The most accurate address for cast iron fireplace barbecue stove production is Bat\u0131 Fireplace. Oven wood fireplace barbecue design, production and installation","robots":{"index":"index","follow":"follow","max-snippet":"max-snippet:-1","max-image-preview":"max-image-preview:large","max-video-preview":"max-video-preview:-1"},"canonical":"https:\/\/batisomine.com\/en\/somine-models\/wooded-nutrunners\/eskenar-type-somine\/70x70-eskenar-type-nut-1\/","og_locale":"en_GB","og_type":"article","og_title":"70x70'lik E\u015fkenar Tip \u015e\u00f6mine #1 | Bat\u0131 \u015e\u00f6mine","og_description":"\u0130zmir D\u00f6k\u00fcm \u015f\u00f6mine barbek\u00fc soba \u00fcretimi i\u00e7in en do\u011fru adres Bat\u0131 \u015e\u00f6mine. F\u0131r\u0131nl\u0131 odunlu \u015f\u00f6mine barbek\u00fc tasar\u0131m\u0131 \u00fcretimi ve montaj\u0131","og_url":"https:\/\/batisomine.com\/en\/somine-models\/wooded-nutrunners\/eskenar-type-somine\/70x70-eskenar-type-nut-1\/","og_site_name":"Bat\u0131 \u015e\u00f6mine","article_modified_time":"2025-02-21T10:18:22+00:00","og_image":[{"url":"https:\/\/batisomine.com\/wp-content\/uploads\/2023\/12\/l-tipi-somine-2-ates-tuglali.jpg","type":"","width":"","height":""}],"twitter_card":"summary_large_image","schema":{"@context":"https:\/\/schema.org","@graph":[{"@type":"WebPage","@id":"https:\/\/batisomine.com\/somine-modelleri\/odunlu-somineler\/eskenar-tip-somine\/70x70lik-eskenar-tip-somine-1\/","url":"https:\/\/batisomine.com\/somine-modelleri\/odunlu-somineler\/eskenar-tip-somine\/70x70lik-eskenar-tip-somine-1\/","name":"70x70 Equilateral Type Fireplace #1 | West Fireplace","isPartOf":{"@id":"http:\/\/batisomine.com\/#website"},"primaryImageOfPage":{"@id":"https:\/\/batisomine.com\/somine-modelleri\/odunlu-somineler\/eskenar-tip-somine\/70x70lik-eskenar-tip-somine-1\/#primaryimage"},"image":{"@id":"https:\/\/batisomine.com\/somine-modelleri\/odunlu-somineler\/eskenar-tip-somine\/70x70lik-eskenar-tip-somine-1\/#primaryimage"},"thumbnailUrl":"https:\/\/batisomine.com\/wp-content\/uploads\/2023\/12\/l-tipi-somine-2-ates-tuglali.jpg","datePublished":"2023-12-08T09:02:17+00:00","dateModified":"2025-02-21T10:18:22+00:00","description":"Izmir The most accurate address for cast iron fireplace barbecue stove production is Bat\u0131 Fireplace. Oven wood fireplace barbecue design, production and installation","breadcrumb":{"@id":"https:\/\/batisomine.com\/somine-modelleri\/odunlu-somineler\/eskenar-tip-somine\/70x70lik-eskenar-tip-somine-1\/#breadcrumb"},"inLanguage":"en-GB","potentialAction":[{"@type":"ReadAction","target":["https:\/\/batisomine.com\/somine-modelleri\/odunlu-somineler\/eskenar-tip-somine\/70x70lik-eskenar-tip-somine-1\/"]}]},{"@type":"ImageObject","inLanguage":"en-GB","@id":"https:\/\/batisomine.com\/somine-modelleri\/odunlu-somineler\/eskenar-tip-somine\/70x70lik-eskenar-tip-somine-1\/#primaryimage","url":"https:\/\/batisomine.com\/wp-content\/uploads\/2023\/12\/l-tipi-somine-2-ates-tuglali.jpg","contentUrl":"https:\/\/batisomine.com\/wp-content\/uploads\/2023\/12\/l-tipi-somine-2-ates-tuglali.jpg"},{"@type":"BreadcrumbList","@id":"https:\/\/batisomine.com\/somine-modelleri\/odunlu-somineler\/eskenar-tip-somine\/70x70lik-eskenar-tip-somine-1\/#breadcrumb","itemListElement":[{"@type":"ListItem","position":1,"name":"Anasayfa","item":"http:\/\/batisomine.com\/"},{"@type":"ListItem","position":2,"name":"\u015e\u00f6mineler","item":"https:\/\/batisomine.com\/somine-modelleri\/"},{"@type":"ListItem","position":3,"name":"Odunlu \u015e\u00f6mineler","item":"https:\/\/batisomine.com\/somine-modelleri\/odunlu-somineler\/"},{"@type":"ListItem","position":4,"name":"E\u015fkenar Tip \u015e\u00f6mine","item":"http:\/\/batisomine.com\/en\/somine-models\/wooded-nutrunners\/eskenar-type-somine\/"},{"@type":"ListItem","position":5,"name":"70&#215;70&#8217;lik E\u015fkenar Tip \u015e\u00f6mine #1"}]},{"@type":"WebSite","@id":"http:\/\/batisomine.com\/#website","url":"http:\/\/batisomine.com\/","name":"Bat\u0131 \u015e\u00f6mine","description":"Cast Iron Fireplace &amp; Barbecue &amp; Stove","publisher":{"@id":"http:\/\/batisomine.com\/#organization"},"alternateName":"\u0130zmir D\u00f6k\u00fcm \u015e\u00f6mine Barbek\u00fc Soba","potentialAction":[{"@type":"SearchAction","target":{"@type":"EntryPoint","urlTemplate":"http:\/\/batisomine.com\/?s={search_term_string}"},"query-input":{"@type":"PropertyValueSpecification","valueRequired":true,"valueName":"search_term_string"}}],"inLanguage":"en-GB"},{"@type":"Organization","@id":"http:\/\/batisomine.com\/#organization","name":"Bat\u0131 \u015e\u00f6mine","url":"http:\/\/batisomine.com\/","logo":{"@type":"ImageObject","inLanguage":"en-GB","@id":"http:\/\/batisomine.com\/#\/schema\/logo\/image\/","url":"http:\/\/batisomine.com\/wp-content\/uploads\/2023\/12\/yatay-logo.png","contentUrl":"http:\/\/batisomine.com\/wp-content\/uploads\/2023\/12\/yatay-logo.png","width":447,"height":200,"caption":"Bat\u0131 \u015e\u00f6mine"},"image":{"@id":"http:\/\/batisomine.com\/#\/schema\/logo\/image\/"},"sameAs":["https:\/\/www.instagram.com\/batisomine\/"]}]}},"_links":{"self":[{"href":"http:\/\/batisomine.com\/en\/wp-json\/wp\/v2\/pages\/1643","targetHints":{"allow":["GET"]}}],"collection":[{"href":"http:\/\/batisomine.com\/en\/wp-json\/wp\/v2\/pages"}],"about":[{"href":"http:\/\/batisomine.com\/en\/wp-json\/wp\/v2\/types\/page"}],"author":[{"embeddable":true,"href":"http:\/\/batisomine.com\/en\/wp-json\/wp\/v2\/users\/3"}],"replies":[{"embeddable":true,"href":"http:\/\/batisomine.com\/en\/wp-json\/wp\/v2\/comments?post=1643"}],"version-history":[{"count":5,"href":"http:\/\/batisomine.com\/en\/wp-json\/wp\/v2\/pages\/1643\/revisions"}],"predecessor-version":[{"id":1714,"href":"http:\/\/batisomine.com\/en\/wp-json\/wp\/v2\/pages\/1643\/revisions\/1714"}],"up":[{"embeddable":true,"href":"http:\/\/batisomine.com\/en\/wp-json\/wp\/v2\/pages\/1636"}],"wp:attachment":[{"href":"http:\/\/batisomine.com\/en\/wp-json\/wp\/v2\/media?parent=1643"}],"curies":[{"name":"wp","href":"https:\/\/api.w.org\/{rel}","templated":true}]}}