{"id":1651,"date":"2023-12-08T12:03:27","date_gmt":"2023-12-08T09:03:27","guid":{"rendered":"https:\/\/batisomine.com\/?page_id=1651"},"modified":"2025-02-21T13:18:22","modified_gmt":"2025-02-21T10:18:22","slug":"60x60-eskenar-type-nut-2","status":"publish","type":"page","link":"http:\/\/batisomine.com\/en\/somine-models\/wooded-nutrunners\/eskenar-type-somine\/60x60-eskenar-type-nut-2\/","title":{"rendered":"60\u00d760 Equilateral Type Fireplace #2"},"content":{"rendered":"<div data-elementor-type=\"wp-page\" data-elementor-id=\"1651\" class=\"elementor elementor-1651\" data-elementor-post-type=\"page\">\n\t\t\t\t<div class=\"elementor-element elementor-element-79ce3a7 e-flex e-con-boxed e-con e-parent\" data-id=\"79ce3a7\" data-element_type=\"container\" data-e-type=\"container\">\n\t\t\t\t\t<div class=\"e-con-inner\">\n\t\t<div class=\"elementor-element elementor-element-c3895cb e-flex e-con-boxed e-con e-child\" data-id=\"c3895cb\" data-element_type=\"container\" data-e-type=\"container\">\n\t\t\t\t\t<div class=\"e-con-inner\">\n\t\t<div class=\"elementor-element elementor-element-345e311 e-con-full e-flex e-con e-child\" data-id=\"345e311\" data-element_type=\"container\" data-e-type=\"container\">\n\t\t\t\t<div class=\"elementor-element elementor-element-b394f6a elementor-widget elementor-widget-image\" data-id=\"b394f6a\" data-element_type=\"widget\" data-e-type=\"widget\" data-widget_type=\"image.default\">\n\t\t\t\t<div class=\"elementor-widget-container\">\n\t\t\t\t\t\t\t\t\t\t\t\t\t\t\t\t<a href=\"https:\/\/batisomine.com\/wp-content\/uploads\/2023\/12\/l-tipi-dokum-somine.png\" data-elementor-open-lightbox=\"yes\" data-elementor-lightbox-title=\"l-tipi-d\u00f6k\u00fcm-\u015f\u00f6mine\" data-e-action-hash=\"#elementor-action%3Aaction%3Dlightbox%26settings%3DeyJpZCI6NTQzLCJ1cmwiOiJodHRwOlwvXC9iYXRpc29taW5lLmNvbVwvd3AtY29udGVudFwvdXBsb2Fkc1wvMjAyM1wvMTJcL2wtdGlwaS1kb2t1bS1zb21pbmUucG5nIn0%3D\">\n\t\t\t\t\t\t\t<img fetchpriority=\"high\" decoding=\"async\" width=\"1000\" height=\"1000\" src=\"http:\/\/batisomine.com\/wp-content\/uploads\/2023\/12\/l-tipi-dokum-somine.png\" class=\"attachment-full size-full wp-image-543\" alt=\"l-type-cast-fireplace\" srcset=\"http:\/\/batisomine.com\/wp-content\/uploads\/2023\/12\/l-tipi-dokum-somine.png 1000w, http:\/\/batisomine.com\/wp-content\/uploads\/2023\/12\/l-tipi-dokum-somine-300x300.png 300w, http:\/\/batisomine.com\/wp-content\/uploads\/2023\/12\/l-tipi-dokum-somine-150x150.png 150w, http:\/\/batisomine.com\/wp-content\/uploads\/2023\/12\/l-tipi-dokum-somine-768x768.png 768w\" sizes=\"(max-width: 1000px) 100vw, 1000px\" \/>\t\t\t\t\t\t\t\t<\/a>\n\t\t\t\t\t\t\t\t\t\t\t\t\t\t\t<\/div>\n\t\t\t\t<\/div>\n\t\t\t\t<\/div>\n\t\t<div class=\"elementor-element elementor-element-c8161b4 e-con-full e-flex e-con e-child\" data-id=\"c8161b4\" data-element_type=\"container\" data-e-type=\"container\">\n\t\t\t\t<div class=\"elementor-element elementor-element-9b93c69 elementor-widget elementor-widget-heading\" data-id=\"9b93c69\" data-element_type=\"widget\" data-e-type=\"widget\" data-widget_type=\"heading.default\">\n\t\t\t\t<div class=\"elementor-widget-container\">\n\t\t\t\t\t<h1 class=\"elementor-heading-title elementor-size-default\">60\u00d760 Equilateral Type Fireplace #2<\/h1>\t\t\t\t<\/div>\n\t\t\t\t<\/div>\n\t\t\t\t<div class=\"elementor-element elementor-element-b0007dc elementor-widget elementor-widget-heading\" data-id=\"b0007dc\" data-element_type=\"widget\" data-e-type=\"widget\" data-widget_type=\"heading.default\">\n\t\t\t\t<div class=\"elementor-widget-container\">\n\t\t\t\t\t<h3 class=\"elementor-heading-title elementor-size-default\">U Type Fireplace<\/h3>\t\t\t\t<\/div>\n\t\t\t\t<\/div>\n\t\t\t\t<div class=\"elementor-element elementor-element-93eb5f7 elementor-widget__width-auto elementor-widget elementor-widget-text-editor\" data-id=\"93eb5f7\" data-element_type=\"widget\" data-e-type=\"widget\" data-widget_type=\"text-editor.default\">\n\t\t\t\t<div class=\"elementor-widget-container\">\n\t\t\t\t\t\t\t\t\t<table style=\"width: 350px;\"><tbody><tr><th style=\"width: 175px;\">Feature<\/th><th style=\"width: 175px;\">Value<\/th><\/tr><\/tbody><tbody><tr><td style=\"width: 175px;\">Power (kW)<\/td><td style=\"width: 175px;\">15<\/td><\/tr><tr><td style=\"width: 175px;\">Heating Efficiency (%)<\/td><td style=\"width: 175px;\">85<\/td><\/tr><tr><td style=\"width: 175px;\">Weight (kg)<\/td><td style=\"width: 175px;\">300<\/td><\/tr><tr><td style=\"width: 175px;\">Material<\/td><td style=\"width: 175px;\">Steel<\/td><\/tr><tr><td style=\"width: 175px;\">Chimney Diameter<\/td><td style=\"width: 175px;\">200<\/td><\/tr><tr><td style=\"width: 175px;\">Glass<\/td><td style=\"width: 175px;\">Ceramic Glass<\/td><\/tr><tr><td style=\"width: 175px;\">Combustion Chamber<\/td><td style=\"width: 175px;\">Casting<\/td><\/tr><tr><td style=\"width: 175px;\">Guarantee<\/td><td style=\"width: 175px;\">5 Years<\/td><\/tr><\/tbody><\/table>\t\t\t\t\t\t\t\t<\/div>\n\t\t\t\t<\/div>\n\t\t\t\t<\/div>\n\t\t\t\t\t<\/div>\n\t\t\t\t<\/div>\n\t\t\t\t\t<\/div>\n\t\t\t\t<\/div>\n\t\t<div class=\"elementor-element elementor-element-a827c42 e-flex e-con-boxed e-con e-parent\" data-id=\"a827c42\" data-element_type=\"container\" data-e-type=\"container\">\n\t\t\t\t\t<div class=\"e-con-inner\">\n\t\t<div class=\"elementor-element elementor-element-1e530c2 e-flex e-con-boxed e-con e-child\" data-id=\"1e530c2\" data-element_type=\"container\" data-e-type=\"container\">\n\t\t\t\t\t<div class=\"e-con-inner\">\n\t\t<div class=\"elementor-element elementor-element-fc70f09 e-flex e-con-boxed e-con e-child\" data-id=\"fc70f09\" data-element_type=\"container\" data-e-type=\"container\">\n\t\t\t\t\t<div class=\"e-con-inner\">\n\t\t\t\t<div class=\"elementor-element elementor-element-385777b elementor-widget elementor-widget-heading\" data-id=\"385777b\" data-element_type=\"widget\" data-e-type=\"widget\" data-widget_type=\"heading.default\">\n\t\t\t\t<div class=\"elementor-widget-container\">\n\t\t\t\t\t<h3 class=\"elementor-heading-title elementor-size-default\">Technical Drawing<\/h3>\t\t\t\t<\/div>\n\t\t\t\t<\/div>\n\t\t\t\t<div class=\"elementor-element elementor-element-47c39d0 elementor-widget elementor-widget-image\" data-id=\"47c39d0\" data-element_type=\"widget\" data-e-type=\"widget\" data-widget_type=\"image.default\">\n\t\t\t\t<div class=\"elementor-widget-container\">\n\t\t\t\t\t\t\t\t\t\t\t\t\t\t\t\t<a href=\"https:\/\/batisomine.com\/wp-content\/uploads\/2023\/12\/eskenar-tip-50x50-tuglasiz.jpg\" data-elementor-open-lightbox=\"yes\" data-elementor-lightbox-title=\"e\u015fkenar-tip-50x50-tu\u011flas\u0131z\" data-e-action-hash=\"#elementor-action%3Aaction%3Dlightbox%26settings%3DeyJpZCI6MTcxOSwidXJsIjoiaHR0cDpcL1wvYmF0aXNvbWluZS5jb21cL3dwLWNvbnRlbnRcL3VwbG9hZHNcLzIwMjNcLzEyXC9lc2tlbmFyLXRpcC01MHg1MC10dWdsYXNpei5qcGcifQ%3D%3D\">\n\t\t\t\t\t\t\t<img decoding=\"async\" width=\"631\" height=\"800\" src=\"http:\/\/batisomine.com\/wp-content\/uploads\/2023\/12\/eskenar-tip-50x50-tuglasiz.jpg\" class=\"attachment-full size-full wp-image-1719\" alt=\"equilateral-type-50x50-brickless\" srcset=\"http:\/\/batisomine.com\/wp-content\/uploads\/2023\/12\/eskenar-tip-50x50-tuglasiz.jpg 631w, http:\/\/batisomine.com\/wp-content\/uploads\/2023\/12\/eskenar-tip-50x50-tuglasiz-237x300.jpg 237w\" sizes=\"(max-width: 631px) 100vw, 631px\" \/>\t\t\t\t\t\t\t\t<\/a>\n\t\t\t\t\t\t\t\t\t\t\t\t\t\t\t<\/div>\n\t\t\t\t<\/div>\n\t\t\t\t\t<\/div>\n\t\t\t\t<\/div>\n\t\t<div class=\"elementor-element elementor-element-03be3ef e-flex e-con-boxed e-con e-child\" data-id=\"03be3ef\" data-element_type=\"container\" data-e-type=\"container\">\n\t\t\t\t\t<div class=\"e-con-inner\">\n\t\t\t\t<div class=\"elementor-element elementor-element-a878e5d elementor-widget elementor-widget-heading\" data-id=\"a878e5d\" data-element_type=\"widget\" data-e-type=\"widget\" data-widget_type=\"heading.default\">\n\t\t\t\t<div class=\"elementor-widget-container\">\n\t\t\t\t\t<h3 class=\"elementor-heading-title elementor-size-default\">Usage Image<\/h3>\t\t\t\t<\/div>\n\t\t\t\t<\/div>\n\t\t\t\t\t<\/div>\n\t\t\t\t<\/div>\n\t\t\t\t\t<\/div>\n\t\t\t\t<\/div>\n\t\t\t\t\t<\/div>\n\t\t\t\t<\/div>\n\t\t\t\t<\/div>","protected":false},"excerpt":{"rendered":"<p>U Type Fireplace Feature Value Power (kW) 15 Heating Efficiency (%) 85 Weight (kg) 300 Material Steel Chimney Diameter 200 Glass Ceramic Glass Combustion Chamber Cast Iron Warranty 5 Years Technical Drawing Usage Drawing<\/p>","protected":false},"author":3,"featured_media":0,"parent":1636,"menu_order":0,"comment_status":"closed","ping_status":"closed","template":"elementor_header_footer","meta":{"footnotes":""},"class_list":["post-1651","page","type-page","status-publish","hentry"],"yoast_head":"<!-- This site is optimized with the Yoast SEO plugin v27.3 - https:\/\/yoast.com\/product\/yoast-seo-wordpress\/ -->\n<title>60x60&#039;lik E\u015fkenar Tip \u015e\u00f6mine #2 | Bat\u0131 \u015e\u00f6mine<\/title>\n<meta name=\"description\" content=\"\u0130zmir D\u00f6k\u00fcm \u015f\u00f6mine barbek\u00fc soba \u00fcretimi i\u00e7in en do\u011fru adres Bat\u0131 \u015e\u00f6mine. F\u0131r\u0131nl\u0131 odunlu \u015f\u00f6mine barbek\u00fc tasar\u0131m\u0131 \u00fcretimi ve montaj\u0131\" \/>\n<meta name=\"robots\" content=\"index, follow, max-snippet:-1, max-image-preview:large, max-video-preview:-1\" \/>\n<link rel=\"canonical\" href=\"http:\/\/batisomine.com\/en\/somine-models\/wooded-nutrunners\/eskenar-type-somine\/60x60-eskenar-type-nut-2\/\" \/>\n<meta property=\"og:locale\" content=\"en_GB\" \/>\n<meta property=\"og:type\" content=\"article\" \/>\n<meta property=\"og:title\" content=\"60x60&#039;lik E\u015fkenar Tip \u015e\u00f6mine #2 | Bat\u0131 \u015e\u00f6mine\" \/>\n<meta property=\"og:description\" content=\"\u0130zmir D\u00f6k\u00fcm \u015f\u00f6mine barbek\u00fc soba \u00fcretimi i\u00e7in en do\u011fru adres Bat\u0131 \u015e\u00f6mine. F\u0131r\u0131nl\u0131 odunlu \u015f\u00f6mine barbek\u00fc tasar\u0131m\u0131 \u00fcretimi ve montaj\u0131\" \/>\n<meta property=\"og:url\" content=\"http:\/\/batisomine.com\/en\/somine-models\/wooded-nutrunners\/eskenar-type-somine\/60x60-eskenar-type-nut-2\/\" \/>\n<meta property=\"og:site_name\" content=\"Bat\u0131 \u015e\u00f6mine\" \/>\n<meta property=\"article:modified_time\" content=\"2025-02-21T10:18:22+00:00\" \/>\n<meta property=\"og:image\" content=\"https:\/\/batisomine.com\/wp-content\/uploads\/2023\/12\/l-tipi-dokum-somine.png\" \/>\n<meta name=\"twitter:card\" content=\"summary_large_image\" \/>\n<meta name=\"twitter:label1\" content=\"Estimated reading time\" \/>\n\t<meta name=\"twitter:data1\" content=\"1 minute\" \/>\n<script type=\"application\/ld+json\" class=\"yoast-schema-graph\">{\"@context\":\"https:\\\/\\\/schema.org\",\"@graph\":[{\"@type\":\"WebPage\",\"@id\":\"http:\\\/\\\/batisomine.com\\\/en\\\/somine-models\\\/wooded-nutrunners\\\/eskenar-type-somine\\\/60x60-eskenar-type-nut-2\\\/\",\"url\":\"http:\\\/\\\/batisomine.com\\\/en\\\/somine-models\\\/wooded-nutrunners\\\/eskenar-type-somine\\\/60x60-eskenar-type-nut-2\\\/\",\"name\":\"60x60'lik E\u015fkenar Tip \u015e\u00f6mine #2 | Bat\u0131 \u015e\u00f6mine\",\"isPartOf\":{\"@id\":\"http:\\\/\\\/batisomine.com\\\/#website\"},\"primaryImageOfPage\":{\"@id\":\"http:\\\/\\\/batisomine.com\\\/en\\\/somine-models\\\/wooded-nutrunners\\\/eskenar-type-somine\\\/60x60-eskenar-type-nut-2\\\/#primaryimage\"},\"image\":{\"@id\":\"http:\\\/\\\/batisomine.com\\\/en\\\/somine-models\\\/wooded-nutrunners\\\/eskenar-type-somine\\\/60x60-eskenar-type-nut-2\\\/#primaryimage\"},\"thumbnailUrl\":\"https:\\\/\\\/batisomine.com\\\/wp-content\\\/uploads\\\/2023\\\/12\\\/l-tipi-dokum-somine.png\",\"datePublished\":\"2023-12-08T09:03:27+00:00\",\"dateModified\":\"2025-02-21T10:18:22+00:00\",\"description\":\"\u0130zmir D\u00f6k\u00fcm \u015f\u00f6mine barbek\u00fc soba \u00fcretimi i\u00e7in en do\u011fru adres Bat\u0131 \u015e\u00f6mine. F\u0131r\u0131nl\u0131 odunlu \u015f\u00f6mine barbek\u00fc tasar\u0131m\u0131 \u00fcretimi ve montaj\u0131\",\"breadcrumb\":{\"@id\":\"http:\\\/\\\/batisomine.com\\\/en\\\/somine-models\\\/wooded-nutrunners\\\/eskenar-type-somine\\\/60x60-eskenar-type-nut-2\\\/#breadcrumb\"},\"inLanguage\":\"en-GB\",\"potentialAction\":[{\"@type\":\"ReadAction\",\"target\":[\"http:\\\/\\\/batisomine.com\\\/en\\\/somine-models\\\/wooded-nutrunners\\\/eskenar-type-somine\\\/60x60-eskenar-type-nut-2\\\/\"]}]},{\"@type\":\"ImageObject\",\"inLanguage\":\"en-GB\",\"@id\":\"http:\\\/\\\/batisomine.com\\\/en\\\/somine-models\\\/wooded-nutrunners\\\/eskenar-type-somine\\\/60x60-eskenar-type-nut-2\\\/#primaryimage\",\"url\":\"https:\\\/\\\/batisomine.com\\\/wp-content\\\/uploads\\\/2023\\\/12\\\/l-tipi-dokum-somine.png\",\"contentUrl\":\"https:\\\/\\\/batisomine.com\\\/wp-content\\\/uploads\\\/2023\\\/12\\\/l-tipi-dokum-somine.png\"},{\"@type\":\"BreadcrumbList\",\"@id\":\"http:\\\/\\\/batisomine.com\\\/en\\\/somine-models\\\/wooded-nutrunners\\\/eskenar-type-somine\\\/60x60-eskenar-type-nut-2\\\/#breadcrumb\",\"itemListElement\":[{\"@type\":\"ListItem\",\"position\":1,\"name\":\"Anasayfa\",\"item\":\"http:\\\/\\\/batisomine.com\\\/\"},{\"@type\":\"ListItem\",\"position\":2,\"name\":\"\u015e\u00f6mineler\",\"item\":\"https:\\\/\\\/batisomine.com\\\/somine-modelleri\\\/\"},{\"@type\":\"ListItem\",\"position\":3,\"name\":\"Odunlu \u015e\u00f6mineler\",\"item\":\"https:\\\/\\\/batisomine.com\\\/somine-modelleri\\\/odunlu-somineler\\\/\"},{\"@type\":\"ListItem\",\"position\":4,\"name\":\"E\u015fkenar Tip \u015e\u00f6mine\",\"item\":\"http:\\\/\\\/batisomine.com\\\/en\\\/somine-models\\\/wooded-nutrunners\\\/eskenar-type-somine\\\/\"},{\"@type\":\"ListItem\",\"position\":5,\"name\":\"60&#215;60&#8217;lik E\u015fkenar Tip \u015e\u00f6mine #2\"}]},{\"@type\":\"WebSite\",\"@id\":\"http:\\\/\\\/batisomine.com\\\/#website\",\"url\":\"http:\\\/\\\/batisomine.com\\\/\",\"name\":\"Bat\u0131 \u015e\u00f6mine\",\"description\":\"D\u00f6k\u00fcm \u015e\u00f6mine &amp; Barbek\u00fc &amp; Soba\",\"publisher\":{\"@id\":\"http:\\\/\\\/batisomine.com\\\/#organization\"},\"alternateName\":\"\u0130zmir D\u00f6k\u00fcm \u015e\u00f6mine Barbek\u00fc Soba\",\"potentialAction\":[{\"@type\":\"SearchAction\",\"target\":{\"@type\":\"EntryPoint\",\"urlTemplate\":\"http:\\\/\\\/batisomine.com\\\/?s={search_term_string}\"},\"query-input\":{\"@type\":\"PropertyValueSpecification\",\"valueRequired\":true,\"valueName\":\"search_term_string\"}}],\"inLanguage\":\"en-GB\"},{\"@type\":\"Organization\",\"@id\":\"http:\\\/\\\/batisomine.com\\\/#organization\",\"name\":\"Bat\u0131 \u015e\u00f6mine\",\"url\":\"http:\\\/\\\/batisomine.com\\\/\",\"logo\":{\"@type\":\"ImageObject\",\"inLanguage\":\"en-GB\",\"@id\":\"http:\\\/\\\/batisomine.com\\\/#\\\/schema\\\/logo\\\/image\\\/\",\"url\":\"http:\\\/\\\/batisomine.com\\\/wp-content\\\/uploads\\\/2023\\\/12\\\/yatay-logo.png\",\"contentUrl\":\"http:\\\/\\\/batisomine.com\\\/wp-content\\\/uploads\\\/2023\\\/12\\\/yatay-logo.png\",\"width\":447,\"height\":200,\"caption\":\"Bat\u0131 \u015e\u00f6mine\"},\"image\":{\"@id\":\"http:\\\/\\\/batisomine.com\\\/#\\\/schema\\\/logo\\\/image\\\/\"},\"sameAs\":[\"https:\\\/\\\/www.instagram.com\\\/batisomine\\\/\"]}]}<\/script>\n<!-- \/ Yoast SEO plugin. -->","yoast_head_json":{"title":"60x60 equilateral type fireplace #2 | West Fireplace","description":"Izmir The most accurate address for cast iron fireplace barbecue stove production is Bat\u0131 Fireplace. Oven wood fireplace barbecue design, production and installation","robots":{"index":"index","follow":"follow","max-snippet":"max-snippet:-1","max-image-preview":"max-image-preview:large","max-video-preview":"max-video-preview:-1"},"canonical":"http:\/\/batisomine.com\/en\/somine-models\/wooded-nutrunners\/eskenar-type-somine\/60x60-eskenar-type-nut-2\/","og_locale":"en_GB","og_type":"article","og_title":"60x60'lik E\u015fkenar Tip \u015e\u00f6mine #2 | Bat\u0131 \u015e\u00f6mine","og_description":"\u0130zmir D\u00f6k\u00fcm \u015f\u00f6mine barbek\u00fc soba \u00fcretimi i\u00e7in en do\u011fru adres Bat\u0131 \u015e\u00f6mine. F\u0131r\u0131nl\u0131 odunlu \u015f\u00f6mine barbek\u00fc tasar\u0131m\u0131 \u00fcretimi ve montaj\u0131","og_url":"http:\/\/batisomine.com\/en\/somine-models\/wooded-nutrunners\/eskenar-type-somine\/60x60-eskenar-type-nut-2\/","og_site_name":"Bat\u0131 \u015e\u00f6mine","article_modified_time":"2025-02-21T10:18:22+00:00","og_image":[{"url":"https:\/\/batisomine.com\/wp-content\/uploads\/2023\/12\/l-tipi-dokum-somine.png","type":"","width":"","height":""}],"twitter_card":"summary_large_image","twitter_misc":{"Estimated reading time":"1 minute"},"schema":{"@context":"https:\/\/schema.org","@graph":[{"@type":"WebPage","@id":"http:\/\/batisomine.com\/en\/somine-models\/wooded-nutrunners\/eskenar-type-somine\/60x60-eskenar-type-nut-2\/","url":"http:\/\/batisomine.com\/en\/somine-models\/wooded-nutrunners\/eskenar-type-somine\/60x60-eskenar-type-nut-2\/","name":"60x60 equilateral type fireplace #2 | West Fireplace","isPartOf":{"@id":"http:\/\/batisomine.com\/#website"},"primaryImageOfPage":{"@id":"http:\/\/batisomine.com\/en\/somine-models\/wooded-nutrunners\/eskenar-type-somine\/60x60-eskenar-type-nut-2\/#primaryimage"},"image":{"@id":"http:\/\/batisomine.com\/en\/somine-models\/wooded-nutrunners\/eskenar-type-somine\/60x60-eskenar-type-nut-2\/#primaryimage"},"thumbnailUrl":"https:\/\/batisomine.com\/wp-content\/uploads\/2023\/12\/l-tipi-dokum-somine.png","datePublished":"2023-12-08T09:03:27+00:00","dateModified":"2025-02-21T10:18:22+00:00","description":"Izmir The most accurate address for cast iron fireplace barbecue stove production is Bat\u0131 Fireplace. Oven wood fireplace barbecue design, production and installation","breadcrumb":{"@id":"http:\/\/batisomine.com\/en\/somine-models\/wooded-nutrunners\/eskenar-type-somine\/60x60-eskenar-type-nut-2\/#breadcrumb"},"inLanguage":"en-GB","potentialAction":[{"@type":"ReadAction","target":["http:\/\/batisomine.com\/en\/somine-models\/wooded-nutrunners\/eskenar-type-somine\/60x60-eskenar-type-nut-2\/"]}]},{"@type":"ImageObject","inLanguage":"en-GB","@id":"http:\/\/batisomine.com\/en\/somine-models\/wooded-nutrunners\/eskenar-type-somine\/60x60-eskenar-type-nut-2\/#primaryimage","url":"https:\/\/batisomine.com\/wp-content\/uploads\/2023\/12\/l-tipi-dokum-somine.png","contentUrl":"https:\/\/batisomine.com\/wp-content\/uploads\/2023\/12\/l-tipi-dokum-somine.png"},{"@type":"BreadcrumbList","@id":"http:\/\/batisomine.com\/en\/somine-models\/wooded-nutrunners\/eskenar-type-somine\/60x60-eskenar-type-nut-2\/#breadcrumb","itemListElement":[{"@type":"ListItem","position":1,"name":"Anasayfa","item":"http:\/\/batisomine.com\/"},{"@type":"ListItem","position":2,"name":"\u015e\u00f6mineler","item":"https:\/\/batisomine.com\/somine-modelleri\/"},{"@type":"ListItem","position":3,"name":"Odunlu \u015e\u00f6mineler","item":"https:\/\/batisomine.com\/somine-modelleri\/odunlu-somineler\/"},{"@type":"ListItem","position":4,"name":"E\u015fkenar Tip \u015e\u00f6mine","item":"http:\/\/batisomine.com\/en\/somine-models\/wooded-nutrunners\/eskenar-type-somine\/"},{"@type":"ListItem","position":5,"name":"60&#215;60&#8217;lik E\u015fkenar Tip \u015e\u00f6mine #2"}]},{"@type":"WebSite","@id":"http:\/\/batisomine.com\/#website","url":"http:\/\/batisomine.com\/","name":"Bat\u0131 \u015e\u00f6mine","description":"Cast Iron Fireplace &amp; Barbecue &amp; Stove","publisher":{"@id":"http:\/\/batisomine.com\/#organization"},"alternateName":"\u0130zmir D\u00f6k\u00fcm \u015e\u00f6mine Barbek\u00fc Soba","potentialAction":[{"@type":"SearchAction","target":{"@type":"EntryPoint","urlTemplate":"http:\/\/batisomine.com\/?s={search_term_string}"},"query-input":{"@type":"PropertyValueSpecification","valueRequired":true,"valueName":"search_term_string"}}],"inLanguage":"en-GB"},{"@type":"Organization","@id":"http:\/\/batisomine.com\/#organization","name":"Bat\u0131 \u015e\u00f6mine","url":"http:\/\/batisomine.com\/","logo":{"@type":"ImageObject","inLanguage":"en-GB","@id":"http:\/\/batisomine.com\/#\/schema\/logo\/image\/","url":"http:\/\/batisomine.com\/wp-content\/uploads\/2023\/12\/yatay-logo.png","contentUrl":"http:\/\/batisomine.com\/wp-content\/uploads\/2023\/12\/yatay-logo.png","width":447,"height":200,"caption":"Bat\u0131 \u015e\u00f6mine"},"image":{"@id":"http:\/\/batisomine.com\/#\/schema\/logo\/image\/"},"sameAs":["https:\/\/www.instagram.com\/batisomine\/"]}]}},"_links":{"self":[{"href":"http:\/\/batisomine.com\/en\/wp-json\/wp\/v2\/pages\/1651","targetHints":{"allow":["GET"]}}],"collection":[{"href":"http:\/\/batisomine.com\/en\/wp-json\/wp\/v2\/pages"}],"about":[{"href":"http:\/\/batisomine.com\/en\/wp-json\/wp\/v2\/types\/page"}],"author":[{"embeddable":true,"href":"http:\/\/batisomine.com\/en\/wp-json\/wp\/v2\/users\/3"}],"replies":[{"embeddable":true,"href":"http:\/\/batisomine.com\/en\/wp-json\/wp\/v2\/comments?post=1651"}],"version-history":[{"count":10,"href":"http:\/\/batisomine.com\/en\/wp-json\/wp\/v2\/pages\/1651\/revisions"}],"predecessor-version":[{"id":3651,"href":"http:\/\/batisomine.com\/en\/wp-json\/wp\/v2\/pages\/1651\/revisions\/3651"}],"up":[{"embeddable":true,"href":"http:\/\/batisomine.com\/en\/wp-json\/wp\/v2\/pages\/1636"}],"wp:attachment":[{"href":"http:\/\/batisomine.com\/en\/wp-json\/wp\/v2\/media?parent=1651"}],"curies":[{"name":"wp","href":"https:\/\/api.w.org\/{rel}","templated":true}]}}