{"id":1653,"date":"2023-12-08T12:03:40","date_gmt":"2023-12-08T09:03:40","guid":{"rendered":"https:\/\/batisomine.com\/?page_id=1653"},"modified":"2025-02-21T13:18:22","modified_gmt":"2025-02-21T10:18:22","slug":"60x60-eskenar-type-nut-3","status":"publish","type":"page","link":"http:\/\/batisomine.com\/en\/somine-models\/wooded-nutrunners\/eskenar-type-somine\/60x60-eskenar-type-nut-3\/","title":{"rendered":"60\u00d760 Equilateral Type Fireplace #3"},"content":{"rendered":"<div data-elementor-type=\"wp-page\" data-elementor-id=\"1653\" class=\"elementor elementor-1653\" data-elementor-post-type=\"page\">\n\t\t\t\t<div class=\"elementor-element elementor-element-208ffef e-flex e-con-boxed e-con e-parent\" data-id=\"208ffef\" data-element_type=\"container\" data-e-type=\"container\">\n\t\t\t\t\t<div class=\"e-con-inner\">\n\t\t<div class=\"elementor-element elementor-element-a4b67fe e-flex e-con-boxed e-con e-child\" data-id=\"a4b67fe\" data-element_type=\"container\" data-e-type=\"container\">\n\t\t\t\t\t<div class=\"e-con-inner\">\n\t\t<div class=\"elementor-element elementor-element-9a33c23 e-con-full e-flex e-con e-child\" data-id=\"9a33c23\" data-element_type=\"container\" data-e-type=\"container\">\n\t\t\t\t<div class=\"elementor-element elementor-element-e4cc17b elementor-widget elementor-widget-image\" data-id=\"e4cc17b\" data-element_type=\"widget\" data-e-type=\"widget\" data-widget_type=\"image.default\">\n\t\t\t\t<div class=\"elementor-widget-container\">\n\t\t\t\t\t\t\t\t\t\t\t\t\t\t\t\t<a href=\"https:\/\/batisomine.com\/wp-content\/uploads\/2023\/12\/eskenar-somine-eko.jpg\" data-elementor-open-lightbox=\"yes\" data-elementor-lightbox-title=\"e\u015fkenar \u015f\u00f6mine eko\" data-e-action-hash=\"#elementor-action%3Aaction%3Dlightbox%26settings%3DeyJpZCI6MTc2NywidXJsIjoiaHR0cDpcL1wvYmF0aXNvbWluZS5jb21cL3dwLWNvbnRlbnRcL3VwbG9hZHNcLzIwMjNcLzEyXC9lc2tlbmFyLXNvbWluZS1la28uanBnIn0%3D\">\n\t\t\t\t\t\t\t<img fetchpriority=\"high\" decoding=\"async\" width=\"1600\" height=\"1600\" src=\"http:\/\/batisomine.com\/wp-content\/uploads\/2023\/12\/eskenar-somine-eko.jpg\" class=\"attachment-full size-full wp-image-1767\" alt=\"equilateral fireplace eco\" srcset=\"http:\/\/batisomine.com\/wp-content\/uploads\/2023\/12\/eskenar-somine-eko.jpg 1600w, http:\/\/batisomine.com\/wp-content\/uploads\/2023\/12\/eskenar-somine-eko-300x300.jpg 300w, http:\/\/batisomine.com\/wp-content\/uploads\/2023\/12\/eskenar-somine-eko-1024x1024.jpg 1024w, http:\/\/batisomine.com\/wp-content\/uploads\/2023\/12\/eskenar-somine-eko-150x150.jpg 150w, http:\/\/batisomine.com\/wp-content\/uploads\/2023\/12\/eskenar-somine-eko-768x768.jpg 768w, http:\/\/batisomine.com\/wp-content\/uploads\/2023\/12\/eskenar-somine-eko-1536x1536.jpg 1536w\" sizes=\"(max-width: 1600px) 100vw, 1600px\" \/>\t\t\t\t\t\t\t\t<\/a>\n\t\t\t\t\t\t\t\t\t\t\t\t\t\t\t<\/div>\n\t\t\t\t<\/div>\n\t\t\t\t<\/div>\n\t\t<div class=\"elementor-element elementor-element-7636f9d e-con-full e-flex e-con e-child\" data-id=\"7636f9d\" data-element_type=\"container\" data-e-type=\"container\">\n\t\t\t\t<div class=\"elementor-element elementor-element-a68b3fd elementor-widget elementor-widget-heading\" data-id=\"a68b3fd\" data-element_type=\"widget\" data-e-type=\"widget\" data-widget_type=\"heading.default\">\n\t\t\t\t<div class=\"elementor-widget-container\">\n\t\t\t\t\t<h1 class=\"elementor-heading-title elementor-size-default\">60\u00d760 Equilateral Type Fireplace #3<\/h1>\t\t\t\t<\/div>\n\t\t\t\t<\/div>\n\t\t\t\t<div class=\"elementor-element elementor-element-eab1ac7 elementor-widget elementor-widget-heading\" data-id=\"eab1ac7\" data-element_type=\"widget\" data-e-type=\"widget\" data-widget_type=\"heading.default\">\n\t\t\t\t<div class=\"elementor-widget-container\">\n\t\t\t\t\t<h3 class=\"elementor-heading-title elementor-size-default\">U Type Fireplace<\/h3>\t\t\t\t<\/div>\n\t\t\t\t<\/div>\n\t\t\t\t<div class=\"elementor-element elementor-element-e770f95 elementor-widget__width-auto elementor-widget elementor-widget-text-editor\" data-id=\"e770f95\" data-element_type=\"widget\" data-e-type=\"widget\" data-widget_type=\"text-editor.default\">\n\t\t\t\t<div class=\"elementor-widget-container\">\n\t\t\t\t\t\t\t\t\t<table style=\"width: 350px;\"><tbody><tr><th style=\"width: 175px;\">Feature<\/th><th style=\"width: 175px;\">Value<\/th><\/tr><\/tbody><tbody><tr><td style=\"width: 175px;\">Power (kW)<\/td><td style=\"width: 175px;\">15<\/td><\/tr><tr><td style=\"width: 175px;\">Heating Efficiency (%)<\/td><td style=\"width: 175px;\">85<\/td><\/tr><tr><td style=\"width: 175px;\">Weight (kg)<\/td><td style=\"width: 175px;\">300<\/td><\/tr><tr><td style=\"width: 175px;\">Material<\/td><td style=\"width: 175px;\">Steel<\/td><\/tr><tr><td style=\"width: 175px;\">Chimney Diameter<\/td><td style=\"width: 175px;\">200<\/td><\/tr><tr><td style=\"width: 175px;\">Glass<\/td><td style=\"width: 175px;\">Ceramic Glass<\/td><\/tr><tr><td style=\"width: 175px;\">Combustion Chamber<\/td><td style=\"width: 175px;\">Casting<\/td><\/tr><tr><td style=\"width: 175px;\">Guarantee<\/td><td style=\"width: 175px;\">5 Years<\/td><\/tr><\/tbody><\/table>\t\t\t\t\t\t\t\t<\/div>\n\t\t\t\t<\/div>\n\t\t\t\t<\/div>\n\t\t\t\t\t<\/div>\n\t\t\t\t<\/div>\n\t\t\t\t\t<\/div>\n\t\t\t\t<\/div>\n\t\t<div class=\"elementor-element elementor-element-478d955 e-flex e-con-boxed e-con e-parent\" data-id=\"478d955\" data-element_type=\"container\" data-e-type=\"container\">\n\t\t\t\t\t<div class=\"e-con-inner\">\n\t\t<div class=\"elementor-element elementor-element-4f90d24 e-flex e-con-boxed e-con e-child\" data-id=\"4f90d24\" data-element_type=\"container\" data-e-type=\"container\">\n\t\t\t\t\t<div class=\"e-con-inner\">\n\t\t<div class=\"elementor-element elementor-element-7e7560e e-flex e-con-boxed e-con e-child\" data-id=\"7e7560e\" data-element_type=\"container\" data-e-type=\"container\">\n\t\t\t\t\t<div class=\"e-con-inner\">\n\t\t\t\t<div class=\"elementor-element elementor-element-22d4b02 elementor-widget elementor-widget-heading\" data-id=\"22d4b02\" data-element_type=\"widget\" data-e-type=\"widget\" data-widget_type=\"heading.default\">\n\t\t\t\t<div class=\"elementor-widget-container\">\n\t\t\t\t\t<h3 class=\"elementor-heading-title elementor-size-default\">Technical Drawing<\/h3>\t\t\t\t<\/div>\n\t\t\t\t<\/div>\n\t\t\t\t<div class=\"elementor-element elementor-element-880475a elementor-widget elementor-widget-image\" data-id=\"880475a\" data-element_type=\"widget\" data-e-type=\"widget\" data-widget_type=\"image.default\">\n\t\t\t\t<div class=\"elementor-widget-container\">\n\t\t\t\t\t\t\t\t\t\t\t\t\t\t\t\t<a href=\"https:\/\/batisomine.com\/wp-content\/uploads\/2023\/12\/eskenar-eko-60-60-teknik-resim.jpg\" data-elementor-open-lightbox=\"yes\" data-elementor-lightbox-title=\"e\u015fkenar-eko-60-60-teknik-resim\" data-e-action-hash=\"#elementor-action%3Aaction%3Dlightbox%26settings%3DeyJpZCI6MTg4NCwidXJsIjoiaHR0cDpcL1wvYmF0aXNvbWluZS5jb21cL3dwLWNvbnRlbnRcL3VwbG9hZHNcLzIwMjNcLzEyXC9lc2tlbmFyLWVrby02MC02MC10ZWtuaWstcmVzaW0uanBnIn0%3D\">\n\t\t\t\t\t\t\t<img decoding=\"async\" width=\"1400\" height=\"1600\" src=\"http:\/\/batisomine.com\/wp-content\/uploads\/2023\/12\/eskenar-eko-60-60-teknik-resim.jpg\" class=\"attachment-full size-full wp-image-1884\" alt=\"e\u015fkenar-eko-60-60-teknik-resim\" srcset=\"http:\/\/batisomine.com\/wp-content\/uploads\/2023\/12\/eskenar-eko-60-60-teknik-resim.jpg 1400w, http:\/\/batisomine.com\/wp-content\/uploads\/2023\/12\/eskenar-eko-60-60-teknik-resim-263x300.jpg 263w, http:\/\/batisomine.com\/wp-content\/uploads\/2023\/12\/eskenar-eko-60-60-teknik-resim-896x1024.jpg 896w, http:\/\/batisomine.com\/wp-content\/uploads\/2023\/12\/eskenar-eko-60-60-teknik-resim-768x878.jpg 768w, http:\/\/batisomine.com\/wp-content\/uploads\/2023\/12\/eskenar-eko-60-60-teknik-resim-1344x1536.jpg 1344w, http:\/\/batisomine.com\/wp-content\/uploads\/2023\/12\/eskenar-eko-60-60-teknik-resim-11x12.jpg 11w\" sizes=\"(max-width: 1400px) 100vw, 1400px\" \/>\t\t\t\t\t\t\t\t<\/a>\n\t\t\t\t\t\t\t\t\t\t\t\t\t\t\t<\/div>\n\t\t\t\t<\/div>\n\t\t\t\t\t<\/div>\n\t\t\t\t<\/div>\n\t\t<div class=\"elementor-element elementor-element-94207e7 e-flex e-con-boxed e-con e-child\" data-id=\"94207e7\" data-element_type=\"container\" data-e-type=\"container\">\n\t\t\t\t\t<div class=\"e-con-inner\">\n\t\t\t\t<div class=\"elementor-element elementor-element-bfb7d74 elementor-widget elementor-widget-heading\" data-id=\"bfb7d74\" data-element_type=\"widget\" data-e-type=\"widget\" data-widget_type=\"heading.default\">\n\t\t\t\t<div class=\"elementor-widget-container\">\n\t\t\t\t\t<h3 class=\"elementor-heading-title elementor-size-default\">Usage Image<\/h3>\t\t\t\t<\/div>\n\t\t\t\t<\/div>\n\t\t\t\t<div class=\"elementor-element elementor-element-2355721 elementor-widget elementor-widget-image\" data-id=\"2355721\" data-element_type=\"widget\" data-e-type=\"widget\" data-widget_type=\"image.default\">\n\t\t\t\t<div class=\"elementor-widget-container\">\n\t\t\t\t\t\t\t\t\t\t\t\t\t\t\t\t<a href=\"https:\/\/batisomine.com\/wp-content\/uploads\/2023\/12\/eskenar-eko-gorseli.jpg\" data-elementor-open-lightbox=\"yes\" data-elementor-lightbox-title=\"e\u015fkenar-eko-g\u00f6rseli\" data-e-action-hash=\"#elementor-action%3Aaction%3Dlightbox%26settings%3DeyJpZCI6MTgwNCwidXJsIjoiaHR0cDpcL1wvYmF0aXNvbWluZS5jb21cL3dwLWNvbnRlbnRcL3VwbG9hZHNcLzIwMjNcLzEyXC9lc2tlbmFyLWVrby1nb3JzZWxpLmpwZyJ9\">\n\t\t\t\t\t\t\t<img decoding=\"async\" width=\"1000\" height=\"1001\" src=\"http:\/\/batisomine.com\/wp-content\/uploads\/2023\/12\/eskenar-eko-gorseli.jpg\" class=\"attachment-full size-full wp-image-1804\" alt=\"equilateral-eco-image\" srcset=\"http:\/\/batisomine.com\/wp-content\/uploads\/2023\/12\/eskenar-eko-gorseli.jpg 1000w, http:\/\/batisomine.com\/wp-content\/uploads\/2023\/12\/eskenar-eko-gorseli-300x300.jpg 300w, http:\/\/batisomine.com\/wp-content\/uploads\/2023\/12\/eskenar-eko-gorseli-150x150.jpg 150w, http:\/\/batisomine.com\/wp-content\/uploads\/2023\/12\/eskenar-eko-gorseli-768x769.jpg 768w, http:\/\/batisomine.com\/wp-content\/uploads\/2023\/12\/eskenar-eko-gorseli-12x12.jpg 12w\" sizes=\"(max-width: 1000px) 100vw, 1000px\" \/>\t\t\t\t\t\t\t\t<\/a>\n\t\t\t\t\t\t\t\t\t\t\t\t\t\t\t<\/div>\n\t\t\t\t<\/div>\n\t\t\t\t\t<\/div>\n\t\t\t\t<\/div>\n\t\t\t\t\t<\/div>\n\t\t\t\t<\/div>\n\t\t\t\t\t<\/div>\n\t\t\t\t<\/div>\n\t\t\t\t<\/div>","protected":false},"excerpt":{"rendered":"<p>U Type Fireplace Feature Value Power (kW) 15 Heating Efficiency (%) 85 Weight (kg) 300 Material Steel Chimney Diameter 200 Glass Ceramic Glass Combustion Chamber Cast Iron Warranty 5 Years Technical Drawing Usage Drawing<\/p>","protected":false},"author":3,"featured_media":0,"parent":1636,"menu_order":0,"comment_status":"closed","ping_status":"closed","template":"elementor_header_footer","meta":{"footnotes":""},"class_list":["post-1653","page","type-page","status-publish","hentry"],"yoast_head":"<!-- This site is optimized with the Yoast SEO plugin v27.3 - https:\/\/yoast.com\/product\/yoast-seo-wordpress\/ -->\n<title>60x60&#039;lik E\u015fkenar Tip \u015e\u00f6mine #3 | Bat\u0131 \u015e\u00f6mine<\/title>\n<meta name=\"description\" content=\"\u0130zmir D\u00f6k\u00fcm \u015f\u00f6mine barbek\u00fc soba \u00fcretimi i\u00e7in en do\u011fru adres Bat\u0131 \u015e\u00f6mine. F\u0131r\u0131nl\u0131 odunlu \u015f\u00f6mine barbek\u00fc tasar\u0131m\u0131 \u00fcretimi ve montaj\u0131\" \/>\n<meta name=\"robots\" content=\"index, follow, max-snippet:-1, max-image-preview:large, max-video-preview:-1\" \/>\n<link rel=\"canonical\" href=\"http:\/\/batisomine.com\/en\/somine-models\/wooded-nutrunners\/eskenar-type-somine\/60x60-eskenar-type-nut-3\/\" \/>\n<meta property=\"og:locale\" content=\"en_GB\" \/>\n<meta property=\"og:type\" content=\"article\" \/>\n<meta property=\"og:title\" content=\"60x60&#039;lik E\u015fkenar Tip \u015e\u00f6mine #3 | Bat\u0131 \u015e\u00f6mine\" \/>\n<meta property=\"og:description\" content=\"\u0130zmir D\u00f6k\u00fcm \u015f\u00f6mine barbek\u00fc soba \u00fcretimi i\u00e7in en do\u011fru adres Bat\u0131 \u015e\u00f6mine. F\u0131r\u0131nl\u0131 odunlu \u015f\u00f6mine barbek\u00fc tasar\u0131m\u0131 \u00fcretimi ve montaj\u0131\" \/>\n<meta property=\"og:url\" content=\"http:\/\/batisomine.com\/en\/somine-models\/wooded-nutrunners\/eskenar-type-somine\/60x60-eskenar-type-nut-3\/\" \/>\n<meta property=\"og:site_name\" content=\"Bat\u0131 \u015e\u00f6mine\" \/>\n<meta property=\"article:modified_time\" content=\"2025-02-21T10:18:22+00:00\" \/>\n<meta property=\"og:image\" content=\"https:\/\/batisomine.com\/wp-content\/uploads\/2023\/12\/eskenar-somine-eko.jpg\" \/>\n<meta name=\"twitter:card\" content=\"summary_large_image\" \/>\n<meta name=\"twitter:label1\" content=\"Estimated reading time\" \/>\n\t<meta name=\"twitter:data1\" content=\"1 minute\" \/>\n<script type=\"application\/ld+json\" class=\"yoast-schema-graph\">{\"@context\":\"https:\\\/\\\/schema.org\",\"@graph\":[{\"@type\":\"WebPage\",\"@id\":\"http:\\\/\\\/batisomine.com\\\/en\\\/somine-models\\\/wooded-nutrunners\\\/eskenar-type-somine\\\/60x60-eskenar-type-nut-3\\\/\",\"url\":\"http:\\\/\\\/batisomine.com\\\/en\\\/somine-models\\\/wooded-nutrunners\\\/eskenar-type-somine\\\/60x60-eskenar-type-nut-3\\\/\",\"name\":\"60x60'lik E\u015fkenar Tip \u015e\u00f6mine #3 | Bat\u0131 \u015e\u00f6mine\",\"isPartOf\":{\"@id\":\"http:\\\/\\\/batisomine.com\\\/#website\"},\"primaryImageOfPage\":{\"@id\":\"http:\\\/\\\/batisomine.com\\\/en\\\/somine-models\\\/wooded-nutrunners\\\/eskenar-type-somine\\\/60x60-eskenar-type-nut-3\\\/#primaryimage\"},\"image\":{\"@id\":\"http:\\\/\\\/batisomine.com\\\/en\\\/somine-models\\\/wooded-nutrunners\\\/eskenar-type-somine\\\/60x60-eskenar-type-nut-3\\\/#primaryimage\"},\"thumbnailUrl\":\"https:\\\/\\\/batisomine.com\\\/wp-content\\\/uploads\\\/2023\\\/12\\\/eskenar-somine-eko.jpg\",\"datePublished\":\"2023-12-08T09:03:40+00:00\",\"dateModified\":\"2025-02-21T10:18:22+00:00\",\"description\":\"\u0130zmir D\u00f6k\u00fcm \u015f\u00f6mine barbek\u00fc soba \u00fcretimi i\u00e7in en do\u011fru adres Bat\u0131 \u015e\u00f6mine. F\u0131r\u0131nl\u0131 odunlu \u015f\u00f6mine barbek\u00fc tasar\u0131m\u0131 \u00fcretimi ve montaj\u0131\",\"breadcrumb\":{\"@id\":\"http:\\\/\\\/batisomine.com\\\/en\\\/somine-models\\\/wooded-nutrunners\\\/eskenar-type-somine\\\/60x60-eskenar-type-nut-3\\\/#breadcrumb\"},\"inLanguage\":\"en-GB\",\"potentialAction\":[{\"@type\":\"ReadAction\",\"target\":[\"http:\\\/\\\/batisomine.com\\\/en\\\/somine-models\\\/wooded-nutrunners\\\/eskenar-type-somine\\\/60x60-eskenar-type-nut-3\\\/\"]}]},{\"@type\":\"ImageObject\",\"inLanguage\":\"en-GB\",\"@id\":\"http:\\\/\\\/batisomine.com\\\/en\\\/somine-models\\\/wooded-nutrunners\\\/eskenar-type-somine\\\/60x60-eskenar-type-nut-3\\\/#primaryimage\",\"url\":\"https:\\\/\\\/batisomine.com\\\/wp-content\\\/uploads\\\/2023\\\/12\\\/eskenar-somine-eko.jpg\",\"contentUrl\":\"https:\\\/\\\/batisomine.com\\\/wp-content\\\/uploads\\\/2023\\\/12\\\/eskenar-somine-eko.jpg\"},{\"@type\":\"BreadcrumbList\",\"@id\":\"http:\\\/\\\/batisomine.com\\\/en\\\/somine-models\\\/wooded-nutrunners\\\/eskenar-type-somine\\\/60x60-eskenar-type-nut-3\\\/#breadcrumb\",\"itemListElement\":[{\"@type\":\"ListItem\",\"position\":1,\"name\":\"Anasayfa\",\"item\":\"http:\\\/\\\/batisomine.com\\\/\"},{\"@type\":\"ListItem\",\"position\":2,\"name\":\"\u015e\u00f6mineler\",\"item\":\"https:\\\/\\\/batisomine.com\\\/somine-modelleri\\\/\"},{\"@type\":\"ListItem\",\"position\":3,\"name\":\"Odunlu \u015e\u00f6mineler\",\"item\":\"https:\\\/\\\/batisomine.com\\\/somine-modelleri\\\/odunlu-somineler\\\/\"},{\"@type\":\"ListItem\",\"position\":4,\"name\":\"E\u015fkenar Tip \u015e\u00f6mine\",\"item\":\"http:\\\/\\\/batisomine.com\\\/en\\\/somine-models\\\/wooded-nutrunners\\\/eskenar-type-somine\\\/\"},{\"@type\":\"ListItem\",\"position\":5,\"name\":\"60&#215;60&#8217;lik E\u015fkenar Tip \u015e\u00f6mine #3\"}]},{\"@type\":\"WebSite\",\"@id\":\"http:\\\/\\\/batisomine.com\\\/#website\",\"url\":\"http:\\\/\\\/batisomine.com\\\/\",\"name\":\"Bat\u0131 \u015e\u00f6mine\",\"description\":\"D\u00f6k\u00fcm \u015e\u00f6mine &amp; Barbek\u00fc &amp; Soba\",\"publisher\":{\"@id\":\"http:\\\/\\\/batisomine.com\\\/#organization\"},\"alternateName\":\"\u0130zmir D\u00f6k\u00fcm \u015e\u00f6mine Barbek\u00fc Soba\",\"potentialAction\":[{\"@type\":\"SearchAction\",\"target\":{\"@type\":\"EntryPoint\",\"urlTemplate\":\"http:\\\/\\\/batisomine.com\\\/?s={search_term_string}\"},\"query-input\":{\"@type\":\"PropertyValueSpecification\",\"valueRequired\":true,\"valueName\":\"search_term_string\"}}],\"inLanguage\":\"en-GB\"},{\"@type\":\"Organization\",\"@id\":\"http:\\\/\\\/batisomine.com\\\/#organization\",\"name\":\"Bat\u0131 \u015e\u00f6mine\",\"url\":\"http:\\\/\\\/batisomine.com\\\/\",\"logo\":{\"@type\":\"ImageObject\",\"inLanguage\":\"en-GB\",\"@id\":\"http:\\\/\\\/batisomine.com\\\/#\\\/schema\\\/logo\\\/image\\\/\",\"url\":\"http:\\\/\\\/batisomine.com\\\/wp-content\\\/uploads\\\/2023\\\/12\\\/yatay-logo.png\",\"contentUrl\":\"http:\\\/\\\/batisomine.com\\\/wp-content\\\/uploads\\\/2023\\\/12\\\/yatay-logo.png\",\"width\":447,\"height\":200,\"caption\":\"Bat\u0131 \u015e\u00f6mine\"},\"image\":{\"@id\":\"http:\\\/\\\/batisomine.com\\\/#\\\/schema\\\/logo\\\/image\\\/\"},\"sameAs\":[\"https:\\\/\\\/www.instagram.com\\\/batisomine\\\/\"]}]}<\/script>\n<!-- \/ Yoast SEO plugin. -->","yoast_head_json":{"title":"60x60 equilateral type fireplace #3 | West Fireplace","description":"Izmir The most accurate address for cast iron fireplace barbecue stove production is Bat\u0131 Fireplace. Oven wood fireplace barbecue design, production and installation","robots":{"index":"index","follow":"follow","max-snippet":"max-snippet:-1","max-image-preview":"max-image-preview:large","max-video-preview":"max-video-preview:-1"},"canonical":"http:\/\/batisomine.com\/en\/somine-models\/wooded-nutrunners\/eskenar-type-somine\/60x60-eskenar-type-nut-3\/","og_locale":"en_GB","og_type":"article","og_title":"60x60'lik E\u015fkenar Tip \u015e\u00f6mine #3 | Bat\u0131 \u015e\u00f6mine","og_description":"\u0130zmir D\u00f6k\u00fcm \u015f\u00f6mine barbek\u00fc soba \u00fcretimi i\u00e7in en do\u011fru adres Bat\u0131 \u015e\u00f6mine. F\u0131r\u0131nl\u0131 odunlu \u015f\u00f6mine barbek\u00fc tasar\u0131m\u0131 \u00fcretimi ve montaj\u0131","og_url":"http:\/\/batisomine.com\/en\/somine-models\/wooded-nutrunners\/eskenar-type-somine\/60x60-eskenar-type-nut-3\/","og_site_name":"Bat\u0131 \u015e\u00f6mine","article_modified_time":"2025-02-21T10:18:22+00:00","og_image":[{"url":"https:\/\/batisomine.com\/wp-content\/uploads\/2023\/12\/eskenar-somine-eko.jpg","type":"","width":"","height":""}],"twitter_card":"summary_large_image","twitter_misc":{"Estimated reading time":"1 minute"},"schema":{"@context":"https:\/\/schema.org","@graph":[{"@type":"WebPage","@id":"http:\/\/batisomine.com\/en\/somine-models\/wooded-nutrunners\/eskenar-type-somine\/60x60-eskenar-type-nut-3\/","url":"http:\/\/batisomine.com\/en\/somine-models\/wooded-nutrunners\/eskenar-type-somine\/60x60-eskenar-type-nut-3\/","name":"60x60 equilateral type fireplace #3 | West Fireplace","isPartOf":{"@id":"http:\/\/batisomine.com\/#website"},"primaryImageOfPage":{"@id":"http:\/\/batisomine.com\/en\/somine-models\/wooded-nutrunners\/eskenar-type-somine\/60x60-eskenar-type-nut-3\/#primaryimage"},"image":{"@id":"http:\/\/batisomine.com\/en\/somine-models\/wooded-nutrunners\/eskenar-type-somine\/60x60-eskenar-type-nut-3\/#primaryimage"},"thumbnailUrl":"https:\/\/batisomine.com\/wp-content\/uploads\/2023\/12\/eskenar-somine-eko.jpg","datePublished":"2023-12-08T09:03:40+00:00","dateModified":"2025-02-21T10:18:22+00:00","description":"Izmir The most accurate address for cast iron fireplace barbecue stove production is Bat\u0131 Fireplace. Oven wood fireplace barbecue design, production and installation","breadcrumb":{"@id":"http:\/\/batisomine.com\/en\/somine-models\/wooded-nutrunners\/eskenar-type-somine\/60x60-eskenar-type-nut-3\/#breadcrumb"},"inLanguage":"en-GB","potentialAction":[{"@type":"ReadAction","target":["http:\/\/batisomine.com\/en\/somine-models\/wooded-nutrunners\/eskenar-type-somine\/60x60-eskenar-type-nut-3\/"]}]},{"@type":"ImageObject","inLanguage":"en-GB","@id":"http:\/\/batisomine.com\/en\/somine-models\/wooded-nutrunners\/eskenar-type-somine\/60x60-eskenar-type-nut-3\/#primaryimage","url":"https:\/\/batisomine.com\/wp-content\/uploads\/2023\/12\/eskenar-somine-eko.jpg","contentUrl":"https:\/\/batisomine.com\/wp-content\/uploads\/2023\/12\/eskenar-somine-eko.jpg"},{"@type":"BreadcrumbList","@id":"http:\/\/batisomine.com\/en\/somine-models\/wooded-nutrunners\/eskenar-type-somine\/60x60-eskenar-type-nut-3\/#breadcrumb","itemListElement":[{"@type":"ListItem","position":1,"name":"Anasayfa","item":"http:\/\/batisomine.com\/"},{"@type":"ListItem","position":2,"name":"\u015e\u00f6mineler","item":"https:\/\/batisomine.com\/somine-modelleri\/"},{"@type":"ListItem","position":3,"name":"Odunlu \u015e\u00f6mineler","item":"https:\/\/batisomine.com\/somine-modelleri\/odunlu-somineler\/"},{"@type":"ListItem","position":4,"name":"E\u015fkenar Tip \u015e\u00f6mine","item":"http:\/\/batisomine.com\/en\/somine-models\/wooded-nutrunners\/eskenar-type-somine\/"},{"@type":"ListItem","position":5,"name":"60&#215;60&#8217;lik E\u015fkenar Tip \u015e\u00f6mine #3"}]},{"@type":"WebSite","@id":"http:\/\/batisomine.com\/#website","url":"http:\/\/batisomine.com\/","name":"Bat\u0131 \u015e\u00f6mine","description":"Cast Iron Fireplace &amp; Barbecue &amp; Stove","publisher":{"@id":"http:\/\/batisomine.com\/#organization"},"alternateName":"\u0130zmir D\u00f6k\u00fcm \u015e\u00f6mine Barbek\u00fc Soba","potentialAction":[{"@type":"SearchAction","target":{"@type":"EntryPoint","urlTemplate":"http:\/\/batisomine.com\/?s={search_term_string}"},"query-input":{"@type":"PropertyValueSpecification","valueRequired":true,"valueName":"search_term_string"}}],"inLanguage":"en-GB"},{"@type":"Organization","@id":"http:\/\/batisomine.com\/#organization","name":"Bat\u0131 \u015e\u00f6mine","url":"http:\/\/batisomine.com\/","logo":{"@type":"ImageObject","inLanguage":"en-GB","@id":"http:\/\/batisomine.com\/#\/schema\/logo\/image\/","url":"http:\/\/batisomine.com\/wp-content\/uploads\/2023\/12\/yatay-logo.png","contentUrl":"http:\/\/batisomine.com\/wp-content\/uploads\/2023\/12\/yatay-logo.png","width":447,"height":200,"caption":"Bat\u0131 \u015e\u00f6mine"},"image":{"@id":"http:\/\/batisomine.com\/#\/schema\/logo\/image\/"},"sameAs":["https:\/\/www.instagram.com\/batisomine\/"]}]}},"_links":{"self":[{"href":"http:\/\/batisomine.com\/en\/wp-json\/wp\/v2\/pages\/1653","targetHints":{"allow":["GET"]}}],"collection":[{"href":"http:\/\/batisomine.com\/en\/wp-json\/wp\/v2\/pages"}],"about":[{"href":"http:\/\/batisomine.com\/en\/wp-json\/wp\/v2\/types\/page"}],"author":[{"embeddable":true,"href":"http:\/\/batisomine.com\/en\/wp-json\/wp\/v2\/users\/3"}],"replies":[{"embeddable":true,"href":"http:\/\/batisomine.com\/en\/wp-json\/wp\/v2\/comments?post=1653"}],"version-history":[{"count":16,"href":"http:\/\/batisomine.com\/en\/wp-json\/wp\/v2\/pages\/1653\/revisions"}],"predecessor-version":[{"id":3663,"href":"http:\/\/batisomine.com\/en\/wp-json\/wp\/v2\/pages\/1653\/revisions\/3663"}],"up":[{"embeddable":true,"href":"http:\/\/batisomine.com\/en\/wp-json\/wp\/v2\/pages\/1636"}],"wp:attachment":[{"href":"http:\/\/batisomine.com\/en\/wp-json\/wp\/v2\/media?parent=1653"}],"curies":[{"name":"wp","href":"https:\/\/api.w.org\/{rel}","templated":true}]}}