{"id":17,"date":"2023-12-06T14:09:04","date_gmt":"2023-12-06T11:09:04","guid":{"rendered":"https:\/\/batisomine.com\/?page_id=17"},"modified":"2026-02-24T10:07:47","modified_gmt":"2026-02-24T07:07:47","slug":"about-us","status":"publish","type":"page","link":"http:\/\/batisomine.com\/en\/about-us\/","title":{"rendered":"About Us"},"content":{"rendered":"<div data-elementor-type=\"wp-page\" data-elementor-id=\"17\" class=\"elementor elementor-17\" data-elementor-post-type=\"page\">\n\t\t\t\t<div class=\"elementor-element elementor-element-6030d65 e-flex e-con-boxed e-con e-parent\" data-id=\"6030d65\" data-element_type=\"container\" data-e-type=\"container\">\n\t\t\t\t\t<div class=\"e-con-inner\">\n\t\t\t\t<div class=\"elementor-element elementor-element-054fc83 elementor-widget elementor-widget-heading\" data-id=\"054fc83\" data-element_type=\"widget\" data-e-type=\"widget\" data-widget_type=\"heading.default\">\n\t\t\t\t<div class=\"elementor-widget-container\">\n\t\t\t\t\t<div class=\"elementor-heading-title elementor-size-default\">About Us<\/div>\t\t\t\t<\/div>\n\t\t\t\t<\/div>\n\t\t<div class=\"elementor-element elementor-element-e37f545 e-flex e-con-boxed e-con e-child\" data-id=\"e37f545\" data-element_type=\"container\" data-e-type=\"container\">\n\t\t\t\t\t<div class=\"e-con-inner\">\n\t\t<div class=\"elementor-element elementor-element-5129ebd e-con-full e-flex e-con e-child\" data-id=\"5129ebd\" data-element_type=\"container\" data-e-type=\"container\">\n\t\t\t\t<div class=\"elementor-element elementor-element-056a08e elementor-widget elementor-widget-text-editor\" data-id=\"056a08e\" data-element_type=\"widget\" data-e-type=\"widget\" data-widget_type=\"text-editor.default\">\n\t\t\t\t<div class=\"elementor-widget-container\">\n\t\t\t\t\t\t\t\t\t<p>With its ever-growing structure, Bat\u0131 Fireplace produces domestic fireplaces. In its production facility in the center of Izmir; It prepares fireplaces in accordance with European standards, using quality materials and modern designs. Bat\u0131 Fireplace started its entrepreneurial journey in 2022 with the production of fireplaces, cast iron stoves and barbecues and today continues its commercial activities by strengthening with sales and marketing. Our company aims to help you enjoy the comfort of fireplace in your living spaces. You can obtain fireplace models that you can use for many years without any problems with the quality and guarantee of Bat\u0131 Fireplace.<\/p><p>Having the opportunity to work with many brands and customers since the first days of its establishment, Bat\u0131 Fireplace continues to grow steadily with its professional, empathy-oriented, honest and innovative perspective. It strives to provide better service day by day, especially in fireplaces, cast iron stoves and barbecues throughout Izmir and aims at customer satisfaction. The highest quality products in the sector are offered by Bat\u0131 Fireplace at the most affordable prices. Since the first day of its establishment, Bat\u0131 Fireplace aims to be a pioneering organization with this approach in the sector. It is moving towards the goal of becoming the leading organization of its sector with the works it has carried out both in its region and internationally.<\/p>\t\t\t\t\t\t\t\t<\/div>\n\t\t\t\t<\/div>\n\t\t\t\t<div class=\"elementor-element elementor-element-dd243c9 elementor-widget elementor-widget-image\" data-id=\"dd243c9\" data-element_type=\"widget\" data-e-type=\"widget\" data-widget_type=\"image.default\">\n\t\t\t\t<div class=\"elementor-widget-container\">\n\t\t\t\t\t\t\t\t\t\t\t\t\t\t\t<img fetchpriority=\"high\" decoding=\"async\" width=\"800\" height=\"115\" src=\"http:\/\/batisomine.com\/wp-content\/uploads\/2023\/12\/bati-somine-imza.png\" class=\"attachment-full size-full wp-image-162\" alt=\"west-fireplace-signature\" srcset=\"http:\/\/batisomine.com\/wp-content\/uploads\/2023\/12\/bati-somine-imza.png 800w, http:\/\/batisomine.com\/wp-content\/uploads\/2023\/12\/bati-somine-imza-300x43.png 300w, http:\/\/batisomine.com\/wp-content\/uploads\/2023\/12\/bati-somine-imza-768x110.png 768w\" sizes=\"(max-width: 800px) 100vw, 800px\" \/>\t\t\t\t\t\t\t\t\t\t\t\t\t\t\t<\/div>\n\t\t\t\t<\/div>\n\t\t\t\t<\/div>\n\t\t<div class=\"elementor-element elementor-element-a8a1ca5 e-con-full e-flex e-con e-child\" data-id=\"a8a1ca5\" data-element_type=\"container\" data-e-type=\"container\">\n\t\t\t\t<div class=\"elementor-element elementor-element-557f861 elementor-widget elementor-widget-image\" data-id=\"557f861\" data-element_type=\"widget\" data-e-type=\"widget\" data-widget_type=\"image.default\">\n\t\t\t\t<div class=\"elementor-widget-container\">\n\t\t\t\t\t\t\t\t\t\t\t\t\t\t\t<img decoding=\"async\" width=\"1000\" height=\"1000\" src=\"http:\/\/batisomine.com\/wp-content\/uploads\/2023\/12\/zemin-tip-orta-somine-dortgen-gorseli.jpg\" class=\"attachment-full size-full wp-image-1829\" alt=\"floor-type-centre-fireplace-fortangular-view\" srcset=\"http:\/\/batisomine.com\/wp-content\/uploads\/2023\/12\/zemin-tip-orta-somine-dortgen-gorseli.jpg 1000w, http:\/\/batisomine.com\/wp-content\/uploads\/2023\/12\/zemin-tip-orta-somine-dortgen-gorseli-300x300.jpg 300w, http:\/\/batisomine.com\/wp-content\/uploads\/2023\/12\/zemin-tip-orta-somine-dortgen-gorseli-150x150.jpg 150w, http:\/\/batisomine.com\/wp-content\/uploads\/2023\/12\/zemin-tip-orta-somine-dortgen-gorseli-768x768.jpg 768w, http:\/\/batisomine.com\/wp-content\/uploads\/2023\/12\/zemin-tip-orta-somine-dortgen-gorseli-12x12.jpg 12w\" sizes=\"(max-width: 1000px) 100vw, 1000px\" \/>\t\t\t\t\t\t\t\t\t\t\t\t\t\t\t<\/div>\n\t\t\t\t<\/div>\n\t\t\t\t<\/div>\n\t\t\t\t\t<\/div>\n\t\t\t\t<\/div>\n\t\t\t\t\t<\/div>\n\t\t\t\t<\/div>\n\t\t<div class=\"elementor-element elementor-element-1541805 e-flex e-con-boxed e-con e-parent\" data-id=\"1541805\" data-element_type=\"container\" data-e-type=\"container\">\n\t\t\t\t\t<div class=\"e-con-inner\">\n\t\t\t\t<div class=\"elementor-element elementor-element-c86ea48 elementor-widget elementor-widget-text-editor\" data-id=\"c86ea48\" data-element_type=\"widget\" data-e-type=\"widget\" data-widget_type=\"text-editor.default\">\n\t\t\t\t<div class=\"elementor-widget-container\">\n\t\t\t\t\t\t\t\t\t<p>As Bat\u0131 \u015e\u00f6mine, we produce different types of fireplaces with the highest quality materials and workmanship. Our company responds quickly to customer demands and has a wide catalog of fireplace models. You can safely start using these trendy fireplaces in any interior part of your home, on the terrace, balcony or garden area. You can access the best quality options, from wood-burning fireplaces to tube fireplaces, from cast iron fireplaces to U-type fireplaces, with the Bat\u0131 \u015e\u00f6me warranty. We show our trust in all fireplace models we produce with the 5-year warranty we provide. We continue our work with an expert team in our production facility located in Buca, Izmir, to meet your demands.<\/p><p>As Bat\u0131 \u015e\u00f6mine, we follow the latest developments in our industry. At the same time, we also take into account the evolving demands of users in line with new fashion trends. We shape our production work depending on these developments and demands. We have a production area where we combine Bat\u0131 \u015e\u00f6mine with contemporary technology. At the same time, we carry out our work with an experienced team under the supervision of our experts. The most important support in determining the fireplace model you need, in its production, and in placing it in your living space is Bat\u0131 \u015e\u00f6mine in Izmir and the Aegean Region. While you have access to a fireplace that will help you warm up and prepare meals, you also have an important element for the decoration of your living space with its stylish and aesthetic appearance, with the fireplace models provided by Bat\u0131 \u015e\u00f6mine. We bring together Izmir and the Aegean Region with quality and long-lasting fireplace models. You can get complete expert support on fireplaces from Bat\u0131 \u015e\u00f6mine experts, from production to installation.\u00a0<\/p>\t\t\t\t\t\t\t\t<\/div>\n\t\t\t\t<\/div>\n\t\t\t\t\t<\/div>\n\t\t\t\t<\/div>\n\t\t<div class=\"elementor-element elementor-element-a7e067a e-flex e-con-boxed e-con e-parent\" data-id=\"a7e067a\" data-element_type=\"container\" data-e-type=\"container\">\n\t\t\t\t\t<div class=\"e-con-inner\">\n\t\t<div class=\"elementor-element elementor-element-57c639d e-flex e-con-boxed e-con e-child\" data-id=\"57c639d\" data-element_type=\"container\" data-e-type=\"container\" data-settings=\"{&quot;background_background&quot;:&quot;classic&quot;}\">\n\t\t\t\t\t<div class=\"e-con-inner\">\n\t\t\t\t<div class=\"elementor-element elementor-element-0ea581f elementor-widget elementor-widget-heading\" data-id=\"0ea581f\" data-element_type=\"widget\" data-e-type=\"widget\" data-widget_type=\"heading.default\">\n\t\t\t\t<div class=\"elementor-widget-container\">\n\t\t\t\t\t<div class=\"elementor-heading-title elementor-size-default\">Add Warmth to Your Air<\/div>\t\t\t\t<\/div>\n\t\t\t\t<\/div>\n\t\t\t\t<div class=\"elementor-element elementor-element-a8244be elementor-widget elementor-widget-heading\" data-id=\"a8244be\" data-element_type=\"widget\" data-e-type=\"widget\" data-widget_type=\"heading.default\">\n\t\t\t\t<div class=\"elementor-widget-container\">\n\t\t\t\t\t<p class=\"elementor-heading-title elementor-size-default\">We took the fireplace, barbecue and stove culture to a very different point. We are at your service with modern designs and aesthetic solutions suitable for the area.<\/p>\t\t\t\t<\/div>\n\t\t\t\t<\/div>\n\t\t\t\t\t<\/div>\n\t\t\t\t<\/div>\n\t\t\t\t\t<\/div>\n\t\t\t\t<\/div>\n\t\t\t\t<\/div>","protected":false},"excerpt":{"rendered":"<p>Hakk\u0131m\u0131zda Her ge\u00e7en g\u00fcn b\u00fcy\u00fcyen yap\u0131s\u0131yla Bat\u0131 \u015e\u00f6mine yerli \u015f\u00f6mine \u00fcretimi yapmaktad\u0131r. \u0130zmir merkezindeki \u00fcretim tesisinde; Avrupa standartlar\u0131na uygun, kaliteli malzeme kullan\u0131lan ve modern tasar\u0131ml\u0131 \u015f\u00f6mineler haz\u0131rlamaktad\u0131r. Bat\u0131 \u015e\u00f6mine, 2022 y\u0131l\u0131nda \u015f\u00f6mine, d\u00f6k\u00fcm soba ve barbek\u00fc \u00fcretimi ile giri\u015fimcilik yolculu\u011funa ba\u015flad\u0131 ve g\u00fcn\u00fcm\u00fczde sat\u0131\u015f ve pazarlama ile g\u00fc\u00e7lenerek ticari faaliyetlerini s\u00fcrd\u00fcrmektedir. Firmam\u0131z ya\u015fam alanlar\u0131n\u0131zda \u015f\u00f6mine [&hellip;]<\/p>\n","protected":false},"author":1,"featured_media":0,"parent":0,"menu_order":0,"comment_status":"closed","ping_status":"closed","template":"","meta":{"footnotes":""},"class_list":["post-17","page","type-page","status-publish","hentry"],"yoast_head":"<!-- This site is optimized with the Yoast SEO plugin v27.5 - https:\/\/yoast.com\/product\/yoast-seo-wordpress\/ -->\n<title>Hakk\u0131m\u0131zda | Bat\u0131 \u015e\u00f6mine<\/title>\n<meta name=\"description\" content=\"\u0130zmir D\u00f6k\u00fcm \u015f\u00f6mine barbek\u00fc soba \u00fcretimi i\u00e7in en do\u011fru adres Bat\u0131 \u015e\u00f6mine. F\u0131r\u0131nl\u0131 odunlu \u015f\u00f6mine barbek\u00fc tasar\u0131m\u0131 \u00fcretimi ve montaj\u0131\" \/>\n<meta name=\"robots\" content=\"index, follow, max-snippet:-1, max-image-preview:large, max-video-preview:-1\" \/>\n<link rel=\"canonical\" href=\"http:\/\/batisomine.com\/en\/about-us\/\" \/>\n<meta property=\"og:locale\" content=\"en_GB\" \/>\n<meta property=\"og:type\" content=\"article\" \/>\n<meta property=\"og:title\" content=\"Hakk\u0131m\u0131zda | Bat\u0131 \u015e\u00f6mine\" \/>\n<meta property=\"og:description\" content=\"\u0130zmir D\u00f6k\u00fcm \u015f\u00f6mine barbek\u00fc soba \u00fcretimi i\u00e7in en do\u011fru adres Bat\u0131 \u015e\u00f6mine. F\u0131r\u0131nl\u0131 odunlu \u015f\u00f6mine barbek\u00fc tasar\u0131m\u0131 \u00fcretimi ve montaj\u0131\" \/>\n<meta property=\"og:url\" content=\"http:\/\/batisomine.com\/en\/about-us\/\" \/>\n<meta property=\"og:site_name\" content=\"Bat\u0131 \u015e\u00f6mine\" \/>\n<meta property=\"article:modified_time\" content=\"2026-02-24T07:07:47+00:00\" \/>\n<meta property=\"og:image\" content=\"https:\/\/batisomine.com\/wp-content\/uploads\/2023\/12\/bati-somine-imza.png\" \/>\n<meta name=\"twitter:card\" content=\"summary_large_image\" \/>\n<meta name=\"twitter:label1\" content=\"Estimated reading time\" \/>\n\t<meta name=\"twitter:data1\" content=\"3 minutes\" \/>\n<script type=\"application\/ld+json\" class=\"yoast-schema-graph\">{\"@context\":\"https:\\\/\\\/schema.org\",\"@graph\":[{\"@type\":\"WebPage\",\"@id\":\"http:\\\/\\\/batisomine.com\\\/en\\\/about-us\\\/\",\"url\":\"http:\\\/\\\/batisomine.com\\\/en\\\/about-us\\\/\",\"name\":\"Hakk\u0131m\u0131zda | Bat\u0131 \u015e\u00f6mine\",\"isPartOf\":{\"@id\":\"https:\\\/\\\/batisomine.com\\\/#website\"},\"primaryImageOfPage\":{\"@id\":\"http:\\\/\\\/batisomine.com\\\/en\\\/about-us\\\/#primaryimage\"},\"image\":{\"@id\":\"http:\\\/\\\/batisomine.com\\\/en\\\/about-us\\\/#primaryimage\"},\"thumbnailUrl\":\"https:\\\/\\\/batisomine.com\\\/wp-content\\\/uploads\\\/2023\\\/12\\\/bati-somine-imza.png\",\"datePublished\":\"2023-12-06T11:09:04+00:00\",\"dateModified\":\"2026-02-24T07:07:47+00:00\",\"description\":\"\u0130zmir D\u00f6k\u00fcm \u015f\u00f6mine barbek\u00fc soba \u00fcretimi i\u00e7in en do\u011fru adres Bat\u0131 \u015e\u00f6mine. F\u0131r\u0131nl\u0131 odunlu \u015f\u00f6mine barbek\u00fc tasar\u0131m\u0131 \u00fcretimi ve montaj\u0131\",\"breadcrumb\":{\"@id\":\"http:\\\/\\\/batisomine.com\\\/en\\\/about-us\\\/#breadcrumb\"},\"inLanguage\":\"en-GB\",\"potentialAction\":[{\"@type\":\"ReadAction\",\"target\":[\"http:\\\/\\\/batisomine.com\\\/en\\\/about-us\\\/\"]}]},{\"@type\":\"ImageObject\",\"inLanguage\":\"en-GB\",\"@id\":\"http:\\\/\\\/batisomine.com\\\/en\\\/about-us\\\/#primaryimage\",\"url\":\"https:\\\/\\\/batisomine.com\\\/wp-content\\\/uploads\\\/2023\\\/12\\\/bati-somine-imza.png\",\"contentUrl\":\"https:\\\/\\\/batisomine.com\\\/wp-content\\\/uploads\\\/2023\\\/12\\\/bati-somine-imza.png\"},{\"@type\":\"BreadcrumbList\",\"@id\":\"http:\\\/\\\/batisomine.com\\\/en\\\/about-us\\\/#breadcrumb\",\"itemListElement\":[{\"@type\":\"ListItem\",\"position\":1,\"name\":\"Anasayfa\",\"item\":\"https:\\\/\\\/batisomine.com\\\/\"},{\"@type\":\"ListItem\",\"position\":2,\"name\":\"Hakk\u0131m\u0131zda\"}]},{\"@type\":\"WebSite\",\"@id\":\"https:\\\/\\\/batisomine.com\\\/#website\",\"url\":\"https:\\\/\\\/batisomine.com\\\/\",\"name\":\"Bat\u0131 \u015e\u00f6mine\",\"description\":\"D\u00f6k\u00fcm \u015e\u00f6mine &amp; Barbek\u00fc &amp; Soba\",\"publisher\":{\"@id\":\"https:\\\/\\\/batisomine.com\\\/#organization\"},\"alternateName\":\"\u0130zmir D\u00f6k\u00fcm \u015e\u00f6mine Barbek\u00fc Soba\",\"potentialAction\":[{\"@type\":\"SearchAction\",\"target\":{\"@type\":\"EntryPoint\",\"urlTemplate\":\"https:\\\/\\\/batisomine.com\\\/?s={search_term_string}\"},\"query-input\":{\"@type\":\"PropertyValueSpecification\",\"valueRequired\":true,\"valueName\":\"search_term_string\"}}],\"inLanguage\":\"en-GB\"},{\"@type\":\"Organization\",\"@id\":\"https:\\\/\\\/batisomine.com\\\/#organization\",\"name\":\"Bat\u0131 \u015e\u00f6mine\",\"url\":\"https:\\\/\\\/batisomine.com\\\/\",\"logo\":{\"@type\":\"ImageObject\",\"inLanguage\":\"en-GB\",\"@id\":\"https:\\\/\\\/batisomine.com\\\/#\\\/schema\\\/logo\\\/image\\\/\",\"url\":\"http:\\\/\\\/batisomine.com\\\/wp-content\\\/uploads\\\/2023\\\/12\\\/yatay-logo.png\",\"contentUrl\":\"http:\\\/\\\/batisomine.com\\\/wp-content\\\/uploads\\\/2023\\\/12\\\/yatay-logo.png\",\"width\":447,\"height\":200,\"caption\":\"Bat\u0131 \u015e\u00f6mine\"},\"image\":{\"@id\":\"https:\\\/\\\/batisomine.com\\\/#\\\/schema\\\/logo\\\/image\\\/\"},\"sameAs\":[\"https:\\\/\\\/www.instagram.com\\\/batisomine\\\/\"]}]}<\/script>\n<!-- \/ Yoast SEO plugin. -->","yoast_head_json":{"title":"About Us | West Fireplace","description":"Izmir The most accurate address for cast iron fireplace barbecue stove production is Bat\u0131 Fireplace. Oven wood fireplace barbecue design, production and installation","robots":{"index":"index","follow":"follow","max-snippet":"max-snippet:-1","max-image-preview":"max-image-preview:large","max-video-preview":"max-video-preview:-1"},"canonical":"http:\/\/batisomine.com\/en\/about-us\/","og_locale":"en_GB","og_type":"article","og_title":"Hakk\u0131m\u0131zda | Bat\u0131 \u015e\u00f6mine","og_description":"\u0130zmir D\u00f6k\u00fcm \u015f\u00f6mine barbek\u00fc soba \u00fcretimi i\u00e7in en do\u011fru adres Bat\u0131 \u015e\u00f6mine. F\u0131r\u0131nl\u0131 odunlu \u015f\u00f6mine barbek\u00fc tasar\u0131m\u0131 \u00fcretimi ve montaj\u0131","og_url":"http:\/\/batisomine.com\/en\/about-us\/","og_site_name":"Bat\u0131 \u015e\u00f6mine","article_modified_time":"2026-02-24T07:07:47+00:00","og_image":[{"url":"https:\/\/batisomine.com\/wp-content\/uploads\/2023\/12\/bati-somine-imza.png","type":"","width":"","height":""}],"twitter_card":"summary_large_image","twitter_misc":{"Estimated reading time":"3 minutes"},"schema":{"@context":"https:\/\/schema.org","@graph":[{"@type":"WebPage","@id":"http:\/\/batisomine.com\/en\/about-us\/","url":"http:\/\/batisomine.com\/en\/about-us\/","name":"About Us | West Fireplace","isPartOf":{"@id":"https:\/\/batisomine.com\/#website"},"primaryImageOfPage":{"@id":"http:\/\/batisomine.com\/en\/about-us\/#primaryimage"},"image":{"@id":"http:\/\/batisomine.com\/en\/about-us\/#primaryimage"},"thumbnailUrl":"https:\/\/batisomine.com\/wp-content\/uploads\/2023\/12\/bati-somine-imza.png","datePublished":"2023-12-06T11:09:04+00:00","dateModified":"2026-02-24T07:07:47+00:00","description":"Izmir The most accurate address for cast iron fireplace barbecue stove production is Bat\u0131 Fireplace. Oven wood fireplace barbecue design, production and installation","breadcrumb":{"@id":"http:\/\/batisomine.com\/en\/about-us\/#breadcrumb"},"inLanguage":"en-GB","potentialAction":[{"@type":"ReadAction","target":["http:\/\/batisomine.com\/en\/about-us\/"]}]},{"@type":"ImageObject","inLanguage":"en-GB","@id":"http:\/\/batisomine.com\/en\/about-us\/#primaryimage","url":"https:\/\/batisomine.com\/wp-content\/uploads\/2023\/12\/bati-somine-imza.png","contentUrl":"https:\/\/batisomine.com\/wp-content\/uploads\/2023\/12\/bati-somine-imza.png"},{"@type":"BreadcrumbList","@id":"http:\/\/batisomine.com\/en\/about-us\/#breadcrumb","itemListElement":[{"@type":"ListItem","position":1,"name":"Anasayfa","item":"https:\/\/batisomine.com\/"},{"@type":"ListItem","position":2,"name":"Hakk\u0131m\u0131zda"}]},{"@type":"WebSite","@id":"https:\/\/batisomine.com\/#website","url":"https:\/\/batisomine.com\/","name":"Bat\u0131 \u015e\u00f6mine","description":"Cast Iron Fireplace &amp; Barbecue &amp; Stove","publisher":{"@id":"https:\/\/batisomine.com\/#organization"},"alternateName":"\u0130zmir D\u00f6k\u00fcm \u015e\u00f6mine Barbek\u00fc Soba","potentialAction":[{"@type":"SearchAction","target":{"@type":"EntryPoint","urlTemplate":"https:\/\/batisomine.com\/?s={search_term_string}"},"query-input":{"@type":"PropertyValueSpecification","valueRequired":true,"valueName":"search_term_string"}}],"inLanguage":"en-GB"},{"@type":"Organization","@id":"https:\/\/batisomine.com\/#organization","name":"Bat\u0131 \u015e\u00f6mine","url":"https:\/\/batisomine.com\/","logo":{"@type":"ImageObject","inLanguage":"en-GB","@id":"https:\/\/batisomine.com\/#\/schema\/logo\/image\/","url":"http:\/\/batisomine.com\/wp-content\/uploads\/2023\/12\/yatay-logo.png","contentUrl":"http:\/\/batisomine.com\/wp-content\/uploads\/2023\/12\/yatay-logo.png","width":447,"height":200,"caption":"Bat\u0131 \u015e\u00f6mine"},"image":{"@id":"https:\/\/batisomine.com\/#\/schema\/logo\/image\/"},"sameAs":["https:\/\/www.instagram.com\/batisomine\/"]}]}},"_links":{"self":[{"href":"http:\/\/batisomine.com\/en\/wp-json\/wp\/v2\/pages\/17","targetHints":{"allow":["GET"]}}],"collection":[{"href":"http:\/\/batisomine.com\/en\/wp-json\/wp\/v2\/pages"}],"about":[{"href":"http:\/\/batisomine.com\/en\/wp-json\/wp\/v2\/types\/page"}],"author":[{"embeddable":true,"href":"http:\/\/batisomine.com\/en\/wp-json\/wp\/v2\/users\/1"}],"replies":[{"embeddable":true,"href":"http:\/\/batisomine.com\/en\/wp-json\/wp\/v2\/comments?post=17"}],"version-history":[{"count":33,"href":"http:\/\/batisomine.com\/en\/wp-json\/wp\/v2\/pages\/17\/revisions"}],"predecessor-version":[{"id":5772,"href":"http:\/\/batisomine.com\/en\/wp-json\/wp\/v2\/pages\/17\/revisions\/5772"}],"wp:attachment":[{"href":"http:\/\/batisomine.com\/en\/wp-json\/wp\/v2\/media?parent=17"}],"curies":[{"name":"wp","href":"https:\/\/api.w.org\/{rel}","templated":true}]}}