{"id":307,"date":"2023-12-06T18:41:39","date_gmt":"2023-12-06T15:41:39","guid":{"rendered":"https:\/\/batisomine.com\/?page_id=307"},"modified":"2025-02-21T13:18:12","modified_gmt":"2025-02-21T10:18:12","slug":"canterbury-soba","status":"publish","type":"page","link":"http:\/\/batisomine.com\/en\/woven-stoves\/canterbury-soba\/","title":{"rendered":"Canterbury - Soba"},"content":{"rendered":"<div data-elementor-type=\"wp-page\" data-elementor-id=\"307\" class=\"elementor elementor-307\" data-elementor-post-type=\"page\">\n\t\t\t\t<div class=\"elementor-element elementor-element-3e593ec e-flex e-con-boxed e-con e-parent\" data-id=\"3e593ec\" data-element_type=\"container\" data-e-type=\"container\">\n\t\t\t\t\t<div class=\"e-con-inner\">\n\t\t<div class=\"elementor-element elementor-element-8ffe876 e-flex e-con-boxed e-con e-child\" data-id=\"8ffe876\" data-element_type=\"container\" data-e-type=\"container\">\n\t\t\t\t\t<div class=\"e-con-inner\">\n\t\t<div class=\"elementor-element elementor-element-b0e4e60 e-con-full e-flex e-con e-child\" data-id=\"b0e4e60\" data-element_type=\"container\" data-e-type=\"container\">\n\t\t\t\t<div class=\"elementor-element elementor-element-9b686d4 elementor-widget elementor-widget-image\" data-id=\"9b686d4\" data-element_type=\"widget\" data-e-type=\"widget\" data-widget_type=\"image.default\">\n\t\t\t\t<div class=\"elementor-widget-container\">\n\t\t\t\t\t\t\t\t\t\t\t\t\t\t\t\t<a href=\"https:\/\/batisomine.com\/wp-content\/uploads\/2023\/12\/canterbury-soba.jpg\" data-elementor-open-lightbox=\"yes\" data-elementor-lightbox-title=\"canterbury-soba\" data-e-action-hash=\"#elementor-action%3Aaction%3Dlightbox%26settings%3DeyJpZCI6NDA5LCJ1cmwiOiJodHRwOlwvXC9iYXRpc29taW5lLmNvbVwvd3AtY29udGVudFwvdXBsb2Fkc1wvMjAyM1wvMTJcL2NhbnRlcmJ1cnktc29iYS5qcGcifQ%3D%3D\">\n\t\t\t\t\t\t\t<img fetchpriority=\"high\" decoding=\"async\" width=\"1000\" height=\"1000\" src=\"http:\/\/batisomine.com\/wp-content\/uploads\/2023\/12\/canterbury-soba.jpg\" class=\"attachment-full size-full wp-image-409\" alt=\"canterbury-soba\" srcset=\"http:\/\/batisomine.com\/wp-content\/uploads\/2023\/12\/canterbury-soba.jpg 1000w, http:\/\/batisomine.com\/wp-content\/uploads\/2023\/12\/canterbury-soba-300x300.jpg 300w, http:\/\/batisomine.com\/wp-content\/uploads\/2023\/12\/canterbury-soba-150x150.jpg 150w, http:\/\/batisomine.com\/wp-content\/uploads\/2023\/12\/canterbury-soba-768x768.jpg 768w\" sizes=\"(max-width: 1000px) 100vw, 1000px\" \/>\t\t\t\t\t\t\t\t<\/a>\n\t\t\t\t\t\t\t\t\t\t\t\t\t\t\t<\/div>\n\t\t\t\t<\/div>\n\t\t\t\t<div class=\"elementor-element elementor-element-98a12d6 elementor-align-center elementor-widget elementor-widget-button\" data-id=\"98a12d6\" data-element_type=\"widget\" data-e-type=\"widget\" data-widget_type=\"button.default\">\n\t\t\t\t<div class=\"elementor-widget-container\">\n\t\t\t\t\t\t\t\t\t<div class=\"elementor-button-wrapper\">\n\t\t\t\t\t<a class=\"elementor-button elementor-button-link elementor-size-sm\" href=\"https:\/\/api.whatsapp.com\/send\/?phone=905548223356&#038;text=Merhaba%2C+web+siteniz+%C3%BCzerinden+ula%C5%9F%C4%B1yorum+bilgi+alabilir+miyim%3F&#038;type=phone_number&#038;app_absent=0\">\n\t\t\t\t\t\t<span class=\"elementor-button-content-wrapper\">\n\t\t\t\t\t\t<span class=\"elementor-button-icon\">\n\t\t\t\t<svg aria-hidden=\"true\" class=\"e-font-icon-svg e-fab-whatsapp\" viewbox=\"0 0 448 512\" xmlns=\"http:\/\/www.w3.org\/2000\/svg\"><path d=\"M380.9 97.1C339 55.1 283.2 32 223.9 32c-122.4 0-222 99.6-222 222 0 39.1 10.2 77.3 29.6 111L0 480l117.7-30.9c32.4 17.7 68.9 27 106.1 27h.1c122.3 0 224.1-99.6 224.1-222 0-59.3-25.2-115-67.1-157zm-157 341.6c-33.2 0-65.7-8.9-94-25.7l-6.7-4-69.8 18.3L72 359.2l-4.4-7c-18.5-29.4-28.2-63.3-28.2-98.2 0-101.7 82.8-184.5 184.6-184.5 49.3 0 95.6 19.2 130.4 54.1 34.8 34.9 56.2 81.2 56.1 130.5 0 101.8-84.9 184.6-186.6 184.6zm101.2-138.2c-5.5-2.8-32.8-16.2-37.9-18-5.1-1.9-8.8-2.8-12.5 2.8-3.7 5.6-14.3 18-17.6 21.8-3.2 3.7-6.5 4.2-12 1.4-32.6-16.3-54-29.1-75.5-66-5.7-9.8 5.7-9.1 16.3-30.3 1.8-3.7.9-6.9-.5-9.7-1.4-2.8-12.5-30.1-17.1-41.2-4.5-10.8-9.1-9.3-12.5-9.5-3.2-.2-6.9-.2-10.6-.2-3.7 0-9.7 1.4-14.8 6.9-5.1 5.6-19.4 19-19.4 46.3 0 27.3 19.9 53.7 22.6 57.4 2.8 3.7 39.1 59.7 94.8 83.8 35.2 15.2 49 16.5 66.6 13.9 10.7-1.6 32.8-13.4 37.4-26.4 4.6-13 4.6-24.1 3.2-26.4-1.3-2.5-5-3.9-10.5-6.6z\"><\/path><\/svg>\t\t\t<\/span>\n\t\t\t\t\t\t\t\t\t<span class=\"elementor-button-text\">Get Information via Whatsapp<\/span>\n\t\t\t\t\t<\/span>\n\t\t\t\t\t<\/a>\n\t\t\t\t<\/div>\n\t\t\t\t\t\t\t\t<\/div>\n\t\t\t\t<\/div>\n\t\t\t\t<div class=\"elementor-element elementor-element-80dc7f0 elementor-align-center elementor-widget elementor-widget-button\" data-id=\"80dc7f0\" data-element_type=\"widget\" data-e-type=\"widget\" data-widget_type=\"button.default\">\n\t\t\t\t<div class=\"elementor-widget-container\">\n\t\t\t\t\t\t\t\t\t<div class=\"elementor-button-wrapper\">\n\t\t\t\t\t<a class=\"elementor-button elementor-button-link elementor-size-sm\" href=\"tel:905548223356\">\n\t\t\t\t\t\t<span class=\"elementor-button-content-wrapper\">\n\t\t\t\t\t\t<span class=\"elementor-button-icon\">\n\t\t\t\t<svg aria-hidden=\"true\" class=\"e-font-icon-svg e-fas-phone-alt\" viewbox=\"0 0 512 512\" xmlns=\"http:\/\/www.w3.org\/2000\/svg\"><path d=\"M497.39 361.8l-112-48a24 24 0 0 0-28 6.9l-49.6 60.6A370.66 370.66 0 0 1 130.6 204.11l60.6-49.6a23.94 23.94 0 0 0 6.9-28l-48-112A24.16 24.16 0 0 0 122.6.61l-104 24A24 24 0 0 0 0 48c0 256.5 207.9 464 464 464a24 24 0 0 0 23.4-18.6l24-104a24.29 24.29 0 0 0-14.01-27.6z\"><\/path><\/svg>\t\t\t<\/span>\n\t\t\t\t\t\t\t\t\t<span class=\"elementor-button-text\">Get Information by Phone<\/span>\n\t\t\t\t\t<\/span>\n\t\t\t\t\t<\/a>\n\t\t\t\t<\/div>\n\t\t\t\t\t\t\t\t<\/div>\n\t\t\t\t<\/div>\n\t\t\t\t<\/div>\n\t\t<div class=\"elementor-element elementor-element-9914c30 e-con-full e-flex e-con e-child\" data-id=\"9914c30\" data-element_type=\"container\" data-e-type=\"container\">\n\t\t\t\t<div class=\"elementor-element elementor-element-5d06fa8 elementor-widget elementor-widget-heading\" data-id=\"5d06fa8\" data-element_type=\"widget\" data-e-type=\"widget\" data-widget_type=\"heading.default\">\n\t\t\t\t<div class=\"elementor-widget-container\">\n\t\t\t\t\t<h1 class=\"elementor-heading-title elementor-size-default\">Canterbury - Soba<\/h1>\t\t\t\t<\/div>\n\t\t\t\t<\/div>\n\t\t\t\t<div class=\"elementor-element elementor-element-9bc076b elementor-widget elementor-widget-heading\" data-id=\"9bc076b\" data-element_type=\"widget\" data-e-type=\"widget\" data-widget_type=\"heading.default\">\n\t\t\t\t<div class=\"elementor-widget-container\">\n\t\t\t\t\t<h3 class=\"elementor-heading-title elementor-size-default\">Furnace Casting Stove\n\n<\/h3>\t\t\t\t<\/div>\n\t\t\t\t<\/div>\n\t\t\t\t<div class=\"elementor-element elementor-element-d1f1da2 elementor-widget elementor-widget-text-editor\" data-id=\"d1f1da2\" data-element_type=\"widget\" data-e-type=\"widget\" data-widget_type=\"text-editor.default\">\n\t\t\t\t<div class=\"elementor-widget-container\">\n\t\t\t\t\t\t\t\t\t<p>\u2022 Hammadde: %100 Pik D\u00f6k\u00fcm, D\u00f6k\u00fcm kal\u0131nl\u0131\u011f\u0131 1,3 cm.<br \/>- Bearing on-off lever.<br \/>- Shake the ash.<br \/>- Adjustment levers that adjust the combustion speed.<br \/>- Optimum smoke extraction with flame arrester.<br \/>- Glass protection with flame arrester.<br \/>- 850 C heat resistant thermoshock ceramic glasses.<br \/>- Portable ashtray not affected by impact and heat.<br \/>- Sealing seals and gaskets fixed to the glass, cover and connection points.<br \/>- Heat and moisture resistant paint.<br \/>- Hand-held glass wings.<br \/>- Depending on the installation, 2 different chimney outlets can be preferred from the top or back.<\/p>\t\t\t\t\t\t\t\t<\/div>\n\t\t\t\t<\/div>\n\t\t\t\t<div class=\"elementor-element elementor-element-a39645d elementor-widget elementor-widget-text-editor\" data-id=\"a39645d\" data-element_type=\"widget\" data-e-type=\"widget\" data-widget_type=\"text-editor.default\">\n\t\t\t\t<div class=\"elementor-widget-container\">\n\t\t\t\t\t\t\t\t\tWeight 170 kg\n<br>Dismantling Weight: 53 kg\n\n<br>Width 59 cm\n<br>Depth 52cm\n<br>Height 85 cm\n\n<br>Verimlilik: %85\n<br>Heat Output 15 kW\n<br>Nominal Output 14 kW\n<br>CO Emissions: %0.20\n\n<br>Heating Capacity: Up to X50-250m\u00b2\n<br>Chimney Diameter X15 cm\n<br><br>\nGuarantee 5 Years\n<br><br>\nNot Covered by Warranty:\n<br>Glass\n<br>Vermiculite insulation panels\n<br>Vermiculite partition\n<br>Secondary steel compartment\n<br>Door and window rope seals\n<br>Paint coating\t\t\t\t\t\t\t\t<\/div>\n\t\t\t\t<\/div>\n\t\t\t\t<\/div>\n\t\t\t\t\t<\/div>\n\t\t\t\t<\/div>\n\t\t\t\t\t<\/div>\n\t\t\t\t<\/div>\n\t\t<div class=\"elementor-element elementor-element-31b9fef e-flex e-con-boxed e-con e-parent\" data-id=\"31b9fef\" data-element_type=\"container\" data-e-type=\"container\">\n\t\t\t\t\t<div class=\"e-con-inner\">\n\t\t<div class=\"elementor-element elementor-element-2a077c6 e-flex e-con-boxed e-con e-child\" data-id=\"2a077c6\" data-element_type=\"container\" data-e-type=\"container\">\n\t\t\t\t\t<div class=\"e-con-inner\">\n\t\t<div class=\"elementor-element elementor-element-d8fe118 e-flex e-con-boxed e-con e-child\" data-id=\"d8fe118\" data-element_type=\"container\" data-e-type=\"container\">\n\t\t\t\t\t<div class=\"e-con-inner\">\n\t\t\t\t<div class=\"elementor-element elementor-element-dfe6685 elementor-widget elementor-widget-heading\" data-id=\"dfe6685\" data-element_type=\"widget\" data-e-type=\"widget\" data-widget_type=\"heading.default\">\n\t\t\t\t<div class=\"elementor-widget-container\">\n\t\t\t\t\t<h3 class=\"elementor-heading-title elementor-size-default\">Technical Drawing<\/h3>\t\t\t\t<\/div>\n\t\t\t\t<\/div>\n\t\t\t\t\t<\/div>\n\t\t\t\t<\/div>\n\t\t<div class=\"elementor-element elementor-element-2f68e76 e-flex e-con-boxed e-con e-child\" data-id=\"2f68e76\" data-element_type=\"container\" data-e-type=\"container\">\n\t\t\t\t\t<div class=\"e-con-inner\">\n\t\t\t\t<div class=\"elementor-element elementor-element-5599f47 elementor-widget elementor-widget-heading\" data-id=\"5599f47\" data-element_type=\"widget\" data-e-type=\"widget\" data-widget_type=\"heading.default\">\n\t\t\t\t<div class=\"elementor-widget-container\">\n\t\t\t\t\t<h3 class=\"elementor-heading-title elementor-size-default\">Usage Image<\/h3>\t\t\t\t<\/div>\n\t\t\t\t<\/div>\n\t\t\t\t\t<\/div>\n\t\t\t\t<\/div>\n\t\t\t\t\t<\/div>\n\t\t\t\t<\/div>\n\t\t\t\t\t<\/div>\n\t\t\t\t<\/div>\n\t\t\t\t<\/div>","protected":false},"excerpt":{"rendered":"<p>Whatsapp ile Bilgi Al\u0131n Telefon ile Bilgi Al\u0131n F\u0131r\u0131nl\u0131 D\u00f6k\u00fcm Soba \u2022 Hammadde: %100 Pik D\u00f6k\u00fcm, D\u00f6k\u00fcm kal\u0131nl\u0131\u011f\u0131 1,3 cm.\u2022 Rulman a\u00e7ma-kapama kolu.\u2022 K\u00fcl\u00fc sallamak.\u2022 Yanma h\u0131z\u0131n\u0131 ayarlayan ayar kollar\u0131.\u2022 Alev kesici ile optimum duman tahliyesi.\u2022 Alev tutuculu cam korumas\u0131.\u2022 850 C \u0131s\u0131ya dayan\u0131kl\u0131 termo\u015fok seramik camlar.\u2022 Darbeden ve \u0131s\u0131dan etkilenmeyen portatif k\u00fcll\u00fck.\u2022 Cam, kapak [&hellip;]<\/p>\n","protected":false},"author":3,"featured_media":0,"parent":45,"menu_order":0,"comment_status":"closed","ping_status":"closed","template":"elementor_header_footer","meta":{"footnotes":""},"class_list":["post-307","page","type-page","status-publish","hentry"],"yoast_head":"<!-- This site is optimized with the Yoast SEO plugin v27.5 - https:\/\/yoast.com\/product\/yoast-seo-wordpress\/ -->\n<title>Canterbury - Soba | Bat\u0131 \u015e\u00f6mine<\/title>\n<meta name=\"description\" content=\"\u0130zmir D\u00f6k\u00fcm \u015f\u00f6mine barbek\u00fc soba \u00fcretimi i\u00e7in en do\u011fru adres Bat\u0131 \u015e\u00f6mine. F\u0131r\u0131nl\u0131 odunlu \u015f\u00f6mine barbek\u00fc tasar\u0131m\u0131 \u00fcretimi ve montaj\u0131\" \/>\n<meta name=\"robots\" content=\"index, follow, max-snippet:-1, max-image-preview:large, max-video-preview:-1\" \/>\n<link rel=\"canonical\" href=\"http:\/\/batisomine.com\/en\/woven-stoves\/canterbury-soba\/\" \/>\n<meta property=\"og:locale\" content=\"en_GB\" \/>\n<meta property=\"og:type\" content=\"article\" \/>\n<meta property=\"og:title\" content=\"Canterbury - Soba | Bat\u0131 \u015e\u00f6mine\" \/>\n<meta property=\"og:description\" content=\"\u0130zmir D\u00f6k\u00fcm \u015f\u00f6mine barbek\u00fc soba \u00fcretimi i\u00e7in en do\u011fru adres Bat\u0131 \u015e\u00f6mine. F\u0131r\u0131nl\u0131 odunlu \u015f\u00f6mine barbek\u00fc tasar\u0131m\u0131 \u00fcretimi ve montaj\u0131\" \/>\n<meta property=\"og:url\" content=\"http:\/\/batisomine.com\/en\/woven-stoves\/canterbury-soba\/\" \/>\n<meta property=\"og:site_name\" content=\"Bat\u0131 \u015e\u00f6mine\" \/>\n<meta property=\"article:modified_time\" content=\"2025-02-21T10:18:12+00:00\" \/>\n<meta property=\"og:image\" content=\"https:\/\/batisomine.com\/wp-content\/uploads\/2023\/12\/canterbury-soba.jpg\" \/>\n<meta name=\"twitter:card\" content=\"summary_large_image\" \/>\n<meta name=\"twitter:label1\" content=\"Estimated reading time\" \/>\n\t<meta name=\"twitter:data1\" content=\"1 minute\" \/>\n<script type=\"application\/ld+json\" class=\"yoast-schema-graph\">{\"@context\":\"https:\\\/\\\/schema.org\",\"@graph\":[{\"@type\":\"WebPage\",\"@id\":\"http:\\\/\\\/batisomine.com\\\/en\\\/woven-stoves\\\/canterbury-soba\\\/\",\"url\":\"http:\\\/\\\/batisomine.com\\\/en\\\/woven-stoves\\\/canterbury-soba\\\/\",\"name\":\"Canterbury - Soba | Bat\u0131 \u015e\u00f6mine\",\"isPartOf\":{\"@id\":\"https:\\\/\\\/batisomine.com\\\/#website\"},\"primaryImageOfPage\":{\"@id\":\"http:\\\/\\\/batisomine.com\\\/en\\\/woven-stoves\\\/canterbury-soba\\\/#primaryimage\"},\"image\":{\"@id\":\"http:\\\/\\\/batisomine.com\\\/en\\\/woven-stoves\\\/canterbury-soba\\\/#primaryimage\"},\"thumbnailUrl\":\"https:\\\/\\\/batisomine.com\\\/wp-content\\\/uploads\\\/2023\\\/12\\\/canterbury-soba.jpg\",\"datePublished\":\"2023-12-06T15:41:39+00:00\",\"dateModified\":\"2025-02-21T10:18:12+00:00\",\"description\":\"\u0130zmir D\u00f6k\u00fcm \u015f\u00f6mine barbek\u00fc soba \u00fcretimi i\u00e7in en do\u011fru adres Bat\u0131 \u015e\u00f6mine. F\u0131r\u0131nl\u0131 odunlu \u015f\u00f6mine barbek\u00fc tasar\u0131m\u0131 \u00fcretimi ve montaj\u0131\",\"breadcrumb\":{\"@id\":\"http:\\\/\\\/batisomine.com\\\/en\\\/woven-stoves\\\/canterbury-soba\\\/#breadcrumb\"},\"inLanguage\":\"en-GB\",\"potentialAction\":[{\"@type\":\"ReadAction\",\"target\":[\"http:\\\/\\\/batisomine.com\\\/en\\\/woven-stoves\\\/canterbury-soba\\\/\"]}]},{\"@type\":\"ImageObject\",\"inLanguage\":\"en-GB\",\"@id\":\"http:\\\/\\\/batisomine.com\\\/en\\\/woven-stoves\\\/canterbury-soba\\\/#primaryimage\",\"url\":\"https:\\\/\\\/batisomine.com\\\/wp-content\\\/uploads\\\/2023\\\/12\\\/canterbury-soba.jpg\",\"contentUrl\":\"https:\\\/\\\/batisomine.com\\\/wp-content\\\/uploads\\\/2023\\\/12\\\/canterbury-soba.jpg\"},{\"@type\":\"BreadcrumbList\",\"@id\":\"http:\\\/\\\/batisomine.com\\\/en\\\/woven-stoves\\\/canterbury-soba\\\/#breadcrumb\",\"itemListElement\":[{\"@type\":\"ListItem\",\"position\":1,\"name\":\"Anasayfa\",\"item\":\"https:\\\/\\\/batisomine.com\\\/\"},{\"@type\":\"ListItem\",\"position\":2,\"name\":\"D\u00f6k\u00fcm Sobalar\",\"item\":\"http:\\\/\\\/batisomine.com\\\/dokum-sobalar\\\/\"},{\"@type\":\"ListItem\",\"position\":3,\"name\":\"Canterbury &#8211; Soba\"}]},{\"@type\":\"WebSite\",\"@id\":\"https:\\\/\\\/batisomine.com\\\/#website\",\"url\":\"https:\\\/\\\/batisomine.com\\\/\",\"name\":\"Bat\u0131 \u015e\u00f6mine\",\"description\":\"D\u00f6k\u00fcm \u015e\u00f6mine &amp; Barbek\u00fc &amp; Soba\",\"publisher\":{\"@id\":\"https:\\\/\\\/batisomine.com\\\/#organization\"},\"alternateName\":\"\u0130zmir D\u00f6k\u00fcm \u015e\u00f6mine Barbek\u00fc Soba\",\"potentialAction\":[{\"@type\":\"SearchAction\",\"target\":{\"@type\":\"EntryPoint\",\"urlTemplate\":\"https:\\\/\\\/batisomine.com\\\/?s={search_term_string}\"},\"query-input\":{\"@type\":\"PropertyValueSpecification\",\"valueRequired\":true,\"valueName\":\"search_term_string\"}}],\"inLanguage\":\"en-GB\"},{\"@type\":\"Organization\",\"@id\":\"https:\\\/\\\/batisomine.com\\\/#organization\",\"name\":\"Bat\u0131 \u015e\u00f6mine\",\"url\":\"https:\\\/\\\/batisomine.com\\\/\",\"logo\":{\"@type\":\"ImageObject\",\"inLanguage\":\"en-GB\",\"@id\":\"https:\\\/\\\/batisomine.com\\\/#\\\/schema\\\/logo\\\/image\\\/\",\"url\":\"http:\\\/\\\/batisomine.com\\\/wp-content\\\/uploads\\\/2023\\\/12\\\/yatay-logo.png\",\"contentUrl\":\"http:\\\/\\\/batisomine.com\\\/wp-content\\\/uploads\\\/2023\\\/12\\\/yatay-logo.png\",\"width\":447,\"height\":200,\"caption\":\"Bat\u0131 \u015e\u00f6mine\"},\"image\":{\"@id\":\"https:\\\/\\\/batisomine.com\\\/#\\\/schema\\\/logo\\\/image\\\/\"},\"sameAs\":[\"https:\\\/\\\/www.instagram.com\\\/batisomine\\\/\"]}]}<\/script>\n<!-- \/ Yoast SEO plugin. -->","yoast_head_json":{"title":"Canterbury - Stove | West Fireplace","description":"Izmir The most accurate address for cast iron fireplace barbecue stove production is Bat\u0131 Fireplace. Oven wood fireplace barbecue design, production and installation","robots":{"index":"index","follow":"follow","max-snippet":"max-snippet:-1","max-image-preview":"max-image-preview:large","max-video-preview":"max-video-preview:-1"},"canonical":"http:\/\/batisomine.com\/en\/woven-stoves\/canterbury-soba\/","og_locale":"en_GB","og_type":"article","og_title":"Canterbury - Soba | Bat\u0131 \u015e\u00f6mine","og_description":"\u0130zmir D\u00f6k\u00fcm \u015f\u00f6mine barbek\u00fc soba \u00fcretimi i\u00e7in en do\u011fru adres Bat\u0131 \u015e\u00f6mine. F\u0131r\u0131nl\u0131 odunlu \u015f\u00f6mine barbek\u00fc tasar\u0131m\u0131 \u00fcretimi ve montaj\u0131","og_url":"http:\/\/batisomine.com\/en\/woven-stoves\/canterbury-soba\/","og_site_name":"Bat\u0131 \u015e\u00f6mine","article_modified_time":"2025-02-21T10:18:12+00:00","og_image":[{"url":"https:\/\/batisomine.com\/wp-content\/uploads\/2023\/12\/canterbury-soba.jpg","type":"","width":"","height":""}],"twitter_card":"summary_large_image","twitter_misc":{"Estimated reading time":"1 minute"},"schema":{"@context":"https:\/\/schema.org","@graph":[{"@type":"WebPage","@id":"http:\/\/batisomine.com\/en\/woven-stoves\/canterbury-soba\/","url":"http:\/\/batisomine.com\/en\/woven-stoves\/canterbury-soba\/","name":"Canterbury - Stove | West Fireplace","isPartOf":{"@id":"https:\/\/batisomine.com\/#website"},"primaryImageOfPage":{"@id":"http:\/\/batisomine.com\/en\/woven-stoves\/canterbury-soba\/#primaryimage"},"image":{"@id":"http:\/\/batisomine.com\/en\/woven-stoves\/canterbury-soba\/#primaryimage"},"thumbnailUrl":"https:\/\/batisomine.com\/wp-content\/uploads\/2023\/12\/canterbury-soba.jpg","datePublished":"2023-12-06T15:41:39+00:00","dateModified":"2025-02-21T10:18:12+00:00","description":"Izmir The most accurate address for cast iron fireplace barbecue stove production is Bat\u0131 Fireplace. Oven wood fireplace barbecue design, production and installation","breadcrumb":{"@id":"http:\/\/batisomine.com\/en\/woven-stoves\/canterbury-soba\/#breadcrumb"},"inLanguage":"en-GB","potentialAction":[{"@type":"ReadAction","target":["http:\/\/batisomine.com\/en\/woven-stoves\/canterbury-soba\/"]}]},{"@type":"ImageObject","inLanguage":"en-GB","@id":"http:\/\/batisomine.com\/en\/woven-stoves\/canterbury-soba\/#primaryimage","url":"https:\/\/batisomine.com\/wp-content\/uploads\/2023\/12\/canterbury-soba.jpg","contentUrl":"https:\/\/batisomine.com\/wp-content\/uploads\/2023\/12\/canterbury-soba.jpg"},{"@type":"BreadcrumbList","@id":"http:\/\/batisomine.com\/en\/woven-stoves\/canterbury-soba\/#breadcrumb","itemListElement":[{"@type":"ListItem","position":1,"name":"Anasayfa","item":"https:\/\/batisomine.com\/"},{"@type":"ListItem","position":2,"name":"D\u00f6k\u00fcm Sobalar","item":"http:\/\/batisomine.com\/dokum-sobalar\/"},{"@type":"ListItem","position":3,"name":"Canterbury &#8211; Soba"}]},{"@type":"WebSite","@id":"https:\/\/batisomine.com\/#website","url":"https:\/\/batisomine.com\/","name":"Bat\u0131 \u015e\u00f6mine","description":"Cast Iron Fireplace &amp; Barbecue &amp; Stove","publisher":{"@id":"https:\/\/batisomine.com\/#organization"},"alternateName":"\u0130zmir D\u00f6k\u00fcm \u015e\u00f6mine Barbek\u00fc Soba","potentialAction":[{"@type":"SearchAction","target":{"@type":"EntryPoint","urlTemplate":"https:\/\/batisomine.com\/?s={search_term_string}"},"query-input":{"@type":"PropertyValueSpecification","valueRequired":true,"valueName":"search_term_string"}}],"inLanguage":"en-GB"},{"@type":"Organization","@id":"https:\/\/batisomine.com\/#organization","name":"Bat\u0131 \u015e\u00f6mine","url":"https:\/\/batisomine.com\/","logo":{"@type":"ImageObject","inLanguage":"en-GB","@id":"https:\/\/batisomine.com\/#\/schema\/logo\/image\/","url":"http:\/\/batisomine.com\/wp-content\/uploads\/2023\/12\/yatay-logo.png","contentUrl":"http:\/\/batisomine.com\/wp-content\/uploads\/2023\/12\/yatay-logo.png","width":447,"height":200,"caption":"Bat\u0131 \u015e\u00f6mine"},"image":{"@id":"https:\/\/batisomine.com\/#\/schema\/logo\/image\/"},"sameAs":["https:\/\/www.instagram.com\/batisomine\/"]}]}},"_links":{"self":[{"href":"http:\/\/batisomine.com\/en\/wp-json\/wp\/v2\/pages\/307","targetHints":{"allow":["GET"]}}],"collection":[{"href":"http:\/\/batisomine.com\/en\/wp-json\/wp\/v2\/pages"}],"about":[{"href":"http:\/\/batisomine.com\/en\/wp-json\/wp\/v2\/types\/page"}],"author":[{"embeddable":true,"href":"http:\/\/batisomine.com\/en\/wp-json\/wp\/v2\/users\/3"}],"replies":[{"embeddable":true,"href":"http:\/\/batisomine.com\/en\/wp-json\/wp\/v2\/comments?post=307"}],"version-history":[{"count":7,"href":"http:\/\/batisomine.com\/en\/wp-json\/wp\/v2\/pages\/307\/revisions"}],"predecessor-version":[{"id":418,"href":"http:\/\/batisomine.com\/en\/wp-json\/wp\/v2\/pages\/307\/revisions\/418"}],"up":[{"embeddable":true,"href":"http:\/\/batisomine.com\/en\/wp-json\/wp\/v2\/pages\/45"}],"wp:attachment":[{"href":"http:\/\/batisomine.com\/en\/wp-json\/wp\/v2\/media?parent=307"}],"curies":[{"name":"wp","href":"https:\/\/api.w.org\/{rel}","templated":true}]}}