{"id":41,"date":"2023-12-06T14:12:39","date_gmt":"2023-12-06T11:12:39","guid":{"rendered":"https:\/\/batisomine.com\/?page_id=41"},"modified":"2025-02-21T13:18:12","modified_gmt":"2025-02-21T10:18:12","slug":"barbecues-without-bench","status":"publish","type":"page","link":"http:\/\/batisomine.com\/en\/barbecue-models\/barbecues-without-bench\/","title":{"rendered":"Non-Countertop Barbecues"},"content":{"rendered":"<div data-elementor-type=\"wp-page\" data-elementor-id=\"41\" class=\"elementor elementor-41\" data-elementor-post-type=\"page\">\n\t\t\t\t<div class=\"elementor-element elementor-element-d33e7eb e-flex e-con-boxed e-con e-parent\" data-id=\"d33e7eb\" data-element_type=\"container\" data-e-type=\"container\" data-settings=\"{&quot;background_background&quot;:&quot;classic&quot;}\">\n\t\t\t\t\t<div class=\"e-con-inner\">\n\t\t\t\t<div class=\"elementor-element elementor-element-7ed36c5 elementor-widget elementor-widget-heading\" data-id=\"7ed36c5\" data-element_type=\"widget\" data-e-type=\"widget\" data-widget_type=\"heading.default\">\n\t\t\t\t<div class=\"elementor-widget-container\">\n\t\t\t\t\t<div class=\"elementor-heading-title elementor-size-default\">Non-Countertop Barbecues<\/div>\t\t\t\t<\/div>\n\t\t\t\t<\/div>\n\t\t\t\t\t<\/div>\n\t\t\t\t<\/div>\n\t\t<div class=\"elementor-element elementor-element-2afec04 e-flex e-con-boxed e-con e-parent\" data-id=\"2afec04\" data-element_type=\"container\" data-e-type=\"container\">\n\t\t\t\t\t<div class=\"e-con-inner\">\n\t\t\t\t<div class=\"elementor-element elementor-element-e6e7137 elementor-widget elementor-widget-heading\" data-id=\"e6e7137\" data-element_type=\"widget\" data-e-type=\"widget\" data-widget_type=\"heading.default\">\n\t\t\t\t<div class=\"elementor-widget-container\">\n\t\t\t\t\t<div class=\"elementor-heading-title elementor-size-default\">Benchless Barbecue Types<\/div>\t\t\t\t<\/div>\n\t\t\t\t<\/div>\n\t\t\t\t\t<\/div>\n\t\t\t\t<\/div>\n\t\t<div class=\"elementor-element elementor-element-41564fd e-flex e-con-boxed e-con e-parent\" data-id=\"41564fd\" data-element_type=\"container\" data-e-type=\"container\">\n\t\t\t\t\t<div class=\"e-con-inner\">\n\t\t<div class=\"elementor-element elementor-element-9f49bf2 e-flex e-con-boxed e-con e-child\" data-id=\"9f49bf2\" data-element_type=\"container\" data-e-type=\"container\">\n\t\t\t\t\t<div class=\"e-con-inner\">\n\t\t<div class=\"elementor-element elementor-element-2d1fcd4 e-flex e-con-boxed e-con e-child\" data-id=\"2d1fcd4\" data-element_type=\"container\" data-e-type=\"container\">\n\t\t\t\t\t<div class=\"e-con-inner\">\n\t\t\t\t<div class=\"elementor-element elementor-element-eacfda8 elementor-widget elementor-widget-image\" data-id=\"eacfda8\" data-element_type=\"widget\" data-e-type=\"widget\" data-widget_type=\"image.default\">\n\t\t\t\t<div class=\"elementor-widget-container\">\n\t\t\t\t\t\t\t\t\t\t\t\t\t\t\t\t<a href=\"https:\/\/batisomine.com\/en\/barbeculer\/barbecues-without-bench\/barbecue-without-oven\/\">\n\t\t\t\t\t\t\t<img fetchpriority=\"high\" decoding=\"async\" width=\"2560\" height=\"2560\" src=\"https:\/\/batisomine.com\/wp-content\/uploads\/2024\/06\/firinsiz-tezgahsiz-somine-bati-scaled.jpg\" class=\"attachment-full size-full wp-image-3080\" alt=\"\" srcset=\"https:\/\/batisomine.com\/wp-content\/uploads\/2024\/06\/firinsiz-tezgahsiz-somine-bati-scaled.jpg 2560w, https:\/\/batisomine.com\/wp-content\/uploads\/2024\/06\/firinsiz-tezgahsiz-somine-bati-300x300.jpg 300w, https:\/\/batisomine.com\/wp-content\/uploads\/2024\/06\/firinsiz-tezgahsiz-somine-bati-1024x1024.jpg 1024w, https:\/\/batisomine.com\/wp-content\/uploads\/2024\/06\/firinsiz-tezgahsiz-somine-bati-150x150.jpg 150w, https:\/\/batisomine.com\/wp-content\/uploads\/2024\/06\/firinsiz-tezgahsiz-somine-bati-768x768.jpg 768w, https:\/\/batisomine.com\/wp-content\/uploads\/2024\/06\/firinsiz-tezgahsiz-somine-bati-1536x1536.jpg 1536w, https:\/\/batisomine.com\/wp-content\/uploads\/2024\/06\/firinsiz-tezgahsiz-somine-bati-2048x2048.jpg 2048w, https:\/\/batisomine.com\/wp-content\/uploads\/2024\/06\/firinsiz-tezgahsiz-somine-bati-12x12.jpg 12w\" sizes=\"(max-width: 2560px) 100vw, 2560px\" \/>\t\t\t\t\t\t\t\t<\/a>\n\t\t\t\t\t\t\t\t\t\t\t\t\t\t\t<\/div>\n\t\t\t\t<\/div>\n\t\t\t\t<div class=\"elementor-element elementor-element-24fa73c elementor-widget elementor-widget-heading\" data-id=\"24fa73c\" data-element_type=\"widget\" data-e-type=\"widget\" data-widget_type=\"heading.default\">\n\t\t\t\t<div class=\"elementor-widget-container\">\n\t\t\t\t\t<h3 class=\"elementor-heading-title elementor-size-default\"><a href=\"https:\/\/batisomine.com\/en\/barbeculer\/barbecues-without-bench\/barbecue-without-oven\/\">Ovenless Barbecue<\/a><\/h3>\t\t\t\t<\/div>\n\t\t\t\t<\/div>\n\t\t\t\t<div class=\"elementor-element elementor-element-2589bfd elementor-widget elementor-widget-heading\" data-id=\"2589bfd\" data-element_type=\"widget\" data-e-type=\"widget\" data-widget_type=\"heading.default\">\n\t\t\t\t<div class=\"elementor-widget-container\">\n\t\t\t\t\t<h3 class=\"elementor-heading-title elementor-size-default\"><a href=\"https:\/\/batisomine.com\/en\/barbeculer\/barbecues-without-bench\/barbecue-without-oven\/\">- Benchless Barbecue -<\/a><\/h3>\t\t\t\t<\/div>\n\t\t\t\t<\/div>\n\t\t\t\t<div class=\"elementor-element elementor-element-b101656 elementor-align-justify elementor-widget elementor-widget-button\" data-id=\"b101656\" data-element_type=\"widget\" data-e-type=\"widget\" data-widget_type=\"button.default\">\n\t\t\t\t<div class=\"elementor-widget-container\">\n\t\t\t\t\t\t\t\t\t<div class=\"elementor-button-wrapper\">\n\t\t\t\t\t<a class=\"elementor-button elementor-button-link elementor-size-sm\" href=\"https:\/\/batisomine.com\/en\/barbeculer\/barbecues-without-bench\/barbecue-without-oven\/\">\n\t\t\t\t\t\t<span class=\"elementor-button-content-wrapper\">\n\t\t\t\t\t\t\t\t\t<span class=\"elementor-button-text\">Details<\/span>\n\t\t\t\t\t<\/span>\n\t\t\t\t\t<\/a>\n\t\t\t\t<\/div>\n\t\t\t\t\t\t\t\t<\/div>\n\t\t\t\t<\/div>\n\t\t\t\t\t<\/div>\n\t\t\t\t<\/div>\n\t\t<div class=\"elementor-element elementor-element-2ccb732 e-flex e-con-boxed e-con e-child\" data-id=\"2ccb732\" data-element_type=\"container\" data-e-type=\"container\">\n\t\t\t\t\t<div class=\"e-con-inner\">\n\t\t\t\t<div class=\"elementor-element elementor-element-5538273 elementor-widget elementor-widget-image\" data-id=\"5538273\" data-element_type=\"widget\" data-e-type=\"widget\" data-widget_type=\"image.default\">\n\t\t\t\t<div class=\"elementor-widget-container\">\n\t\t\t\t\t\t\t\t\t\t\t\t\t\t\t\t<a href=\"https:\/\/batisomine.com\/en\/barbeculer\/barbecues-without-bench\/countertop-barbecue-with-oven\/\">\n\t\t\t\t\t\t\t<img decoding=\"async\" width=\"1000\" height=\"1000\" src=\"https:\/\/batisomine.com\/wp-content\/uploads\/2024\/06\/firinli-tezgahsiz-barbeku-dekupe.jpg\" class=\"attachment-full size-full wp-image-2905\" alt=\"oven-oven-less-barbecue-decoupe\" srcset=\"https:\/\/batisomine.com\/wp-content\/uploads\/2024\/06\/firinli-tezgahsiz-barbeku-dekupe.jpg 1000w, https:\/\/batisomine.com\/wp-content\/uploads\/2024\/06\/firinli-tezgahsiz-barbeku-dekupe-300x300.jpg 300w, https:\/\/batisomine.com\/wp-content\/uploads\/2024\/06\/firinli-tezgahsiz-barbeku-dekupe-150x150.jpg 150w, https:\/\/batisomine.com\/wp-content\/uploads\/2024\/06\/firinli-tezgahsiz-barbeku-dekupe-768x768.jpg 768w, https:\/\/batisomine.com\/wp-content\/uploads\/2024\/06\/firinli-tezgahsiz-barbeku-dekupe-12x12.jpg 12w\" sizes=\"(max-width: 1000px) 100vw, 1000px\" \/>\t\t\t\t\t\t\t\t<\/a>\n\t\t\t\t\t\t\t\t\t\t\t\t\t\t\t<\/div>\n\t\t\t\t<\/div>\n\t\t\t\t<div class=\"elementor-element elementor-element-6a3ea42 elementor-widget elementor-widget-heading\" data-id=\"6a3ea42\" data-element_type=\"widget\" data-e-type=\"widget\" data-widget_type=\"heading.default\">\n\t\t\t\t<div class=\"elementor-widget-container\">\n\t\t\t\t\t<h3 class=\"elementor-heading-title elementor-size-default\"><a href=\"https:\/\/batisomine.com\/en\/barbeculer\/barbecues-without-bench\/countertop-barbecue-with-oven\/\">Oven Barbecue<\/a><\/h3>\t\t\t\t<\/div>\n\t\t\t\t<\/div>\n\t\t\t\t<div class=\"elementor-element elementor-element-8012477 elementor-widget elementor-widget-heading\" data-id=\"8012477\" data-element_type=\"widget\" data-e-type=\"widget\" data-widget_type=\"heading.default\">\n\t\t\t\t<div class=\"elementor-widget-container\">\n\t\t\t\t\t<h3 class=\"elementor-heading-title elementor-size-default\"><a href=\"https:\/\/batisomine.com\/en\/barbeculer\/barbecues-without-bench\/barbecue-3\/\">- Benchless Barbecue -<\/a><\/h3>\t\t\t\t<\/div>\n\t\t\t\t<\/div>\n\t\t\t\t<div class=\"elementor-element elementor-element-c18f525 elementor-align-justify elementor-widget elementor-widget-button\" data-id=\"c18f525\" data-element_type=\"widget\" data-e-type=\"widget\" data-widget_type=\"button.default\">\n\t\t\t\t<div class=\"elementor-widget-container\">\n\t\t\t\t\t\t\t\t\t<div class=\"elementor-button-wrapper\">\n\t\t\t\t\t<a class=\"elementor-button elementor-button-link elementor-size-sm\" href=\"https:\/\/batisomine.com\/en\/barbeculer\/barbecues-without-bench\/countertop-barbecue-with-oven\/\">\n\t\t\t\t\t\t<span class=\"elementor-button-content-wrapper\">\n\t\t\t\t\t\t\t\t\t<span class=\"elementor-button-text\">Details<\/span>\n\t\t\t\t\t<\/span>\n\t\t\t\t\t<\/a>\n\t\t\t\t<\/div>\n\t\t\t\t\t\t\t\t<\/div>\n\t\t\t\t<\/div>\n\t\t\t\t\t<\/div>\n\t\t\t\t<\/div>\n\t\t<div class=\"elementor-element elementor-element-978cad8 e-con-full e-flex e-con e-child\" data-id=\"978cad8\" data-element_type=\"container\" data-e-type=\"container\">\n\t\t\t\t<\/div>\n\t\t\t\t\t<\/div>\n\t\t\t\t<\/div>\n\t\t\t\t\t<\/div>\n\t\t\t\t<\/div>\n\t\t<div class=\"elementor-element elementor-element-101d67a e-flex e-con-boxed e-con e-parent\" data-id=\"101d67a\" data-element_type=\"container\" data-e-type=\"container\">\n\t\t\t\t\t<div class=\"e-con-inner\">\n\t\t\t\t<div class=\"elementor-element elementor-element-f32498d elementor-widget elementor-widget-text-editor\" data-id=\"f32498d\" data-element_type=\"widget\" data-e-type=\"widget\" data-widget_type=\"text-editor.default\">\n\t\t\t\t<div class=\"elementor-widget-container\">\n\t\t\t\t\t\t\t\t\t<h2>Benchless Barbecue<\/h2><p>The only product you need to taste the real barbecue taste and more is barbecue. Thanks to the barbecue that reaches the ideal temperature in wood or coal fire, you can carry the pleasure of grilling with you. It is possible to have the barbecue party you want on the balcony, garden and terrace of your home. You can prepare enough for every family and event. At the same time, unlike barbecue for barbecue, you also have alternative options such as vegetables and fruits.<\/p><p>Many types of barbecue models <strong>barbecue without bench<\/strong> provides spaciousness in the usage area. The absence of a bench does not indicate that there are no general barbecue sections.  It has all the features that a barbecue should have. However, there are many advantages for the usage areas of being benchless.<\/p><p>First things first <strong>barbecue without bench<\/strong> equipment, compartments and then let's look at the advantages. Thus, you can easily determine whether the barbecue model is suitable for your usage area and needs.<\/p><h2>Benchless Barbecue Features<\/h2><p>Suitable for classic grilling and cooking stages <strong>barbecue without bench<\/strong> is generally far from the appearance of a kitchen worktop. Contrary to popular belief, it is not independent from other compartments required by barbecues. Let's talk about its features in order to better understand and evaluate its usage areas.<\/p><ul><li>It usually has two main compartments.<ul><li>At the bottom there is a storage area for easy supply of burning materials such as coal or wood. The width and length of this area can vary according to the size of the barbecue.<\/li><li>The upper part is divided into sections as a cooking area. There is a base to create embers for heat requirement. There is a grill for you to place the products on the ember fire. In this way, the embers are easy to clean and the fire smoke does not come into contact with the products.<\/li><\/ul><\/li><li>There is a ventilation space above the cooking area. From this area, which is kept high and wide, a narrowing chimney extends upwards. Thus, the odour of the cooked products is taken much further away from your environment. Therefore, you can have a pleasant barbecue activity without being affected by odour.<\/li><\/ul><p>The fact that it is independent of the worktop not only does not integrate the kitchen utensils with the barbecue. However, you will not experience any negativity that prevents you from barbecuing. If you do not want a worktop but need a space, there is a model with a small extension added to the side of the upper compartment.<\/p><p>In addition to these features, there are also options with oven in the upper part, which is the cooking area. Just above the compartment where you can control the ember area are closed oven compartments consisting of 2 parts. There is a large and high general cooking area with two doors at the bottom and a lower second oven compartment above it. This option is designed for those who want to prepare more than one menu at the same time. It is an indispensable alternative for crowded events.<\/p><h2>Benchless Barbecue Advantages\u00a0<\/h2><p>Although there are many options you can evaluate in barbecue preferences, the important thing is your needs. For this, we offer you <strong>barbecue without bench<\/strong> We will list the advantages you can get when you become an owner.<\/p><ul><li>Firstly, let's say that it has a more practical use than the bench option. It has an easy portable structure that adapts immediately especially for narrow spaces. In this way, you will not have difficulty for different materials you want to add around it.<\/li><li>It is easy to clean and maintain as well as being in a single integrity.<\/li><li>If you wish, you can move your barbecue pleasure to the place you want with wheeled models. If you wish, you can design the barbecue area, which is always your favourite place with its fixed leg structure.<\/li><li>Another advantage of having no stalls is the crowded barbecue events. Often there may be unexpected increases in the number of people in leisure activities. In such cases <strong>barbecue without bench<\/strong> you will have space comfort as it does not constitute a lot of space around.<\/li><\/ul><p>When you look at its features and advantages, you can see that there is no negativity that will prevent you from barbecuing. It is only important what kind of area you prefer to barbecue.<\/p>\t\t\t\t\t\t\t\t<\/div>\n\t\t\t\t<\/div>\n\t\t\t\t\t<\/div>\n\t\t\t\t<\/div>\n\t\t\t\t<\/div>","protected":false},"excerpt":{"rendered":"<p>Tezgahs\u0131z Barbek\u00fc \u00c7e\u015fitleri F\u0131r\u0131ns\u0131z Barbek\u00fc &#8211; Tezgahs\u0131z Barbek\u00fc- Detaylar F\u0131r\u0131nl\u0131 Tezgahs\u0131z Barbek\u00fc &#8211; Tezgahs\u0131z Barbek\u00fc- Detaylar Tezg\u00e2hs\u0131z Barbek\u00fc Ger\u00e7ek mangal tad\u0131n\u0131 ve daha fazlas\u0131n\u0131 tatmak i\u00e7in ihtiyac\u0131n\u0131z olan tek \u00fcr\u00fcn barbek\u00fcd\u00fcr. Odun veya k\u00f6m\u00fcr ate\u015finde ideal \u0131s\u0131ya ula\u015fan barbek\u00fc sayesinde \u0131zgara keyfini yan\u0131n\u0131zda ta\u015f\u0131yabilirsiniz. Evinizin balkonunda, bah\u00e7esinde ve de teras\u0131nda diledi\u011finiz barbek\u00fc partisini vermeniz m\u00fcmk\u00fcnd\u00fcr. [&hellip;]<\/p>\n","protected":false},"author":3,"featured_media":0,"parent":39,"menu_order":0,"comment_status":"closed","ping_status":"closed","template":"elementor_header_footer","meta":{"footnotes":""},"class_list":["post-41","page","type-page","status-publish","hentry"],"yoast_head":"<!-- This site is optimized with the Yoast SEO plugin v27.5 - https:\/\/yoast.com\/product\/yoast-seo-wordpress\/ -->\n<title>Tezgahs\u0131z Barbek\u00fcler | Bat\u0131 \u015e\u00f6mine<\/title>\n<meta name=\"description\" content=\"\u0130zmir D\u00f6k\u00fcm \u015f\u00f6mine barbek\u00fc soba \u00fcretimi i\u00e7in en do\u011fru adres Bat\u0131 \u015e\u00f6mine. F\u0131r\u0131nl\u0131 odunlu \u015f\u00f6mine barbek\u00fc tasar\u0131m\u0131 \u00fcretimi ve montaj\u0131\" \/>\n<meta name=\"robots\" content=\"index, follow, max-snippet:-1, max-image-preview:large, max-video-preview:-1\" \/>\n<link rel=\"canonical\" href=\"http:\/\/batisomine.com\/en\/barbecue-models\/barbecues-without-bench\/\" \/>\n<meta property=\"og:locale\" content=\"en_GB\" \/>\n<meta property=\"og:type\" content=\"article\" \/>\n<meta property=\"og:title\" content=\"Tezgahs\u0131z Barbek\u00fcler | Bat\u0131 \u015e\u00f6mine\" \/>\n<meta property=\"og:description\" content=\"\u0130zmir D\u00f6k\u00fcm \u015f\u00f6mine barbek\u00fc soba \u00fcretimi i\u00e7in en do\u011fru adres Bat\u0131 \u015e\u00f6mine. F\u0131r\u0131nl\u0131 odunlu \u015f\u00f6mine barbek\u00fc tasar\u0131m\u0131 \u00fcretimi ve montaj\u0131\" \/>\n<meta property=\"og:url\" content=\"http:\/\/batisomine.com\/en\/barbecue-models\/barbecues-without-bench\/\" \/>\n<meta property=\"og:site_name\" content=\"Bat\u0131 \u015e\u00f6mine\" \/>\n<meta property=\"article:modified_time\" content=\"2025-02-21T10:18:12+00:00\" \/>\n<meta property=\"og:image\" content=\"https:\/\/batisomine.com\/wp-content\/uploads\/2024\/06\/firinsiz-tezgahsiz-somine-bati-scaled.jpg\" \/>\n<meta name=\"twitter:card\" content=\"summary_large_image\" \/>\n<meta name=\"twitter:label1\" content=\"Estimated reading time\" \/>\n\t<meta name=\"twitter:data1\" content=\"4 minutes\" \/>\n<script type=\"application\/ld+json\" class=\"yoast-schema-graph\">{\"@context\":\"https:\\\/\\\/schema.org\",\"@graph\":[{\"@type\":\"WebPage\",\"@id\":\"http:\\\/\\\/batisomine.com\\\/barbeku-modelleri\\\/tezgahsiz-barbekuler\\\/\",\"url\":\"http:\\\/\\\/batisomine.com\\\/barbeku-modelleri\\\/tezgahsiz-barbekuler\\\/\",\"name\":\"Tezgahs\u0131z Barbek\u00fcler | Bat\u0131 \u015e\u00f6mine\",\"isPartOf\":{\"@id\":\"https:\\\/\\\/batisomine.com\\\/#website\"},\"primaryImageOfPage\":{\"@id\":\"http:\\\/\\\/batisomine.com\\\/barbeku-modelleri\\\/tezgahsiz-barbekuler\\\/#primaryimage\"},\"image\":{\"@id\":\"http:\\\/\\\/batisomine.com\\\/barbeku-modelleri\\\/tezgahsiz-barbekuler\\\/#primaryimage\"},\"thumbnailUrl\":\"https:\\\/\\\/batisomine.com\\\/wp-content\\\/uploads\\\/2024\\\/06\\\/firinsiz-tezgahsiz-somine-bati-scaled.jpg\",\"datePublished\":\"2023-12-06T11:12:39+00:00\",\"dateModified\":\"2025-02-21T10:18:12+00:00\",\"description\":\"\u0130zmir D\u00f6k\u00fcm \u015f\u00f6mine barbek\u00fc soba \u00fcretimi i\u00e7in en do\u011fru adres Bat\u0131 \u015e\u00f6mine. F\u0131r\u0131nl\u0131 odunlu \u015f\u00f6mine barbek\u00fc tasar\u0131m\u0131 \u00fcretimi ve montaj\u0131\",\"breadcrumb\":{\"@id\":\"http:\\\/\\\/batisomine.com\\\/barbeku-modelleri\\\/tezgahsiz-barbekuler\\\/#breadcrumb\"},\"inLanguage\":\"en-GB\",\"potentialAction\":[{\"@type\":\"ReadAction\",\"target\":[\"http:\\\/\\\/batisomine.com\\\/barbeku-modelleri\\\/tezgahsiz-barbekuler\\\/\"]}]},{\"@type\":\"ImageObject\",\"inLanguage\":\"en-GB\",\"@id\":\"http:\\\/\\\/batisomine.com\\\/barbeku-modelleri\\\/tezgahsiz-barbekuler\\\/#primaryimage\",\"url\":\"https:\\\/\\\/batisomine.com\\\/wp-content\\\/uploads\\\/2024\\\/06\\\/firinsiz-tezgahsiz-somine-bati-scaled.jpg\",\"contentUrl\":\"https:\\\/\\\/batisomine.com\\\/wp-content\\\/uploads\\\/2024\\\/06\\\/firinsiz-tezgahsiz-somine-bati-scaled.jpg\"},{\"@type\":\"BreadcrumbList\",\"@id\":\"http:\\\/\\\/batisomine.com\\\/barbeku-modelleri\\\/tezgahsiz-barbekuler\\\/#breadcrumb\",\"itemListElement\":[{\"@type\":\"ListItem\",\"position\":1,\"name\":\"Anasayfa\",\"item\":\"https:\\\/\\\/batisomine.com\\\/\"},{\"@type\":\"ListItem\",\"position\":2,\"name\":\"Barbek\u00fcler\",\"item\":\"https:\\\/\\\/batisomine.com\\\/barbeku-modelleri\\\/\"},{\"@type\":\"ListItem\",\"position\":3,\"name\":\"Tezgahs\u0131z Barbek\u00fcler\"}]},{\"@type\":\"WebSite\",\"@id\":\"https:\\\/\\\/batisomine.com\\\/#website\",\"url\":\"https:\\\/\\\/batisomine.com\\\/\",\"name\":\"Bat\u0131 \u015e\u00f6mine\",\"description\":\"D\u00f6k\u00fcm \u015e\u00f6mine &amp; Barbek\u00fc &amp; Soba\",\"publisher\":{\"@id\":\"https:\\\/\\\/batisomine.com\\\/#organization\"},\"alternateName\":\"\u0130zmir D\u00f6k\u00fcm \u015e\u00f6mine Barbek\u00fc Soba\",\"potentialAction\":[{\"@type\":\"SearchAction\",\"target\":{\"@type\":\"EntryPoint\",\"urlTemplate\":\"https:\\\/\\\/batisomine.com\\\/?s={search_term_string}\"},\"query-input\":{\"@type\":\"PropertyValueSpecification\",\"valueRequired\":true,\"valueName\":\"search_term_string\"}}],\"inLanguage\":\"en-GB\"},{\"@type\":\"Organization\",\"@id\":\"https:\\\/\\\/batisomine.com\\\/#organization\",\"name\":\"Bat\u0131 \u015e\u00f6mine\",\"url\":\"https:\\\/\\\/batisomine.com\\\/\",\"logo\":{\"@type\":\"ImageObject\",\"inLanguage\":\"en-GB\",\"@id\":\"https:\\\/\\\/batisomine.com\\\/#\\\/schema\\\/logo\\\/image\\\/\",\"url\":\"http:\\\/\\\/batisomine.com\\\/wp-content\\\/uploads\\\/2023\\\/12\\\/yatay-logo.png\",\"contentUrl\":\"http:\\\/\\\/batisomine.com\\\/wp-content\\\/uploads\\\/2023\\\/12\\\/yatay-logo.png\",\"width\":447,\"height\":200,\"caption\":\"Bat\u0131 \u015e\u00f6mine\"},\"image\":{\"@id\":\"https:\\\/\\\/batisomine.com\\\/#\\\/schema\\\/logo\\\/image\\\/\"},\"sameAs\":[\"https:\\\/\\\/www.instagram.com\\\/batisomine\\\/\"]}]}<\/script>\n<!-- \/ Yoast SEO plugin. -->","yoast_head_json":{"title":"Barbecues without countertops | West Fireplace","description":"Izmir The most accurate address for cast iron fireplace barbecue stove production is Bat\u0131 Fireplace. Oven wood fireplace barbecue design, production and installation","robots":{"index":"index","follow":"follow","max-snippet":"max-snippet:-1","max-image-preview":"max-image-preview:large","max-video-preview":"max-video-preview:-1"},"canonical":"http:\/\/batisomine.com\/en\/barbecue-models\/barbecues-without-bench\/","og_locale":"en_GB","og_type":"article","og_title":"Tezgahs\u0131z Barbek\u00fcler | Bat\u0131 \u015e\u00f6mine","og_description":"\u0130zmir D\u00f6k\u00fcm \u015f\u00f6mine barbek\u00fc soba \u00fcretimi i\u00e7in en do\u011fru adres Bat\u0131 \u015e\u00f6mine. F\u0131r\u0131nl\u0131 odunlu \u015f\u00f6mine barbek\u00fc tasar\u0131m\u0131 \u00fcretimi ve montaj\u0131","og_url":"http:\/\/batisomine.com\/en\/barbecue-models\/barbecues-without-bench\/","og_site_name":"Bat\u0131 \u015e\u00f6mine","article_modified_time":"2025-02-21T10:18:12+00:00","og_image":[{"url":"https:\/\/batisomine.com\/wp-content\/uploads\/2024\/06\/firinsiz-tezgahsiz-somine-bati-scaled.jpg","type":"","width":"","height":""}],"twitter_card":"summary_large_image","twitter_misc":{"Estimated reading time":"4 minutes"},"schema":{"@context":"https:\/\/schema.org","@graph":[{"@type":"WebPage","@id":"http:\/\/batisomine.com\/barbeku-modelleri\/tezgahsiz-barbekuler\/","url":"http:\/\/batisomine.com\/barbeku-modelleri\/tezgahsiz-barbekuler\/","name":"Barbecues without countertops | West Fireplace","isPartOf":{"@id":"https:\/\/batisomine.com\/#website"},"primaryImageOfPage":{"@id":"http:\/\/batisomine.com\/barbeku-modelleri\/tezgahsiz-barbekuler\/#primaryimage"},"image":{"@id":"http:\/\/batisomine.com\/barbeku-modelleri\/tezgahsiz-barbekuler\/#primaryimage"},"thumbnailUrl":"https:\/\/batisomine.com\/wp-content\/uploads\/2024\/06\/firinsiz-tezgahsiz-somine-bati-scaled.jpg","datePublished":"2023-12-06T11:12:39+00:00","dateModified":"2025-02-21T10:18:12+00:00","description":"Izmir The most accurate address for cast iron fireplace barbecue stove production is Bat\u0131 Fireplace. Oven wood fireplace barbecue design, production and installation","breadcrumb":{"@id":"http:\/\/batisomine.com\/barbeku-modelleri\/tezgahsiz-barbekuler\/#breadcrumb"},"inLanguage":"en-GB","potentialAction":[{"@type":"ReadAction","target":["http:\/\/batisomine.com\/barbeku-modelleri\/tezgahsiz-barbekuler\/"]}]},{"@type":"ImageObject","inLanguage":"en-GB","@id":"http:\/\/batisomine.com\/barbeku-modelleri\/tezgahsiz-barbekuler\/#primaryimage","url":"https:\/\/batisomine.com\/wp-content\/uploads\/2024\/06\/firinsiz-tezgahsiz-somine-bati-scaled.jpg","contentUrl":"https:\/\/batisomine.com\/wp-content\/uploads\/2024\/06\/firinsiz-tezgahsiz-somine-bati-scaled.jpg"},{"@type":"BreadcrumbList","@id":"http:\/\/batisomine.com\/barbeku-modelleri\/tezgahsiz-barbekuler\/#breadcrumb","itemListElement":[{"@type":"ListItem","position":1,"name":"Anasayfa","item":"https:\/\/batisomine.com\/"},{"@type":"ListItem","position":2,"name":"Barbek\u00fcler","item":"https:\/\/batisomine.com\/barbeku-modelleri\/"},{"@type":"ListItem","position":3,"name":"Tezgahs\u0131z Barbek\u00fcler"}]},{"@type":"WebSite","@id":"https:\/\/batisomine.com\/#website","url":"https:\/\/batisomine.com\/","name":"Bat\u0131 \u015e\u00f6mine","description":"Cast Iron Fireplace &amp; Barbecue &amp; Stove","publisher":{"@id":"https:\/\/batisomine.com\/#organization"},"alternateName":"\u0130zmir D\u00f6k\u00fcm \u015e\u00f6mine Barbek\u00fc Soba","potentialAction":[{"@type":"SearchAction","target":{"@type":"EntryPoint","urlTemplate":"https:\/\/batisomine.com\/?s={search_term_string}"},"query-input":{"@type":"PropertyValueSpecification","valueRequired":true,"valueName":"search_term_string"}}],"inLanguage":"en-GB"},{"@type":"Organization","@id":"https:\/\/batisomine.com\/#organization","name":"Bat\u0131 \u015e\u00f6mine","url":"https:\/\/batisomine.com\/","logo":{"@type":"ImageObject","inLanguage":"en-GB","@id":"https:\/\/batisomine.com\/#\/schema\/logo\/image\/","url":"http:\/\/batisomine.com\/wp-content\/uploads\/2023\/12\/yatay-logo.png","contentUrl":"http:\/\/batisomine.com\/wp-content\/uploads\/2023\/12\/yatay-logo.png","width":447,"height":200,"caption":"Bat\u0131 \u015e\u00f6mine"},"image":{"@id":"https:\/\/batisomine.com\/#\/schema\/logo\/image\/"},"sameAs":["https:\/\/www.instagram.com\/batisomine\/"]}]}},"_links":{"self":[{"href":"http:\/\/batisomine.com\/en\/wp-json\/wp\/v2\/pages\/41","targetHints":{"allow":["GET"]}}],"collection":[{"href":"http:\/\/batisomine.com\/en\/wp-json\/wp\/v2\/pages"}],"about":[{"href":"http:\/\/batisomine.com\/en\/wp-json\/wp\/v2\/types\/page"}],"author":[{"embeddable":true,"href":"http:\/\/batisomine.com\/en\/wp-json\/wp\/v2\/users\/3"}],"replies":[{"embeddable":true,"href":"http:\/\/batisomine.com\/en\/wp-json\/wp\/v2\/comments?post=41"}],"version-history":[{"count":46,"href":"http:\/\/batisomine.com\/en\/wp-json\/wp\/v2\/pages\/41\/revisions"}],"predecessor-version":[{"id":3086,"href":"http:\/\/batisomine.com\/en\/wp-json\/wp\/v2\/pages\/41\/revisions\/3086"}],"up":[{"embeddable":true,"href":"http:\/\/batisomine.com\/en\/wp-json\/wp\/v2\/pages\/39"}],"wp:attachment":[{"href":"http:\/\/batisomine.com\/en\/wp-json\/wp\/v2\/media?parent=41"}],"curies":[{"name":"wp","href":"https:\/\/api.w.org\/{rel}","templated":true}]}}