{"id":5037,"date":"2025-05-29T23:54:19","date_gmt":"2025-05-29T20:54:19","guid":{"rendered":"https:\/\/batisomine.com\/?page_id=5037"},"modified":"2026-01-13T09:11:15","modified_gmt":"2026-01-13T06:11:15","slug":"barbecue-with-marbleite-worktop-2-8m","status":"publish","type":"page","link":"http:\/\/batisomine.com\/en\/barbecue-models\/barbecues-with-bench\/barbecue-with-marbleite-worktop-2-8m\/","title":{"rendered":"Marbleite Countertop Barbecue 2.8m"},"content":{"rendered":"<div data-elementor-type=\"wp-page\" data-elementor-id=\"5037\" class=\"elementor elementor-5037\" data-elementor-post-type=\"page\">\n\t\t\t\t<div class=\"elementor-element elementor-element-06a4164 e-flex e-con-boxed e-con e-parent\" data-id=\"06a4164\" data-element_type=\"container\" data-e-type=\"container\">\n\t\t\t\t\t<div class=\"e-con-inner\">\n\t\t<div class=\"elementor-element elementor-element-d1472a9 e-flex e-con-boxed e-con e-child\" data-id=\"d1472a9\" data-element_type=\"container\" data-e-type=\"container\">\n\t\t\t\t\t<div class=\"e-con-inner\">\n\t\t<div class=\"elementor-element elementor-element-27d105e e-con-full e-flex e-con e-child\" data-id=\"27d105e\" data-element_type=\"container\" data-e-type=\"container\">\n\t\t\t\t<div class=\"elementor-element elementor-element-63291d2 elementor-widget elementor-widget-image\" data-id=\"63291d2\" data-element_type=\"widget\" data-e-type=\"widget\" data-widget_type=\"image.default\">\n\t\t\t\t<div class=\"elementor-widget-container\">\n\t\t\t\t\t\t\t\t\t\t\t\t\t\t\t\t<a href=\"https:\/\/batisomine.com\/wp-content\/uploads\/2025\/05\/Adsiz-tasarim-18.png\" data-elementor-open-lightbox=\"yes\" data-elementor-lightbox-title=\"Ads\u0131z tasar\u0131m (18)\" data-e-action-hash=\"#elementor-action%3Aaction%3Dlightbox%26settings%3DeyJpZCI6NTAzOSwidXJsIjoiaHR0cHM6XC9cL2JhdGlzb21pbmUuY29tXC93cC1jb250ZW50XC91cGxvYWRzXC8yMDI1XC8wNVwvQWRzaXotdGFzYXJpbS0xOC5wbmcifQ%3D%3D\">\n\t\t\t\t\t\t\t<img fetchpriority=\"high\" decoding=\"async\" width=\"1000\" height=\"1000\" src=\"https:\/\/batisomine.com\/wp-content\/uploads\/2025\/05\/Adsiz-tasarim-18.png\" class=\"attachment-full size-full wp-image-5039\" alt=\"marbleite-barbecue-2-8m-garden\" srcset=\"https:\/\/batisomine.com\/wp-content\/uploads\/2025\/05\/Adsiz-tasarim-18.png 1000w, https:\/\/batisomine.com\/wp-content\/uploads\/2025\/05\/Adsiz-tasarim-18-300x300.png 300w, https:\/\/batisomine.com\/wp-content\/uploads\/2025\/05\/Adsiz-tasarim-18-150x150.png 150w, https:\/\/batisomine.com\/wp-content\/uploads\/2025\/05\/Adsiz-tasarim-18-768x768.png 768w, https:\/\/batisomine.com\/wp-content\/uploads\/2025\/05\/Adsiz-tasarim-18-12x12.png 12w\" sizes=\"(max-width: 1000px) 100vw, 1000px\" \/>\t\t\t\t\t\t\t\t<\/a>\n\t\t\t\t\t\t\t\t\t\t\t\t\t\t\t<\/div>\n\t\t\t\t<\/div>\n\t\t\t\t<\/div>\n\t\t<div class=\"elementor-element elementor-element-cf0f291 e-con-full e-flex e-con e-child\" data-id=\"cf0f291\" data-element_type=\"container\" data-e-type=\"container\">\n\t\t\t\t<div class=\"elementor-element elementor-element-ec831a8 elementor-widget elementor-widget-heading\" data-id=\"ec831a8\" data-element_type=\"widget\" data-e-type=\"widget\" data-widget_type=\"heading.default\">\n\t\t\t\t<div class=\"elementor-widget-container\">\n\t\t\t\t\t<h1 class=\"elementor-heading-title elementor-size-default\">Marbleite Countertop Barbecue 2.8m<\/h1>\t\t\t\t<\/div>\n\t\t\t\t<\/div>\n\t\t\t\t<div class=\"elementor-element elementor-element-5e7370f elementor-widget elementor-widget-heading\" data-id=\"5e7370f\" data-element_type=\"widget\" data-e-type=\"widget\" data-widget_type=\"heading.default\">\n\t\t\t\t<div class=\"elementor-widget-container\">\n\t\t\t\t\t<h3 class=\"elementor-heading-title elementor-size-default\">Bench Barbecue<\/h3>\t\t\t\t<\/div>\n\t\t\t\t<\/div>\n\t\t\t\t<div class=\"elementor-element elementor-element-9756b24 elementor-widget elementor-widget-text-editor\" data-id=\"9756b24\" data-element_type=\"widget\" data-e-type=\"widget\" data-widget_type=\"text-editor.default\">\n\t\t\t\t<div class=\"elementor-widget-container\">\n\t\t\t\t\t\t\t\t\t<p>Details<\/p>\t\t\t\t\t\t\t\t<\/div>\n\t\t\t\t<\/div>\n\t\t\t\t<\/div>\n\t\t\t\t\t<\/div>\n\t\t\t\t<\/div>\n\t\t<div class=\"elementor-element elementor-element-ffe1226 e-con-full e-flex e-con e-child\" data-id=\"ffe1226\" data-element_type=\"container\" data-e-type=\"container\">\n\t\t\t\t<div class=\"elementor-element elementor-element-a8f4558 elementor-widget elementor-widget-text-editor\" data-id=\"a8f4558\" data-element_type=\"widget\" data-e-type=\"widget\" data-widget_type=\"text-editor.default\">\n\t\t\t\t<div class=\"elementor-widget-container\">\n\t\t\t\t\t\t\t\t\t<ul><li>The combustion chamber of the barbecue is surrounded by insulation. Thanks to the insulation used between the double layer of sheet metal, the temperature accumulation in the combustion chamber is higher.<\/li><li>As the combustion chamber of the barbecue is double wall insulated, the hood section is also manufactured with double wall insulation. Thanks to this application, the oven section placed inside the hood reaches a higher temperature and our oven cooks all of your food.<\/li><li>Pizza oven stone, which complies with food standards, is used in the lower part of our oven. The pizza stone we use ensures that the heat from the fire burning in the lower section is evenly distributed to your food.<\/li><li>Again, keeping the height of our oven section at a certain level ensures that the temperature is evenly distributed to the food inside the oven, so that our oven cooks your entire meal.<\/li><li>Fire bricks are laid on the grill part of the product. The laid firebrick has temperature insulating properties. Thus, it allows the grill section to see higher temperatures.<\/li><li>Our grill and oven section is painted with heat resistant ceramic paint. However, the flameproof exterior of the product is painted with electrostatic powder paint. Our powder paint cuts the contact of the sheet metal part of the product with air and ensures that the sheet metal does not rust.<\/li><li>Heat resistant vitroceramic glass and heat resistant imported wick are used in oven and grill doors. This wick is squeezed between the cover and the body to ensure that the oxygen inlet is kept at the desired level and prevents heat escape from the oven.<\/li><li>A thermometer is placed on the surface of the oven to see the oven temperature.<\/li><li>304 quality chrome grill is placed on the grill part of the barbecue. The 3-stage shelf system placed in the combustion area allows you to adjust the distance of the chrome grill to the fire.<\/li><li>In our countertop models, drawers and cabinet doors use special magnetic locking and braked rail system. However, granite sink and battery are placed in the section of the countertop away from the grill. As a result of the water connection to be made, you will be able to literally move your kitchen counter to your garden.<\/li><li>\u00dcr\u00fcn\u00fcn ah\u015fap k\u0131s\u0131mlar\u0131 ireko a\u011fac\u0131ndan imal edilmektedir.<\/li><li>The product is supplied with 1 metre chrome pipe and lodos type chimney cap. The chrome pipe, lodos type chimney cap facilitates smoke evacuation and allows you to fully enjoy the barbecue used.<\/li><\/ul>\t\t\t\t\t\t\t\t<\/div>\n\t\t\t\t<\/div>\n\t\t\t\t<\/div>\n\t\t\t\t\t<\/div>\n\t\t\t\t<\/div>\n\t\t<div class=\"elementor-element elementor-element-0ee9e65 e-flex e-con-boxed e-con e-parent\" data-id=\"0ee9e65\" data-element_type=\"container\" data-e-type=\"container\">\n\t\t\t\t\t<div class=\"e-con-inner\">\n\t\t<div class=\"elementor-element elementor-element-3b00f43 e-flex e-con-boxed e-con e-child\" data-id=\"3b00f43\" data-element_type=\"container\" data-e-type=\"container\">\n\t\t\t\t\t<div class=\"e-con-inner\">\n\t\t<div class=\"elementor-element elementor-element-f811399 e-flex e-con-boxed e-con e-child\" data-id=\"f811399\" data-element_type=\"container\" data-e-type=\"container\">\n\t\t\t\t\t<div class=\"e-con-inner\">\n\t\t\t\t<div class=\"elementor-element elementor-element-a7264ac elementor-widget elementor-widget-heading\" data-id=\"a7264ac\" data-element_type=\"widget\" data-e-type=\"widget\" data-widget_type=\"heading.default\">\n\t\t\t\t<div class=\"elementor-widget-container\">\n\t\t\t\t\t<h3 class=\"elementor-heading-title elementor-size-default\">Technical Drawing<\/h3>\t\t\t\t<\/div>\n\t\t\t\t<\/div>\n\t\t\t\t<div class=\"elementor-element elementor-element-5044fa1 elementor-widget elementor-widget-image\" data-id=\"5044fa1\" data-element_type=\"widget\" data-e-type=\"widget\" data-widget_type=\"image.default\">\n\t\t\t\t<div class=\"elementor-widget-container\">\n\t\t\t\t\t\t\t\t\t\t\t\t\t\t\t\t<a href=\"https:\/\/batisomine.com\/wp-content\/uploads\/2024\/06\/2-8-firinli-tezgahli-barbeku-teknik-1.jpg\" data-elementor-open-lightbox=\"yes\" data-elementor-lightbox-title=\"2-8-f\u0131r\u0131nl\u0131-tezgahl\u0131-barbek\u00fc-teknik\" data-e-action-hash=\"#elementor-action%3Aaction%3Dlightbox%26settings%3DeyJpZCI6MjkxMSwidXJsIjoiaHR0cHM6XC9cL2JhdGlzb21pbmUuY29tXC93cC1jb250ZW50XC91cGxvYWRzXC8yMDI0XC8wNlwvMi04LWZpcmlubGktdGV6Z2FobGktYmFyYmVrdS10ZWtuaWstMS5qcGcifQ%3D%3D\">\n\t\t\t\t\t\t\t<img decoding=\"async\" width=\"743\" height=\"1000\" src=\"https:\/\/batisomine.com\/wp-content\/uploads\/2024\/06\/2-8-firinli-tezgahli-barbeku-teknik-1.jpg\" class=\"attachment-full size-full wp-image-2911\" alt=\"2-8-barbecue-technical with oven-countertop\" srcset=\"https:\/\/batisomine.com\/wp-content\/uploads\/2024\/06\/2-8-firinli-tezgahli-barbeku-teknik-1.jpg 743w, https:\/\/batisomine.com\/wp-content\/uploads\/2024\/06\/2-8-firinli-tezgahli-barbeku-teknik-1-223x300.jpg 223w, https:\/\/batisomine.com\/wp-content\/uploads\/2024\/06\/2-8-firinli-tezgahli-barbeku-teknik-1-9x12.jpg 9w\" sizes=\"(max-width: 743px) 100vw, 743px\" \/>\t\t\t\t\t\t\t\t<\/a>\n\t\t\t\t\t\t\t\t\t\t\t\t\t\t\t<\/div>\n\t\t\t\t<\/div>\n\t\t\t\t\t<\/div>\n\t\t\t\t<\/div>\n\t\t<div class=\"elementor-element elementor-element-8568c8e e-flex e-con-boxed e-con e-child\" data-id=\"8568c8e\" data-element_type=\"container\" data-e-type=\"container\">\n\t\t\t\t\t<div class=\"e-con-inner\">\n\t\t\t\t<div class=\"elementor-element elementor-element-797ff75 elementor-widget elementor-widget-heading\" data-id=\"797ff75\" data-element_type=\"widget\" data-e-type=\"widget\" data-widget_type=\"heading.default\">\n\t\t\t\t<div class=\"elementor-widget-container\">\n\t\t\t\t\t<h3 class=\"elementor-heading-title elementor-size-default\">Usage Image<\/h3>\t\t\t\t<\/div>\n\t\t\t\t<\/div>\n\t\t\t\t<div class=\"elementor-element elementor-element-35d0399 elementor-widget elementor-widget-image\" data-id=\"35d0399\" data-element_type=\"widget\" data-e-type=\"widget\" data-widget_type=\"image.default\">\n\t\t\t\t<div class=\"elementor-widget-container\">\n\t\t\t\t\t\t\t\t\t\t\t\t\t\t\t\t<a href=\"https:\/\/batisomine.com\/wp-content\/uploads\/2025\/05\/Adsiz-tasarim-20.png\" data-elementor-open-lightbox=\"yes\" data-elementor-lightbox-title=\"mermerit-barbek\u00fc-2-8m-bah\u00e7e\" data-e-action-hash=\"#elementor-action%3Aaction%3Dlightbox%26settings%3DeyJpZCI6NTA0MiwidXJsIjoiaHR0cHM6XC9cL2JhdGlzb21pbmUuY29tXC93cC1jb250ZW50XC91cGxvYWRzXC8yMDI1XC8wNVwvQWRzaXotdGFzYXJpbS0yMC5wbmcifQ%3D%3D\">\n\t\t\t\t\t\t\t<img decoding=\"async\" width=\"1000\" height=\"1000\" src=\"https:\/\/batisomine.com\/wp-content\/uploads\/2025\/05\/Adsiz-tasarim-20.png\" class=\"attachment-full size-full wp-image-5042\" alt=\"marbleite-barbecue-2-8m-garden\" srcset=\"https:\/\/batisomine.com\/wp-content\/uploads\/2025\/05\/Adsiz-tasarim-20.png 1000w, https:\/\/batisomine.com\/wp-content\/uploads\/2025\/05\/Adsiz-tasarim-20-300x300.png 300w, https:\/\/batisomine.com\/wp-content\/uploads\/2025\/05\/Adsiz-tasarim-20-150x150.png 150w, https:\/\/batisomine.com\/wp-content\/uploads\/2025\/05\/Adsiz-tasarim-20-768x768.png 768w, https:\/\/batisomine.com\/wp-content\/uploads\/2025\/05\/Adsiz-tasarim-20-12x12.png 12w\" sizes=\"(max-width: 1000px) 100vw, 1000px\" \/>\t\t\t\t\t\t\t\t<\/a>\n\t\t\t\t\t\t\t\t\t\t\t\t\t\t\t<\/div>\n\t\t\t\t<\/div>\n\t\t\t\t\t<\/div>\n\t\t\t\t<\/div>\n\t\t\t\t\t<\/div>\n\t\t\t\t<\/div>\n\t\t\t\t\t<\/div>\n\t\t\t\t<\/div>\n\t\t\t\t<\/div>","protected":false},"excerpt":{"rendered":"<p>Mermerit Tezgahl\u0131 Barbek\u00fc 2.8m Tezgahl\u0131 Barbek\u00fc Detaylar Barbek\u00fcn\u00fcn yanma odas\u0131 \u00e7epe\u00e7evre izolasyonla sar\u0131lmaktad\u0131r. \u00c7ift kat sac aras\u0131na kullan\u0131lan izolasyon sayesinde yanma odas\u0131nda s\u0131cakl\u0131k birikimi daha fazla olmaktad\u0131r. Barbek\u00fcn\u00fcn yanma odas\u0131 \u00e7ift cidar izolasyonlu oldu\u011fu gibi davlumbaz b\u00f6l\u00fcm\u00fc de \u00e7ift cidar izolasyonlu olarak imal edilmektedir. Bu uygulama sayesinde, davlumbaz i\u00e7ine yerle\u015ftirilen f\u0131r\u0131n b\u00f6l\u00fcm\u00fc daha y\u00fcksek s\u0131cakl\u0131\u011fa [&hellip;]<\/p>\n","protected":false},"author":3,"featured_media":0,"parent":43,"menu_order":0,"comment_status":"closed","ping_status":"closed","template":"elementor_header_footer","meta":{"footnotes":""},"class_list":["post-5037","page","type-page","status-publish","hentry"],"yoast_head":"<!-- This site is optimized with the Yoast SEO plugin v27.3 - https:\/\/yoast.com\/product\/yoast-seo-wordpress\/ -->\n<title>Mermerit Tezgahl\u0131 Barbek\u00fc 2.8m | Bat\u0131 \u015e\u00f6mine<\/title>\n<meta name=\"description\" content=\"\u0130zmir D\u00f6k\u00fcm \u015f\u00f6mine barbek\u00fc soba \u00fcretimi i\u00e7in en do\u011fru adres Bat\u0131 \u015e\u00f6mine. F\u0131r\u0131nl\u0131 odunlu \u015f\u00f6mine barbek\u00fc tasar\u0131m\u0131 \u00fcretimi ve montaj\u0131\" \/>\n<meta name=\"robots\" content=\"index, follow, max-snippet:-1, max-image-preview:large, max-video-preview:-1\" \/>\n<link rel=\"canonical\" href=\"https:\/\/batisomine.com\/en\/barbecue-models\/barbecues-with-bench\/barbecue-with-marbleite-worktop-2-8m\/\" \/>\n<meta property=\"og:locale\" content=\"en_GB\" \/>\n<meta property=\"og:type\" content=\"article\" \/>\n<meta property=\"og:title\" content=\"Mermerit Tezgahl\u0131 Barbek\u00fc 2.8m | Bat\u0131 \u015e\u00f6mine\" \/>\n<meta property=\"og:description\" content=\"\u0130zmir D\u00f6k\u00fcm \u015f\u00f6mine barbek\u00fc soba \u00fcretimi i\u00e7in en do\u011fru adres Bat\u0131 \u015e\u00f6mine. F\u0131r\u0131nl\u0131 odunlu \u015f\u00f6mine barbek\u00fc tasar\u0131m\u0131 \u00fcretimi ve montaj\u0131\" \/>\n<meta property=\"og:url\" content=\"https:\/\/batisomine.com\/en\/barbecue-models\/barbecues-with-bench\/barbecue-with-marbleite-worktop-2-8m\/\" \/>\n<meta property=\"og:site_name\" content=\"Bat\u0131 \u015e\u00f6mine\" \/>\n<meta property=\"article:modified_time\" content=\"2026-01-13T06:11:15+00:00\" \/>\n<meta property=\"og:image\" content=\"http:\/\/batisomine.com\/wp-content\/uploads\/2025\/05\/Adsiz-tasarim-18.png\" \/>\n<meta name=\"twitter:card\" content=\"summary_large_image\" \/>\n<meta name=\"twitter:label1\" content=\"Estimated reading time\" \/>\n\t<meta name=\"twitter:data1\" content=\"3 minutes\" \/>\n<script type=\"application\/ld+json\" class=\"yoast-schema-graph\">{\"@context\":\"https:\\\/\\\/schema.org\",\"@graph\":[{\"@type\":\"WebPage\",\"@id\":\"https:\\\/\\\/batisomine.com\\\/barbeku-modelleri\\\/tezgahli-barbekuler\\\/mermerit-tezgahli-barbeku-2-8m\\\/\",\"url\":\"https:\\\/\\\/batisomine.com\\\/barbeku-modelleri\\\/tezgahli-barbekuler\\\/mermerit-tezgahli-barbeku-2-8m\\\/\",\"name\":\"Mermerit Tezgahl\u0131 Barbek\u00fc 2.8m | Bat\u0131 \u015e\u00f6mine\",\"isPartOf\":{\"@id\":\"http:\\\/\\\/batisomine.com\\\/#website\"},\"primaryImageOfPage\":{\"@id\":\"https:\\\/\\\/batisomine.com\\\/barbeku-modelleri\\\/tezgahli-barbekuler\\\/mermerit-tezgahli-barbeku-2-8m\\\/#primaryimage\"},\"image\":{\"@id\":\"https:\\\/\\\/batisomine.com\\\/barbeku-modelleri\\\/tezgahli-barbekuler\\\/mermerit-tezgahli-barbeku-2-8m\\\/#primaryimage\"},\"thumbnailUrl\":\"http:\\\/\\\/batisomine.com\\\/wp-content\\\/uploads\\\/2025\\\/05\\\/Adsiz-tasarim-18.png\",\"datePublished\":\"2025-05-29T20:54:19+00:00\",\"dateModified\":\"2026-01-13T06:11:15+00:00\",\"description\":\"\u0130zmir D\u00f6k\u00fcm \u015f\u00f6mine barbek\u00fc soba \u00fcretimi i\u00e7in en do\u011fru adres Bat\u0131 \u015e\u00f6mine. F\u0131r\u0131nl\u0131 odunlu \u015f\u00f6mine barbek\u00fc tasar\u0131m\u0131 \u00fcretimi ve montaj\u0131\",\"breadcrumb\":{\"@id\":\"https:\\\/\\\/batisomine.com\\\/barbeku-modelleri\\\/tezgahli-barbekuler\\\/mermerit-tezgahli-barbeku-2-8m\\\/#breadcrumb\"},\"inLanguage\":\"en-GB\",\"potentialAction\":[{\"@type\":\"ReadAction\",\"target\":[\"https:\\\/\\\/batisomine.com\\\/barbeku-modelleri\\\/tezgahli-barbekuler\\\/mermerit-tezgahli-barbeku-2-8m\\\/\"]}]},{\"@type\":\"ImageObject\",\"inLanguage\":\"en-GB\",\"@id\":\"https:\\\/\\\/batisomine.com\\\/barbeku-modelleri\\\/tezgahli-barbekuler\\\/mermerit-tezgahli-barbeku-2-8m\\\/#primaryimage\",\"url\":\"http:\\\/\\\/batisomine.com\\\/wp-content\\\/uploads\\\/2025\\\/05\\\/Adsiz-tasarim-18.png\",\"contentUrl\":\"http:\\\/\\\/batisomine.com\\\/wp-content\\\/uploads\\\/2025\\\/05\\\/Adsiz-tasarim-18.png\"},{\"@type\":\"BreadcrumbList\",\"@id\":\"https:\\\/\\\/batisomine.com\\\/barbeku-modelleri\\\/tezgahli-barbekuler\\\/mermerit-tezgahli-barbeku-2-8m\\\/#breadcrumb\",\"itemListElement\":[{\"@type\":\"ListItem\",\"position\":1,\"name\":\"Anasayfa\",\"item\":\"http:\\\/\\\/batisomine.com\\\/\"},{\"@type\":\"ListItem\",\"position\":2,\"name\":\"Barbek\u00fcler\",\"item\":\"https:\\\/\\\/batisomine.com\\\/en\\\/barbecue-models\\\/\"},{\"@type\":\"ListItem\",\"position\":3,\"name\":\"Tezgahl\u0131 Barbek\u00fcler\",\"item\":\"https:\\\/\\\/batisomine.com\\\/barbeku-modelleri\\\/tezgahli-barbekuler\\\/\"},{\"@type\":\"ListItem\",\"position\":4,\"name\":\"Mermerit Tezgahl\u0131 Barbek\u00fc 2.8m\"}]},{\"@type\":\"WebSite\",\"@id\":\"http:\\\/\\\/batisomine.com\\\/#website\",\"url\":\"http:\\\/\\\/batisomine.com\\\/\",\"name\":\"Bat\u0131 \u015e\u00f6mine\",\"description\":\"D\u00f6k\u00fcm \u015e\u00f6mine &amp; Barbek\u00fc &amp; Soba\",\"publisher\":{\"@id\":\"http:\\\/\\\/batisomine.com\\\/#organization\"},\"alternateName\":\"\u0130zmir D\u00f6k\u00fcm \u015e\u00f6mine Barbek\u00fc Soba\",\"potentialAction\":[{\"@type\":\"SearchAction\",\"target\":{\"@type\":\"EntryPoint\",\"urlTemplate\":\"http:\\\/\\\/batisomine.com\\\/?s={search_term_string}\"},\"query-input\":{\"@type\":\"PropertyValueSpecification\",\"valueRequired\":true,\"valueName\":\"search_term_string\"}}],\"inLanguage\":\"en-GB\"},{\"@type\":\"Organization\",\"@id\":\"http:\\\/\\\/batisomine.com\\\/#organization\",\"name\":\"Bat\u0131 \u015e\u00f6mine\",\"url\":\"http:\\\/\\\/batisomine.com\\\/\",\"logo\":{\"@type\":\"ImageObject\",\"inLanguage\":\"en-GB\",\"@id\":\"http:\\\/\\\/batisomine.com\\\/#\\\/schema\\\/logo\\\/image\\\/\",\"url\":\"http:\\\/\\\/batisomine.com\\\/wp-content\\\/uploads\\\/2023\\\/12\\\/yatay-logo.png\",\"contentUrl\":\"http:\\\/\\\/batisomine.com\\\/wp-content\\\/uploads\\\/2023\\\/12\\\/yatay-logo.png\",\"width\":447,\"height\":200,\"caption\":\"Bat\u0131 \u015e\u00f6mine\"},\"image\":{\"@id\":\"http:\\\/\\\/batisomine.com\\\/#\\\/schema\\\/logo\\\/image\\\/\"},\"sameAs\":[\"https:\\\/\\\/www.instagram.com\\\/batisomine\\\/\"]}]}<\/script>\n<!-- \/ Yoast SEO plugin. -->","yoast_head_json":{"title":"Barbecue 2.8m | West Fireplace with Marbleite Countertop","description":"Izmir The most accurate address for cast iron fireplace barbecue stove production is Bat\u0131 Fireplace. Oven wood fireplace barbecue design, production and installation","robots":{"index":"index","follow":"follow","max-snippet":"max-snippet:-1","max-image-preview":"max-image-preview:large","max-video-preview":"max-video-preview:-1"},"canonical":"https:\/\/batisomine.com\/en\/barbecue-models\/barbecues-with-bench\/barbecue-with-marbleite-worktop-2-8m\/","og_locale":"en_GB","og_type":"article","og_title":"Mermerit Tezgahl\u0131 Barbek\u00fc 2.8m | Bat\u0131 \u015e\u00f6mine","og_description":"\u0130zmir D\u00f6k\u00fcm \u015f\u00f6mine barbek\u00fc soba \u00fcretimi i\u00e7in en do\u011fru adres Bat\u0131 \u015e\u00f6mine. F\u0131r\u0131nl\u0131 odunlu \u015f\u00f6mine barbek\u00fc tasar\u0131m\u0131 \u00fcretimi ve montaj\u0131","og_url":"https:\/\/batisomine.com\/en\/barbecue-models\/barbecues-with-bench\/barbecue-with-marbleite-worktop-2-8m\/","og_site_name":"Bat\u0131 \u015e\u00f6mine","article_modified_time":"2026-01-13T06:11:15+00:00","og_image":[{"url":"http:\/\/batisomine.com\/wp-content\/uploads\/2025\/05\/Adsiz-tasarim-18.png","type":"","width":"","height":""}],"twitter_card":"summary_large_image","twitter_misc":{"Estimated reading time":"3 minutes"},"schema":{"@context":"https:\/\/schema.org","@graph":[{"@type":"WebPage","@id":"https:\/\/batisomine.com\/barbeku-modelleri\/tezgahli-barbekuler\/mermerit-tezgahli-barbeku-2-8m\/","url":"https:\/\/batisomine.com\/barbeku-modelleri\/tezgahli-barbekuler\/mermerit-tezgahli-barbeku-2-8m\/","name":"Barbecue 2.8m | West Fireplace with Marbleite Countertop","isPartOf":{"@id":"http:\/\/batisomine.com\/#website"},"primaryImageOfPage":{"@id":"https:\/\/batisomine.com\/barbeku-modelleri\/tezgahli-barbekuler\/mermerit-tezgahli-barbeku-2-8m\/#primaryimage"},"image":{"@id":"https:\/\/batisomine.com\/barbeku-modelleri\/tezgahli-barbekuler\/mermerit-tezgahli-barbeku-2-8m\/#primaryimage"},"thumbnailUrl":"http:\/\/batisomine.com\/wp-content\/uploads\/2025\/05\/Adsiz-tasarim-18.png","datePublished":"2025-05-29T20:54:19+00:00","dateModified":"2026-01-13T06:11:15+00:00","description":"Izmir The most accurate address for cast iron fireplace barbecue stove production is Bat\u0131 Fireplace. Oven wood fireplace barbecue design, production and installation","breadcrumb":{"@id":"https:\/\/batisomine.com\/barbeku-modelleri\/tezgahli-barbekuler\/mermerit-tezgahli-barbeku-2-8m\/#breadcrumb"},"inLanguage":"en-GB","potentialAction":[{"@type":"ReadAction","target":["https:\/\/batisomine.com\/barbeku-modelleri\/tezgahli-barbekuler\/mermerit-tezgahli-barbeku-2-8m\/"]}]},{"@type":"ImageObject","inLanguage":"en-GB","@id":"https:\/\/batisomine.com\/barbeku-modelleri\/tezgahli-barbekuler\/mermerit-tezgahli-barbeku-2-8m\/#primaryimage","url":"http:\/\/batisomine.com\/wp-content\/uploads\/2025\/05\/Adsiz-tasarim-18.png","contentUrl":"http:\/\/batisomine.com\/wp-content\/uploads\/2025\/05\/Adsiz-tasarim-18.png"},{"@type":"BreadcrumbList","@id":"https:\/\/batisomine.com\/barbeku-modelleri\/tezgahli-barbekuler\/mermerit-tezgahli-barbeku-2-8m\/#breadcrumb","itemListElement":[{"@type":"ListItem","position":1,"name":"Anasayfa","item":"http:\/\/batisomine.com\/"},{"@type":"ListItem","position":2,"name":"Barbek\u00fcler","item":"https:\/\/batisomine.com\/en\/barbecue-models\/"},{"@type":"ListItem","position":3,"name":"Tezgahl\u0131 Barbek\u00fcler","item":"https:\/\/batisomine.com\/barbeku-modelleri\/tezgahli-barbekuler\/"},{"@type":"ListItem","position":4,"name":"Mermerit Tezgahl\u0131 Barbek\u00fc 2.8m"}]},{"@type":"WebSite","@id":"http:\/\/batisomine.com\/#website","url":"http:\/\/batisomine.com\/","name":"Bat\u0131 \u015e\u00f6mine","description":"Cast Iron Fireplace &amp; Barbecue &amp; Stove","publisher":{"@id":"http:\/\/batisomine.com\/#organization"},"alternateName":"\u0130zmir D\u00f6k\u00fcm \u015e\u00f6mine Barbek\u00fc Soba","potentialAction":[{"@type":"SearchAction","target":{"@type":"EntryPoint","urlTemplate":"http:\/\/batisomine.com\/?s={search_term_string}"},"query-input":{"@type":"PropertyValueSpecification","valueRequired":true,"valueName":"search_term_string"}}],"inLanguage":"en-GB"},{"@type":"Organization","@id":"http:\/\/batisomine.com\/#organization","name":"Bat\u0131 \u015e\u00f6mine","url":"http:\/\/batisomine.com\/","logo":{"@type":"ImageObject","inLanguage":"en-GB","@id":"http:\/\/batisomine.com\/#\/schema\/logo\/image\/","url":"http:\/\/batisomine.com\/wp-content\/uploads\/2023\/12\/yatay-logo.png","contentUrl":"http:\/\/batisomine.com\/wp-content\/uploads\/2023\/12\/yatay-logo.png","width":447,"height":200,"caption":"Bat\u0131 \u015e\u00f6mine"},"image":{"@id":"http:\/\/batisomine.com\/#\/schema\/logo\/image\/"},"sameAs":["https:\/\/www.instagram.com\/batisomine\/"]}]}},"_links":{"self":[{"href":"http:\/\/batisomine.com\/en\/wp-json\/wp\/v2\/pages\/5037","targetHints":{"allow":["GET"]}}],"collection":[{"href":"http:\/\/batisomine.com\/en\/wp-json\/wp\/v2\/pages"}],"about":[{"href":"http:\/\/batisomine.com\/en\/wp-json\/wp\/v2\/types\/page"}],"author":[{"embeddable":true,"href":"http:\/\/batisomine.com\/en\/wp-json\/wp\/v2\/users\/3"}],"replies":[{"embeddable":true,"href":"http:\/\/batisomine.com\/en\/wp-json\/wp\/v2\/comments?post=5037"}],"version-history":[{"count":16,"href":"http:\/\/batisomine.com\/en\/wp-json\/wp\/v2\/pages\/5037\/revisions"}],"predecessor-version":[{"id":5646,"href":"http:\/\/batisomine.com\/en\/wp-json\/wp\/v2\/pages\/5037\/revisions\/5646"}],"up":[{"embeddable":true,"href":"http:\/\/batisomine.com\/en\/wp-json\/wp\/v2\/pages\/43"}],"wp:attachment":[{"href":"http:\/\/batisomine.com\/en\/wp-json\/wp\/v2\/media?parent=5037"}],"curies":[{"name":"wp","href":"https:\/\/api.w.org\/{rel}","templated":true}]}}