{"id":603,"date":"2023-12-06T22:06:03","date_gmt":"2023-12-06T19:06:03","guid":{"rendered":"https:\/\/batisomine.com\/?page_id=603"},"modified":"2025-02-21T13:18:12","modified_gmt":"2025-02-21T10:18:12","slug":"vega-barbecue-with-oven","status":"publish","type":"page","link":"http:\/\/batisomine.com\/en\/barbecue-models\/barbecues-without-bench\/vega-barbecue-with-oven\/","title":{"rendered":"Vega Oven Barbecue"},"content":{"rendered":"<div data-elementor-type=\"wp-page\" data-elementor-id=\"603\" class=\"elementor elementor-603\" data-elementor-post-type=\"page\">\n\t\t\t\t<div class=\"elementor-element elementor-element-4a899ef e-flex e-con-boxed e-con e-parent\" data-id=\"4a899ef\" data-element_type=\"container\" data-e-type=\"container\">\n\t\t\t\t\t<div class=\"e-con-inner\">\n\t\t<div class=\"elementor-element elementor-element-3c7ea86 e-flex e-con-boxed e-con e-child\" data-id=\"3c7ea86\" data-element_type=\"container\" data-e-type=\"container\">\n\t\t\t\t\t<div class=\"e-con-inner\">\n\t\t<div class=\"elementor-element elementor-element-c98b077 e-con-full e-flex e-con e-child\" data-id=\"c98b077\" data-element_type=\"container\" data-e-type=\"container\">\n\t\t\t\t<div class=\"elementor-element elementor-element-701b410 elementor-widget elementor-widget-image\" data-id=\"701b410\" data-element_type=\"widget\" data-e-type=\"widget\" data-widget_type=\"image.default\">\n\t\t\t\t<div class=\"elementor-widget-container\">\n\t\t\t\t\t\t\t\t\t\t\t\t\t\t\t\t<a href=\"https:\/\/batisomine.com\/wp-content\/uploads\/2024\/06\/firinli-tezgahsiz-barbeku-dekupe.jpg\" data-elementor-open-lightbox=\"yes\" data-elementor-lightbox-title=\"f\u0131r\u0131nl\u0131-tezgahs\u0131z-barbek\u00fc-dekupe\" data-e-action-hash=\"#elementor-action%3Aaction%3Dlightbox%26settings%3DeyJpZCI6MjkwNSwidXJsIjoiaHR0cDpcL1wvYmF0aXNvbWluZS5jb21cL3dwLWNvbnRlbnRcL3VwbG9hZHNcLzIwMjRcLzA2XC9maXJpbmxpLXRlemdhaHNpei1iYXJiZWt1LWRla3VwZS5qcGcifQ%3D%3D\">\n\t\t\t\t\t\t\t<img fetchpriority=\"high\" decoding=\"async\" width=\"1000\" height=\"1000\" src=\"http:\/\/batisomine.com\/wp-content\/uploads\/2024\/06\/firinli-tezgahsiz-barbeku-dekupe.jpg\" class=\"attachment-full size-full wp-image-2905\" alt=\"oven-oven-less-barbecue-decoupe\" srcset=\"http:\/\/batisomine.com\/wp-content\/uploads\/2024\/06\/firinli-tezgahsiz-barbeku-dekupe.jpg 1000w, http:\/\/batisomine.com\/wp-content\/uploads\/2024\/06\/firinli-tezgahsiz-barbeku-dekupe-300x300.jpg 300w, http:\/\/batisomine.com\/wp-content\/uploads\/2024\/06\/firinli-tezgahsiz-barbeku-dekupe-150x150.jpg 150w, http:\/\/batisomine.com\/wp-content\/uploads\/2024\/06\/firinli-tezgahsiz-barbeku-dekupe-768x768.jpg 768w, http:\/\/batisomine.com\/wp-content\/uploads\/2024\/06\/firinli-tezgahsiz-barbeku-dekupe-12x12.jpg 12w\" sizes=\"(max-width: 1000px) 100vw, 1000px\" \/>\t\t\t\t\t\t\t\t<\/a>\n\t\t\t\t\t\t\t\t\t\t\t\t\t\t\t<\/div>\n\t\t\t\t<\/div>\n\t\t\t\t<div class=\"elementor-element elementor-element-f83b848 elementor-align-center elementor-widget elementor-widget-button\" data-id=\"f83b848\" data-element_type=\"widget\" data-e-type=\"widget\" data-widget_type=\"button.default\">\n\t\t\t\t<div class=\"elementor-widget-container\">\n\t\t\t\t\t\t\t\t\t<div class=\"elementor-button-wrapper\">\n\t\t\t\t\t<a class=\"elementor-button elementor-button-link elementor-size-sm\" href=\"https:\/\/api.whatsapp.com\/send\/?phone=905548223356&#038;text=Merhaba%2C+web+siteniz+%C3%BCzerinden+ula%C5%9F%C4%B1yorum+bilgi+alabilir+miyim%3F&#038;type=phone_number&#038;app_absent=0\">\n\t\t\t\t\t\t<span class=\"elementor-button-content-wrapper\">\n\t\t\t\t\t\t<span class=\"elementor-button-icon\">\n\t\t\t\t<svg aria-hidden=\"true\" class=\"e-font-icon-svg e-fab-whatsapp\" viewbox=\"0 0 448 512\" xmlns=\"http:\/\/www.w3.org\/2000\/svg\"><path d=\"M380.9 97.1C339 55.1 283.2 32 223.9 32c-122.4 0-222 99.6-222 222 0 39.1 10.2 77.3 29.6 111L0 480l117.7-30.9c32.4 17.7 68.9 27 106.1 27h.1c122.3 0 224.1-99.6 224.1-222 0-59.3-25.2-115-67.1-157zm-157 341.6c-33.2 0-65.7-8.9-94-25.7l-6.7-4-69.8 18.3L72 359.2l-4.4-7c-18.5-29.4-28.2-63.3-28.2-98.2 0-101.7 82.8-184.5 184.6-184.5 49.3 0 95.6 19.2 130.4 54.1 34.8 34.9 56.2 81.2 56.1 130.5 0 101.8-84.9 184.6-186.6 184.6zm101.2-138.2c-5.5-2.8-32.8-16.2-37.9-18-5.1-1.9-8.8-2.8-12.5 2.8-3.7 5.6-14.3 18-17.6 21.8-3.2 3.7-6.5 4.2-12 1.4-32.6-16.3-54-29.1-75.5-66-5.7-9.8 5.7-9.1 16.3-30.3 1.8-3.7.9-6.9-.5-9.7-1.4-2.8-12.5-30.1-17.1-41.2-4.5-10.8-9.1-9.3-12.5-9.5-3.2-.2-6.9-.2-10.6-.2-3.7 0-9.7 1.4-14.8 6.9-5.1 5.6-19.4 19-19.4 46.3 0 27.3 19.9 53.7 22.6 57.4 2.8 3.7 39.1 59.7 94.8 83.8 35.2 15.2 49 16.5 66.6 13.9 10.7-1.6 32.8-13.4 37.4-26.4 4.6-13 4.6-24.1 3.2-26.4-1.3-2.5-5-3.9-10.5-6.6z\"><\/path><\/svg>\t\t\t<\/span>\n\t\t\t\t\t\t\t\t\t<span class=\"elementor-button-text\">Get Information via Whatsapp<\/span>\n\t\t\t\t\t<\/span>\n\t\t\t\t\t<\/a>\n\t\t\t\t<\/div>\n\t\t\t\t\t\t\t\t<\/div>\n\t\t\t\t<\/div>\n\t\t\t\t<div class=\"elementor-element elementor-element-b13f527 elementor-align-center elementor-widget elementor-widget-button\" data-id=\"b13f527\" data-element_type=\"widget\" data-e-type=\"widget\" data-widget_type=\"button.default\">\n\t\t\t\t<div class=\"elementor-widget-container\">\n\t\t\t\t\t\t\t\t\t<div class=\"elementor-button-wrapper\">\n\t\t\t\t\t<a class=\"elementor-button elementor-button-link elementor-size-sm\" href=\"tel:905548223356\">\n\t\t\t\t\t\t<span class=\"elementor-button-content-wrapper\">\n\t\t\t\t\t\t<span class=\"elementor-button-icon\">\n\t\t\t\t<svg aria-hidden=\"true\" class=\"e-font-icon-svg e-fas-phone-alt\" viewbox=\"0 0 512 512\" xmlns=\"http:\/\/www.w3.org\/2000\/svg\"><path d=\"M497.39 361.8l-112-48a24 24 0 0 0-28 6.9l-49.6 60.6A370.66 370.66 0 0 1 130.6 204.11l60.6-49.6a23.94 23.94 0 0 0 6.9-28l-48-112A24.16 24.16 0 0 0 122.6.61l-104 24A24 24 0 0 0 0 48c0 256.5 207.9 464 464 464a24 24 0 0 0 23.4-18.6l24-104a24.29 24.29 0 0 0-14.01-27.6z\"><\/path><\/svg>\t\t\t<\/span>\n\t\t\t\t\t\t\t\t\t<span class=\"elementor-button-text\">Get Information by Phone<\/span>\n\t\t\t\t\t<\/span>\n\t\t\t\t\t<\/a>\n\t\t\t\t<\/div>\n\t\t\t\t\t\t\t\t<\/div>\n\t\t\t\t<\/div>\n\t\t\t\t<\/div>\n\t\t<div class=\"elementor-element elementor-element-5105023 e-con-full e-flex e-con e-child\" data-id=\"5105023\" data-element_type=\"container\" data-e-type=\"container\">\n\t\t\t\t<div class=\"elementor-element elementor-element-56fbf16 elementor-widget elementor-widget-heading\" data-id=\"56fbf16\" data-element_type=\"widget\" data-e-type=\"widget\" data-widget_type=\"heading.default\">\n\t\t\t\t<div class=\"elementor-widget-container\">\n\t\t\t\t\t<h1 class=\"elementor-heading-title elementor-size-default\">Vega Oven Barbecue<\/h1>\t\t\t\t<\/div>\n\t\t\t\t<\/div>\n\t\t\t\t<div class=\"elementor-element elementor-element-0680820 elementor-widget elementor-widget-heading\" data-id=\"0680820\" data-element_type=\"widget\" data-e-type=\"widget\" data-widget_type=\"heading.default\">\n\t\t\t\t<div class=\"elementor-widget-container\">\n\t\t\t\t\t<h3 class=\"elementor-heading-title elementor-size-default\">Bench Barbecue<\/h3>\t\t\t\t<\/div>\n\t\t\t\t<\/div>\n\t\t\t\t<\/div>\n\t\t\t\t\t<\/div>\n\t\t\t\t<\/div>\n\t\t\t\t\t<\/div>\n\t\t\t\t<\/div>\n\t\t<div class=\"elementor-element elementor-element-1ea4167 e-flex e-con-boxed e-con e-parent\" data-id=\"1ea4167\" data-element_type=\"container\" data-e-type=\"container\">\n\t\t\t\t\t<div class=\"e-con-inner\">\n\t\t<div class=\"elementor-element elementor-element-8c5f932 e-flex e-con-boxed e-con e-child\" data-id=\"8c5f932\" data-element_type=\"container\" data-e-type=\"container\">\n\t\t\t\t\t<div class=\"e-con-inner\">\n\t\t<div class=\"elementor-element elementor-element-b7d37a4 e-flex e-con-boxed e-con e-child\" data-id=\"b7d37a4\" data-element_type=\"container\" data-e-type=\"container\">\n\t\t\t\t\t<div class=\"e-con-inner\">\n\t\t\t\t<div class=\"elementor-element elementor-element-e38dc9b elementor-widget elementor-widget-heading\" data-id=\"e38dc9b\" data-element_type=\"widget\" data-e-type=\"widget\" data-widget_type=\"heading.default\">\n\t\t\t\t<div class=\"elementor-widget-container\">\n\t\t\t\t\t<h3 class=\"elementor-heading-title elementor-size-default\">Technical Drawing<\/h3>\t\t\t\t<\/div>\n\t\t\t\t<\/div>\n\t\t\t\t<div class=\"elementor-element elementor-element-3aba10d elementor-widget elementor-widget-image\" data-id=\"3aba10d\" data-element_type=\"widget\" data-e-type=\"widget\" data-widget_type=\"image.default\">\n\t\t\t\t<div class=\"elementor-widget-container\">\n\t\t\t\t\t\t\t\t\t\t\t\t\t\t\t\t<a href=\"https:\/\/batisomine.com\/wp-content\/uploads\/2024\/06\/firinli-tezgahsiz-barbeku-teknik.jpg\" data-elementor-open-lightbox=\"yes\" data-elementor-lightbox-title=\"f\u0131r\u0131nl\u0131-tezgahs\u0131z-barbek\u00fc-teknik\" data-e-action-hash=\"#elementor-action%3Aaction%3Dlightbox%26settings%3DeyJpZCI6MjkwNiwidXJsIjoiaHR0cDpcL1wvYmF0aXNvbWluZS5jb21cL3dwLWNvbnRlbnRcL3VwbG9hZHNcLzIwMjRcLzA2XC9maXJpbmxpLXRlemdhaHNpei1iYXJiZWt1LXRla25pay5qcGcifQ%3D%3D\">\n\t\t\t\t\t\t\t<img decoding=\"async\" width=\"700\" height=\"1000\" src=\"http:\/\/batisomine.com\/wp-content\/uploads\/2024\/06\/firinli-tezgahsiz-barbeku-teknik.jpg\" class=\"attachment-full size-full wp-image-2906\" alt=\"oven-oven-less-barbecue-technical\" srcset=\"http:\/\/batisomine.com\/wp-content\/uploads\/2024\/06\/firinli-tezgahsiz-barbeku-teknik.jpg 700w, http:\/\/batisomine.com\/wp-content\/uploads\/2024\/06\/firinli-tezgahsiz-barbeku-teknik-210x300.jpg 210w, http:\/\/batisomine.com\/wp-content\/uploads\/2024\/06\/firinli-tezgahsiz-barbeku-teknik-8x12.jpg 8w\" sizes=\"(max-width: 700px) 100vw, 700px\" \/>\t\t\t\t\t\t\t\t<\/a>\n\t\t\t\t\t\t\t\t\t\t\t\t\t\t\t<\/div>\n\t\t\t\t<\/div>\n\t\t\t\t\t<\/div>\n\t\t\t\t<\/div>\n\t\t<div class=\"elementor-element elementor-element-3bd8bdc e-flex e-con-boxed e-con e-child\" data-id=\"3bd8bdc\" data-element_type=\"container\" data-e-type=\"container\">\n\t\t\t\t\t<div class=\"e-con-inner\">\n\t\t\t\t<div class=\"elementor-element elementor-element-7eb112f elementor-widget elementor-widget-heading\" data-id=\"7eb112f\" data-element_type=\"widget\" data-e-type=\"widget\" data-widget_type=\"heading.default\">\n\t\t\t\t<div class=\"elementor-widget-container\">\n\t\t\t\t\t<h3 class=\"elementor-heading-title elementor-size-default\">Usage Image<\/h3>\t\t\t\t<\/div>\n\t\t\t\t<\/div>\n\t\t\t\t<div class=\"elementor-element elementor-element-32debce elementor-widget elementor-widget-image\" data-id=\"32debce\" data-element_type=\"widget\" data-e-type=\"widget\" data-widget_type=\"image.default\">\n\t\t\t\t<div class=\"elementor-widget-container\">\n\t\t\t\t\t\t\t\t\t\t\t\t\t\t\t\t<a href=\"https:\/\/batisomine.com\/wp-content\/uploads\/2024\/06\/firinli-tezgahsiz-barbeku-render.jpg\" data-elementor-open-lightbox=\"yes\" data-elementor-lightbox-title=\"f\u0131r\u0131nl\u0131-tezgahs\u0131z-barbek\u00fc-render\" data-e-action-hash=\"#elementor-action%3Aaction%3Dlightbox%26settings%3DeyJpZCI6MjkwNywidXJsIjoiaHR0cDpcL1wvYmF0aXNvbWluZS5jb21cL3dwLWNvbnRlbnRcL3VwbG9hZHNcLzIwMjRcLzA2XC9maXJpbmxpLXRlemdhaHNpei1iYXJiZWt1LXJlbmRlci5qcGcifQ%3D%3D\">\n\t\t\t\t\t\t\t<img decoding=\"async\" width=\"1000\" height=\"1000\" src=\"http:\/\/batisomine.com\/wp-content\/uploads\/2024\/06\/firinli-tezgahsiz-barbeku-render.jpg\" class=\"attachment-full size-full wp-image-2907\" alt=\"barbecue-barbecue-with-oven-render\" srcset=\"http:\/\/batisomine.com\/wp-content\/uploads\/2024\/06\/firinli-tezgahsiz-barbeku-render.jpg 1000w, http:\/\/batisomine.com\/wp-content\/uploads\/2024\/06\/firinli-tezgahsiz-barbeku-render-300x300.jpg 300w, http:\/\/batisomine.com\/wp-content\/uploads\/2024\/06\/firinli-tezgahsiz-barbeku-render-150x150.jpg 150w, http:\/\/batisomine.com\/wp-content\/uploads\/2024\/06\/firinli-tezgahsiz-barbeku-render-768x768.jpg 768w, http:\/\/batisomine.com\/wp-content\/uploads\/2024\/06\/firinli-tezgahsiz-barbeku-render-12x12.jpg 12w\" sizes=\"(max-width: 1000px) 100vw, 1000px\" \/>\t\t\t\t\t\t\t\t<\/a>\n\t\t\t\t\t\t\t\t\t\t\t\t\t\t\t<\/div>\n\t\t\t\t<\/div>\n\t\t\t\t\t<\/div>\n\t\t\t\t<\/div>\n\t\t\t\t\t<\/div>\n\t\t\t\t<\/div>\n\t\t\t\t\t<\/div>\n\t\t\t\t<\/div>\n\t\t\t\t<\/div>","protected":false},"excerpt":{"rendered":"<p>Whatsapp ile Bilgi Al\u0131n Telefon ile Bilgi Al\u0131n Tezgahl\u0131 Barbek\u00fc Teknik Resim Kullan\u0131m Resim<\/p>","protected":false},"author":3,"featured_media":0,"parent":41,"menu_order":0,"comment_status":"closed","ping_status":"closed","template":"elementor_header_footer","meta":{"footnotes":""},"class_list":["post-603","page","type-page","status-publish","hentry"],"yoast_head":"<!-- This site is optimized with the Yoast SEO plugin v27.3 - https:\/\/yoast.com\/product\/yoast-seo-wordpress\/ -->\n<title>Vega F\u0131r\u0131nl\u0131 Barbek\u00fc | Bat\u0131 \u015e\u00f6mine<\/title>\n<meta name=\"description\" content=\"\u0130zmir D\u00f6k\u00fcm \u015f\u00f6mine barbek\u00fc soba \u00fcretimi i\u00e7in en do\u011fru adres Bat\u0131 \u015e\u00f6mine. F\u0131r\u0131nl\u0131 odunlu \u015f\u00f6mine barbek\u00fc tasar\u0131m\u0131 \u00fcretimi ve montaj\u0131\" \/>\n<meta name=\"robots\" content=\"index, follow, max-snippet:-1, max-image-preview:large, max-video-preview:-1\" \/>\n<link rel=\"canonical\" href=\"http:\/\/batisomine.com\/en\/barbecue-models\/barbecues-without-bench\/vega-barbecue-with-oven\/\" \/>\n<meta property=\"og:locale\" content=\"en_GB\" \/>\n<meta property=\"og:type\" content=\"article\" \/>\n<meta property=\"og:title\" content=\"Vega F\u0131r\u0131nl\u0131 Barbek\u00fc | Bat\u0131 \u015e\u00f6mine\" \/>\n<meta property=\"og:description\" content=\"\u0130zmir D\u00f6k\u00fcm \u015f\u00f6mine barbek\u00fc soba \u00fcretimi i\u00e7in en do\u011fru adres Bat\u0131 \u015e\u00f6mine. F\u0131r\u0131nl\u0131 odunlu \u015f\u00f6mine barbek\u00fc tasar\u0131m\u0131 \u00fcretimi ve montaj\u0131\" \/>\n<meta property=\"og:url\" content=\"http:\/\/batisomine.com\/en\/barbecue-models\/barbecues-without-bench\/vega-barbecue-with-oven\/\" \/>\n<meta property=\"og:site_name\" content=\"Bat\u0131 \u015e\u00f6mine\" \/>\n<meta property=\"article:modified_time\" content=\"2025-02-21T10:18:12+00:00\" \/>\n<meta property=\"og:image\" content=\"https:\/\/batisomine.com\/wp-content\/uploads\/2024\/06\/firinli-tezgahsiz-barbeku-dekupe.jpg\" \/>\n<meta name=\"twitter:card\" content=\"summary_large_image\" \/>\n<meta name=\"twitter:label1\" content=\"Estimated reading time\" \/>\n\t<meta name=\"twitter:data1\" content=\"1 minute\" \/>\n<script type=\"application\/ld+json\" class=\"yoast-schema-graph\">{\"@context\":\"https:\\\/\\\/schema.org\",\"@graph\":[{\"@type\":\"WebPage\",\"@id\":\"http:\\\/\\\/batisomine.com\\\/en\\\/barbecue-models\\\/barbecues-without-bench\\\/vega-barbecue-with-oven\\\/\",\"url\":\"http:\\\/\\\/batisomine.com\\\/en\\\/barbecue-models\\\/barbecues-without-bench\\\/vega-barbecue-with-oven\\\/\",\"name\":\"Vega F\u0131r\u0131nl\u0131 Barbek\u00fc | Bat\u0131 \u015e\u00f6mine\",\"isPartOf\":{\"@id\":\"https:\\\/\\\/batisomine.com\\\/#website\"},\"primaryImageOfPage\":{\"@id\":\"http:\\\/\\\/batisomine.com\\\/en\\\/barbecue-models\\\/barbecues-without-bench\\\/vega-barbecue-with-oven\\\/#primaryimage\"},\"image\":{\"@id\":\"http:\\\/\\\/batisomine.com\\\/en\\\/barbecue-models\\\/barbecues-without-bench\\\/vega-barbecue-with-oven\\\/#primaryimage\"},\"thumbnailUrl\":\"https:\\\/\\\/batisomine.com\\\/wp-content\\\/uploads\\\/2024\\\/06\\\/firinli-tezgahsiz-barbeku-dekupe.jpg\",\"datePublished\":\"2023-12-06T19:06:03+00:00\",\"dateModified\":\"2025-02-21T10:18:12+00:00\",\"description\":\"\u0130zmir D\u00f6k\u00fcm \u015f\u00f6mine barbek\u00fc soba \u00fcretimi i\u00e7in en do\u011fru adres Bat\u0131 \u015e\u00f6mine. F\u0131r\u0131nl\u0131 odunlu \u015f\u00f6mine barbek\u00fc tasar\u0131m\u0131 \u00fcretimi ve montaj\u0131\",\"breadcrumb\":{\"@id\":\"http:\\\/\\\/batisomine.com\\\/en\\\/barbecue-models\\\/barbecues-without-bench\\\/vega-barbecue-with-oven\\\/#breadcrumb\"},\"inLanguage\":\"en-GB\",\"potentialAction\":[{\"@type\":\"ReadAction\",\"target\":[\"http:\\\/\\\/batisomine.com\\\/en\\\/barbecue-models\\\/barbecues-without-bench\\\/vega-barbecue-with-oven\\\/\"]}]},{\"@type\":\"ImageObject\",\"inLanguage\":\"en-GB\",\"@id\":\"http:\\\/\\\/batisomine.com\\\/en\\\/barbecue-models\\\/barbecues-without-bench\\\/vega-barbecue-with-oven\\\/#primaryimage\",\"url\":\"https:\\\/\\\/batisomine.com\\\/wp-content\\\/uploads\\\/2024\\\/06\\\/firinli-tezgahsiz-barbeku-dekupe.jpg\",\"contentUrl\":\"https:\\\/\\\/batisomine.com\\\/wp-content\\\/uploads\\\/2024\\\/06\\\/firinli-tezgahsiz-barbeku-dekupe.jpg\"},{\"@type\":\"BreadcrumbList\",\"@id\":\"http:\\\/\\\/batisomine.com\\\/en\\\/barbecue-models\\\/barbecues-without-bench\\\/vega-barbecue-with-oven\\\/#breadcrumb\",\"itemListElement\":[{\"@type\":\"ListItem\",\"position\":1,\"name\":\"Anasayfa\",\"item\":\"https:\\\/\\\/batisomine.com\\\/\"},{\"@type\":\"ListItem\",\"position\":2,\"name\":\"Barbek\u00fcler\",\"item\":\"https:\\\/\\\/batisomine.com\\\/barbeku-modelleri\\\/\"},{\"@type\":\"ListItem\",\"position\":3,\"name\":\"Tezgahs\u0131z Barbek\u00fcler\",\"item\":\"https:\\\/\\\/batisomine.com\\\/barbeku-modelleri\\\/tezgahsiz-barbekuler\\\/\"},{\"@type\":\"ListItem\",\"position\":4,\"name\":\"Vega F\u0131r\u0131nl\u0131 Barbek\u00fc\"}]},{\"@type\":\"WebSite\",\"@id\":\"https:\\\/\\\/batisomine.com\\\/#website\",\"url\":\"https:\\\/\\\/batisomine.com\\\/\",\"name\":\"Bat\u0131 \u015e\u00f6mine\",\"description\":\"D\u00f6k\u00fcm \u015e\u00f6mine &amp; Barbek\u00fc &amp; Soba\",\"publisher\":{\"@id\":\"https:\\\/\\\/batisomine.com\\\/#organization\"},\"alternateName\":\"\u0130zmir D\u00f6k\u00fcm \u015e\u00f6mine Barbek\u00fc Soba\",\"potentialAction\":[{\"@type\":\"SearchAction\",\"target\":{\"@type\":\"EntryPoint\",\"urlTemplate\":\"https:\\\/\\\/batisomine.com\\\/?s={search_term_string}\"},\"query-input\":{\"@type\":\"PropertyValueSpecification\",\"valueRequired\":true,\"valueName\":\"search_term_string\"}}],\"inLanguage\":\"en-GB\"},{\"@type\":\"Organization\",\"@id\":\"https:\\\/\\\/batisomine.com\\\/#organization\",\"name\":\"Bat\u0131 \u015e\u00f6mine\",\"url\":\"https:\\\/\\\/batisomine.com\\\/\",\"logo\":{\"@type\":\"ImageObject\",\"inLanguage\":\"en-GB\",\"@id\":\"https:\\\/\\\/batisomine.com\\\/#\\\/schema\\\/logo\\\/image\\\/\",\"url\":\"http:\\\/\\\/batisomine.com\\\/wp-content\\\/uploads\\\/2023\\\/12\\\/yatay-logo.png\",\"contentUrl\":\"http:\\\/\\\/batisomine.com\\\/wp-content\\\/uploads\\\/2023\\\/12\\\/yatay-logo.png\",\"width\":447,\"height\":200,\"caption\":\"Bat\u0131 \u015e\u00f6mine\"},\"image\":{\"@id\":\"https:\\\/\\\/batisomine.com\\\/#\\\/schema\\\/logo\\\/image\\\/\"},\"sameAs\":[\"https:\\\/\\\/www.instagram.com\\\/batisomine\\\/\"]}]}<\/script>\n<!-- \/ Yoast SEO plugin. -->","yoast_head_json":{"title":"Barbecue with Vega Oven | West Fireplace","description":"Izmir The most accurate address for cast iron fireplace barbecue stove production is Bat\u0131 Fireplace. Oven wood fireplace barbecue design, production and installation","robots":{"index":"index","follow":"follow","max-snippet":"max-snippet:-1","max-image-preview":"max-image-preview:large","max-video-preview":"max-video-preview:-1"},"canonical":"http:\/\/batisomine.com\/en\/barbecue-models\/barbecues-without-bench\/vega-barbecue-with-oven\/","og_locale":"en_GB","og_type":"article","og_title":"Vega F\u0131r\u0131nl\u0131 Barbek\u00fc | Bat\u0131 \u015e\u00f6mine","og_description":"\u0130zmir D\u00f6k\u00fcm \u015f\u00f6mine barbek\u00fc soba \u00fcretimi i\u00e7in en do\u011fru adres Bat\u0131 \u015e\u00f6mine. F\u0131r\u0131nl\u0131 odunlu \u015f\u00f6mine barbek\u00fc tasar\u0131m\u0131 \u00fcretimi ve montaj\u0131","og_url":"http:\/\/batisomine.com\/en\/barbecue-models\/barbecues-without-bench\/vega-barbecue-with-oven\/","og_site_name":"Bat\u0131 \u015e\u00f6mine","article_modified_time":"2025-02-21T10:18:12+00:00","og_image":[{"url":"https:\/\/batisomine.com\/wp-content\/uploads\/2024\/06\/firinli-tezgahsiz-barbeku-dekupe.jpg","type":"","width":"","height":""}],"twitter_card":"summary_large_image","twitter_misc":{"Estimated reading time":"1 minute"},"schema":{"@context":"https:\/\/schema.org","@graph":[{"@type":"WebPage","@id":"http:\/\/batisomine.com\/en\/barbecue-models\/barbecues-without-bench\/vega-barbecue-with-oven\/","url":"http:\/\/batisomine.com\/en\/barbecue-models\/barbecues-without-bench\/vega-barbecue-with-oven\/","name":"Barbecue with Vega Oven | West Fireplace","isPartOf":{"@id":"https:\/\/batisomine.com\/#website"},"primaryImageOfPage":{"@id":"http:\/\/batisomine.com\/en\/barbecue-models\/barbecues-without-bench\/vega-barbecue-with-oven\/#primaryimage"},"image":{"@id":"http:\/\/batisomine.com\/en\/barbecue-models\/barbecues-without-bench\/vega-barbecue-with-oven\/#primaryimage"},"thumbnailUrl":"https:\/\/batisomine.com\/wp-content\/uploads\/2024\/06\/firinli-tezgahsiz-barbeku-dekupe.jpg","datePublished":"2023-12-06T19:06:03+00:00","dateModified":"2025-02-21T10:18:12+00:00","description":"Izmir The most accurate address for cast iron fireplace barbecue stove production is Bat\u0131 Fireplace. Oven wood fireplace barbecue design, production and installation","breadcrumb":{"@id":"http:\/\/batisomine.com\/en\/barbecue-models\/barbecues-without-bench\/vega-barbecue-with-oven\/#breadcrumb"},"inLanguage":"en-GB","potentialAction":[{"@type":"ReadAction","target":["http:\/\/batisomine.com\/en\/barbecue-models\/barbecues-without-bench\/vega-barbecue-with-oven\/"]}]},{"@type":"ImageObject","inLanguage":"en-GB","@id":"http:\/\/batisomine.com\/en\/barbecue-models\/barbecues-without-bench\/vega-barbecue-with-oven\/#primaryimage","url":"https:\/\/batisomine.com\/wp-content\/uploads\/2024\/06\/firinli-tezgahsiz-barbeku-dekupe.jpg","contentUrl":"https:\/\/batisomine.com\/wp-content\/uploads\/2024\/06\/firinli-tezgahsiz-barbeku-dekupe.jpg"},{"@type":"BreadcrumbList","@id":"http:\/\/batisomine.com\/en\/barbecue-models\/barbecues-without-bench\/vega-barbecue-with-oven\/#breadcrumb","itemListElement":[{"@type":"ListItem","position":1,"name":"Anasayfa","item":"https:\/\/batisomine.com\/"},{"@type":"ListItem","position":2,"name":"Barbek\u00fcler","item":"https:\/\/batisomine.com\/barbeku-modelleri\/"},{"@type":"ListItem","position":3,"name":"Tezgahs\u0131z Barbek\u00fcler","item":"https:\/\/batisomine.com\/barbeku-modelleri\/tezgahsiz-barbekuler\/"},{"@type":"ListItem","position":4,"name":"Vega F\u0131r\u0131nl\u0131 Barbek\u00fc"}]},{"@type":"WebSite","@id":"https:\/\/batisomine.com\/#website","url":"https:\/\/batisomine.com\/","name":"Bat\u0131 \u015e\u00f6mine","description":"Cast Iron Fireplace &amp; Barbecue &amp; Stove","publisher":{"@id":"https:\/\/batisomine.com\/#organization"},"alternateName":"\u0130zmir D\u00f6k\u00fcm \u015e\u00f6mine Barbek\u00fc Soba","potentialAction":[{"@type":"SearchAction","target":{"@type":"EntryPoint","urlTemplate":"https:\/\/batisomine.com\/?s={search_term_string}"},"query-input":{"@type":"PropertyValueSpecification","valueRequired":true,"valueName":"search_term_string"}}],"inLanguage":"en-GB"},{"@type":"Organization","@id":"https:\/\/batisomine.com\/#organization","name":"Bat\u0131 \u015e\u00f6mine","url":"https:\/\/batisomine.com\/","logo":{"@type":"ImageObject","inLanguage":"en-GB","@id":"https:\/\/batisomine.com\/#\/schema\/logo\/image\/","url":"http:\/\/batisomine.com\/wp-content\/uploads\/2023\/12\/yatay-logo.png","contentUrl":"http:\/\/batisomine.com\/wp-content\/uploads\/2023\/12\/yatay-logo.png","width":447,"height":200,"caption":"Bat\u0131 \u015e\u00f6mine"},"image":{"@id":"https:\/\/batisomine.com\/#\/schema\/logo\/image\/"},"sameAs":["https:\/\/www.instagram.com\/batisomine\/"]}]}},"_links":{"self":[{"href":"http:\/\/batisomine.com\/en\/wp-json\/wp\/v2\/pages\/603","targetHints":{"allow":["GET"]}}],"collection":[{"href":"http:\/\/batisomine.com\/en\/wp-json\/wp\/v2\/pages"}],"about":[{"href":"http:\/\/batisomine.com\/en\/wp-json\/wp\/v2\/types\/page"}],"author":[{"embeddable":true,"href":"http:\/\/batisomine.com\/en\/wp-json\/wp\/v2\/users\/3"}],"replies":[{"embeddable":true,"href":"http:\/\/batisomine.com\/en\/wp-json\/wp\/v2\/comments?post=603"}],"version-history":[{"count":45,"href":"http:\/\/batisomine.com\/en\/wp-json\/wp\/v2\/pages\/603\/revisions"}],"predecessor-version":[{"id":2910,"href":"http:\/\/batisomine.com\/en\/wp-json\/wp\/v2\/pages\/603\/revisions\/2910"}],"up":[{"embeddable":true,"href":"http:\/\/batisomine.com\/en\/wp-json\/wp\/v2\/pages\/41"}],"wp:attachment":[{"href":"http:\/\/batisomine.com\/en\/wp-json\/wp\/v2\/media?parent=603"}],"curies":[{"name":"wp","href":"https:\/\/api.w.org\/{rel}","templated":true}]}}