{"id":1827,"date":"2023-12-15T13:30:04","date_gmt":"2023-12-15T10:30:04","guid":{"rendered":"https:\/\/batisomine.com\/?page_id=1827"},"modified":"2025-07-24T13:48:58","modified_gmt":"2025-07-24T10:48:58","slug":"artemis-floor-type-somine","status":"publish","type":"page","link":"https:\/\/batisomine.com\/en\/somine-models\/centre-nuts\/floor-type-nut\/artemis-floor-type-somine\/","title":{"rendered":"Artemis Floor Type Fireplace"},"content":{"rendered":"<div data-elementor-type=\"wp-page\" data-elementor-id=\"1827\" class=\"elementor elementor-1827\" data-elementor-post-type=\"page\">\n\t\t\t\t<div class=\"elementor-element elementor-element-9d28b2c e-flex e-con-boxed e-con e-parent\" data-id=\"9d28b2c\" data-element_type=\"container\" data-e-type=\"container\">\n\t\t\t\t\t<div class=\"e-con-inner\">\n\t\t<div class=\"elementor-element elementor-element-9381aca e-flex e-con-boxed e-con e-child\" data-id=\"9381aca\" data-element_type=\"container\" data-e-type=\"container\">\n\t\t\t\t\t<div class=\"e-con-inner\">\n\t\t<div class=\"elementor-element elementor-element-eee3bfc e-con-full e-flex e-con e-child\" data-id=\"eee3bfc\" data-element_type=\"container\" data-e-type=\"container\">\n\t\t\t\t<div class=\"elementor-element elementor-element-c3eac97 elementor-widget elementor-widget-image\" data-id=\"c3eac97\" data-element_type=\"widget\" data-e-type=\"widget\" data-widget_type=\"image.default\">\n\t\t\t\t<div class=\"elementor-widget-container\">\n\t\t\t\t\t\t\t\t\t\t\t\t\t\t\t\t<a href=\"https:\/\/batisomine.com\/wp-content\/uploads\/2023\/12\/zemin-tip-orta-somine-dortgen-.jpg\" data-elementor-open-lightbox=\"yes\" data-elementor-lightbox-title=\"zemin-tip-orta-\u015f\u00f6mine-dortgen-\" data-e-action-hash=\"#elementor-action%3Aaction%3Dlightbox%26settings%3DeyJpZCI6MTgzMCwidXJsIjoiaHR0cHM6XC9cL2JhdGlzb21pbmUuY29tXC93cC1jb250ZW50XC91cGxvYWRzXC8yMDIzXC8xMlwvemVtaW4tdGlwLW9ydGEtc29taW5lLWRvcnRnZW4tLmpwZyJ9\">\n\t\t\t\t\t\t\t<img fetchpriority=\"high\" decoding=\"async\" width=\"1000\" height=\"1000\" src=\"https:\/\/batisomine.com\/wp-content\/uploads\/2023\/12\/zemin-tip-orta-somine-dortgen-.jpg\" class=\"attachment-full size-full wp-image-1830\" alt=\"floor-type-centre-fireplace-hexagonal-\" srcset=\"https:\/\/batisomine.com\/wp-content\/uploads\/2023\/12\/zemin-tip-orta-somine-dortgen-.jpg 1000w, https:\/\/batisomine.com\/wp-content\/uploads\/2023\/12\/zemin-tip-orta-somine-dortgen--300x300.jpg 300w, https:\/\/batisomine.com\/wp-content\/uploads\/2023\/12\/zemin-tip-orta-somine-dortgen--150x150.jpg 150w, https:\/\/batisomine.com\/wp-content\/uploads\/2023\/12\/zemin-tip-orta-somine-dortgen--768x768.jpg 768w, https:\/\/batisomine.com\/wp-content\/uploads\/2023\/12\/zemin-tip-orta-somine-dortgen--12x12.jpg 12w\" sizes=\"(max-width: 1000px) 100vw, 1000px\" \/>\t\t\t\t\t\t\t\t<\/a>\n\t\t\t\t\t\t\t\t\t\t\t\t\t\t\t<\/div>\n\t\t\t\t<\/div>\n\t\t\t\t<\/div>\n\t\t<div class=\"elementor-element elementor-element-c4f884d e-con-full e-flex e-con e-child\" data-id=\"c4f884d\" data-element_type=\"container\" data-e-type=\"container\">\n\t\t\t\t<div class=\"elementor-element elementor-element-dac6c22 elementor-widget elementor-widget-heading\" data-id=\"dac6c22\" data-element_type=\"widget\" data-e-type=\"widget\" data-widget_type=\"heading.default\">\n\t\t\t\t<div class=\"elementor-widget-container\">\n\t\t\t\t\t<h1 class=\"elementor-heading-title elementor-size-default\">Artemis Floor Type Fireplace<\/h1>\t\t\t\t<\/div>\n\t\t\t\t<\/div>\n\t\t\t\t<div class=\"elementor-element elementor-element-e8c5afe elementor-widget elementor-widget-heading\" data-id=\"e8c5afe\" data-element_type=\"widget\" data-e-type=\"widget\" data-widget_type=\"heading.default\">\n\t\t\t\t<div class=\"elementor-widget-container\">\n\t\t\t\t\t<h3 class=\"elementor-heading-title elementor-size-default\">Central Fireplace<\/h3>\t\t\t\t<\/div>\n\t\t\t\t<\/div>\n\t\t\t\t<div class=\"elementor-element elementor-element-dbfb85d elementor-widget elementor-widget-text-editor\" data-id=\"dbfb85d\" data-element_type=\"widget\" data-e-type=\"widget\" data-widget_type=\"text-editor.default\">\n\t\t\t\t<div class=\"elementor-widget-container\">\n\t\t\t\t\t\t\t\t\t<p>Details<\/p>\t\t\t\t\t\t\t\t<\/div>\n\t\t\t\t<\/div>\n\t\t\t\t<\/div>\n\t\t\t\t\t<\/div>\n\t\t\t\t<\/div>\n\t\t<div class=\"elementor-element elementor-element-7ae9c58 e-con-full e-flex e-con e-child\" data-id=\"7ae9c58\" data-element_type=\"container\" data-e-type=\"container\">\n\t\t\t\t<div class=\"elementor-element elementor-element-f30a39c elementor-widget elementor-widget-text-editor\" data-id=\"f30a39c\" data-element_type=\"widget\" data-e-type=\"widget\" data-widget_type=\"text-editor.default\">\n\t\t\t\t<div class=\"elementor-widget-container\">\n\t\t\t\t\t\t\t\t\t<p>\u2022 In order to ensure efficient combustion, the oxygen level entering the chamber can be adjusted with the flap valve. The control of the lower cold air inlet allows the fire to be put to sleep. Thus, the oxygen supply can be kept at a certain level; more combustion efficiency can be achieved from wood fire.<\/p><p>\u2022 The cold air taken from outside is directed directly to the windows with the help of ducts. This system, called upper air curtain, ensures that the windows are less soaked.<\/p><p>\u2022 Wick protection resistant to 900 degrees is used to ensure the cover smoke tightness of the fireplace. This wick, which is used, ensures that the oxygen input is kept at the desired level by squeezing between the cover and the body. At the same time, this wick, which surrounds the cover section, prevents smoke leakage into the heat chamber.<\/p><p>\u2022 In our hoppers, the cover section is connected to the body with imported rail system. In this way, a lift system that does not make noise and jamming has been obtained.<\/p><p>\u2022 Our flame breaker technology, which is produced in disassembled form, targets heat accumulation and prevents the heat from escaping immediately with smoke. In short, a lot of loveliness is achieved with little fuel.<\/p><p>\u2022 The castings used are 100% cast iron and 12 mm thick.<\/p><p>\u2022 The fireplace combustion area is made of 3 mm thick boiler steel.<\/p><p>\u2022 Vitro ceramic glass resistant to 850 degrees is used in our lids.<\/p><p>\u2022 Fireplace bearings 6005 quality high temperature resistant bearings are used.<\/p><p>\u2022 Fireplaces are painted with Ceramic Paint resistant to 600 degrees. Thanks to the fireproof paint, an elegant appearance is obtained inside the chamber and in the cover section.<\/p>\t\t\t\t\t\t\t\t<\/div>\n\t\t\t\t<\/div>\n\t\t\t\t<\/div>\n\t\t\t\t\t<\/div>\n\t\t\t\t<\/div>\n\t\t<div class=\"elementor-element elementor-element-116fad2 e-flex e-con-boxed e-con e-parent\" data-id=\"116fad2\" data-element_type=\"container\" data-e-type=\"container\">\n\t\t\t\t\t<div class=\"e-con-inner\">\n\t\t<div class=\"elementor-element elementor-element-c8f125e e-flex e-con-boxed e-con e-child\" data-id=\"c8f125e\" data-element_type=\"container\" data-e-type=\"container\">\n\t\t\t\t\t<div class=\"e-con-inner\">\n\t\t<div class=\"elementor-element elementor-element-01e0fbb e-flex e-con-boxed e-con e-child\" data-id=\"01e0fbb\" data-element_type=\"container\" data-e-type=\"container\">\n\t\t\t\t\t<div class=\"e-con-inner\">\n\t\t\t\t<div class=\"elementor-element elementor-element-db31942 elementor-widget elementor-widget-heading\" data-id=\"db31942\" data-element_type=\"widget\" data-e-type=\"widget\" data-widget_type=\"heading.default\">\n\t\t\t\t<div class=\"elementor-widget-container\">\n\t\t\t\t\t<h3 class=\"elementor-heading-title elementor-size-default\">Technical Drawing<\/h3>\t\t\t\t<\/div>\n\t\t\t\t<\/div>\n\t\t\t\t<div class=\"elementor-element elementor-element-749e593 elementor-widget elementor-widget-image\" data-id=\"749e593\" data-element_type=\"widget\" data-e-type=\"widget\" data-widget_type=\"image.default\">\n\t\t\t\t<div class=\"elementor-widget-container\">\n\t\t\t\t\t\t\t\t\t\t\t\t\t\t\t\t<a href=\"https:\/\/batisomine.com\/wp-content\/uploads\/2023\/12\/zemin-tip-orta-somine-dortgen-teknik-resim.jpg\" data-elementor-open-lightbox=\"yes\" data-elementor-lightbox-title=\"zemin-tip-orta-\u015f\u00f6mine-dortgen-teknik-resim\" data-e-action-hash=\"#elementor-action%3Aaction%3Dlightbox%26settings%3DeyJpZCI6MTg3NiwidXJsIjoiaHR0cHM6XC9cL2JhdGlzb21pbmUuY29tXC93cC1jb250ZW50XC91cGxvYWRzXC8yMDIzXC8xMlwvemVtaW4tdGlwLW9ydGEtc29taW5lLWRvcnRnZW4tdGVrbmlrLXJlc2ltLmpwZyJ9\">\n\t\t\t\t\t\t\t<img decoding=\"async\" width=\"1400\" height=\"1600\" src=\"https:\/\/batisomine.com\/wp-content\/uploads\/2023\/12\/zemin-tip-orta-somine-dortgen-teknik-resim.jpg\" class=\"attachment-full size-full wp-image-1876\" alt=\"floor-type-medium-fireplace-tortangular-technical-picture\" srcset=\"https:\/\/batisomine.com\/wp-content\/uploads\/2023\/12\/zemin-tip-orta-somine-dortgen-teknik-resim.jpg 1400w, https:\/\/batisomine.com\/wp-content\/uploads\/2023\/12\/zemin-tip-orta-somine-dortgen-teknik-resim-263x300.jpg 263w, https:\/\/batisomine.com\/wp-content\/uploads\/2023\/12\/zemin-tip-orta-somine-dortgen-teknik-resim-896x1024.jpg 896w, https:\/\/batisomine.com\/wp-content\/uploads\/2023\/12\/zemin-tip-orta-somine-dortgen-teknik-resim-768x878.jpg 768w, https:\/\/batisomine.com\/wp-content\/uploads\/2023\/12\/zemin-tip-orta-somine-dortgen-teknik-resim-1344x1536.jpg 1344w, https:\/\/batisomine.com\/wp-content\/uploads\/2023\/12\/zemin-tip-orta-somine-dortgen-teknik-resim-11x12.jpg 11w\" sizes=\"(max-width: 1400px) 100vw, 1400px\" \/>\t\t\t\t\t\t\t\t<\/a>\n\t\t\t\t\t\t\t\t\t\t\t\t\t\t\t<\/div>\n\t\t\t\t<\/div>\n\t\t\t\t\t<\/div>\n\t\t\t\t<\/div>\n\t\t<div class=\"elementor-element elementor-element-1e4d738 e-flex e-con-boxed e-con e-child\" data-id=\"1e4d738\" data-element_type=\"container\" data-e-type=\"container\">\n\t\t\t\t\t<div class=\"e-con-inner\">\n\t\t\t\t<div class=\"elementor-element elementor-element-3aef71f elementor-widget elementor-widget-heading\" data-id=\"3aef71f\" data-element_type=\"widget\" data-e-type=\"widget\" data-widget_type=\"heading.default\">\n\t\t\t\t<div class=\"elementor-widget-container\">\n\t\t\t\t\t<h3 class=\"elementor-heading-title elementor-size-default\">Usage Image<\/h3>\t\t\t\t<\/div>\n\t\t\t\t<\/div>\n\t\t\t\t<div class=\"elementor-element elementor-element-e46e859 elementor-widget elementor-widget-image\" data-id=\"e46e859\" data-element_type=\"widget\" data-e-type=\"widget\" data-widget_type=\"image.default\">\n\t\t\t\t<div class=\"elementor-widget-container\">\n\t\t\t\t\t\t\t\t\t\t\t\t\t\t\t\t<a href=\"https:\/\/batisomine.com\/wp-content\/uploads\/2023\/12\/zemin-tip-orta-somine-dortgen-gorseli.jpg\" data-elementor-open-lightbox=\"yes\" data-elementor-lightbox-title=\"zemin-tip-orta-\u015f\u00f6mine-dortgen-gorseli\" data-e-action-hash=\"#elementor-action%3Aaction%3Dlightbox%26settings%3DeyJpZCI6MTgyOSwidXJsIjoiaHR0cHM6XC9cL2JhdGlzb21pbmUuY29tXC93cC1jb250ZW50XC91cGxvYWRzXC8yMDIzXC8xMlwvemVtaW4tdGlwLW9ydGEtc29taW5lLWRvcnRnZW4tZ29yc2VsaS5qcGcifQ%3D%3D\">\n\t\t\t\t\t\t\t<img decoding=\"async\" width=\"1000\" height=\"1000\" src=\"https:\/\/batisomine.com\/wp-content\/uploads\/2023\/12\/zemin-tip-orta-somine-dortgen-gorseli.jpg\" class=\"attachment-full size-full wp-image-1829\" alt=\"floor-type-centre-fireplace-fortangular-view\" srcset=\"https:\/\/batisomine.com\/wp-content\/uploads\/2023\/12\/zemin-tip-orta-somine-dortgen-gorseli.jpg 1000w, https:\/\/batisomine.com\/wp-content\/uploads\/2023\/12\/zemin-tip-orta-somine-dortgen-gorseli-300x300.jpg 300w, https:\/\/batisomine.com\/wp-content\/uploads\/2023\/12\/zemin-tip-orta-somine-dortgen-gorseli-150x150.jpg 150w, https:\/\/batisomine.com\/wp-content\/uploads\/2023\/12\/zemin-tip-orta-somine-dortgen-gorseli-768x768.jpg 768w, https:\/\/batisomine.com\/wp-content\/uploads\/2023\/12\/zemin-tip-orta-somine-dortgen-gorseli-12x12.jpg 12w\" sizes=\"(max-width: 1000px) 100vw, 1000px\" \/>\t\t\t\t\t\t\t\t<\/a>\n\t\t\t\t\t\t\t\t\t\t\t\t\t\t\t<\/div>\n\t\t\t\t<\/div>\n\t\t\t\t\t<\/div>\n\t\t\t\t<\/div>\n\t\t\t\t\t<\/div>\n\t\t\t\t<\/div>\n\t\t\t\t\t<\/div>\n\t\t\t\t<\/div>\n\t\t\t\t<\/div>","protected":false},"excerpt":{"rendered":"<p>Orta \u015e\u00f6mine Detaylar \u2022 Verimli yan\u0131\u015f sa\u011flamak ad\u0131na hazne i\u00e7ine giren oksijen seviyesi klepe s\u00fcrg\u00fcs\u00fcyle ayarlanabilmektedir. Alt so\u011fuk hava giri\u015finin kontrol\u00fc, ate\u015fin uyutulabilmesini sa\u011flamaktad\u0131r. B\u00f6ylece oksijen beslemesi belirli bir seviyede tutulabilmekte; odun ate\u015finden daha fazla yan\u0131\u015f verimlili\u011fi sa\u011flanabilmektedir. \u2022 D\u0131\u015far\u0131dan al\u0131nan so\u011fuk hava kanallar yard\u0131m\u0131yla direkt camlara y\u00f6nlendirilmektedir. \u00dcst hava perdesi olarak adland\u0131r\u0131lan bu sistem [&hellip;]<\/p>\n","protected":false},"author":3,"featured_media":0,"parent":37,"menu_order":0,"comment_status":"closed","ping_status":"closed","template":"elementor_header_footer","meta":{"footnotes":""},"class_list":["post-1827","page","type-page","status-publish","hentry"],"yoast_head":"<!-- This site is optimized with the Yoast SEO plugin v27.5 - https:\/\/yoast.com\/product\/yoast-seo-wordpress\/ -->\n<title>Artemis Zemin Tip \u015e\u00f6mine | Bat\u0131 \u015e\u00f6mine<\/title>\n<meta name=\"description\" content=\"\u0130zmir D\u00f6k\u00fcm \u015f\u00f6mine barbek\u00fc soba \u00fcretimi i\u00e7in en do\u011fru adres Bat\u0131 \u015e\u00f6mine. F\u0131r\u0131nl\u0131 odunlu \u015f\u00f6mine barbek\u00fc tasar\u0131m\u0131 \u00fcretimi ve montaj\u0131\" \/>\n<meta name=\"robots\" content=\"index, follow, max-snippet:-1, max-image-preview:large, max-video-preview:-1\" \/>\n<link rel=\"canonical\" href=\"https:\/\/batisomine.com\/en\/somine-models\/centre-nuts\/floor-type-nut\/artemis-floor-type-somine\/\" \/>\n<meta property=\"og:locale\" content=\"en_GB\" \/>\n<meta property=\"og:type\" content=\"article\" \/>\n<meta property=\"og:title\" content=\"Artemis Zemin Tip \u015e\u00f6mine | Bat\u0131 \u015e\u00f6mine\" \/>\n<meta property=\"og:description\" content=\"\u0130zmir D\u00f6k\u00fcm \u015f\u00f6mine barbek\u00fc soba \u00fcretimi i\u00e7in en do\u011fru adres Bat\u0131 \u015e\u00f6mine. F\u0131r\u0131nl\u0131 odunlu \u015f\u00f6mine barbek\u00fc tasar\u0131m\u0131 \u00fcretimi ve montaj\u0131\" \/>\n<meta property=\"og:url\" content=\"https:\/\/batisomine.com\/en\/somine-models\/centre-nuts\/floor-type-nut\/artemis-floor-type-somine\/\" \/>\n<meta property=\"og:site_name\" content=\"Bat\u0131 \u015e\u00f6mine\" \/>\n<meta property=\"article:modified_time\" content=\"2025-07-24T10:48:58+00:00\" \/>\n<meta property=\"og:image\" content=\"http:\/\/batisomine.com\/wp-content\/uploads\/2023\/12\/zemin-tip-orta-somine-dortgen-.jpg\" \/>\n<meta name=\"twitter:card\" content=\"summary_large_image\" \/>\n<meta name=\"twitter:label1\" content=\"Estimated reading time\" \/>\n\t<meta name=\"twitter:data1\" content=\"2 minutes\" \/>\n<script type=\"application\/ld+json\" class=\"yoast-schema-graph\">{\"@context\":\"https:\\\/\\\/schema.org\",\"@graph\":[{\"@type\":\"WebPage\",\"@id\":\"https:\\\/\\\/batisomine.com\\\/en\\\/somine-models\\\/centre-nuts\\\/floor-type-nut\\\/artemis-floor-type-somine\\\/\",\"url\":\"https:\\\/\\\/batisomine.com\\\/en\\\/somine-models\\\/centre-nuts\\\/floor-type-nut\\\/artemis-floor-type-somine\\\/\",\"name\":\"Artemis Zemin Tip \u015e\u00f6mine | Bat\u0131 \u015e\u00f6mine\",\"isPartOf\":{\"@id\":\"https:\\\/\\\/batisomine.com\\\/#website\"},\"primaryImageOfPage\":{\"@id\":\"https:\\\/\\\/batisomine.com\\\/en\\\/somine-models\\\/centre-nuts\\\/floor-type-nut\\\/artemis-floor-type-somine\\\/#primaryimage\"},\"image\":{\"@id\":\"https:\\\/\\\/batisomine.com\\\/en\\\/somine-models\\\/centre-nuts\\\/floor-type-nut\\\/artemis-floor-type-somine\\\/#primaryimage\"},\"thumbnailUrl\":\"http:\\\/\\\/batisomine.com\\\/wp-content\\\/uploads\\\/2023\\\/12\\\/zemin-tip-orta-somine-dortgen-.jpg\",\"datePublished\":\"2023-12-15T10:30:04+00:00\",\"dateModified\":\"2025-07-24T10:48:58+00:00\",\"description\":\"\u0130zmir D\u00f6k\u00fcm \u015f\u00f6mine barbek\u00fc soba \u00fcretimi i\u00e7in en do\u011fru adres Bat\u0131 \u015e\u00f6mine. F\u0131r\u0131nl\u0131 odunlu \u015f\u00f6mine barbek\u00fc tasar\u0131m\u0131 \u00fcretimi ve montaj\u0131\",\"breadcrumb\":{\"@id\":\"https:\\\/\\\/batisomine.com\\\/en\\\/somine-models\\\/centre-nuts\\\/floor-type-nut\\\/artemis-floor-type-somine\\\/#breadcrumb\"},\"inLanguage\":\"en-GB\",\"potentialAction\":[{\"@type\":\"ReadAction\",\"target\":[\"https:\\\/\\\/batisomine.com\\\/en\\\/somine-models\\\/centre-nuts\\\/floor-type-nut\\\/artemis-floor-type-somine\\\/\"]}]},{\"@type\":\"ImageObject\",\"inLanguage\":\"en-GB\",\"@id\":\"https:\\\/\\\/batisomine.com\\\/en\\\/somine-models\\\/centre-nuts\\\/floor-type-nut\\\/artemis-floor-type-somine\\\/#primaryimage\",\"url\":\"http:\\\/\\\/batisomine.com\\\/wp-content\\\/uploads\\\/2023\\\/12\\\/zemin-tip-orta-somine-dortgen-.jpg\",\"contentUrl\":\"http:\\\/\\\/batisomine.com\\\/wp-content\\\/uploads\\\/2023\\\/12\\\/zemin-tip-orta-somine-dortgen-.jpg\"},{\"@type\":\"BreadcrumbList\",\"@id\":\"https:\\\/\\\/batisomine.com\\\/en\\\/somine-models\\\/centre-nuts\\\/floor-type-nut\\\/artemis-floor-type-somine\\\/#breadcrumb\",\"itemListElement\":[{\"@type\":\"ListItem\",\"position\":1,\"name\":\"Anasayfa\",\"item\":\"https:\\\/\\\/batisomine.com\\\/\"},{\"@type\":\"ListItem\",\"position\":2,\"name\":\"\u015e\u00f6mineler\",\"item\":\"http:\\\/\\\/batisomine.com\\\/somine-modelleri\\\/\"},{\"@type\":\"ListItem\",\"position\":3,\"name\":\"Orta \u015e\u00f6mineler\",\"item\":\"https:\\\/\\\/batisomine.com\\\/en\\\/somine-models\\\/centre-nuts\\\/\"},{\"@type\":\"ListItem\",\"position\":4,\"name\":\"Zemin Tip \u015e\u00f6mine\",\"item\":\"https:\\\/\\\/batisomine.com\\\/en\\\/somine-models\\\/centre-nuts\\\/floor-type-nut\\\/\"},{\"@type\":\"ListItem\",\"position\":5,\"name\":\"Artemis Zemin Tip \u015e\u00f6mine\"}]},{\"@type\":\"WebSite\",\"@id\":\"https:\\\/\\\/batisomine.com\\\/#website\",\"url\":\"https:\\\/\\\/batisomine.com\\\/\",\"name\":\"Bat\u0131 \u015e\u00f6mine\",\"description\":\"D\u00f6k\u00fcm \u015e\u00f6mine &amp; Barbek\u00fc &amp; Soba\",\"publisher\":{\"@id\":\"https:\\\/\\\/batisomine.com\\\/#organization\"},\"alternateName\":\"\u0130zmir D\u00f6k\u00fcm \u015e\u00f6mine Barbek\u00fc Soba\",\"potentialAction\":[{\"@type\":\"SearchAction\",\"target\":{\"@type\":\"EntryPoint\",\"urlTemplate\":\"https:\\\/\\\/batisomine.com\\\/?s={search_term_string}\"},\"query-input\":{\"@type\":\"PropertyValueSpecification\",\"valueRequired\":true,\"valueName\":\"search_term_string\"}}],\"inLanguage\":\"en-GB\"},{\"@type\":\"Organization\",\"@id\":\"https:\\\/\\\/batisomine.com\\\/#organization\",\"name\":\"Bat\u0131 \u015e\u00f6mine\",\"url\":\"https:\\\/\\\/batisomine.com\\\/\",\"logo\":{\"@type\":\"ImageObject\",\"inLanguage\":\"en-GB\",\"@id\":\"https:\\\/\\\/batisomine.com\\\/#\\\/schema\\\/logo\\\/image\\\/\",\"url\":\"https:\\\/\\\/batisomine.com\\\/wp-content\\\/uploads\\\/2023\\\/12\\\/yatay-logo.png\",\"contentUrl\":\"https:\\\/\\\/batisomine.com\\\/wp-content\\\/uploads\\\/2023\\\/12\\\/yatay-logo.png\",\"width\":447,\"height\":200,\"caption\":\"Bat\u0131 \u015e\u00f6mine\"},\"image\":{\"@id\":\"https:\\\/\\\/batisomine.com\\\/#\\\/schema\\\/logo\\\/image\\\/\"},\"sameAs\":[\"https:\\\/\\\/www.instagram.com\\\/batisomine\\\/\"]}]}<\/script>\n<!-- \/ Yoast SEO plugin. -->","yoast_head_json":{"title":"Artemis Floor Type Fireplace | West Fireplace","description":"Izmir The most accurate address for cast iron fireplace barbecue stove production is Bat\u0131 Fireplace. Oven wood fireplace barbecue design, production and installation","robots":{"index":"index","follow":"follow","max-snippet":"max-snippet:-1","max-image-preview":"max-image-preview:large","max-video-preview":"max-video-preview:-1"},"canonical":"https:\/\/batisomine.com\/en\/somine-models\/centre-nuts\/floor-type-nut\/artemis-floor-type-somine\/","og_locale":"en_GB","og_type":"article","og_title":"Artemis Zemin Tip \u015e\u00f6mine | Bat\u0131 \u015e\u00f6mine","og_description":"\u0130zmir D\u00f6k\u00fcm \u015f\u00f6mine barbek\u00fc soba \u00fcretimi i\u00e7in en do\u011fru adres Bat\u0131 \u015e\u00f6mine. F\u0131r\u0131nl\u0131 odunlu \u015f\u00f6mine barbek\u00fc tasar\u0131m\u0131 \u00fcretimi ve montaj\u0131","og_url":"https:\/\/batisomine.com\/en\/somine-models\/centre-nuts\/floor-type-nut\/artemis-floor-type-somine\/","og_site_name":"Bat\u0131 \u015e\u00f6mine","article_modified_time":"2025-07-24T10:48:58+00:00","og_image":[{"url":"http:\/\/batisomine.com\/wp-content\/uploads\/2023\/12\/zemin-tip-orta-somine-dortgen-.jpg","type":"","width":"","height":""}],"twitter_card":"summary_large_image","twitter_misc":{"Estimated reading time":"2 minutes"},"schema":{"@context":"https:\/\/schema.org","@graph":[{"@type":"WebPage","@id":"https:\/\/batisomine.com\/en\/somine-models\/centre-nuts\/floor-type-nut\/artemis-floor-type-somine\/","url":"https:\/\/batisomine.com\/en\/somine-models\/centre-nuts\/floor-type-nut\/artemis-floor-type-somine\/","name":"Artemis Floor Type Fireplace | West Fireplace","isPartOf":{"@id":"https:\/\/batisomine.com\/#website"},"primaryImageOfPage":{"@id":"https:\/\/batisomine.com\/en\/somine-models\/centre-nuts\/floor-type-nut\/artemis-floor-type-somine\/#primaryimage"},"image":{"@id":"https:\/\/batisomine.com\/en\/somine-models\/centre-nuts\/floor-type-nut\/artemis-floor-type-somine\/#primaryimage"},"thumbnailUrl":"http:\/\/batisomine.com\/wp-content\/uploads\/2023\/12\/zemin-tip-orta-somine-dortgen-.jpg","datePublished":"2023-12-15T10:30:04+00:00","dateModified":"2025-07-24T10:48:58+00:00","description":"Izmir The most accurate address for cast iron fireplace barbecue stove production is Bat\u0131 Fireplace. Oven wood fireplace barbecue design, production and installation","breadcrumb":{"@id":"https:\/\/batisomine.com\/en\/somine-models\/centre-nuts\/floor-type-nut\/artemis-floor-type-somine\/#breadcrumb"},"inLanguage":"en-GB","potentialAction":[{"@type":"ReadAction","target":["https:\/\/batisomine.com\/en\/somine-models\/centre-nuts\/floor-type-nut\/artemis-floor-type-somine\/"]}]},{"@type":"ImageObject","inLanguage":"en-GB","@id":"https:\/\/batisomine.com\/en\/somine-models\/centre-nuts\/floor-type-nut\/artemis-floor-type-somine\/#primaryimage","url":"http:\/\/batisomine.com\/wp-content\/uploads\/2023\/12\/zemin-tip-orta-somine-dortgen-.jpg","contentUrl":"http:\/\/batisomine.com\/wp-content\/uploads\/2023\/12\/zemin-tip-orta-somine-dortgen-.jpg"},{"@type":"BreadcrumbList","@id":"https:\/\/batisomine.com\/en\/somine-models\/centre-nuts\/floor-type-nut\/artemis-floor-type-somine\/#breadcrumb","itemListElement":[{"@type":"ListItem","position":1,"name":"Anasayfa","item":"https:\/\/batisomine.com\/"},{"@type":"ListItem","position":2,"name":"\u015e\u00f6mineler","item":"http:\/\/batisomine.com\/somine-modelleri\/"},{"@type":"ListItem","position":3,"name":"Orta \u015e\u00f6mineler","item":"https:\/\/batisomine.com\/en\/somine-models\/centre-nuts\/"},{"@type":"ListItem","position":4,"name":"Zemin Tip \u015e\u00f6mine","item":"https:\/\/batisomine.com\/en\/somine-models\/centre-nuts\/floor-type-nut\/"},{"@type":"ListItem","position":5,"name":"Artemis Zemin Tip \u015e\u00f6mine"}]},{"@type":"WebSite","@id":"https:\/\/batisomine.com\/#website","url":"https:\/\/batisomine.com\/","name":"Bat\u0131 \u015e\u00f6mine","description":"Cast Iron Fireplace &amp; Barbecue &amp; Stove","publisher":{"@id":"https:\/\/batisomine.com\/#organization"},"alternateName":"\u0130zmir D\u00f6k\u00fcm \u015e\u00f6mine Barbek\u00fc Soba","potentialAction":[{"@type":"SearchAction","target":{"@type":"EntryPoint","urlTemplate":"https:\/\/batisomine.com\/?s={search_term_string}"},"query-input":{"@type":"PropertyValueSpecification","valueRequired":true,"valueName":"search_term_string"}}],"inLanguage":"en-GB"},{"@type":"Organization","@id":"https:\/\/batisomine.com\/#organization","name":"Bat\u0131 \u015e\u00f6mine","url":"https:\/\/batisomine.com\/","logo":{"@type":"ImageObject","inLanguage":"en-GB","@id":"https:\/\/batisomine.com\/#\/schema\/logo\/image\/","url":"https:\/\/batisomine.com\/wp-content\/uploads\/2023\/12\/yatay-logo.png","contentUrl":"https:\/\/batisomine.com\/wp-content\/uploads\/2023\/12\/yatay-logo.png","width":447,"height":200,"caption":"Bat\u0131 \u015e\u00f6mine"},"image":{"@id":"https:\/\/batisomine.com\/#\/schema\/logo\/image\/"},"sameAs":["https:\/\/www.instagram.com\/batisomine\/"]}]}},"_links":{"self":[{"href":"https:\/\/batisomine.com\/en\/wp-json\/wp\/v2\/pages\/1827","targetHints":{"allow":["GET"]}}],"collection":[{"href":"https:\/\/batisomine.com\/en\/wp-json\/wp\/v2\/pages"}],"about":[{"href":"https:\/\/batisomine.com\/en\/wp-json\/wp\/v2\/types\/page"}],"author":[{"embeddable":true,"href":"https:\/\/batisomine.com\/en\/wp-json\/wp\/v2\/users\/3"}],"replies":[{"embeddable":true,"href":"https:\/\/batisomine.com\/en\/wp-json\/wp\/v2\/comments?post=1827"}],"version-history":[{"count":21,"href":"https:\/\/batisomine.com\/en\/wp-json\/wp\/v2\/pages\/1827\/revisions"}],"predecessor-version":[{"id":5262,"href":"https:\/\/batisomine.com\/en\/wp-json\/wp\/v2\/pages\/1827\/revisions\/5262"}],"up":[{"embeddable":true,"href":"https:\/\/batisomine.com\/en\/wp-json\/wp\/v2\/pages\/37"}],"wp:attachment":[{"href":"https:\/\/batisomine.com\/en\/wp-json\/wp\/v2\/media?parent=1827"}],"curies":[{"name":"wp","href":"https:\/\/api.w.org\/{rel}","templated":true}]}}