{"id":2276,"date":"2024-04-11T21:41:15","date_gmt":"2024-04-11T18:41:15","guid":{"rendered":"https:\/\/batisomine.com\/?page_id=2276"},"modified":"2025-02-21T13:18:14","modified_gmt":"2025-02-21T10:18:14","slug":"pagla-130-electric-somine","status":"publish","type":"page","link":"https:\/\/batisomine.com\/en\/somine-models\/electric-nuts\/pagla-series-electric-nuts\/pagla-130-electric-somine\/","title":{"rendered":"Pagla 130 Electric Fireplace"},"content":{"rendered":"<div data-elementor-type=\"wp-page\" data-elementor-id=\"2276\" class=\"elementor elementor-2276\" data-elementor-post-type=\"page\">\n\t\t\t\t<div class=\"elementor-element elementor-element-3d743791 e-flex e-con-boxed e-con e-parent\" data-id=\"3d743791\" data-element_type=\"container\" data-e-type=\"container\">\n\t\t\t\t\t<div class=\"e-con-inner\">\n\t\t<div class=\"elementor-element elementor-element-2ab9761a e-flex e-con-boxed e-con e-child\" data-id=\"2ab9761a\" data-element_type=\"container\" data-e-type=\"container\">\n\t\t\t\t\t<div class=\"e-con-inner\">\n\t\t<div class=\"elementor-element elementor-element-55c41c36 e-con-full e-flex e-con e-child\" data-id=\"55c41c36\" data-element_type=\"container\" data-e-type=\"container\">\n\t\t\t\t<div class=\"elementor-element elementor-element-4a7625cf elementor-widget elementor-widget-image\" data-id=\"4a7625cf\" data-element_type=\"widget\" data-e-type=\"widget\" data-widget_type=\"image.default\">\n\t\t\t\t<div class=\"elementor-widget-container\">\n\t\t\t\t\t\t\t\t\t\t\t\t\t\t\t\t<a href=\"https:\/\/batisomine.com\/wp-content\/uploads\/2024\/04\/pagla-130.jpg\" data-elementor-open-lightbox=\"yes\" data-elementor-lightbox-title=\"pagla 130\" data-e-action-hash=\"#elementor-action%3Aaction%3Dlightbox%26settings%3DeyJpZCI6MjY3MiwidXJsIjoiaHR0cHM6XC9cL2JhdGlzb21pbmUuY29tXC93cC1jb250ZW50XC91cGxvYWRzXC8yMDI0XC8wNFwvcGFnbGEtMTMwLmpwZyJ9\">\n\t\t\t\t\t\t\t<img fetchpriority=\"high\" decoding=\"async\" width=\"845\" height=\"500\" src=\"https:\/\/batisomine.com\/wp-content\/uploads\/2024\/04\/pagla-130.jpg\" class=\"attachment-full size-full wp-image-2672\" alt=\"pagla 130\" srcset=\"https:\/\/batisomine.com\/wp-content\/uploads\/2024\/04\/pagla-130.jpg 845w, https:\/\/batisomine.com\/wp-content\/uploads\/2024\/04\/pagla-130-300x178.jpg 300w, https:\/\/batisomine.com\/wp-content\/uploads\/2024\/04\/pagla-130-768x454.jpg 768w, https:\/\/batisomine.com\/wp-content\/uploads\/2024\/04\/pagla-130-18x12.jpg 18w\" sizes=\"(max-width: 845px) 100vw, 845px\" \/>\t\t\t\t\t\t\t\t<\/a>\n\t\t\t\t\t\t\t\t\t\t\t\t\t\t\t<\/div>\n\t\t\t\t<\/div>\n\t\t\t\t<div class=\"elementor-element elementor-element-9ed2977 elementor-widget elementor-widget-text-editor\" data-id=\"9ed2977\" data-element_type=\"widget\" data-e-type=\"widget\" data-widget_type=\"text-editor.default\">\n\t\t\t\t<div class=\"elementor-widget-container\">\n\t\t\t\t\t\t\t\t\t<div class=\"technical-title\"><div class=\"technical-title\"><div class=\"technical-info\"><p>\u00a0<\/p><\/div><div class=\"dimensions-title\">DIMENSIONS<\/div><div class=\"dimensions-info\"><table border=\"1\" cellspacing=\"1\" cellpadding=\"1\"><tbody><tr><td>PRODUCT DIMENSIONS<\/td><td>130cm x 54cm x 16.5cm<\/td><\/tr><tr><td>PACKAGE DIMENSIONS\u00a0 \u00a0 \u00a0 \u00a0 \u00a0 \u00a0<\/td><td>138cm x 60cm x 20cm<\/td><\/tr><tr><td>WEIGHT<\/td><td>54kg<\/td><\/tr><\/tbody><\/table><\/div><\/div><\/div>\t\t\t\t\t\t\t\t<\/div>\n\t\t\t\t<\/div>\n\t\t\t\t<\/div>\n\t\t<div class=\"elementor-element elementor-element-4f8f1b2a e-con-full e-flex e-con e-child\" data-id=\"4f8f1b2a\" data-element_type=\"container\" data-e-type=\"container\">\n\t\t\t\t<div class=\"elementor-element elementor-element-57354637 elementor-widget elementor-widget-heading\" data-id=\"57354637\" data-element_type=\"widget\" data-e-type=\"widget\" data-widget_type=\"heading.default\">\n\t\t\t\t<div class=\"elementor-widget-container\">\n\t\t\t\t\t<h1 class=\"elementor-heading-title elementor-size-default\">Pagla 130 Electric Fireplace<\/h1>\t\t\t\t<\/div>\n\t\t\t\t<\/div>\n\t\t\t\t<div class=\"elementor-element elementor-element-6cb59653 elementor-widget elementor-widget-heading\" data-id=\"6cb59653\" data-element_type=\"widget\" data-e-type=\"widget\" data-widget_type=\"heading.default\">\n\t\t\t\t<div class=\"elementor-widget-container\">\n\t\t\t\t\t<h3 class=\"elementor-heading-title elementor-size-default\">Electric Fireplace<\/h3>\t\t\t\t<\/div>\n\t\t\t\t<\/div>\n\t\t\t\t<div class=\"elementor-element elementor-element-a957f34 elementor-widget elementor-widget-text-editor\" data-id=\"a957f34\" data-element_type=\"widget\" data-e-type=\"widget\" data-widget_type=\"text-editor.default\">\n\t\t\t\t<div class=\"elementor-widget-container\">\n\t\t\t\t\t\t\t\t\t<div class=\"technical-title\"><div class=\"technical-title\"><div class=\"technical-title\">TECHNICAL SPECIFICATIONS<\/div><div>\u00a0<\/div><div class=\"technical-info\"><p>- Glass Frame<\/p><p>- Heater: 0-2.000W Step Adjustable Heater<\/p><p>- \"Zaya\" App with Phone Control Feature (Free of Charge)<\/p><p>- RF Smart Remote Control<\/p><p>- Touch Screen<\/p><p>- Realistic Flame Colour and Image<\/p><p>- 3d Wood Series and Realistic Wood Colour<\/p><p>- Unlimited Flame and Wood Colour Options (Optional)<\/p><p>- Effect Options<\/p><p>- SMD Power Led Technology<\/p><p>- True (Internal) Fire Melodies<\/p><p>- Unlimited Music Listening via Bluetooth<\/p><p>- High Sound Quality (Dual Speakers)<\/p><p>- Child Lock (Safe Use)<\/p><p>- Timer<\/p><p>- Tempered Glass<\/p><p>- Metal Case<\/p><p>- 100% Domestic Production and Software<\/p><\/div><\/div><\/div>\t\t\t\t\t\t\t\t<\/div>\n\t\t\t\t<\/div>\n\t\t\t\t<\/div>\n\t\t\t\t\t<\/div>\n\t\t\t\t<\/div>\n\t\t\t\t\t<\/div>\n\t\t\t\t<\/div>\n\t\t<div class=\"elementor-element elementor-element-7b4693cc e-flex e-con-boxed e-con e-parent\" data-id=\"7b4693cc\" data-element_type=\"container\" data-e-type=\"container\">\n\t\t\t\t\t<div class=\"e-con-inner\">\n\t\t<div class=\"elementor-element elementor-element-2377f48d e-flex e-con-boxed e-con e-child\" data-id=\"2377f48d\" data-element_type=\"container\" data-e-type=\"container\">\n\t\t\t\t\t<div class=\"e-con-inner\">\n\t\t<div class=\"elementor-element elementor-element-31d3953e e-flex e-con-boxed e-con e-child\" data-id=\"31d3953e\" data-element_type=\"container\" data-e-type=\"container\">\n\t\t\t\t\t<div class=\"e-con-inner\">\n\t\t\t\t<div class=\"elementor-element elementor-element-72a0bcca elementor-widget elementor-widget-heading\" data-id=\"72a0bcca\" data-element_type=\"widget\" data-e-type=\"widget\" data-widget_type=\"heading.default\">\n\t\t\t\t<div class=\"elementor-widget-container\">\n\t\t\t\t\t<h3 class=\"elementor-heading-title elementor-size-default\">Mounting Dimensions<\/h3>\t\t\t\t<\/div>\n\t\t\t\t<\/div>\n\t\t\t\t<div class=\"elementor-element elementor-element-51661732 elementor-widget elementor-widget-image\" data-id=\"51661732\" data-element_type=\"widget\" data-e-type=\"widget\" data-widget_type=\"image.default\">\n\t\t\t\t<div class=\"elementor-widget-container\">\n\t\t\t\t\t\t\t\t\t\t\t\t\t\t\t\t<a href=\"https:\/\/batisomine.com\/wp-content\/uploads\/2024\/04\/Pagla-130luk-Elektrikli-Somine-1.jpg\" data-elementor-open-lightbox=\"yes\" data-elementor-lightbox-title=\"Pagla 130\u2019luk Elektrikli S\u0327o\u0308mine\" data-e-action-hash=\"#elementor-action%3Aaction%3Dlightbox%26settings%3DeyJpZCI6MjI4MSwidXJsIjoiaHR0cHM6XC9cL2JhdGlzb21pbmUuY29tXC93cC1jb250ZW50XC91cGxvYWRzXC8yMDI0XC8wNFwvUGFnbGEtMTMwbHVrLUVsZWt0cmlrbGktU29taW5lLTEuanBnIn0%3D\">\n\t\t\t\t\t\t\t<img decoding=\"async\" width=\"631\" height=\"800\" src=\"https:\/\/batisomine.com\/wp-content\/uploads\/2024\/04\/Pagla-130luk-Elektrikli-Somine-1.jpg\" class=\"attachment-full size-full wp-image-2281\" alt=\"\" srcset=\"https:\/\/batisomine.com\/wp-content\/uploads\/2024\/04\/Pagla-130luk-Elektrikli-Somine-1.jpg 631w, https:\/\/batisomine.com\/wp-content\/uploads\/2024\/04\/Pagla-130luk-Elektrikli-Somine-1-237x300.jpg 237w, https:\/\/batisomine.com\/wp-content\/uploads\/2024\/04\/Pagla-130luk-Elektrikli-Somine-1-9x12.jpg 9w\" sizes=\"(max-width: 631px) 100vw, 631px\" \/>\t\t\t\t\t\t\t\t<\/a>\n\t\t\t\t\t\t\t\t\t\t\t\t\t\t\t<\/div>\n\t\t\t\t<\/div>\n\t\t\t\t\t<\/div>\n\t\t\t\t<\/div>\n\t\t<div class=\"elementor-element elementor-element-5fd4422 e-flex e-con-boxed e-con e-child\" data-id=\"5fd4422\" data-element_type=\"container\" data-e-type=\"container\">\n\t\t\t\t\t<div class=\"e-con-inner\">\n\t\t\t\t<div class=\"elementor-element elementor-element-71e42c1a elementor-widget elementor-widget-heading\" data-id=\"71e42c1a\" data-element_type=\"widget\" data-e-type=\"widget\" data-widget_type=\"heading.default\">\n\t\t\t\t<div class=\"elementor-widget-container\">\n\t\t\t\t\t<h3 class=\"elementor-heading-title elementor-size-default\">Case Appearance<\/h3>\t\t\t\t<\/div>\n\t\t\t\t<\/div>\n\t\t\t\t<div class=\"elementor-element elementor-element-4cb22b31 elementor-widget elementor-widget-image\" data-id=\"4cb22b31\" data-element_type=\"widget\" data-e-type=\"widget\" data-widget_type=\"image.default\">\n\t\t\t\t<div class=\"elementor-widget-container\">\n\t\t\t\t\t\t\t\t\t\t\t\t\t\t\t\t<a href=\"https:\/\/batisomine.com\/wp-content\/uploads\/2024\/04\/Pagla-130luk-Elektrikli-Somine.jpg\" data-elementor-open-lightbox=\"yes\" data-elementor-lightbox-title=\"Pagla 130\u2019luk Elektrikli S\u0327o\u0308mine\" data-e-action-hash=\"#elementor-action%3Aaction%3Dlightbox%26settings%3DeyJpZCI6MjI4MCwidXJsIjoiaHR0cHM6XC9cL2JhdGlzb21pbmUuY29tXC93cC1jb250ZW50XC91cGxvYWRzXC8yMDI0XC8wNFwvUGFnbGEtMTMwbHVrLUVsZWt0cmlrbGktU29taW5lLmpwZyJ9\">\n\t\t\t\t\t\t\t<img decoding=\"async\" width=\"631\" height=\"800\" src=\"https:\/\/batisomine.com\/wp-content\/uploads\/2024\/04\/Pagla-130luk-Elektrikli-Somine.jpg\" class=\"attachment-full size-full wp-image-2280\" alt=\"\" srcset=\"https:\/\/batisomine.com\/wp-content\/uploads\/2024\/04\/Pagla-130luk-Elektrikli-Somine.jpg 631w, https:\/\/batisomine.com\/wp-content\/uploads\/2024\/04\/Pagla-130luk-Elektrikli-Somine-237x300.jpg 237w, https:\/\/batisomine.com\/wp-content\/uploads\/2024\/04\/Pagla-130luk-Elektrikli-Somine-9x12.jpg 9w\" sizes=\"(max-width: 631px) 100vw, 631px\" \/>\t\t\t\t\t\t\t\t<\/a>\n\t\t\t\t\t\t\t\t\t\t\t\t\t\t\t<\/div>\n\t\t\t\t<\/div>\n\t\t\t\t\t<\/div>\n\t\t\t\t<\/div>\n\t\t\t\t\t<\/div>\n\t\t\t\t<\/div>\n\t\t\t\t\t<\/div>\n\t\t\t\t<\/div>\n\t\t\t\t<\/div>","protected":false},"excerpt":{"rendered":"<p>\u00a0 \u00d6L\u00c7\u00dcLER \u00dcR\u00dcN \u00d6L\u00c7\u00dcLER\u0130 130cm x 54cm x 16,5cm AMBALAJ \u00d6L\u00c7\u00dcLER\u0130\u00a0 \u00a0 \u00a0 \u00a0 \u00a0 \u00a0 138cm x 60cm x 20cm A\u011eIRLIK 54kg Elektrikli \u015e\u00f6mine TEKN\u0130K \u00d6ZELL\u0130KLER\u00a0 &#8211; Cam \u00c7er\u00e7eve &#8211; Is\u0131t\u0131c\u0131: 0-2.000W Kademeli Ayarlanabilir Is\u0131t\u0131c\u0131 &#8211; \u201cZaya\u201d App ile Telefondan Kumanda \u00d6zelli\u011fi (\u00dccretsiz) &#8211; RF Ak\u0131ll\u0131 Kumanda &#8211; Dokunmatik Ekran &#8211; Ger\u00e7ek\u00e7i Alev Rengi [&hellip;]<\/p>\n","protected":false},"author":3,"featured_media":0,"parent":2551,"menu_order":0,"comment_status":"closed","ping_status":"closed","template":"","meta":{"footnotes":""},"class_list":["post-2276","page","type-page","status-publish","hentry"],"yoast_head":"<!-- This site is optimized with the Yoast SEO plugin v27.3 - https:\/\/yoast.com\/product\/yoast-seo-wordpress\/ -->\n<title>Pagla 130\u2019luk Elektrikli \u015e\u00f6mine | Bat\u0131 \u015e\u00f6mine<\/title>\n<meta name=\"description\" content=\"\u0130zmir D\u00f6k\u00fcm \u015f\u00f6mine barbek\u00fc soba \u00fcretimi i\u00e7in en do\u011fru adres Bat\u0131 \u015e\u00f6mine. F\u0131r\u0131nl\u0131 odunlu \u015f\u00f6mine barbek\u00fc tasar\u0131m\u0131 \u00fcretimi ve montaj\u0131\" \/>\n<meta name=\"robots\" content=\"index, follow, max-snippet:-1, max-image-preview:large, max-video-preview:-1\" \/>\n<link rel=\"canonical\" href=\"https:\/\/batisomine.com\/en\/somine-models\/electric-nuts\/pagla-series-electric-nuts\/pagla-130-electric-somine\/\" \/>\n<meta property=\"og:locale\" content=\"en_GB\" \/>\n<meta property=\"og:type\" content=\"article\" \/>\n<meta property=\"og:title\" content=\"Pagla 130\u2019luk Elektrikli \u015e\u00f6mine | Bat\u0131 \u015e\u00f6mine\" \/>\n<meta property=\"og:description\" content=\"\u0130zmir D\u00f6k\u00fcm \u015f\u00f6mine barbek\u00fc soba \u00fcretimi i\u00e7in en do\u011fru adres Bat\u0131 \u015e\u00f6mine. F\u0131r\u0131nl\u0131 odunlu \u015f\u00f6mine barbek\u00fc tasar\u0131m\u0131 \u00fcretimi ve montaj\u0131\" \/>\n<meta property=\"og:url\" content=\"https:\/\/batisomine.com\/en\/somine-models\/electric-nuts\/pagla-series-electric-nuts\/pagla-130-electric-somine\/\" \/>\n<meta property=\"og:site_name\" content=\"Bat\u0131 \u015e\u00f6mine\" \/>\n<meta property=\"article:modified_time\" content=\"2025-02-21T10:18:14+00:00\" \/>\n<meta property=\"og:image\" content=\"https:\/\/batisomine.com\/wp-content\/uploads\/2024\/04\/pagla-130.jpg\" \/>\n<meta name=\"twitter:card\" content=\"summary_large_image\" \/>\n<meta name=\"twitter:label1\" content=\"Estimated reading time\" \/>\n\t<meta name=\"twitter:data1\" content=\"2 minutes\" \/>\n<script type=\"application\/ld+json\" class=\"yoast-schema-graph\">{\"@context\":\"https:\\\/\\\/schema.org\",\"@graph\":[{\"@type\":\"WebPage\",\"@id\":\"https:\\\/\\\/batisomine.com\\\/somine-modelleri\\\/elektrikli-somineler\\\/pagla-serisi-elektrikli-somineler\\\/pagla-130luk-elektrikli-somine\\\/\",\"url\":\"https:\\\/\\\/batisomine.com\\\/somine-modelleri\\\/elektrikli-somineler\\\/pagla-serisi-elektrikli-somineler\\\/pagla-130luk-elektrikli-somine\\\/\",\"name\":\"Pagla 130\u2019luk Elektrikli \u015e\u00f6mine | Bat\u0131 \u015e\u00f6mine\",\"isPartOf\":{\"@id\":\"http:\\\/\\\/batisomine.com\\\/#website\"},\"primaryImageOfPage\":{\"@id\":\"https:\\\/\\\/batisomine.com\\\/somine-modelleri\\\/elektrikli-somineler\\\/pagla-serisi-elektrikli-somineler\\\/pagla-130luk-elektrikli-somine\\\/#primaryimage\"},\"image\":{\"@id\":\"https:\\\/\\\/batisomine.com\\\/somine-modelleri\\\/elektrikli-somineler\\\/pagla-serisi-elektrikli-somineler\\\/pagla-130luk-elektrikli-somine\\\/#primaryimage\"},\"thumbnailUrl\":\"https:\\\/\\\/batisomine.com\\\/wp-content\\\/uploads\\\/2024\\\/04\\\/pagla-130.jpg\",\"datePublished\":\"2024-04-11T18:41:15+00:00\",\"dateModified\":\"2025-02-21T10:18:14+00:00\",\"description\":\"\u0130zmir D\u00f6k\u00fcm \u015f\u00f6mine barbek\u00fc soba \u00fcretimi i\u00e7in en do\u011fru adres Bat\u0131 \u015e\u00f6mine. F\u0131r\u0131nl\u0131 odunlu \u015f\u00f6mine barbek\u00fc tasar\u0131m\u0131 \u00fcretimi ve montaj\u0131\",\"breadcrumb\":{\"@id\":\"https:\\\/\\\/batisomine.com\\\/somine-modelleri\\\/elektrikli-somineler\\\/pagla-serisi-elektrikli-somineler\\\/pagla-130luk-elektrikli-somine\\\/#breadcrumb\"},\"inLanguage\":\"en-GB\",\"potentialAction\":[{\"@type\":\"ReadAction\",\"target\":[\"https:\\\/\\\/batisomine.com\\\/somine-modelleri\\\/elektrikli-somineler\\\/pagla-serisi-elektrikli-somineler\\\/pagla-130luk-elektrikli-somine\\\/\"]}]},{\"@type\":\"ImageObject\",\"inLanguage\":\"en-GB\",\"@id\":\"https:\\\/\\\/batisomine.com\\\/somine-modelleri\\\/elektrikli-somineler\\\/pagla-serisi-elektrikli-somineler\\\/pagla-130luk-elektrikli-somine\\\/#primaryimage\",\"url\":\"https:\\\/\\\/batisomine.com\\\/wp-content\\\/uploads\\\/2024\\\/04\\\/pagla-130.jpg\",\"contentUrl\":\"https:\\\/\\\/batisomine.com\\\/wp-content\\\/uploads\\\/2024\\\/04\\\/pagla-130.jpg\"},{\"@type\":\"BreadcrumbList\",\"@id\":\"https:\\\/\\\/batisomine.com\\\/somine-modelleri\\\/elektrikli-somineler\\\/pagla-serisi-elektrikli-somineler\\\/pagla-130luk-elektrikli-somine\\\/#breadcrumb\",\"itemListElement\":[{\"@type\":\"ListItem\",\"position\":1,\"name\":\"Anasayfa\",\"item\":\"http:\\\/\\\/batisomine.com\\\/\"},{\"@type\":\"ListItem\",\"position\":2,\"name\":\"\u015e\u00f6mineler\",\"item\":\"http:\\\/\\\/batisomine.com\\\/en\\\/somine-models\\\/\"},{\"@type\":\"ListItem\",\"position\":3,\"name\":\"Elektrikli \u015e\u00f6mineler\",\"item\":\"https:\\\/\\\/batisomine.com\\\/en\\\/somine-models\\\/electric-nuts\\\/\"},{\"@type\":\"ListItem\",\"position\":4,\"name\":\"Pagla Serisi Elektrikli \u015e\u00f6mineler\",\"item\":\"https:\\\/\\\/batisomine.com\\\/en\\\/somine-models\\\/electric-nuts\\\/pagla-series-electric-nuts\\\/\"},{\"@type\":\"ListItem\",\"position\":5,\"name\":\"Pagla 130\u2019luk Elektrikli \u015e\u00f6mine\"}]},{\"@type\":\"WebSite\",\"@id\":\"http:\\\/\\\/batisomine.com\\\/#website\",\"url\":\"http:\\\/\\\/batisomine.com\\\/\",\"name\":\"Bat\u0131 \u015e\u00f6mine\",\"description\":\"D\u00f6k\u00fcm \u015e\u00f6mine &amp; Barbek\u00fc &amp; Soba\",\"publisher\":{\"@id\":\"http:\\\/\\\/batisomine.com\\\/#organization\"},\"alternateName\":\"\u0130zmir D\u00f6k\u00fcm \u015e\u00f6mine Barbek\u00fc Soba\",\"potentialAction\":[{\"@type\":\"SearchAction\",\"target\":{\"@type\":\"EntryPoint\",\"urlTemplate\":\"http:\\\/\\\/batisomine.com\\\/?s={search_term_string}\"},\"query-input\":{\"@type\":\"PropertyValueSpecification\",\"valueRequired\":true,\"valueName\":\"search_term_string\"}}],\"inLanguage\":\"en-GB\"},{\"@type\":\"Organization\",\"@id\":\"http:\\\/\\\/batisomine.com\\\/#organization\",\"name\":\"Bat\u0131 \u015e\u00f6mine\",\"url\":\"http:\\\/\\\/batisomine.com\\\/\",\"logo\":{\"@type\":\"ImageObject\",\"inLanguage\":\"en-GB\",\"@id\":\"http:\\\/\\\/batisomine.com\\\/#\\\/schema\\\/logo\\\/image\\\/\",\"url\":\"https:\\\/\\\/batisomine.com\\\/wp-content\\\/uploads\\\/2023\\\/12\\\/yatay-logo.png\",\"contentUrl\":\"https:\\\/\\\/batisomine.com\\\/wp-content\\\/uploads\\\/2023\\\/12\\\/yatay-logo.png\",\"width\":447,\"height\":200,\"caption\":\"Bat\u0131 \u015e\u00f6mine\"},\"image\":{\"@id\":\"http:\\\/\\\/batisomine.com\\\/#\\\/schema\\\/logo\\\/image\\\/\"},\"sameAs\":[\"https:\\\/\\\/www.instagram.com\\\/batisomine\\\/\"]}]}<\/script>\n<!-- \/ Yoast SEO plugin. -->","yoast_head_json":{"title":"Pagla 130 Electric Fireplace | West Fireplace","description":"Izmir The most accurate address for cast iron fireplace barbecue stove production is Bat\u0131 Fireplace. Oven wood fireplace barbecue design, production and installation","robots":{"index":"index","follow":"follow","max-snippet":"max-snippet:-1","max-image-preview":"max-image-preview:large","max-video-preview":"max-video-preview:-1"},"canonical":"https:\/\/batisomine.com\/en\/somine-models\/electric-nuts\/pagla-series-electric-nuts\/pagla-130-electric-somine\/","og_locale":"en_GB","og_type":"article","og_title":"Pagla 130\u2019luk Elektrikli \u015e\u00f6mine | Bat\u0131 \u015e\u00f6mine","og_description":"\u0130zmir D\u00f6k\u00fcm \u015f\u00f6mine barbek\u00fc soba \u00fcretimi i\u00e7in en do\u011fru adres Bat\u0131 \u015e\u00f6mine. F\u0131r\u0131nl\u0131 odunlu \u015f\u00f6mine barbek\u00fc tasar\u0131m\u0131 \u00fcretimi ve montaj\u0131","og_url":"https:\/\/batisomine.com\/en\/somine-models\/electric-nuts\/pagla-series-electric-nuts\/pagla-130-electric-somine\/","og_site_name":"Bat\u0131 \u015e\u00f6mine","article_modified_time":"2025-02-21T10:18:14+00:00","og_image":[{"url":"https:\/\/batisomine.com\/wp-content\/uploads\/2024\/04\/pagla-130.jpg","type":"","width":"","height":""}],"twitter_card":"summary_large_image","twitter_misc":{"Estimated reading time":"2 minutes"},"schema":{"@context":"https:\/\/schema.org","@graph":[{"@type":"WebPage","@id":"https:\/\/batisomine.com\/somine-modelleri\/elektrikli-somineler\/pagla-serisi-elektrikli-somineler\/pagla-130luk-elektrikli-somine\/","url":"https:\/\/batisomine.com\/somine-modelleri\/elektrikli-somineler\/pagla-serisi-elektrikli-somineler\/pagla-130luk-elektrikli-somine\/","name":"Pagla 130 Electric Fireplace | West Fireplace","isPartOf":{"@id":"http:\/\/batisomine.com\/#website"},"primaryImageOfPage":{"@id":"https:\/\/batisomine.com\/somine-modelleri\/elektrikli-somineler\/pagla-serisi-elektrikli-somineler\/pagla-130luk-elektrikli-somine\/#primaryimage"},"image":{"@id":"https:\/\/batisomine.com\/somine-modelleri\/elektrikli-somineler\/pagla-serisi-elektrikli-somineler\/pagla-130luk-elektrikli-somine\/#primaryimage"},"thumbnailUrl":"https:\/\/batisomine.com\/wp-content\/uploads\/2024\/04\/pagla-130.jpg","datePublished":"2024-04-11T18:41:15+00:00","dateModified":"2025-02-21T10:18:14+00:00","description":"Izmir The most accurate address for cast iron fireplace barbecue stove production is Bat\u0131 Fireplace. Oven wood fireplace barbecue design, production and installation","breadcrumb":{"@id":"https:\/\/batisomine.com\/somine-modelleri\/elektrikli-somineler\/pagla-serisi-elektrikli-somineler\/pagla-130luk-elektrikli-somine\/#breadcrumb"},"inLanguage":"en-GB","potentialAction":[{"@type":"ReadAction","target":["https:\/\/batisomine.com\/somine-modelleri\/elektrikli-somineler\/pagla-serisi-elektrikli-somineler\/pagla-130luk-elektrikli-somine\/"]}]},{"@type":"ImageObject","inLanguage":"en-GB","@id":"https:\/\/batisomine.com\/somine-modelleri\/elektrikli-somineler\/pagla-serisi-elektrikli-somineler\/pagla-130luk-elektrikli-somine\/#primaryimage","url":"https:\/\/batisomine.com\/wp-content\/uploads\/2024\/04\/pagla-130.jpg","contentUrl":"https:\/\/batisomine.com\/wp-content\/uploads\/2024\/04\/pagla-130.jpg"},{"@type":"BreadcrumbList","@id":"https:\/\/batisomine.com\/somine-modelleri\/elektrikli-somineler\/pagla-serisi-elektrikli-somineler\/pagla-130luk-elektrikli-somine\/#breadcrumb","itemListElement":[{"@type":"ListItem","position":1,"name":"Anasayfa","item":"http:\/\/batisomine.com\/"},{"@type":"ListItem","position":2,"name":"\u015e\u00f6mineler","item":"http:\/\/batisomine.com\/en\/somine-models\/"},{"@type":"ListItem","position":3,"name":"Elektrikli \u015e\u00f6mineler","item":"https:\/\/batisomine.com\/en\/somine-models\/electric-nuts\/"},{"@type":"ListItem","position":4,"name":"Pagla Serisi Elektrikli \u015e\u00f6mineler","item":"https:\/\/batisomine.com\/en\/somine-models\/electric-nuts\/pagla-series-electric-nuts\/"},{"@type":"ListItem","position":5,"name":"Pagla 130\u2019luk Elektrikli \u015e\u00f6mine"}]},{"@type":"WebSite","@id":"http:\/\/batisomine.com\/#website","url":"http:\/\/batisomine.com\/","name":"Bat\u0131 \u015e\u00f6mine","description":"Cast Iron Fireplace &amp; Barbecue &amp; Stove","publisher":{"@id":"http:\/\/batisomine.com\/#organization"},"alternateName":"\u0130zmir D\u00f6k\u00fcm \u015e\u00f6mine Barbek\u00fc Soba","potentialAction":[{"@type":"SearchAction","target":{"@type":"EntryPoint","urlTemplate":"http:\/\/batisomine.com\/?s={search_term_string}"},"query-input":{"@type":"PropertyValueSpecification","valueRequired":true,"valueName":"search_term_string"}}],"inLanguage":"en-GB"},{"@type":"Organization","@id":"http:\/\/batisomine.com\/#organization","name":"Bat\u0131 \u015e\u00f6mine","url":"http:\/\/batisomine.com\/","logo":{"@type":"ImageObject","inLanguage":"en-GB","@id":"http:\/\/batisomine.com\/#\/schema\/logo\/image\/","url":"https:\/\/batisomine.com\/wp-content\/uploads\/2023\/12\/yatay-logo.png","contentUrl":"https:\/\/batisomine.com\/wp-content\/uploads\/2023\/12\/yatay-logo.png","width":447,"height":200,"caption":"Bat\u0131 \u015e\u00f6mine"},"image":{"@id":"http:\/\/batisomine.com\/#\/schema\/logo\/image\/"},"sameAs":["https:\/\/www.instagram.com\/batisomine\/"]}]}},"_links":{"self":[{"href":"https:\/\/batisomine.com\/en\/wp-json\/wp\/v2\/pages\/2276","targetHints":{"allow":["GET"]}}],"collection":[{"href":"https:\/\/batisomine.com\/en\/wp-json\/wp\/v2\/pages"}],"about":[{"href":"https:\/\/batisomine.com\/en\/wp-json\/wp\/v2\/types\/page"}],"author":[{"embeddable":true,"href":"https:\/\/batisomine.com\/en\/wp-json\/wp\/v2\/users\/3"}],"replies":[{"embeddable":true,"href":"https:\/\/batisomine.com\/en\/wp-json\/wp\/v2\/comments?post=2276"}],"version-history":[{"count":16,"href":"https:\/\/batisomine.com\/en\/wp-json\/wp\/v2\/pages\/2276\/revisions"}],"predecessor-version":[{"id":3834,"href":"https:\/\/batisomine.com\/en\/wp-json\/wp\/v2\/pages\/2276\/revisions\/3834"}],"up":[{"embeddable":true,"href":"https:\/\/batisomine.com\/en\/wp-json\/wp\/v2\/pages\/2551"}],"wp:attachment":[{"href":"https:\/\/batisomine.com\/en\/wp-json\/wp\/v2\/media?parent=2276"}],"curies":[{"name":"wp","href":"https:\/\/api.w.org\/{rel}","templated":true}]}}