{"id":2383,"date":"2024-04-13T18:47:00","date_gmt":"2024-04-13T15:47:00","guid":{"rendered":"https:\/\/batisomine.com\/?page_id=2383"},"modified":"2025-02-21T13:18:13","modified_gmt":"2025-02-21T10:18:13","slug":"alaf-80-electric-somine","status":"publish","type":"page","link":"https:\/\/batisomine.com\/en\/somine-models\/electric-nuts\/alaf-series-electric-nuts\/alaf-80-electric-somine\/","title":{"rendered":"Alaf 80 Electric Fireplace"},"content":{"rendered":"<div data-elementor-type=\"wp-page\" data-elementor-id=\"2383\" class=\"elementor elementor-2383\" data-elementor-post-type=\"page\">\n\t\t\t\t<div class=\"elementor-element elementor-element-9eb2fdb e-flex e-con-boxed e-con e-parent\" data-id=\"9eb2fdb\" data-element_type=\"container\" data-e-type=\"container\">\n\t\t\t\t\t<div class=\"e-con-inner\">\n\t\t<div class=\"elementor-element elementor-element-48272435 e-flex e-con-boxed e-con e-child\" data-id=\"48272435\" data-element_type=\"container\" data-e-type=\"container\">\n\t\t\t\t\t<div class=\"e-con-inner\">\n\t\t<div class=\"elementor-element elementor-element-6381895e e-con-full e-flex e-con e-child\" data-id=\"6381895e\" data-element_type=\"container\" data-e-type=\"container\">\n\t\t\t\t<div class=\"elementor-element elementor-element-5c0d857c elementor-widget elementor-widget-image\" data-id=\"5c0d857c\" data-element_type=\"widget\" data-e-type=\"widget\" data-widget_type=\"image.default\">\n\t\t\t\t<div class=\"elementor-widget-container\">\n\t\t\t\t\t\t\t\t\t\t\t\t\t\t\t\t<a href=\"https:\/\/batisomine.com\/wp-content\/uploads\/2024\/04\/alaf-80.jpg\" data-elementor-open-lightbox=\"yes\" data-elementor-lightbox-title=\"alaf 80\" data-e-action-hash=\"#elementor-action%3Aaction%3Dlightbox%26settings%3DeyJpZCI6MjY5OCwidXJsIjoiaHR0cHM6XC9cL2JhdGlzb21pbmUuY29tXC93cC1jb250ZW50XC91cGxvYWRzXC8yMDI0XC8wNFwvYWxhZi04MC5qcGcifQ%3D%3D\">\n\t\t\t\t\t\t\t<img fetchpriority=\"high\" decoding=\"async\" width=\"845\" height=\"500\" src=\"https:\/\/batisomine.com\/wp-content\/uploads\/2024\/04\/alaf-80.jpg\" class=\"attachment-full size-full wp-image-2698\" alt=\"alaf 80\" srcset=\"https:\/\/batisomine.com\/wp-content\/uploads\/2024\/04\/alaf-80.jpg 845w, https:\/\/batisomine.com\/wp-content\/uploads\/2024\/04\/alaf-80-300x178.jpg 300w, https:\/\/batisomine.com\/wp-content\/uploads\/2024\/04\/alaf-80-768x454.jpg 768w, https:\/\/batisomine.com\/wp-content\/uploads\/2024\/04\/alaf-80-18x12.jpg 18w\" sizes=\"(max-width: 845px) 100vw, 845px\" \/>\t\t\t\t\t\t\t\t<\/a>\n\t\t\t\t\t\t\t\t\t\t\t\t\t\t\t<\/div>\n\t\t\t\t<\/div>\n\t\t\t\t<\/div>\n\t\t<div class=\"elementor-element elementor-element-3e55b668 e-con-full e-flex e-con e-child\" data-id=\"3e55b668\" data-element_type=\"container\" data-e-type=\"container\">\n\t\t\t\t<div class=\"elementor-element elementor-element-7f0b0853 elementor-widget elementor-widget-heading\" data-id=\"7f0b0853\" data-element_type=\"widget\" data-e-type=\"widget\" data-widget_type=\"heading.default\">\n\t\t\t\t<div class=\"elementor-widget-container\">\n\t\t\t\t\t<h1 class=\"elementor-heading-title elementor-size-default\">Alaf 80 Electric Fireplace<\/h1>\t\t\t\t<\/div>\n\t\t\t\t<\/div>\n\t\t\t\t<div class=\"elementor-element elementor-element-fcc1298 elementor-widget elementor-widget-heading\" data-id=\"fcc1298\" data-element_type=\"widget\" data-e-type=\"widget\" data-widget_type=\"heading.default\">\n\t\t\t\t<div class=\"elementor-widget-container\">\n\t\t\t\t\t<h3 class=\"elementor-heading-title elementor-size-default\">Electric Fireplace<\/h3>\t\t\t\t<\/div>\n\t\t\t\t<\/div>\n\t\t\t\t<div class=\"elementor-element elementor-element-476d3a2 elementor-widget elementor-widget-text-editor\" data-id=\"476d3a2\" data-element_type=\"widget\" data-e-type=\"widget\" data-widget_type=\"text-editor.default\">\n\t\t\t\t<div class=\"elementor-widget-container\">\n\t\t\t\t\t\t\t\t\t<div class=\"technical-title\"><div class=\"technical-title\">TECHNICAL SPECIFICATIONS<\/div><div>\u00a0<\/div><div class=\"technical-info\"><p>- Metal Frame<\/p><p>- Heater: 0-2.000W Step Adjustable Heater<\/p><p>- \"Zaya\" App with Phone Control Feature (Free of Charge)<\/p><p>- RF Smart Remote Control<\/p><p>- Touch Panel<\/p><p>- Realistic Flame Colour and Image<\/p><p>- 3d Wood Series and Realistic Wood Colour<\/p><p>- Unlimited Flame and Wood Colour Options (Optional)<\/p><p>- Effect Options<\/p><p>- SMD Power Led Technology<\/p><p>- True (Internal) Fire Melodies<\/p><p>- Unlimited Music Listening via Bluetooth<\/p><p>- High Sound Quality (Dual Speakers)<\/p><p>- Child Lock (Safe Use)<\/p><p>- Timer<\/p><p>- Tempered Glass<\/p><p>- Metal Case<\/p><p>- 100% Domestic Production and Software<\/p><\/div><\/div>\t\t\t\t\t\t\t\t<\/div>\n\t\t\t\t<\/div>\n\t\t\t\t<\/div>\n\t\t\t\t\t<\/div>\n\t\t\t\t<\/div>\n\t\t\t\t\t<\/div>\n\t\t\t\t<\/div>\n\t\t<div class=\"elementor-element elementor-element-82561bc e-flex e-con-boxed e-con e-parent\" data-id=\"82561bc\" data-element_type=\"container\" data-e-type=\"container\">\n\t\t\t\t\t<div class=\"e-con-inner\">\n\t\t<div class=\"elementor-element elementor-element-5f0b9503 e-flex e-con-boxed e-con e-child\" data-id=\"5f0b9503\" data-element_type=\"container\" data-e-type=\"container\">\n\t\t\t\t\t<div class=\"e-con-inner\">\n\t\t<div class=\"elementor-element elementor-element-2ec89e71 e-flex e-con-boxed e-con e-child\" data-id=\"2ec89e71\" data-element_type=\"container\" data-e-type=\"container\">\n\t\t\t\t\t<div class=\"e-con-inner\">\n\t\t\t\t<div class=\"elementor-element elementor-element-56859c38 elementor-widget elementor-widget-heading\" data-id=\"56859c38\" data-element_type=\"widget\" data-e-type=\"widget\" data-widget_type=\"heading.default\">\n\t\t\t\t<div class=\"elementor-widget-container\">\n\t\t\t\t\t<h3 class=\"elementor-heading-title elementor-size-default\">Mounting Dimensions<\/h3>\t\t\t\t<\/div>\n\t\t\t\t<\/div>\n\t\t\t\t<div class=\"elementor-element elementor-element-36fc0f47 elementor-widget elementor-widget-image\" data-id=\"36fc0f47\" data-element_type=\"widget\" data-e-type=\"widget\" data-widget_type=\"image.default\">\n\t\t\t\t<div class=\"elementor-widget-container\">\n\t\t\t\t\t\t\t\t\t\t\t\t\t\t\t\t<a href=\"https:\/\/batisomine.com\/wp-content\/uploads\/2024\/04\/Alaf-80lik-Elektrikli-Somine-1.jpg\" data-elementor-open-lightbox=\"yes\" data-elementor-lightbox-title=\"Alaf 80\u2019lik Elektrikli S\u0327o\u0308mine\" data-e-action-hash=\"#elementor-action%3Aaction%3Dlightbox%26settings%3DeyJpZCI6MjM4OCwidXJsIjoiaHR0cHM6XC9cL2JhdGlzb21pbmUuY29tXC93cC1jb250ZW50XC91cGxvYWRzXC8yMDI0XC8wNFwvQWxhZi04MGxpay1FbGVrdHJpa2xpLVNvbWluZS0xLmpwZyJ9\">\n\t\t\t\t\t\t\t<img decoding=\"async\" width=\"631\" height=\"800\" src=\"https:\/\/batisomine.com\/wp-content\/uploads\/2024\/04\/Alaf-80lik-Elektrikli-Somine-1.jpg\" class=\"attachment-full size-full wp-image-2388\" alt=\"\" srcset=\"https:\/\/batisomine.com\/wp-content\/uploads\/2024\/04\/Alaf-80lik-Elektrikli-Somine-1.jpg 631w, https:\/\/batisomine.com\/wp-content\/uploads\/2024\/04\/Alaf-80lik-Elektrikli-Somine-1-237x300.jpg 237w, https:\/\/batisomine.com\/wp-content\/uploads\/2024\/04\/Alaf-80lik-Elektrikli-Somine-1-9x12.jpg 9w\" sizes=\"(max-width: 631px) 100vw, 631px\" \/>\t\t\t\t\t\t\t\t<\/a>\n\t\t\t\t\t\t\t\t\t\t\t\t\t\t\t<\/div>\n\t\t\t\t<\/div>\n\t\t\t\t\t<\/div>\n\t\t\t\t<\/div>\n\t\t<div class=\"elementor-element elementor-element-4a437ff0 e-flex e-con-boxed e-con e-child\" data-id=\"4a437ff0\" data-element_type=\"container\" data-e-type=\"container\">\n\t\t\t\t\t<div class=\"e-con-inner\">\n\t\t\t\t<div class=\"elementor-element elementor-element-1f9d63d1 elementor-widget elementor-widget-heading\" data-id=\"1f9d63d1\" data-element_type=\"widget\" data-e-type=\"widget\" data-widget_type=\"heading.default\">\n\t\t\t\t<div class=\"elementor-widget-container\">\n\t\t\t\t\t<h3 class=\"elementor-heading-title elementor-size-default\">Case Appearance<\/h3>\t\t\t\t<\/div>\n\t\t\t\t<\/div>\n\t\t\t\t<div class=\"elementor-element elementor-element-6e1355c5 elementor-widget elementor-widget-image\" data-id=\"6e1355c5\" data-element_type=\"widget\" data-e-type=\"widget\" data-widget_type=\"image.default\">\n\t\t\t\t<div class=\"elementor-widget-container\">\n\t\t\t\t\t\t\t\t\t\t\t\t\t\t\t\t<a href=\"https:\/\/batisomine.com\/wp-content\/uploads\/2024\/04\/Alaf-80lik-Elektrikli-Somine.jpg\" data-elementor-open-lightbox=\"yes\" data-elementor-lightbox-title=\"Alaf 80\u2019lik Elektrikli S\u0327o\u0308mine\" data-e-action-hash=\"#elementor-action%3Aaction%3Dlightbox%26settings%3DeyJpZCI6MjM4NywidXJsIjoiaHR0cHM6XC9cL2JhdGlzb21pbmUuY29tXC93cC1jb250ZW50XC91cGxvYWRzXC8yMDI0XC8wNFwvQWxhZi04MGxpay1FbGVrdHJpa2xpLVNvbWluZS5qcGcifQ%3D%3D\">\n\t\t\t\t\t\t\t<img decoding=\"async\" width=\"631\" height=\"800\" src=\"https:\/\/batisomine.com\/wp-content\/uploads\/2024\/04\/Alaf-80lik-Elektrikli-Somine.jpg\" class=\"attachment-full size-full wp-image-2387\" alt=\"\" srcset=\"https:\/\/batisomine.com\/wp-content\/uploads\/2024\/04\/Alaf-80lik-Elektrikli-Somine.jpg 631w, https:\/\/batisomine.com\/wp-content\/uploads\/2024\/04\/Alaf-80lik-Elektrikli-Somine-237x300.jpg 237w, https:\/\/batisomine.com\/wp-content\/uploads\/2024\/04\/Alaf-80lik-Elektrikli-Somine-9x12.jpg 9w\" sizes=\"(max-width: 631px) 100vw, 631px\" \/>\t\t\t\t\t\t\t\t<\/a>\n\t\t\t\t\t\t\t\t\t\t\t\t\t\t\t<\/div>\n\t\t\t\t<\/div>\n\t\t\t\t\t<\/div>\n\t\t\t\t<\/div>\n\t\t\t\t\t<\/div>\n\t\t\t\t<\/div>\n\t\t\t\t\t<\/div>\n\t\t\t\t<\/div>\n\t\t\t\t<\/div>","protected":false},"excerpt":{"rendered":"<p>Elektrikli \u015e\u00f6mine TEKN\u0130K \u00d6ZELL\u0130KLER\u00a0 &#8211; Metal \u00c7er\u00e7eve &#8211; Is\u0131t\u0131c\u0131: 0-2.000W Kademeli Ayarlanabilir Is\u0131t\u0131c\u0131 &#8211; \u201cZaya\u201d App ile Telefondan Kumanda \u00d6zelli\u011fi (\u00dccretsiz) &#8211; RF Ak\u0131ll\u0131 Kumanda &#8211; Dokunmatik Panel &#8211; Ger\u00e7ek\u00e7i Alev Rengi ve G\u00f6rseli &#8211; 3d Odun Serisi ve Ger\u00e7ek\u00e7i Odun Rengi &#8211; S\u0131n\u0131rs\u0131z Alev ve Odun Renk Se\u00e7ene\u011fi (Opsiyonel) &#8211; Efekt Se\u00e7enekleri &#8211; SMD [&hellip;]<\/p>\n","protected":false},"author":3,"featured_media":0,"parent":2543,"menu_order":0,"comment_status":"closed","ping_status":"closed","template":"","meta":{"footnotes":""},"class_list":["post-2383","page","type-page","status-publish","hentry"],"yoast_head":"<!-- This site is optimized with the Yoast SEO plugin v27.5 - https:\/\/yoast.com\/product\/yoast-seo-wordpress\/ -->\n<title>Alaf 80\u2019lik Elektrikli \u015e\u00f6mine | Bat\u0131 \u015e\u00f6mine<\/title>\n<meta name=\"description\" content=\"\u0130zmir D\u00f6k\u00fcm \u015f\u00f6mine barbek\u00fc soba \u00fcretimi i\u00e7in en do\u011fru adres Bat\u0131 \u015e\u00f6mine. F\u0131r\u0131nl\u0131 odunlu \u015f\u00f6mine barbek\u00fc tasar\u0131m\u0131 \u00fcretimi ve montaj\u0131\" \/>\n<meta name=\"robots\" content=\"index, follow, max-snippet:-1, max-image-preview:large, max-video-preview:-1\" \/>\n<link rel=\"canonical\" href=\"https:\/\/batisomine.com\/en\/somine-models\/electric-nuts\/alaf-series-electric-nuts\/alaf-80-electric-somine\/\" \/>\n<meta property=\"og:locale\" content=\"en_GB\" \/>\n<meta property=\"og:type\" content=\"article\" \/>\n<meta property=\"og:title\" content=\"Alaf 80\u2019lik Elektrikli \u015e\u00f6mine | Bat\u0131 \u015e\u00f6mine\" \/>\n<meta property=\"og:description\" content=\"\u0130zmir D\u00f6k\u00fcm \u015f\u00f6mine barbek\u00fc soba \u00fcretimi i\u00e7in en do\u011fru adres Bat\u0131 \u015e\u00f6mine. F\u0131r\u0131nl\u0131 odunlu \u015f\u00f6mine barbek\u00fc tasar\u0131m\u0131 \u00fcretimi ve montaj\u0131\" \/>\n<meta property=\"og:url\" content=\"https:\/\/batisomine.com\/en\/somine-models\/electric-nuts\/alaf-series-electric-nuts\/alaf-80-electric-somine\/\" \/>\n<meta property=\"og:site_name\" content=\"Bat\u0131 \u015e\u00f6mine\" \/>\n<meta property=\"article:modified_time\" content=\"2025-02-21T10:18:13+00:00\" \/>\n<meta property=\"og:image\" content=\"https:\/\/batisomine.com\/wp-content\/uploads\/2024\/04\/alaf-80.jpg\" \/>\n<meta name=\"twitter:card\" content=\"summary_large_image\" \/>\n<meta name=\"twitter:label1\" content=\"Estimated reading time\" \/>\n\t<meta name=\"twitter:data1\" content=\"2 minutes\" \/>\n<script type=\"application\/ld+json\" class=\"yoast-schema-graph\">{\"@context\":\"https:\\\/\\\/schema.org\",\"@graph\":[{\"@type\":\"WebPage\",\"@id\":\"https:\\\/\\\/batisomine.com\\\/en\\\/somine-models\\\/electric-nuts\\\/alaf-series-electric-nuts\\\/alaf-80-electric-somine\\\/\",\"url\":\"https:\\\/\\\/batisomine.com\\\/en\\\/somine-models\\\/electric-nuts\\\/alaf-series-electric-nuts\\\/alaf-80-electric-somine\\\/\",\"name\":\"Alaf 80\u2019lik Elektrikli \u015e\u00f6mine | Bat\u0131 \u015e\u00f6mine\",\"isPartOf\":{\"@id\":\"https:\\\/\\\/batisomine.com\\\/#website\"},\"primaryImageOfPage\":{\"@id\":\"https:\\\/\\\/batisomine.com\\\/en\\\/somine-models\\\/electric-nuts\\\/alaf-series-electric-nuts\\\/alaf-80-electric-somine\\\/#primaryimage\"},\"image\":{\"@id\":\"https:\\\/\\\/batisomine.com\\\/en\\\/somine-models\\\/electric-nuts\\\/alaf-series-electric-nuts\\\/alaf-80-electric-somine\\\/#primaryimage\"},\"thumbnailUrl\":\"https:\\\/\\\/batisomine.com\\\/wp-content\\\/uploads\\\/2024\\\/04\\\/alaf-80.jpg\",\"datePublished\":\"2024-04-13T15:47:00+00:00\",\"dateModified\":\"2025-02-21T10:18:13+00:00\",\"description\":\"\u0130zmir D\u00f6k\u00fcm \u015f\u00f6mine barbek\u00fc soba \u00fcretimi i\u00e7in en do\u011fru adres Bat\u0131 \u015e\u00f6mine. F\u0131r\u0131nl\u0131 odunlu \u015f\u00f6mine barbek\u00fc tasar\u0131m\u0131 \u00fcretimi ve montaj\u0131\",\"breadcrumb\":{\"@id\":\"https:\\\/\\\/batisomine.com\\\/en\\\/somine-models\\\/electric-nuts\\\/alaf-series-electric-nuts\\\/alaf-80-electric-somine\\\/#breadcrumb\"},\"inLanguage\":\"en-GB\",\"potentialAction\":[{\"@type\":\"ReadAction\",\"target\":[\"https:\\\/\\\/batisomine.com\\\/en\\\/somine-models\\\/electric-nuts\\\/alaf-series-electric-nuts\\\/alaf-80-electric-somine\\\/\"]}]},{\"@type\":\"ImageObject\",\"inLanguage\":\"en-GB\",\"@id\":\"https:\\\/\\\/batisomine.com\\\/en\\\/somine-models\\\/electric-nuts\\\/alaf-series-electric-nuts\\\/alaf-80-electric-somine\\\/#primaryimage\",\"url\":\"https:\\\/\\\/batisomine.com\\\/wp-content\\\/uploads\\\/2024\\\/04\\\/alaf-80.jpg\",\"contentUrl\":\"https:\\\/\\\/batisomine.com\\\/wp-content\\\/uploads\\\/2024\\\/04\\\/alaf-80.jpg\"},{\"@type\":\"BreadcrumbList\",\"@id\":\"https:\\\/\\\/batisomine.com\\\/en\\\/somine-models\\\/electric-nuts\\\/alaf-series-electric-nuts\\\/alaf-80-electric-somine\\\/#breadcrumb\",\"itemListElement\":[{\"@type\":\"ListItem\",\"position\":1,\"name\":\"Anasayfa\",\"item\":\"https:\\\/\\\/batisomine.com\\\/\"},{\"@type\":\"ListItem\",\"position\":2,\"name\":\"\u015e\u00f6mineler\",\"item\":\"http:\\\/\\\/batisomine.com\\\/somine-modelleri\\\/\"},{\"@type\":\"ListItem\",\"position\":3,\"name\":\"Elektrikli \u015e\u00f6mineler\",\"item\":\"https:\\\/\\\/batisomine.com\\\/en\\\/somine-models\\\/electric-nuts\\\/\"},{\"@type\":\"ListItem\",\"position\":4,\"name\":\"Alaf Serisi Elektrikli \u015e\u00f6mineler\",\"item\":\"https:\\\/\\\/batisomine.com\\\/en\\\/somine-models\\\/electric-nuts\\\/alaf-series-electric-nuts\\\/\"},{\"@type\":\"ListItem\",\"position\":5,\"name\":\"Alaf 80\u2019lik Elektrikli \u015e\u00f6mine\"}]},{\"@type\":\"WebSite\",\"@id\":\"https:\\\/\\\/batisomine.com\\\/#website\",\"url\":\"https:\\\/\\\/batisomine.com\\\/\",\"name\":\"Bat\u0131 \u015e\u00f6mine\",\"description\":\"D\u00f6k\u00fcm \u015e\u00f6mine &amp; Barbek\u00fc &amp; Soba\",\"publisher\":{\"@id\":\"https:\\\/\\\/batisomine.com\\\/#organization\"},\"alternateName\":\"\u0130zmir D\u00f6k\u00fcm \u015e\u00f6mine Barbek\u00fc Soba\",\"potentialAction\":[{\"@type\":\"SearchAction\",\"target\":{\"@type\":\"EntryPoint\",\"urlTemplate\":\"https:\\\/\\\/batisomine.com\\\/?s={search_term_string}\"},\"query-input\":{\"@type\":\"PropertyValueSpecification\",\"valueRequired\":true,\"valueName\":\"search_term_string\"}}],\"inLanguage\":\"en-GB\"},{\"@type\":\"Organization\",\"@id\":\"https:\\\/\\\/batisomine.com\\\/#organization\",\"name\":\"Bat\u0131 \u015e\u00f6mine\",\"url\":\"https:\\\/\\\/batisomine.com\\\/\",\"logo\":{\"@type\":\"ImageObject\",\"inLanguage\":\"en-GB\",\"@id\":\"https:\\\/\\\/batisomine.com\\\/#\\\/schema\\\/logo\\\/image\\\/\",\"url\":\"https:\\\/\\\/batisomine.com\\\/wp-content\\\/uploads\\\/2023\\\/12\\\/yatay-logo.png\",\"contentUrl\":\"https:\\\/\\\/batisomine.com\\\/wp-content\\\/uploads\\\/2023\\\/12\\\/yatay-logo.png\",\"width\":447,\"height\":200,\"caption\":\"Bat\u0131 \u015e\u00f6mine\"},\"image\":{\"@id\":\"https:\\\/\\\/batisomine.com\\\/#\\\/schema\\\/logo\\\/image\\\/\"},\"sameAs\":[\"https:\\\/\\\/www.instagram.com\\\/batisomine\\\/\"]}]}<\/script>\n<!-- \/ Yoast SEO plugin. -->","yoast_head_json":{"title":"Alaf 80 Electric Fireplace | West Fireplace","description":"Izmir The most accurate address for cast iron fireplace barbecue stove production is Bat\u0131 Fireplace. Oven wood fireplace barbecue design, production and installation","robots":{"index":"index","follow":"follow","max-snippet":"max-snippet:-1","max-image-preview":"max-image-preview:large","max-video-preview":"max-video-preview:-1"},"canonical":"https:\/\/batisomine.com\/en\/somine-models\/electric-nuts\/alaf-series-electric-nuts\/alaf-80-electric-somine\/","og_locale":"en_GB","og_type":"article","og_title":"Alaf 80\u2019lik Elektrikli \u015e\u00f6mine | Bat\u0131 \u015e\u00f6mine","og_description":"\u0130zmir D\u00f6k\u00fcm \u015f\u00f6mine barbek\u00fc soba \u00fcretimi i\u00e7in en do\u011fru adres Bat\u0131 \u015e\u00f6mine. F\u0131r\u0131nl\u0131 odunlu \u015f\u00f6mine barbek\u00fc tasar\u0131m\u0131 \u00fcretimi ve montaj\u0131","og_url":"https:\/\/batisomine.com\/en\/somine-models\/electric-nuts\/alaf-series-electric-nuts\/alaf-80-electric-somine\/","og_site_name":"Bat\u0131 \u015e\u00f6mine","article_modified_time":"2025-02-21T10:18:13+00:00","og_image":[{"url":"https:\/\/batisomine.com\/wp-content\/uploads\/2024\/04\/alaf-80.jpg","type":"","width":"","height":""}],"twitter_card":"summary_large_image","twitter_misc":{"Estimated reading time":"2 minutes"},"schema":{"@context":"https:\/\/schema.org","@graph":[{"@type":"WebPage","@id":"https:\/\/batisomine.com\/en\/somine-models\/electric-nuts\/alaf-series-electric-nuts\/alaf-80-electric-somine\/","url":"https:\/\/batisomine.com\/en\/somine-models\/electric-nuts\/alaf-series-electric-nuts\/alaf-80-electric-somine\/","name":"Alaf 80 Electric Fireplace | West Fireplace","isPartOf":{"@id":"https:\/\/batisomine.com\/#website"},"primaryImageOfPage":{"@id":"https:\/\/batisomine.com\/en\/somine-models\/electric-nuts\/alaf-series-electric-nuts\/alaf-80-electric-somine\/#primaryimage"},"image":{"@id":"https:\/\/batisomine.com\/en\/somine-models\/electric-nuts\/alaf-series-electric-nuts\/alaf-80-electric-somine\/#primaryimage"},"thumbnailUrl":"https:\/\/batisomine.com\/wp-content\/uploads\/2024\/04\/alaf-80.jpg","datePublished":"2024-04-13T15:47:00+00:00","dateModified":"2025-02-21T10:18:13+00:00","description":"Izmir The most accurate address for cast iron fireplace barbecue stove production is Bat\u0131 Fireplace. Oven wood fireplace barbecue design, production and installation","breadcrumb":{"@id":"https:\/\/batisomine.com\/en\/somine-models\/electric-nuts\/alaf-series-electric-nuts\/alaf-80-electric-somine\/#breadcrumb"},"inLanguage":"en-GB","potentialAction":[{"@type":"ReadAction","target":["https:\/\/batisomine.com\/en\/somine-models\/electric-nuts\/alaf-series-electric-nuts\/alaf-80-electric-somine\/"]}]},{"@type":"ImageObject","inLanguage":"en-GB","@id":"https:\/\/batisomine.com\/en\/somine-models\/electric-nuts\/alaf-series-electric-nuts\/alaf-80-electric-somine\/#primaryimage","url":"https:\/\/batisomine.com\/wp-content\/uploads\/2024\/04\/alaf-80.jpg","contentUrl":"https:\/\/batisomine.com\/wp-content\/uploads\/2024\/04\/alaf-80.jpg"},{"@type":"BreadcrumbList","@id":"https:\/\/batisomine.com\/en\/somine-models\/electric-nuts\/alaf-series-electric-nuts\/alaf-80-electric-somine\/#breadcrumb","itemListElement":[{"@type":"ListItem","position":1,"name":"Anasayfa","item":"https:\/\/batisomine.com\/"},{"@type":"ListItem","position":2,"name":"\u015e\u00f6mineler","item":"http:\/\/batisomine.com\/somine-modelleri\/"},{"@type":"ListItem","position":3,"name":"Elektrikli \u015e\u00f6mineler","item":"https:\/\/batisomine.com\/en\/somine-models\/electric-nuts\/"},{"@type":"ListItem","position":4,"name":"Alaf Serisi Elektrikli \u015e\u00f6mineler","item":"https:\/\/batisomine.com\/en\/somine-models\/electric-nuts\/alaf-series-electric-nuts\/"},{"@type":"ListItem","position":5,"name":"Alaf 80\u2019lik Elektrikli \u015e\u00f6mine"}]},{"@type":"WebSite","@id":"https:\/\/batisomine.com\/#website","url":"https:\/\/batisomine.com\/","name":"Bat\u0131 \u015e\u00f6mine","description":"Cast Iron Fireplace &amp; Barbecue &amp; Stove","publisher":{"@id":"https:\/\/batisomine.com\/#organization"},"alternateName":"\u0130zmir D\u00f6k\u00fcm \u015e\u00f6mine Barbek\u00fc Soba","potentialAction":[{"@type":"SearchAction","target":{"@type":"EntryPoint","urlTemplate":"https:\/\/batisomine.com\/?s={search_term_string}"},"query-input":{"@type":"PropertyValueSpecification","valueRequired":true,"valueName":"search_term_string"}}],"inLanguage":"en-GB"},{"@type":"Organization","@id":"https:\/\/batisomine.com\/#organization","name":"Bat\u0131 \u015e\u00f6mine","url":"https:\/\/batisomine.com\/","logo":{"@type":"ImageObject","inLanguage":"en-GB","@id":"https:\/\/batisomine.com\/#\/schema\/logo\/image\/","url":"https:\/\/batisomine.com\/wp-content\/uploads\/2023\/12\/yatay-logo.png","contentUrl":"https:\/\/batisomine.com\/wp-content\/uploads\/2023\/12\/yatay-logo.png","width":447,"height":200,"caption":"Bat\u0131 \u015e\u00f6mine"},"image":{"@id":"https:\/\/batisomine.com\/#\/schema\/logo\/image\/"},"sameAs":["https:\/\/www.instagram.com\/batisomine\/"]}]}},"_links":{"self":[{"href":"https:\/\/batisomine.com\/en\/wp-json\/wp\/v2\/pages\/2383","targetHints":{"allow":["GET"]}}],"collection":[{"href":"https:\/\/batisomine.com\/en\/wp-json\/wp\/v2\/pages"}],"about":[{"href":"https:\/\/batisomine.com\/en\/wp-json\/wp\/v2\/types\/page"}],"author":[{"embeddable":true,"href":"https:\/\/batisomine.com\/en\/wp-json\/wp\/v2\/users\/3"}],"replies":[{"embeddable":true,"href":"https:\/\/batisomine.com\/en\/wp-json\/wp\/v2\/comments?post=2383"}],"version-history":[{"count":13,"href":"https:\/\/batisomine.com\/en\/wp-json\/wp\/v2\/pages\/2383\/revisions"}],"predecessor-version":[{"id":3867,"href":"https:\/\/batisomine.com\/en\/wp-json\/wp\/v2\/pages\/2383\/revisions\/3867"}],"up":[{"embeddable":true,"href":"https:\/\/batisomine.com\/en\/wp-json\/wp\/v2\/pages\/2543"}],"wp:attachment":[{"href":"https:\/\/batisomine.com\/en\/wp-json\/wp\/v2\/media?parent=2383"}],"curies":[{"name":"wp","href":"https:\/\/api.w.org\/{rel}","templated":true}]}}