{"id":2545,"date":"2024-04-16T14:04:26","date_gmt":"2024-04-16T11:04:26","guid":{"rendered":"https:\/\/batisomine.com\/?page_id=2545"},"modified":"2025-05-13T23:32:07","modified_gmt":"2025-05-13T20:32:07","slug":"laden-series-electric-nuts","status":"publish","type":"page","link":"https:\/\/batisomine.com\/en\/somine-models\/electric-nuts\/laden-series-electric-nuts\/","title":{"rendered":"Laden Series Electric Fireplaces"},"content":{"rendered":"<div data-elementor-type=\"wp-page\" data-elementor-id=\"2545\" class=\"elementor elementor-2545\" data-elementor-post-type=\"page\">\n\t\t\t\t<div class=\"elementor-element elementor-element-3a395dc elementor-hidden-tablet elementor-hidden-mobile e-flex e-con-boxed e-con e-parent\" data-id=\"3a395dc\" data-element_type=\"container\" data-e-type=\"container\" data-settings=\"{&quot;background_background&quot;:&quot;classic&quot;}\">\n\t\t\t\t\t<div class=\"e-con-inner\">\n\t\t\t\t<div class=\"elementor-element elementor-element-91bce69 elementor-widget elementor-widget-heading\" data-id=\"91bce69\" data-element_type=\"widget\" data-e-type=\"widget\" data-widget_type=\"heading.default\">\n\t\t\t\t<div class=\"elementor-widget-container\">\n\t\t\t\t\t<div class=\"elementor-heading-title elementor-size-default\">Laden Series Electric Fireplaces<\/div>\t\t\t\t<\/div>\n\t\t\t\t<\/div>\n\t\t\t\t\t<\/div>\n\t\t\t\t<\/div>\n\t\t<div class=\"elementor-element elementor-element-f1c89f6 e-flex e-con-boxed e-con e-parent\" data-id=\"f1c89f6\" data-element_type=\"container\" data-e-type=\"container\">\n\t\t\t\t\t<div class=\"e-con-inner\">\n\t\t<div class=\"elementor-element elementor-element-30a3ee7 e-flex e-con-boxed e-con e-child\" data-id=\"30a3ee7\" data-element_type=\"container\" data-e-type=\"container\">\n\t\t\t\t\t<div class=\"e-con-inner\">\n\t\t<div class=\"elementor-element elementor-element-accfccd e-flex e-con-boxed e-con e-child\" data-id=\"accfccd\" data-element_type=\"container\" data-e-type=\"container\">\n\t\t\t\t\t<div class=\"e-con-inner\">\n\t\t\t\t<div class=\"elementor-element elementor-element-3fce054 elementor-widget elementor-widget-image\" data-id=\"3fce054\" data-element_type=\"widget\" data-e-type=\"widget\" data-widget_type=\"image.default\">\n\t\t\t\t<div class=\"elementor-widget-container\">\n\t\t\t\t\t\t\t\t\t\t\t\t\t\t\t<img fetchpriority=\"high\" decoding=\"async\" width=\"845\" height=\"500\" src=\"https:\/\/batisomine.com\/wp-content\/uploads\/2024\/04\/laden.jpg\" class=\"attachment-full size-full wp-image-2650\" alt=\"laden\" srcset=\"https:\/\/batisomine.com\/wp-content\/uploads\/2024\/04\/laden.jpg 845w, https:\/\/batisomine.com\/wp-content\/uploads\/2024\/04\/laden-300x178.jpg 300w, https:\/\/batisomine.com\/wp-content\/uploads\/2024\/04\/laden-768x454.jpg 768w, https:\/\/batisomine.com\/wp-content\/uploads\/2024\/04\/laden-18x12.jpg 18w\" sizes=\"(max-width: 845px) 100vw, 845px\" \/>\t\t\t\t\t\t\t\t\t\t\t\t\t\t\t<\/div>\n\t\t\t\t<\/div>\n\t\t\t\t<div class=\"elementor-element elementor-element-e9d030f elementor-widget elementor-widget-heading\" data-id=\"e9d030f\" data-element_type=\"widget\" data-e-type=\"widget\" data-widget_type=\"heading.default\">\n\t\t\t\t<div class=\"elementor-widget-container\">\n\t\t\t\t\t<h3 class=\"elementor-heading-title elementor-size-default\">Laden Series<\/h3>\t\t\t\t<\/div>\n\t\t\t\t<\/div>\n\t\t\t\t<div class=\"elementor-element elementor-element-e02b206 elementor-widget elementor-widget-heading\" data-id=\"e02b206\" data-element_type=\"widget\" data-e-type=\"widget\" data-widget_type=\"heading.default\">\n\t\t\t\t<div class=\"elementor-widget-container\">\n\t\t\t\t\t<h3 class=\"elementor-heading-title elementor-size-default\">- Electric Fireplace -<\/h3>\t\t\t\t<\/div>\n\t\t\t\t<\/div>\n\t\t\t\t<div class=\"elementor-element elementor-element-ae93a94 elementor-widget-divider--view-line elementor-widget elementor-widget-divider\" data-id=\"ae93a94\" data-element_type=\"widget\" data-e-type=\"widget\" data-widget_type=\"divider.default\">\n\t\t\t\t<div class=\"elementor-widget-container\">\n\t\t\t\t\t\t\t<div class=\"elementor-divider\">\n\t\t\t<span class=\"elementor-divider-separator\">\n\t\t\t\t\t\t<\/span>\n\t\t<\/div>\n\t\t\t\t\t\t<\/div>\n\t\t\t\t<\/div>\n\t\t\t\t<div class=\"elementor-element elementor-element-a55e4dd elementor-widget elementor-widget-heading\" data-id=\"a55e4dd\" data-element_type=\"widget\" data-e-type=\"widget\" data-widget_type=\"heading.default\">\n\t\t\t\t<div class=\"elementor-widget-container\">\n\t\t\t\t\t<h3 class=\"elementor-heading-title elementor-size-default\"><a href=\"https:\/\/batisomine.com\/en\/sominers-2\/electric-nuts\/laden-series-electric-nuts\/laden-70-electric-somine\/\">70's Laden Series Fireplace<\/a><\/h3>\t\t\t\t<\/div>\n\t\t\t\t<\/div>\n\t\t\t\t<div class=\"elementor-element elementor-element-e292a3d elementor-widget elementor-widget-heading\" data-id=\"e292a3d\" data-element_type=\"widget\" data-e-type=\"widget\" data-widget_type=\"heading.default\">\n\t\t\t\t<div class=\"elementor-widget-container\">\n\t\t\t\t\t<h3 class=\"elementor-heading-title elementor-size-default\"><a href=\"https:\/\/batisomine.com\/en\/sominers-2\/electric-nuts\/laden-series-electric-nuts\/laden-90-electric-somine\/\">90 Laden Series Fireplace<\/a><\/h3>\t\t\t\t<\/div>\n\t\t\t\t<\/div>\n\t\t\t\t<div class=\"elementor-element elementor-element-625f0e4 elementor-widget elementor-widget-heading\" data-id=\"625f0e4\" data-element_type=\"widget\" data-e-type=\"widget\" data-widget_type=\"heading.default\">\n\t\t\t\t<div class=\"elementor-widget-container\">\n\t\t\t\t\t<h3 class=\"elementor-heading-title elementor-size-default\"><a href=\"https:\/\/batisomine.com\/en\/sominers-2\/electric-nuts\/laden-series-electric-nuts\/laden-120-electric-somine\/\">120 Laden Series Fireplace<\/a><\/h3>\t\t\t\t<\/div>\n\t\t\t\t<\/div>\n\t\t\t\t<div class=\"elementor-element elementor-element-73f6e92 elementor-widget elementor-widget-heading\" data-id=\"73f6e92\" data-element_type=\"widget\" data-e-type=\"widget\" data-widget_type=\"heading.default\">\n\t\t\t\t<div class=\"elementor-widget-container\">\n\t\t\t\t\t<h3 class=\"elementor-heading-title elementor-size-default\"><a href=\"https:\/\/batisomine.com\/en\/sominers-2\/electric-nuts\/laden-series-electric-nuts\/laden-150-electric-somine\/\">\u25aa 150 Laden Series Fireplace<\/a><\/h3>\t\t\t\t<\/div>\n\t\t\t\t<\/div>\n\t\t\t\t<div class=\"elementor-element elementor-element-9fcd04d elementor-widget elementor-widget-heading\" data-id=\"9fcd04d\" data-element_type=\"widget\" data-e-type=\"widget\" data-widget_type=\"heading.default\">\n\t\t\t\t<div class=\"elementor-widget-container\">\n\t\t\t\t\t<h3 class=\"elementor-heading-title elementor-size-default\"><a href=\"https:\/\/batisomine.com\/en\/sominers-2\/electric-nuts\/laden-series-electric-nuts\/laden-180-electric-somine\/\">180' Laden Series Fireplace<\/a><\/h3>\t\t\t\t<\/div>\n\t\t\t\t<\/div>\n\t\t\t\t\t<\/div>\n\t\t\t\t<\/div>\n\t\t\t\t\t<\/div>\n\t\t\t\t<\/div>\n\t\t\t\t\t<\/div>\n\t\t\t\t<\/div>\n\t\t\t\t<\/div>","protected":false},"excerpt":{"rendered":"<p>Laden Series - Electric Fireplace - \u25aa 70 Laden Series Fireplace \u25aa 90 Laden Series Fireplace \u25aa 120 Laden Series Fireplace \u25aa 150 Laden Series Fireplace \u25aa 180 Laden Series Fireplace<\/p>","protected":false},"author":3,"featured_media":0,"parent":2180,"menu_order":0,"comment_status":"closed","ping_status":"closed","template":"","meta":{"footnotes":""},"class_list":["post-2545","page","type-page","status-publish","hentry"],"yoast_head":"<!-- This site is optimized with the Yoast SEO plugin v27.5 - https:\/\/yoast.com\/product\/yoast-seo-wordpress\/ -->\n<title>Laden Serisi Elektrikli \u015e\u00f6mineler | Bat\u0131 \u015e\u00f6mine<\/title>\n<meta name=\"description\" content=\"\u0130zmir D\u00f6k\u00fcm \u015f\u00f6mine barbek\u00fc soba \u00fcretimi i\u00e7in en do\u011fru adres Bat\u0131 \u015e\u00f6mine. F\u0131r\u0131nl\u0131 odunlu \u015f\u00f6mine barbek\u00fc tasar\u0131m\u0131 \u00fcretimi ve montaj\u0131\" \/>\n<meta name=\"robots\" content=\"index, follow, max-snippet:-1, max-image-preview:large, max-video-preview:-1\" \/>\n<link rel=\"canonical\" href=\"http:\/\/batisomine.com\/en\/somine-models\/electric-nuts\/laden-series-electric-nuts\/\" \/>\n<meta property=\"og:locale\" content=\"en_GB\" \/>\n<meta property=\"og:type\" content=\"article\" \/>\n<meta property=\"og:title\" content=\"Laden Serisi Elektrikli \u015e\u00f6mineler | Bat\u0131 \u015e\u00f6mine\" \/>\n<meta property=\"og:description\" content=\"\u0130zmir D\u00f6k\u00fcm \u015f\u00f6mine barbek\u00fc soba \u00fcretimi i\u00e7in en do\u011fru adres Bat\u0131 \u015e\u00f6mine. F\u0131r\u0131nl\u0131 odunlu \u015f\u00f6mine barbek\u00fc tasar\u0131m\u0131 \u00fcretimi ve montaj\u0131\" \/>\n<meta property=\"og:url\" content=\"http:\/\/batisomine.com\/en\/somine-models\/electric-nuts\/laden-series-electric-nuts\/\" \/>\n<meta property=\"og:site_name\" content=\"Bat\u0131 \u015e\u00f6mine\" \/>\n<meta property=\"article:modified_time\" content=\"2025-05-13T20:32:07+00:00\" \/>\n<meta property=\"og:image\" content=\"https:\/\/batisomine.com\/wp-content\/uploads\/2024\/04\/laden.jpg\" \/>\n<meta name=\"twitter:card\" content=\"summary_large_image\" \/>\n<script type=\"application\/ld+json\" class=\"yoast-schema-graph\">{\"@context\":\"https:\\\/\\\/schema.org\",\"@graph\":[{\"@type\":\"WebPage\",\"@id\":\"http:\\\/\\\/batisomine.com\\\/en\\\/somine-models\\\/electric-nuts\\\/laden-series-electric-nuts\\\/\",\"url\":\"http:\\\/\\\/batisomine.com\\\/en\\\/somine-models\\\/electric-nuts\\\/laden-series-electric-nuts\\\/\",\"name\":\"Laden Serisi Elektrikli \u015e\u00f6mineler | Bat\u0131 \u015e\u00f6mine\",\"isPartOf\":{\"@id\":\"https:\\\/\\\/batisomine.com\\\/en\\\/#website\"},\"primaryImageOfPage\":{\"@id\":\"http:\\\/\\\/batisomine.com\\\/en\\\/somine-models\\\/electric-nuts\\\/laden-series-electric-nuts\\\/#primaryimage\"},\"image\":{\"@id\":\"http:\\\/\\\/batisomine.com\\\/en\\\/somine-models\\\/electric-nuts\\\/laden-series-electric-nuts\\\/#primaryimage\"},\"thumbnailUrl\":\"https:\\\/\\\/batisomine.com\\\/wp-content\\\/uploads\\\/2024\\\/04\\\/laden.jpg\",\"datePublished\":\"2024-04-16T11:04:26+00:00\",\"dateModified\":\"2025-05-13T20:32:07+00:00\",\"description\":\"\u0130zmir D\u00f6k\u00fcm \u015f\u00f6mine barbek\u00fc soba \u00fcretimi i\u00e7in en do\u011fru adres Bat\u0131 \u015e\u00f6mine. F\u0131r\u0131nl\u0131 odunlu \u015f\u00f6mine barbek\u00fc tasar\u0131m\u0131 \u00fcretimi ve montaj\u0131\",\"breadcrumb\":{\"@id\":\"http:\\\/\\\/batisomine.com\\\/en\\\/somine-models\\\/electric-nuts\\\/laden-series-electric-nuts\\\/#breadcrumb\"},\"inLanguage\":\"en-GB\",\"potentialAction\":[{\"@type\":\"ReadAction\",\"target\":[\"http:\\\/\\\/batisomine.com\\\/en\\\/somine-models\\\/electric-nuts\\\/laden-series-electric-nuts\\\/\"]}]},{\"@type\":\"ImageObject\",\"inLanguage\":\"en-GB\",\"@id\":\"http:\\\/\\\/batisomine.com\\\/en\\\/somine-models\\\/electric-nuts\\\/laden-series-electric-nuts\\\/#primaryimage\",\"url\":\"https:\\\/\\\/batisomine.com\\\/wp-content\\\/uploads\\\/2024\\\/04\\\/laden.jpg\",\"contentUrl\":\"https:\\\/\\\/batisomine.com\\\/wp-content\\\/uploads\\\/2024\\\/04\\\/laden.jpg\"},{\"@type\":\"BreadcrumbList\",\"@id\":\"http:\\\/\\\/batisomine.com\\\/en\\\/somine-models\\\/electric-nuts\\\/laden-series-electric-nuts\\\/#breadcrumb\",\"itemListElement\":[{\"@type\":\"ListItem\",\"position\":1,\"name\":\"Anasayfa\",\"item\":\"https:\\\/\\\/batisomine.com\\\/\"},{\"@type\":\"ListItem\",\"position\":2,\"name\":\"\u015e\u00f6mineler\",\"item\":\"https:\\\/\\\/batisomine.com\\\/somine-modelleri\\\/\"},{\"@type\":\"ListItem\",\"position\":3,\"name\":\"Elektrikli \u015e\u00f6mineler\",\"item\":\"https:\\\/\\\/batisomine.com\\\/somine-modelleri\\\/elektrikli-somineler\\\/\"},{\"@type\":\"ListItem\",\"position\":4,\"name\":\"Laden Serisi Elektrikli \u015e\u00f6mineler\"}]},{\"@type\":\"WebSite\",\"@id\":\"https:\\\/\\\/batisomine.com\\\/en\\\/#website\",\"url\":\"https:\\\/\\\/batisomine.com\\\/en\\\/\",\"name\":\"Bat\u0131 \u015e\u00f6mine\",\"description\":\"D\u00f6k\u00fcm \u015e\u00f6mine &amp; Barbek\u00fc &amp; Soba\",\"publisher\":{\"@id\":\"https:\\\/\\\/batisomine.com\\\/en\\\/#organization\"},\"alternateName\":\"\u0130zmir D\u00f6k\u00fcm \u015e\u00f6mine Barbek\u00fc Soba\",\"potentialAction\":[{\"@type\":\"SearchAction\",\"target\":{\"@type\":\"EntryPoint\",\"urlTemplate\":\"https:\\\/\\\/batisomine.com\\\/en\\\/?s={search_term_string}\"},\"query-input\":{\"@type\":\"PropertyValueSpecification\",\"valueRequired\":true,\"valueName\":\"search_term_string\"}}],\"inLanguage\":\"en-GB\"},{\"@type\":\"Organization\",\"@id\":\"https:\\\/\\\/batisomine.com\\\/en\\\/#organization\",\"name\":\"Bat\u0131 \u015e\u00f6mine\",\"url\":\"https:\\\/\\\/batisomine.com\\\/en\\\/\",\"logo\":{\"@type\":\"ImageObject\",\"inLanguage\":\"en-GB\",\"@id\":\"https:\\\/\\\/batisomine.com\\\/en\\\/#\\\/schema\\\/logo\\\/image\\\/\",\"url\":\"https:\\\/\\\/batisomine.com\\\/wp-content\\\/uploads\\\/2023\\\/12\\\/yatay-logo.png\",\"contentUrl\":\"https:\\\/\\\/batisomine.com\\\/wp-content\\\/uploads\\\/2023\\\/12\\\/yatay-logo.png\",\"width\":447,\"height\":200,\"caption\":\"Bat\u0131 \u015e\u00f6mine\"},\"image\":{\"@id\":\"https:\\\/\\\/batisomine.com\\\/en\\\/#\\\/schema\\\/logo\\\/image\\\/\"},\"sameAs\":[\"https:\\\/\\\/www.instagram.com\\\/batisomine\\\/\"]}]}<\/script>\n<!-- \/ Yoast SEO plugin. -->","yoast_head_json":{"title":"Laden Series Electric Fireplaces | West Fireplace","description":"Izmir The most accurate address for cast iron fireplace barbecue stove production is Bat\u0131 Fireplace. Oven wood fireplace barbecue design, production and installation","robots":{"index":"index","follow":"follow","max-snippet":"max-snippet:-1","max-image-preview":"max-image-preview:large","max-video-preview":"max-video-preview:-1"},"canonical":"http:\/\/batisomine.com\/en\/somine-models\/electric-nuts\/laden-series-electric-nuts\/","og_locale":"en_GB","og_type":"article","og_title":"Laden Serisi Elektrikli \u015e\u00f6mineler | Bat\u0131 \u015e\u00f6mine","og_description":"\u0130zmir D\u00f6k\u00fcm \u015f\u00f6mine barbek\u00fc soba \u00fcretimi i\u00e7in en do\u011fru adres Bat\u0131 \u015e\u00f6mine. F\u0131r\u0131nl\u0131 odunlu \u015f\u00f6mine barbek\u00fc tasar\u0131m\u0131 \u00fcretimi ve montaj\u0131","og_url":"http:\/\/batisomine.com\/en\/somine-models\/electric-nuts\/laden-series-electric-nuts\/","og_site_name":"Bat\u0131 \u015e\u00f6mine","article_modified_time":"2025-05-13T20:32:07+00:00","og_image":[{"url":"https:\/\/batisomine.com\/wp-content\/uploads\/2024\/04\/laden.jpg","type":"","width":"","height":""}],"twitter_card":"summary_large_image","schema":{"@context":"https:\/\/schema.org","@graph":[{"@type":"WebPage","@id":"http:\/\/batisomine.com\/en\/somine-models\/electric-nuts\/laden-series-electric-nuts\/","url":"http:\/\/batisomine.com\/en\/somine-models\/electric-nuts\/laden-series-electric-nuts\/","name":"Laden Series Electric Fireplaces | West Fireplace","isPartOf":{"@id":"https:\/\/batisomine.com\/en\/#website"},"primaryImageOfPage":{"@id":"http:\/\/batisomine.com\/en\/somine-models\/electric-nuts\/laden-series-electric-nuts\/#primaryimage"},"image":{"@id":"http:\/\/batisomine.com\/en\/somine-models\/electric-nuts\/laden-series-electric-nuts\/#primaryimage"},"thumbnailUrl":"https:\/\/batisomine.com\/wp-content\/uploads\/2024\/04\/laden.jpg","datePublished":"2024-04-16T11:04:26+00:00","dateModified":"2025-05-13T20:32:07+00:00","description":"Izmir The most accurate address for cast iron fireplace barbecue stove production is Bat\u0131 Fireplace. Oven wood fireplace barbecue design, production and installation","breadcrumb":{"@id":"http:\/\/batisomine.com\/en\/somine-models\/electric-nuts\/laden-series-electric-nuts\/#breadcrumb"},"inLanguage":"en-GB","potentialAction":[{"@type":"ReadAction","target":["http:\/\/batisomine.com\/en\/somine-models\/electric-nuts\/laden-series-electric-nuts\/"]}]},{"@type":"ImageObject","inLanguage":"en-GB","@id":"http:\/\/batisomine.com\/en\/somine-models\/electric-nuts\/laden-series-electric-nuts\/#primaryimage","url":"https:\/\/batisomine.com\/wp-content\/uploads\/2024\/04\/laden.jpg","contentUrl":"https:\/\/batisomine.com\/wp-content\/uploads\/2024\/04\/laden.jpg"},{"@type":"BreadcrumbList","@id":"http:\/\/batisomine.com\/en\/somine-models\/electric-nuts\/laden-series-electric-nuts\/#breadcrumb","itemListElement":[{"@type":"ListItem","position":1,"name":"Anasayfa","item":"https:\/\/batisomine.com\/"},{"@type":"ListItem","position":2,"name":"\u015e\u00f6mineler","item":"https:\/\/batisomine.com\/somine-modelleri\/"},{"@type":"ListItem","position":3,"name":"Elektrikli \u015e\u00f6mineler","item":"https:\/\/batisomine.com\/somine-modelleri\/elektrikli-somineler\/"},{"@type":"ListItem","position":4,"name":"Laden Serisi Elektrikli \u015e\u00f6mineler"}]},{"@type":"WebSite","@id":"https:\/\/batisomine.com\/en\/#website","url":"https:\/\/batisomine.com\/en\/","name":"Bat\u0131 \u015e\u00f6mine","description":"Cast Iron Fireplace &amp; Barbecue &amp; Stove","publisher":{"@id":"https:\/\/batisomine.com\/en\/#organization"},"alternateName":"\u0130zmir D\u00f6k\u00fcm \u015e\u00f6mine Barbek\u00fc Soba","potentialAction":[{"@type":"SearchAction","target":{"@type":"EntryPoint","urlTemplate":"https:\/\/batisomine.com\/en\/?s={search_term_string}"},"query-input":{"@type":"PropertyValueSpecification","valueRequired":true,"valueName":"search_term_string"}}],"inLanguage":"en-GB"},{"@type":"Organization","@id":"https:\/\/batisomine.com\/en\/#organization","name":"Bat\u0131 \u015e\u00f6mine","url":"https:\/\/batisomine.com\/en\/","logo":{"@type":"ImageObject","inLanguage":"en-GB","@id":"https:\/\/batisomine.com\/en\/#\/schema\/logo\/image\/","url":"https:\/\/batisomine.com\/wp-content\/uploads\/2023\/12\/yatay-logo.png","contentUrl":"https:\/\/batisomine.com\/wp-content\/uploads\/2023\/12\/yatay-logo.png","width":447,"height":200,"caption":"Bat\u0131 \u015e\u00f6mine"},"image":{"@id":"https:\/\/batisomine.com\/en\/#\/schema\/logo\/image\/"},"sameAs":["https:\/\/www.instagram.com\/batisomine\/"]}]}},"_links":{"self":[{"href":"https:\/\/batisomine.com\/en\/wp-json\/wp\/v2\/pages\/2545","targetHints":{"allow":["GET"]}}],"collection":[{"href":"https:\/\/batisomine.com\/en\/wp-json\/wp\/v2\/pages"}],"about":[{"href":"https:\/\/batisomine.com\/en\/wp-json\/wp\/v2\/types\/page"}],"author":[{"embeddable":true,"href":"https:\/\/batisomine.com\/en\/wp-json\/wp\/v2\/users\/3"}],"replies":[{"embeddable":true,"href":"https:\/\/batisomine.com\/en\/wp-json\/wp\/v2\/comments?post=2545"}],"version-history":[{"count":22,"href":"https:\/\/batisomine.com\/en\/wp-json\/wp\/v2\/pages\/2545\/revisions"}],"predecessor-version":[{"id":4937,"href":"https:\/\/batisomine.com\/en\/wp-json\/wp\/v2\/pages\/2545\/revisions\/4937"}],"up":[{"embeddable":true,"href":"https:\/\/batisomine.com\/en\/wp-json\/wp\/v2\/pages\/2180"}],"wp:attachment":[{"href":"https:\/\/batisomine.com\/en\/wp-json\/wp\/v2\/media?parent=2545"}],"curies":[{"name":"wp","href":"https:\/\/api.w.org\/{rel}","templated":true}]}}