{"id":2547,"date":"2024-04-16T14:04:44","date_gmt":"2024-04-16T11:04:44","guid":{"rendered":"https:\/\/batisomine.com\/?page_id=2547"},"modified":"2025-05-13T23:32:02","modified_gmt":"2025-05-13T20:32:02","slug":"magel-series-electric-nuts","status":"publish","type":"page","link":"https:\/\/batisomine.com\/en\/somine-models\/electric-nuts\/magel-series-electric-nuts\/","title":{"rendered":"Magel Series Electric Fireplaces"},"content":{"rendered":"<div data-elementor-type=\"wp-page\" data-elementor-id=\"2547\" class=\"elementor elementor-2547\" data-elementor-post-type=\"page\">\n\t\t\t\t<div class=\"elementor-element elementor-element-2439f80 elementor-hidden-tablet elementor-hidden-mobile e-flex e-con-boxed e-con e-parent\" data-id=\"2439f80\" data-element_type=\"container\" data-e-type=\"container\" data-settings=\"{&quot;background_background&quot;:&quot;classic&quot;}\">\n\t\t\t\t\t<div class=\"e-con-inner\">\n\t\t\t\t<div class=\"elementor-element elementor-element-7f34314 elementor-widget elementor-widget-heading\" data-id=\"7f34314\" data-element_type=\"widget\" data-e-type=\"widget\" data-widget_type=\"heading.default\">\n\t\t\t\t<div class=\"elementor-widget-container\">\n\t\t\t\t\t<div class=\"elementor-heading-title elementor-size-default\">Magel Series Electric Fireplaces<\/div>\t\t\t\t<\/div>\n\t\t\t\t<\/div>\n\t\t\t\t\t<\/div>\n\t\t\t\t<\/div>\n\t\t<div class=\"elementor-element elementor-element-e1c897b e-flex e-con-boxed e-con e-parent\" data-id=\"e1c897b\" data-element_type=\"container\" data-e-type=\"container\">\n\t\t\t\t\t<div class=\"e-con-inner\">\n\t\t<div class=\"elementor-element elementor-element-028ea87 e-flex e-con-boxed e-con e-child\" data-id=\"028ea87\" data-element_type=\"container\" data-e-type=\"container\">\n\t\t\t\t\t<div class=\"e-con-inner\">\n\t\t<div class=\"elementor-element elementor-element-c29b604 e-flex e-con-boxed e-con e-child\" data-id=\"c29b604\" data-element_type=\"container\" data-e-type=\"container\">\n\t\t\t\t\t<div class=\"e-con-inner\">\n\t\t\t\t<div class=\"elementor-element elementor-element-66d7014 elementor-widget elementor-widget-image\" data-id=\"66d7014\" data-element_type=\"widget\" data-e-type=\"widget\" data-widget_type=\"image.default\">\n\t\t\t\t<div class=\"elementor-widget-container\">\n\t\t\t\t\t\t\t\t\t\t\t\t\t\t\t<img fetchpriority=\"high\" decoding=\"async\" width=\"845\" height=\"500\" src=\"http:\/\/batisomine.com\/wp-content\/uploads\/2024\/04\/magel.jpg\" class=\"attachment-full size-full wp-image-2637\" alt=\"magel\" srcset=\"http:\/\/batisomine.com\/wp-content\/uploads\/2024\/04\/magel.jpg 845w, http:\/\/batisomine.com\/wp-content\/uploads\/2024\/04\/magel-300x178.jpg 300w, http:\/\/batisomine.com\/wp-content\/uploads\/2024\/04\/magel-768x454.jpg 768w, http:\/\/batisomine.com\/wp-content\/uploads\/2024\/04\/magel-18x12.jpg 18w\" sizes=\"(max-width: 845px) 100vw, 845px\" \/>\t\t\t\t\t\t\t\t\t\t\t\t\t\t\t<\/div>\n\t\t\t\t<\/div>\n\t\t\t\t<div class=\"elementor-element elementor-element-ad0dd81 elementor-widget elementor-widget-heading\" data-id=\"ad0dd81\" data-element_type=\"widget\" data-e-type=\"widget\" data-widget_type=\"heading.default\">\n\t\t\t\t<div class=\"elementor-widget-container\">\n\t\t\t\t\t<h3 class=\"elementor-heading-title elementor-size-default\">Magel Series<\/h3>\t\t\t\t<\/div>\n\t\t\t\t<\/div>\n\t\t\t\t<div class=\"elementor-element elementor-element-11b423b elementor-widget elementor-widget-heading\" data-id=\"11b423b\" data-element_type=\"widget\" data-e-type=\"widget\" data-widget_type=\"heading.default\">\n\t\t\t\t<div class=\"elementor-widget-container\">\n\t\t\t\t\t<h3 class=\"elementor-heading-title elementor-size-default\">- Electric Fireplace -<\/h3>\t\t\t\t<\/div>\n\t\t\t\t<\/div>\n\t\t\t\t<div class=\"elementor-element elementor-element-a3cc2a3 elementor-widget-divider--view-line elementor-widget elementor-widget-divider\" data-id=\"a3cc2a3\" data-element_type=\"widget\" data-e-type=\"widget\" data-widget_type=\"divider.default\">\n\t\t\t\t<div class=\"elementor-widget-container\">\n\t\t\t\t\t\t\t<div class=\"elementor-divider\">\n\t\t\t<span class=\"elementor-divider-separator\">\n\t\t\t\t\t\t<\/span>\n\t\t<\/div>\n\t\t\t\t\t\t<\/div>\n\t\t\t\t<\/div>\n\t\t\t\t<div class=\"elementor-element elementor-element-f5aaa28 elementor-widget elementor-widget-heading\" data-id=\"f5aaa28\" data-element_type=\"widget\" data-e-type=\"widget\" data-widget_type=\"heading.default\">\n\t\t\t\t<div class=\"elementor-widget-container\">\n\t\t\t\t\t<h3 class=\"elementor-heading-title elementor-size-default\"><a href=\"https:\/\/batisomine.com\/en\/sominers-2\/electric-nuts\/magel-series-electric-nuts\/magel-80-electric-somine\/\">80's Magel Series Fireplace<\/a><\/h3>\t\t\t\t<\/div>\n\t\t\t\t<\/div>\n\t\t\t\t<div class=\"elementor-element elementor-element-a736e5e elementor-widget elementor-widget-heading\" data-id=\"a736e5e\" data-element_type=\"widget\" data-e-type=\"widget\" data-widget_type=\"heading.default\">\n\t\t\t\t<div class=\"elementor-widget-container\">\n\t\t\t\t\t<h3 class=\"elementor-heading-title elementor-size-default\"><a href=\"https:\/\/batisomine.com\/en\/sominers-2\/electric-nuts\/magel-series-electric-nuts\/magel-80-deep-electric-somine\/\">80' Deep Magel Series Fireplace<\/a><\/h3>\t\t\t\t<\/div>\n\t\t\t\t<\/div>\n\t\t\t\t<div class=\"elementor-element elementor-element-707dc44 elementor-widget elementor-widget-heading\" data-id=\"707dc44\" data-element_type=\"widget\" data-e-type=\"widget\" data-widget_type=\"heading.default\">\n\t\t\t\t<div class=\"elementor-widget-container\">\n\t\t\t\t\t<h3 class=\"elementor-heading-title elementor-size-default\"><a href=\"https:\/\/batisomine.com\/en\/sominers-2\/electric-nuts\/magel-series-electric-nuts\/magel-100-electric-somine\/\">Magel Series Fireplace with 100 pieces<\/a><\/h3>\t\t\t\t<\/div>\n\t\t\t\t<\/div>\n\t\t\t\t<div class=\"elementor-element elementor-element-4e3b993 elementor-widget elementor-widget-heading\" data-id=\"4e3b993\" data-element_type=\"widget\" data-e-type=\"widget\" data-widget_type=\"heading.default\">\n\t\t\t\t<div class=\"elementor-widget-container\">\n\t\t\t\t\t<h3 class=\"elementor-heading-title elementor-size-default\"><a href=\"https:\/\/batisomine.com\/en\/sominers-2\/electric-nuts\/magel-series-electric-nuts\/magel-130-electric-somine\/\">130 Magel Series Fireplace<\/a><\/h3>\t\t\t\t<\/div>\n\t\t\t\t<\/div>\n\t\t\t\t<div class=\"elementor-element elementor-element-ce8a59e elementor-widget elementor-widget-heading\" data-id=\"ce8a59e\" data-element_type=\"widget\" data-e-type=\"widget\" data-widget_type=\"heading.default\">\n\t\t\t\t<div class=\"elementor-widget-container\">\n\t\t\t\t\t<h3 class=\"elementor-heading-title elementor-size-default\"><a href=\"https:\/\/batisomine.com\/en\/sominers-2\/electric-nuts\/magel-series-electric-nuts\/magel-160-electric-somine\/\">\u25aa 160 Magel Series Fireplace<\/a><\/h3>\t\t\t\t<\/div>\n\t\t\t\t<\/div>\n\t\t\t\t<div class=\"elementor-element elementor-element-04d86d0 elementor-widget elementor-widget-heading\" data-id=\"04d86d0\" data-element_type=\"widget\" data-e-type=\"widget\" data-widget_type=\"heading.default\">\n\t\t\t\t<div class=\"elementor-widget-container\">\n\t\t\t\t\t<h3 class=\"elementor-heading-title elementor-size-default\"><a href=\"https:\/\/batisomine.com\/en\/sominers-2\/electric-nuts\/magel-series-electric-nuts\/magel-200-electric-somine\/\">200 Magel Series Fireplace<\/a><\/h3>\t\t\t\t<\/div>\n\t\t\t\t<\/div>\n\t\t\t\t\t<\/div>\n\t\t\t\t<\/div>\n\t\t\t\t\t<\/div>\n\t\t\t\t<\/div>\n\t\t\t\t\t<\/div>\n\t\t\t\t<\/div>\n\t\t\t\t<\/div>","protected":false},"excerpt":{"rendered":"<p>Magel Series - Electric Fireplace - \u25aa 80's Magel Series Fireplace \u25aa 80's Deep Magel Series Fireplace \u25aa 100's Magel Series Fireplace \u25aa 130's Magel Series Fireplace \u25aa 160's Magel Series Fireplace \u25aa 200's Magel Series Fireplace<\/p>","protected":false},"author":3,"featured_media":0,"parent":2180,"menu_order":0,"comment_status":"closed","ping_status":"closed","template":"","meta":{"footnotes":""},"class_list":["post-2547","page","type-page","status-publish","hentry"],"yoast_head":"<!-- This site is optimized with the Yoast SEO plugin v27.5 - https:\/\/yoast.com\/product\/yoast-seo-wordpress\/ -->\n<title>Magel Serisi Elektrikli \u015e\u00f6mineler | Bat\u0131 \u015e\u00f6mine<\/title>\n<meta name=\"description\" content=\"\u0130zmir D\u00f6k\u00fcm \u015f\u00f6mine barbek\u00fc soba \u00fcretimi i\u00e7in en do\u011fru adres Bat\u0131 \u015e\u00f6mine. F\u0131r\u0131nl\u0131 odunlu \u015f\u00f6mine barbek\u00fc tasar\u0131m\u0131 \u00fcretimi ve montaj\u0131\" \/>\n<meta name=\"robots\" content=\"index, follow, max-snippet:-1, max-image-preview:large, max-video-preview:-1\" \/>\n<link rel=\"canonical\" href=\"https:\/\/batisomine.com\/en\/somine-models\/electric-nuts\/magel-series-electric-nuts\/\" \/>\n<meta property=\"og:locale\" content=\"en_GB\" \/>\n<meta property=\"og:type\" content=\"article\" \/>\n<meta property=\"og:title\" content=\"Magel Serisi Elektrikli \u015e\u00f6mineler | Bat\u0131 \u015e\u00f6mine\" \/>\n<meta property=\"og:description\" content=\"\u0130zmir D\u00f6k\u00fcm \u015f\u00f6mine barbek\u00fc soba \u00fcretimi i\u00e7in en do\u011fru adres Bat\u0131 \u015e\u00f6mine. F\u0131r\u0131nl\u0131 odunlu \u015f\u00f6mine barbek\u00fc tasar\u0131m\u0131 \u00fcretimi ve montaj\u0131\" \/>\n<meta property=\"og:url\" content=\"https:\/\/batisomine.com\/en\/somine-models\/electric-nuts\/magel-series-electric-nuts\/\" \/>\n<meta property=\"og:site_name\" content=\"Bat\u0131 \u015e\u00f6mine\" \/>\n<meta property=\"article:modified_time\" content=\"2025-05-13T20:32:02+00:00\" \/>\n<meta property=\"og:image\" content=\"https:\/\/batisomine.com\/wp-content\/uploads\/2024\/04\/magel.jpg\" \/>\n<meta name=\"twitter:card\" content=\"summary_large_image\" \/>\n<script type=\"application\/ld+json\" class=\"yoast-schema-graph\">{\"@context\":\"https:\\\/\\\/schema.org\",\"@graph\":[{\"@type\":\"WebPage\",\"@id\":\"https:\\\/\\\/batisomine.com\\\/en\\\/somine-models\\\/electric-nuts\\\/magel-series-electric-nuts\\\/\",\"url\":\"https:\\\/\\\/batisomine.com\\\/en\\\/somine-models\\\/electric-nuts\\\/magel-series-electric-nuts\\\/\",\"name\":\"Magel Serisi Elektrikli \u015e\u00f6mineler | Bat\u0131 \u015e\u00f6mine\",\"isPartOf\":{\"@id\":\"https:\\\/\\\/batisomine.com\\\/#website\"},\"primaryImageOfPage\":{\"@id\":\"https:\\\/\\\/batisomine.com\\\/en\\\/somine-models\\\/electric-nuts\\\/magel-series-electric-nuts\\\/#primaryimage\"},\"image\":{\"@id\":\"https:\\\/\\\/batisomine.com\\\/en\\\/somine-models\\\/electric-nuts\\\/magel-series-electric-nuts\\\/#primaryimage\"},\"thumbnailUrl\":\"https:\\\/\\\/batisomine.com\\\/wp-content\\\/uploads\\\/2024\\\/04\\\/magel.jpg\",\"datePublished\":\"2024-04-16T11:04:44+00:00\",\"dateModified\":\"2025-05-13T20:32:02+00:00\",\"description\":\"\u0130zmir D\u00f6k\u00fcm \u015f\u00f6mine barbek\u00fc soba \u00fcretimi i\u00e7in en do\u011fru adres Bat\u0131 \u015e\u00f6mine. F\u0131r\u0131nl\u0131 odunlu \u015f\u00f6mine barbek\u00fc tasar\u0131m\u0131 \u00fcretimi ve montaj\u0131\",\"breadcrumb\":{\"@id\":\"https:\\\/\\\/batisomine.com\\\/en\\\/somine-models\\\/electric-nuts\\\/magel-series-electric-nuts\\\/#breadcrumb\"},\"inLanguage\":\"en-GB\",\"potentialAction\":[{\"@type\":\"ReadAction\",\"target\":[\"https:\\\/\\\/batisomine.com\\\/en\\\/somine-models\\\/electric-nuts\\\/magel-series-electric-nuts\\\/\"]}]},{\"@type\":\"ImageObject\",\"inLanguage\":\"en-GB\",\"@id\":\"https:\\\/\\\/batisomine.com\\\/en\\\/somine-models\\\/electric-nuts\\\/magel-series-electric-nuts\\\/#primaryimage\",\"url\":\"https:\\\/\\\/batisomine.com\\\/wp-content\\\/uploads\\\/2024\\\/04\\\/magel.jpg\",\"contentUrl\":\"https:\\\/\\\/batisomine.com\\\/wp-content\\\/uploads\\\/2024\\\/04\\\/magel.jpg\"},{\"@type\":\"BreadcrumbList\",\"@id\":\"https:\\\/\\\/batisomine.com\\\/en\\\/somine-models\\\/electric-nuts\\\/magel-series-electric-nuts\\\/#breadcrumb\",\"itemListElement\":[{\"@type\":\"ListItem\",\"position\":1,\"name\":\"Anasayfa\",\"item\":\"https:\\\/\\\/batisomine.com\\\/\"},{\"@type\":\"ListItem\",\"position\":2,\"name\":\"\u015e\u00f6mineler\",\"item\":\"http:\\\/\\\/batisomine.com\\\/somine-modelleri\\\/\"},{\"@type\":\"ListItem\",\"position\":3,\"name\":\"Elektrikli \u015e\u00f6mineler\",\"item\":\"https:\\\/\\\/batisomine.com\\\/en\\\/somine-models\\\/electric-nuts\\\/\"},{\"@type\":\"ListItem\",\"position\":4,\"name\":\"Magel Serisi Elektrikli \u015e\u00f6mineler\"}]},{\"@type\":\"WebSite\",\"@id\":\"https:\\\/\\\/batisomine.com\\\/#website\",\"url\":\"https:\\\/\\\/batisomine.com\\\/\",\"name\":\"Bat\u0131 \u015e\u00f6mine\",\"description\":\"D\u00f6k\u00fcm \u015e\u00f6mine &amp; Barbek\u00fc &amp; Soba\",\"publisher\":{\"@id\":\"https:\\\/\\\/batisomine.com\\\/#organization\"},\"alternateName\":\"\u0130zmir D\u00f6k\u00fcm \u015e\u00f6mine Barbek\u00fc Soba\",\"potentialAction\":[{\"@type\":\"SearchAction\",\"target\":{\"@type\":\"EntryPoint\",\"urlTemplate\":\"https:\\\/\\\/batisomine.com\\\/?s={search_term_string}\"},\"query-input\":{\"@type\":\"PropertyValueSpecification\",\"valueRequired\":true,\"valueName\":\"search_term_string\"}}],\"inLanguage\":\"en-GB\"},{\"@type\":\"Organization\",\"@id\":\"https:\\\/\\\/batisomine.com\\\/#organization\",\"name\":\"Bat\u0131 \u015e\u00f6mine\",\"url\":\"https:\\\/\\\/batisomine.com\\\/\",\"logo\":{\"@type\":\"ImageObject\",\"inLanguage\":\"en-GB\",\"@id\":\"https:\\\/\\\/batisomine.com\\\/#\\\/schema\\\/logo\\\/image\\\/\",\"url\":\"https:\\\/\\\/batisomine.com\\\/wp-content\\\/uploads\\\/2023\\\/12\\\/yatay-logo.png\",\"contentUrl\":\"https:\\\/\\\/batisomine.com\\\/wp-content\\\/uploads\\\/2023\\\/12\\\/yatay-logo.png\",\"width\":447,\"height\":200,\"caption\":\"Bat\u0131 \u015e\u00f6mine\"},\"image\":{\"@id\":\"https:\\\/\\\/batisomine.com\\\/#\\\/schema\\\/logo\\\/image\\\/\"},\"sameAs\":[\"https:\\\/\\\/www.instagram.com\\\/batisomine\\\/\"]}]}<\/script>\n<!-- \/ Yoast SEO plugin. -->","yoast_head_json":{"title":"Magel Series Electric Fireplaces | West Fireplace","description":"Izmir The most accurate address for cast iron fireplace barbecue stove production is Bat\u0131 Fireplace. Oven wood fireplace barbecue design, production and installation","robots":{"index":"index","follow":"follow","max-snippet":"max-snippet:-1","max-image-preview":"max-image-preview:large","max-video-preview":"max-video-preview:-1"},"canonical":"https:\/\/batisomine.com\/en\/somine-models\/electric-nuts\/magel-series-electric-nuts\/","og_locale":"en_GB","og_type":"article","og_title":"Magel Serisi Elektrikli \u015e\u00f6mineler | Bat\u0131 \u015e\u00f6mine","og_description":"\u0130zmir D\u00f6k\u00fcm \u015f\u00f6mine barbek\u00fc soba \u00fcretimi i\u00e7in en do\u011fru adres Bat\u0131 \u015e\u00f6mine. F\u0131r\u0131nl\u0131 odunlu \u015f\u00f6mine barbek\u00fc tasar\u0131m\u0131 \u00fcretimi ve montaj\u0131","og_url":"https:\/\/batisomine.com\/en\/somine-models\/electric-nuts\/magel-series-electric-nuts\/","og_site_name":"Bat\u0131 \u015e\u00f6mine","article_modified_time":"2025-05-13T20:32:02+00:00","og_image":[{"url":"https:\/\/batisomine.com\/wp-content\/uploads\/2024\/04\/magel.jpg","type":"","width":"","height":""}],"twitter_card":"summary_large_image","schema":{"@context":"https:\/\/schema.org","@graph":[{"@type":"WebPage","@id":"https:\/\/batisomine.com\/en\/somine-models\/electric-nuts\/magel-series-electric-nuts\/","url":"https:\/\/batisomine.com\/en\/somine-models\/electric-nuts\/magel-series-electric-nuts\/","name":"Magel Series Electric Fireplaces | West Fireplace","isPartOf":{"@id":"https:\/\/batisomine.com\/#website"},"primaryImageOfPage":{"@id":"https:\/\/batisomine.com\/en\/somine-models\/electric-nuts\/magel-series-electric-nuts\/#primaryimage"},"image":{"@id":"https:\/\/batisomine.com\/en\/somine-models\/electric-nuts\/magel-series-electric-nuts\/#primaryimage"},"thumbnailUrl":"https:\/\/batisomine.com\/wp-content\/uploads\/2024\/04\/magel.jpg","datePublished":"2024-04-16T11:04:44+00:00","dateModified":"2025-05-13T20:32:02+00:00","description":"Izmir The most accurate address for cast iron fireplace barbecue stove production is Bat\u0131 Fireplace. Oven wood fireplace barbecue design, production and installation","breadcrumb":{"@id":"https:\/\/batisomine.com\/en\/somine-models\/electric-nuts\/magel-series-electric-nuts\/#breadcrumb"},"inLanguage":"en-GB","potentialAction":[{"@type":"ReadAction","target":["https:\/\/batisomine.com\/en\/somine-models\/electric-nuts\/magel-series-electric-nuts\/"]}]},{"@type":"ImageObject","inLanguage":"en-GB","@id":"https:\/\/batisomine.com\/en\/somine-models\/electric-nuts\/magel-series-electric-nuts\/#primaryimage","url":"https:\/\/batisomine.com\/wp-content\/uploads\/2024\/04\/magel.jpg","contentUrl":"https:\/\/batisomine.com\/wp-content\/uploads\/2024\/04\/magel.jpg"},{"@type":"BreadcrumbList","@id":"https:\/\/batisomine.com\/en\/somine-models\/electric-nuts\/magel-series-electric-nuts\/#breadcrumb","itemListElement":[{"@type":"ListItem","position":1,"name":"Anasayfa","item":"https:\/\/batisomine.com\/"},{"@type":"ListItem","position":2,"name":"\u015e\u00f6mineler","item":"http:\/\/batisomine.com\/somine-modelleri\/"},{"@type":"ListItem","position":3,"name":"Elektrikli \u015e\u00f6mineler","item":"https:\/\/batisomine.com\/en\/somine-models\/electric-nuts\/"},{"@type":"ListItem","position":4,"name":"Magel Serisi Elektrikli \u015e\u00f6mineler"}]},{"@type":"WebSite","@id":"https:\/\/batisomine.com\/#website","url":"https:\/\/batisomine.com\/","name":"Bat\u0131 \u015e\u00f6mine","description":"Cast Iron Fireplace &amp; Barbecue &amp; Stove","publisher":{"@id":"https:\/\/batisomine.com\/#organization"},"alternateName":"\u0130zmir D\u00f6k\u00fcm \u015e\u00f6mine Barbek\u00fc Soba","potentialAction":[{"@type":"SearchAction","target":{"@type":"EntryPoint","urlTemplate":"https:\/\/batisomine.com\/?s={search_term_string}"},"query-input":{"@type":"PropertyValueSpecification","valueRequired":true,"valueName":"search_term_string"}}],"inLanguage":"en-GB"},{"@type":"Organization","@id":"https:\/\/batisomine.com\/#organization","name":"Bat\u0131 \u015e\u00f6mine","url":"https:\/\/batisomine.com\/","logo":{"@type":"ImageObject","inLanguage":"en-GB","@id":"https:\/\/batisomine.com\/#\/schema\/logo\/image\/","url":"https:\/\/batisomine.com\/wp-content\/uploads\/2023\/12\/yatay-logo.png","contentUrl":"https:\/\/batisomine.com\/wp-content\/uploads\/2023\/12\/yatay-logo.png","width":447,"height":200,"caption":"Bat\u0131 \u015e\u00f6mine"},"image":{"@id":"https:\/\/batisomine.com\/#\/schema\/logo\/image\/"},"sameAs":["https:\/\/www.instagram.com\/batisomine\/"]}]}},"_links":{"self":[{"href":"https:\/\/batisomine.com\/en\/wp-json\/wp\/v2\/pages\/2547","targetHints":{"allow":["GET"]}}],"collection":[{"href":"https:\/\/batisomine.com\/en\/wp-json\/wp\/v2\/pages"}],"about":[{"href":"https:\/\/batisomine.com\/en\/wp-json\/wp\/v2\/types\/page"}],"author":[{"embeddable":true,"href":"https:\/\/batisomine.com\/en\/wp-json\/wp\/v2\/users\/3"}],"replies":[{"embeddable":true,"href":"https:\/\/batisomine.com\/en\/wp-json\/wp\/v2\/comments?post=2547"}],"version-history":[{"count":25,"href":"https:\/\/batisomine.com\/en\/wp-json\/wp\/v2\/pages\/2547\/revisions"}],"predecessor-version":[{"id":4934,"href":"https:\/\/batisomine.com\/en\/wp-json\/wp\/v2\/pages\/2547\/revisions\/4934"}],"up":[{"embeddable":true,"href":"https:\/\/batisomine.com\/en\/wp-json\/wp\/v2\/pages\/2180"}],"wp:attachment":[{"href":"https:\/\/batisomine.com\/en\/wp-json\/wp\/v2\/media?parent=2547"}],"curies":[{"name":"wp","href":"https:\/\/api.w.org\/{rel}","templated":true}]}}