{"id":966,"date":"2023-12-07T12:00:51","date_gmt":"2023-12-07T09:00:51","guid":{"rendered":"https:\/\/batisomine.com\/?page_id=966"},"modified":"2025-02-21T13:18:15","modified_gmt":"2025-02-21T10:18:15","slug":"100x50-straight-type-nut-2","status":"publish","type":"page","link":"https:\/\/batisomine.com\/en\/somine-models\/wooded-nutrunners\/straight-type-somine\/100x50-straight-type-nut-2\/","title":{"rendered":"100\u00d750 Flat Type Fireplace #2"},"content":{"rendered":"<div data-elementor-type=\"wp-page\" data-elementor-id=\"966\" class=\"elementor elementor-966\" data-elementor-post-type=\"page\">\n\t\t\t\t<div class=\"elementor-element elementor-element-cab2223 e-flex e-con-boxed e-con e-parent\" data-id=\"cab2223\" data-element_type=\"container\" data-e-type=\"container\">\n\t\t\t\t\t<div class=\"e-con-inner\">\n\t\t<div class=\"elementor-element elementor-element-804759c e-flex e-con-boxed e-con e-child\" data-id=\"804759c\" data-element_type=\"container\" data-e-type=\"container\">\n\t\t\t\t\t<div class=\"e-con-inner\">\n\t\t<div class=\"elementor-element elementor-element-e0d1c15 e-con-full e-flex e-con e-child\" data-id=\"e0d1c15\" data-element_type=\"container\" data-e-type=\"container\">\n\t\t\t\t<div class=\"elementor-element elementor-element-41ad824 elementor-widget elementor-widget-image\" data-id=\"41ad824\" data-element_type=\"widget\" data-e-type=\"widget\" data-widget_type=\"image.default\">\n\t\t\t\t<div class=\"elementor-widget-container\">\n\t\t\t\t\t\t\t\t\t\t\t\t\t\t\t\t<a href=\"https:\/\/batisomine.com\/wp-content\/uploads\/2023\/12\/duz-tip-odunlu-somine-80-55.png\" data-elementor-open-lightbox=\"yes\" data-elementor-lightbox-title=\"d\u00fcz-tip-odunlu-\u015f\u00f6mine-80-55\" data-e-action-hash=\"#elementor-action%3Aaction%3Dlightbox%26settings%3DeyJpZCI6NTgyLCJ1cmwiOiJodHRwczpcL1wvYmF0aXNvbWluZS5jb21cL3dwLWNvbnRlbnRcL3VwbG9hZHNcLzIwMjNcLzEyXC9kdXotdGlwLW9kdW5sdS1zb21pbmUtODAtNTUucG5nIn0%3D\">\n\t\t\t\t\t\t\t<img fetchpriority=\"high\" decoding=\"async\" width=\"1000\" height=\"1000\" src=\"https:\/\/batisomine.com\/wp-content\/uploads\/2023\/12\/duz-tip-odunlu-somine-80-55.png\" class=\"attachment-full size-full wp-image-582\" alt=\"d\u00fcz-tip-odunlu-\u015f\u00f6mine-80-55\" srcset=\"https:\/\/batisomine.com\/wp-content\/uploads\/2023\/12\/duz-tip-odunlu-somine-80-55.png 1000w, https:\/\/batisomine.com\/wp-content\/uploads\/2023\/12\/duz-tip-odunlu-somine-80-55-300x300.png 300w, https:\/\/batisomine.com\/wp-content\/uploads\/2023\/12\/duz-tip-odunlu-somine-80-55-150x150.png 150w, https:\/\/batisomine.com\/wp-content\/uploads\/2023\/12\/duz-tip-odunlu-somine-80-55-768x768.png 768w\" sizes=\"(max-width: 1000px) 100vw, 1000px\" \/>\t\t\t\t\t\t\t\t<\/a>\n\t\t\t\t\t\t\t\t\t\t\t\t\t\t\t<\/div>\n\t\t\t\t<\/div>\n\t\t\t\t<\/div>\n\t\t<div class=\"elementor-element elementor-element-9e3568c e-con-full e-flex e-con e-child\" data-id=\"9e3568c\" data-element_type=\"container\" data-e-type=\"container\">\n\t\t\t\t<div class=\"elementor-element elementor-element-87ca5a3 elementor-widget elementor-widget-heading\" data-id=\"87ca5a3\" data-element_type=\"widget\" data-e-type=\"widget\" data-widget_type=\"heading.default\">\n\t\t\t\t<div class=\"elementor-widget-container\">\n\t\t\t\t\t<h1 class=\"elementor-heading-title elementor-size-default\">100\u00d750 Flat Type Fireplace #2<\/h1>\t\t\t\t<\/div>\n\t\t\t\t<\/div>\n\t\t\t\t<div class=\"elementor-element elementor-element-49af2ca elementor-widget elementor-widget-heading\" data-id=\"49af2ca\" data-element_type=\"widget\" data-e-type=\"widget\" data-widget_type=\"heading.default\">\n\t\t\t\t<div class=\"elementor-widget-container\">\n\t\t\t\t\t<h3 class=\"elementor-heading-title elementor-size-default\">U Type Fireplace<\/h3>\t\t\t\t<\/div>\n\t\t\t\t<\/div>\n\t\t\t\t<div class=\"elementor-element elementor-element-b60058f elementor-widget__width-auto elementor-widget elementor-widget-text-editor\" data-id=\"b60058f\" data-element_type=\"widget\" data-e-type=\"widget\" data-widget_type=\"text-editor.default\">\n\t\t\t\t<div class=\"elementor-widget-container\">\n\t\t\t\t\t\t\t\t\t<table style=\"width: 350px;\"><tbody><tr><th style=\"width: 175px;\">Feature<\/th><th style=\"width: 175px;\">Value<\/th><\/tr><\/tbody><tbody><tr><td style=\"width: 175px;\">Power (kW)<\/td><td style=\"width: 175px;\">18<\/td><\/tr><tr><td style=\"width: 175px;\">Heating Efficiency (%)<\/td><td style=\"width: 175px;\">85<\/td><\/tr><tr><td style=\"width: 175px;\">Weight (kg)<\/td><td style=\"width: 175px;\">280<\/td><\/tr><tr><td style=\"width: 175px;\">Material<\/td><td style=\"width: 175px;\">Steel<\/td><\/tr><tr><td style=\"width: 175px;\">Chimney Diameter<\/td><td style=\"width: 175px;\">250<\/td><\/tr><tr><td style=\"width: 175px;\">Glass<\/td><td style=\"width: 175px;\">Ceramic Glass<\/td><\/tr><tr><td style=\"width: 175px;\">Combustion Chamber<\/td><td style=\"width: 175px;\">Casting<\/td><\/tr><tr><td style=\"width: 175px;\">Guarantee<\/td><td style=\"width: 175px;\">5 Years<\/td><\/tr><\/tbody><\/table>\t\t\t\t\t\t\t\t<\/div>\n\t\t\t\t<\/div>\n\t\t\t\t<\/div>\n\t\t\t\t\t<\/div>\n\t\t\t\t<\/div>\n\t\t<div class=\"elementor-element elementor-element-256d763 e-con-full e-flex e-con e-child\" data-id=\"256d763\" data-element_type=\"container\" data-e-type=\"container\">\n\t\t<div class=\"elementor-element elementor-element-953c2cb e-flex e-con-boxed e-con e-child\" data-id=\"953c2cb\" data-element_type=\"container\" data-e-type=\"container\">\n\t\t\t\t\t<div class=\"e-con-inner\">\n\t\t<div class=\"elementor-element elementor-element-3615270 e-flex e-con-boxed e-con e-child\" data-id=\"3615270\" data-element_type=\"container\" data-e-type=\"container\">\n\t\t\t\t\t<div class=\"e-con-inner\">\n\t\t\t\t<div class=\"elementor-element elementor-element-2b03231 elementor-widget elementor-widget-text-editor\" data-id=\"2b03231\" data-element_type=\"widget\" data-e-type=\"widget\" data-widget_type=\"text-editor.default\">\n\t\t\t\t<div class=\"elementor-widget-container\">\n\t\t\t\t\t\t\t\t\t<p>\u2022 In order to ensure efficient combustion, the oxygen level entering the chamber can be adjusted with the flap valve. The control of the lower cold air inlet allows the fire to be put to sleep. Thus, the oxygen supply can be kept at a certain level; more combustion efficiency can be achieved from wood fire.<\/p><p>\u2022 The cold air taken from outside is directed directly to the windows with the help of ducts. This system, called upper air curtain, ensures that the windows are less soaked.<\/p><p>\u2022 Wick protection resistant to 900 degrees is used to ensure the cover smoke tightness of the fireplace. This wick, which is used, ensures that the oxygen input is kept at the desired level by squeezing between the cover and the body. At the same time, this wick, which surrounds the cover section, prevents smoke leakage into the heat chamber.<\/p><p>\u2022 In our hoppers, the cover section is connected to the body with imported rail system. In this way, a lift system that does not make noise and jamming has been obtained.<\/p><p>\u2022 Our flame breaker technology, which is produced in disassembled form, targets heat accumulation and prevents the heat from escaping immediately with smoke. In short, a lot of loveliness is achieved with little fuel.<\/p><p>\u2022 The castings used are 100% cast iron and 12 mm thick.<\/p><p>\u2022 The fireplace combustion area is made of 3 mm thick boiler steel.<\/p><p>\u2022 Vitro ceramic glass resistant to 850 degrees is used in our lids.<\/p><p>\u2022 Fireplace bearings 6005 quality high temperature resistant bearings are used.<\/p><p>\u2022 Fireplaces are painted with Ceramic Paint resistant to 600 degrees. Thanks to the fireproof paint, an elegant appearance is obtained inside the chamber and in the cover section.<\/p>\t\t\t\t\t\t\t\t<\/div>\n\t\t\t\t<\/div>\n\t\t\t\t\t<\/div>\n\t\t\t\t<\/div>\n\t\t\t\t\t<\/div>\n\t\t\t\t<\/div>\n\t\t\t\t<\/div>\n\t\t\t\t\t<\/div>\n\t\t\t\t<\/div>\n\t\t<div class=\"elementor-element elementor-element-6979372 e-flex e-con-boxed e-con e-parent\" data-id=\"6979372\" data-element_type=\"container\" data-e-type=\"container\">\n\t\t\t\t\t<div class=\"e-con-inner\">\n\t\t<div class=\"elementor-element elementor-element-9a84e42 e-flex e-con-boxed e-con e-child\" data-id=\"9a84e42\" data-element_type=\"container\" data-e-type=\"container\">\n\t\t\t\t\t<div class=\"e-con-inner\">\n\t\t<div class=\"elementor-element elementor-element-8dc110f e-flex e-con-boxed e-con e-child\" data-id=\"8dc110f\" data-element_type=\"container\" data-e-type=\"container\">\n\t\t\t\t\t<div class=\"e-con-inner\">\n\t\t\t\t<div class=\"elementor-element elementor-element-c36237a elementor-widget elementor-widget-heading\" data-id=\"c36237a\" data-element_type=\"widget\" data-e-type=\"widget\" data-widget_type=\"heading.default\">\n\t\t\t\t<div class=\"elementor-widget-container\">\n\t\t\t\t\t<h3 class=\"elementor-heading-title elementor-size-default\">Technical Drawing<\/h3>\t\t\t\t<\/div>\n\t\t\t\t<\/div>\n\t\t\t\t<div class=\"elementor-element elementor-element-eb09394 elementor-widget elementor-widget-image\" data-id=\"eb09394\" data-element_type=\"widget\" data-e-type=\"widget\" data-widget_type=\"image.default\">\n\t\t\t\t<div class=\"elementor-widget-container\">\n\t\t\t\t\t\t\t\t\t\t\t\t\t\t\t\t<a href=\"https:\/\/batisomine.com\/wp-content\/uploads\/2023\/12\/duz-tip-dokum-100x50-1.jpg\" data-elementor-open-lightbox=\"yes\" data-elementor-lightbox-title=\"d\u00fcz-tip-d\u00f6k\u00fcm-100x50\" data-e-action-hash=\"#elementor-action%3Aaction%3Dlightbox%26settings%3DeyJpZCI6MTQwNSwidXJsIjoiaHR0cHM6XC9cL2JhdGlzb21pbmUuY29tXC93cC1jb250ZW50XC91cGxvYWRzXC8yMDIzXC8xMlwvZHV6LXRpcC1kb2t1bS0xMDB4NTAtMS5qcGcifQ%3D%3D\">\n\t\t\t\t\t\t\t<img decoding=\"async\" width=\"631\" height=\"800\" src=\"https:\/\/batisomine.com\/wp-content\/uploads\/2023\/12\/duz-tip-dokum-100x50-1.jpg\" class=\"attachment-full size-full wp-image-1405\" alt=\"flat-type-cast-100x50\" srcset=\"https:\/\/batisomine.com\/wp-content\/uploads\/2023\/12\/duz-tip-dokum-100x50-1.jpg 631w, https:\/\/batisomine.com\/wp-content\/uploads\/2023\/12\/duz-tip-dokum-100x50-1-237x300.jpg 237w\" sizes=\"(max-width: 631px) 100vw, 631px\" \/>\t\t\t\t\t\t\t\t<\/a>\n\t\t\t\t\t\t\t\t\t\t\t\t\t\t\t<\/div>\n\t\t\t\t<\/div>\n\t\t\t\t\t<\/div>\n\t\t\t\t<\/div>\n\t\t<div class=\"elementor-element elementor-element-8609f75 e-flex e-con-boxed e-con e-child\" data-id=\"8609f75\" data-element_type=\"container\" data-e-type=\"container\">\n\t\t\t\t\t<div class=\"e-con-inner\">\n\t\t\t\t<div class=\"elementor-element elementor-element-e95f3f0 elementor-widget elementor-widget-heading\" data-id=\"e95f3f0\" data-element_type=\"widget\" data-e-type=\"widget\" data-widget_type=\"heading.default\">\n\t\t\t\t<div class=\"elementor-widget-container\">\n\t\t\t\t\t<h3 class=\"elementor-heading-title elementor-size-default\">Usage Image<\/h3>\t\t\t\t<\/div>\n\t\t\t\t<\/div>\n\t\t\t\t\t<\/div>\n\t\t\t\t<\/div>\n\t\t\t\t\t<\/div>\n\t\t\t\t<\/div>\n\t\t\t\t\t<\/div>\n\t\t\t\t<\/div>\n\t\t\t\t<\/div>","protected":false},"excerpt":{"rendered":"<p>U Tipi \u015e\u00f6mine \u00d6zellik De\u011fer G\u00fc\u00e7 (kW) 18 Is\u0131tma Verimlili\u011fi (%) 85 A\u011f\u0131rl\u0131k (kg) 280 Malzeme \u00c7elik Baca \u00c7ap\u0131 250 Cam Seramik Cam Yanma Haznesi D\u00f6k\u00fcm Garanti 5 Y\u0131l \u2022 Verimli yan\u0131\u015f sa\u011flamak ad\u0131na hazne i\u00e7ine giren oksijen seviyesi klepe s\u00fcrg\u00fcs\u00fcyle ayarlanabilmektedir. Alt so\u011fuk hava giri\u015finin kontrol\u00fc, ate\u015fin uyutulabilmesini sa\u011flamaktad\u0131r. B\u00f6ylece oksijen beslemesi belirli bir [&hellip;]<\/p>\n","protected":false},"author":3,"featured_media":0,"parent":27,"menu_order":0,"comment_status":"closed","ping_status":"closed","template":"elementor_header_footer","meta":{"footnotes":""},"class_list":["post-966","page","type-page","status-publish","hentry"],"yoast_head":"<!-- This site is optimized with the Yoast SEO plugin v27.3 - https:\/\/yoast.com\/product\/yoast-seo-wordpress\/ -->\n<title>100x50 D\u00fcz Tip \u015e\u00f6mine #2 | Bat\u0131 \u015e\u00f6mine<\/title>\n<meta name=\"description\" content=\"\u0130zmir D\u00f6k\u00fcm \u015f\u00f6mine barbek\u00fc soba \u00fcretimi i\u00e7in en do\u011fru adres Bat\u0131 \u015e\u00f6mine. F\u0131r\u0131nl\u0131 odunlu \u015f\u00f6mine barbek\u00fc tasar\u0131m\u0131 \u00fcretimi ve montaj\u0131\" \/>\n<meta name=\"robots\" content=\"index, follow, max-snippet:-1, max-image-preview:large, max-video-preview:-1\" \/>\n<link rel=\"canonical\" href=\"https:\/\/batisomine.com\/en\/somine-models\/wooded-nutrunners\/straight-type-somine\/100x50-straight-type-nut-2\/\" \/>\n<meta property=\"og:locale\" content=\"en_GB\" \/>\n<meta property=\"og:type\" content=\"article\" \/>\n<meta property=\"og:title\" content=\"100x50 D\u00fcz Tip \u015e\u00f6mine #2 | Bat\u0131 \u015e\u00f6mine\" \/>\n<meta property=\"og:description\" content=\"\u0130zmir D\u00f6k\u00fcm \u015f\u00f6mine barbek\u00fc soba \u00fcretimi i\u00e7in en do\u011fru adres Bat\u0131 \u015e\u00f6mine. F\u0131r\u0131nl\u0131 odunlu \u015f\u00f6mine barbek\u00fc tasar\u0131m\u0131 \u00fcretimi ve montaj\u0131\" \/>\n<meta property=\"og:url\" content=\"https:\/\/batisomine.com\/en\/somine-models\/wooded-nutrunners\/straight-type-somine\/100x50-straight-type-nut-2\/\" \/>\n<meta property=\"og:site_name\" content=\"Bat\u0131 \u015e\u00f6mine\" \/>\n<meta property=\"article:modified_time\" content=\"2025-02-21T10:18:15+00:00\" \/>\n<meta property=\"og:image\" content=\"https:\/\/batisomine.com\/wp-content\/uploads\/2023\/12\/duz-tip-odunlu-somine-80-55.png\" \/>\n<meta name=\"twitter:card\" content=\"summary_large_image\" \/>\n<script type=\"application\/ld+json\" class=\"yoast-schema-graph\">{\"@context\":\"https:\\\/\\\/schema.org\",\"@graph\":[{\"@type\":\"WebPage\",\"@id\":\"https:\\\/\\\/batisomine.com\\\/somine-modelleri\\\/odunlu-somineler\\\/duz-tip-somine\\\/100x50-duz-tip-somine-2\\\/\",\"url\":\"https:\\\/\\\/batisomine.com\\\/somine-modelleri\\\/odunlu-somineler\\\/duz-tip-somine\\\/100x50-duz-tip-somine-2\\\/\",\"name\":\"100x50 D\u00fcz Tip \u015e\u00f6mine #2 | Bat\u0131 \u015e\u00f6mine\",\"isPartOf\":{\"@id\":\"http:\\\/\\\/batisomine.com\\\/#website\"},\"primaryImageOfPage\":{\"@id\":\"https:\\\/\\\/batisomine.com\\\/somine-modelleri\\\/odunlu-somineler\\\/duz-tip-somine\\\/100x50-duz-tip-somine-2\\\/#primaryimage\"},\"image\":{\"@id\":\"https:\\\/\\\/batisomine.com\\\/somine-modelleri\\\/odunlu-somineler\\\/duz-tip-somine\\\/100x50-duz-tip-somine-2\\\/#primaryimage\"},\"thumbnailUrl\":\"https:\\\/\\\/batisomine.com\\\/wp-content\\\/uploads\\\/2023\\\/12\\\/duz-tip-odunlu-somine-80-55.png\",\"datePublished\":\"2023-12-07T09:00:51+00:00\",\"dateModified\":\"2025-02-21T10:18:15+00:00\",\"description\":\"\u0130zmir D\u00f6k\u00fcm \u015f\u00f6mine barbek\u00fc soba \u00fcretimi i\u00e7in en do\u011fru adres Bat\u0131 \u015e\u00f6mine. F\u0131r\u0131nl\u0131 odunlu \u015f\u00f6mine barbek\u00fc tasar\u0131m\u0131 \u00fcretimi ve montaj\u0131\",\"breadcrumb\":{\"@id\":\"https:\\\/\\\/batisomine.com\\\/somine-modelleri\\\/odunlu-somineler\\\/duz-tip-somine\\\/100x50-duz-tip-somine-2\\\/#breadcrumb\"},\"inLanguage\":\"en-GB\",\"potentialAction\":[{\"@type\":\"ReadAction\",\"target\":[\"https:\\\/\\\/batisomine.com\\\/somine-modelleri\\\/odunlu-somineler\\\/duz-tip-somine\\\/100x50-duz-tip-somine-2\\\/\"]}]},{\"@type\":\"ImageObject\",\"inLanguage\":\"en-GB\",\"@id\":\"https:\\\/\\\/batisomine.com\\\/somine-modelleri\\\/odunlu-somineler\\\/duz-tip-somine\\\/100x50-duz-tip-somine-2\\\/#primaryimage\",\"url\":\"https:\\\/\\\/batisomine.com\\\/wp-content\\\/uploads\\\/2023\\\/12\\\/duz-tip-odunlu-somine-80-55.png\",\"contentUrl\":\"https:\\\/\\\/batisomine.com\\\/wp-content\\\/uploads\\\/2023\\\/12\\\/duz-tip-odunlu-somine-80-55.png\"},{\"@type\":\"BreadcrumbList\",\"@id\":\"https:\\\/\\\/batisomine.com\\\/somine-modelleri\\\/odunlu-somineler\\\/duz-tip-somine\\\/100x50-duz-tip-somine-2\\\/#breadcrumb\",\"itemListElement\":[{\"@type\":\"ListItem\",\"position\":1,\"name\":\"Anasayfa\",\"item\":\"http:\\\/\\\/batisomine.com\\\/\"},{\"@type\":\"ListItem\",\"position\":2,\"name\":\"\u015e\u00f6mineler\",\"item\":\"https:\\\/\\\/batisomine.com\\\/somine-modelleri\\\/\"},{\"@type\":\"ListItem\",\"position\":3,\"name\":\"Odunlu \u015e\u00f6mineler\",\"item\":\"https:\\\/\\\/batisomine.com\\\/somine-modelleri\\\/odunlu-somineler\\\/\"},{\"@type\":\"ListItem\",\"position\":4,\"name\":\"D\u00fcz Tip \u015e\u00f6mine\",\"item\":\"https:\\\/\\\/batisomine.com\\\/somine-modelleri\\\/odunlu-somineler\\\/duz-tip-somine\\\/\"},{\"@type\":\"ListItem\",\"position\":5,\"name\":\"100&#215;50 D\u00fcz Tip \u015e\u00f6mine #2\"}]},{\"@type\":\"WebSite\",\"@id\":\"http:\\\/\\\/batisomine.com\\\/#website\",\"url\":\"http:\\\/\\\/batisomine.com\\\/\",\"name\":\"Bat\u0131 \u015e\u00f6mine\",\"description\":\"D\u00f6k\u00fcm \u015e\u00f6mine &amp; Barbek\u00fc &amp; Soba\",\"publisher\":{\"@id\":\"http:\\\/\\\/batisomine.com\\\/#organization\"},\"alternateName\":\"\u0130zmir D\u00f6k\u00fcm \u015e\u00f6mine Barbek\u00fc Soba\",\"potentialAction\":[{\"@type\":\"SearchAction\",\"target\":{\"@type\":\"EntryPoint\",\"urlTemplate\":\"http:\\\/\\\/batisomine.com\\\/?s={search_term_string}\"},\"query-input\":{\"@type\":\"PropertyValueSpecification\",\"valueRequired\":true,\"valueName\":\"search_term_string\"}}],\"inLanguage\":\"en-GB\"},{\"@type\":\"Organization\",\"@id\":\"http:\\\/\\\/batisomine.com\\\/#organization\",\"name\":\"Bat\u0131 \u015e\u00f6mine\",\"url\":\"http:\\\/\\\/batisomine.com\\\/\",\"logo\":{\"@type\":\"ImageObject\",\"inLanguage\":\"en-GB\",\"@id\":\"http:\\\/\\\/batisomine.com\\\/#\\\/schema\\\/logo\\\/image\\\/\",\"url\":\"https:\\\/\\\/batisomine.com\\\/wp-content\\\/uploads\\\/2023\\\/12\\\/yatay-logo.png\",\"contentUrl\":\"https:\\\/\\\/batisomine.com\\\/wp-content\\\/uploads\\\/2023\\\/12\\\/yatay-logo.png\",\"width\":447,\"height\":200,\"caption\":\"Bat\u0131 \u015e\u00f6mine\"},\"image\":{\"@id\":\"http:\\\/\\\/batisomine.com\\\/#\\\/schema\\\/logo\\\/image\\\/\"},\"sameAs\":[\"https:\\\/\\\/www.instagram.com\\\/batisomine\\\/\"]}]}<\/script>\n<!-- \/ Yoast SEO plugin. -->","yoast_head_json":{"title":"100x50 Flat Type Fireplace #2 | West Fireplace","description":"Izmir The most accurate address for cast iron fireplace barbecue stove production is Bat\u0131 Fireplace. Oven wood fireplace barbecue design, production and installation","robots":{"index":"index","follow":"follow","max-snippet":"max-snippet:-1","max-image-preview":"max-image-preview:large","max-video-preview":"max-video-preview:-1"},"canonical":"https:\/\/batisomine.com\/en\/somine-models\/wooded-nutrunners\/straight-type-somine\/100x50-straight-type-nut-2\/","og_locale":"en_GB","og_type":"article","og_title":"100x50 D\u00fcz Tip \u015e\u00f6mine #2 | Bat\u0131 \u015e\u00f6mine","og_description":"\u0130zmir D\u00f6k\u00fcm \u015f\u00f6mine barbek\u00fc soba \u00fcretimi i\u00e7in en do\u011fru adres Bat\u0131 \u015e\u00f6mine. F\u0131r\u0131nl\u0131 odunlu \u015f\u00f6mine barbek\u00fc tasar\u0131m\u0131 \u00fcretimi ve montaj\u0131","og_url":"https:\/\/batisomine.com\/en\/somine-models\/wooded-nutrunners\/straight-type-somine\/100x50-straight-type-nut-2\/","og_site_name":"Bat\u0131 \u015e\u00f6mine","article_modified_time":"2025-02-21T10:18:15+00:00","og_image":[{"url":"https:\/\/batisomine.com\/wp-content\/uploads\/2023\/12\/duz-tip-odunlu-somine-80-55.png","type":"","width":"","height":""}],"twitter_card":"summary_large_image","schema":{"@context":"https:\/\/schema.org","@graph":[{"@type":"WebPage","@id":"https:\/\/batisomine.com\/somine-modelleri\/odunlu-somineler\/duz-tip-somine\/100x50-duz-tip-somine-2\/","url":"https:\/\/batisomine.com\/somine-modelleri\/odunlu-somineler\/duz-tip-somine\/100x50-duz-tip-somine-2\/","name":"100x50 Flat Type Fireplace #2 | West Fireplace","isPartOf":{"@id":"http:\/\/batisomine.com\/#website"},"primaryImageOfPage":{"@id":"https:\/\/batisomine.com\/somine-modelleri\/odunlu-somineler\/duz-tip-somine\/100x50-duz-tip-somine-2\/#primaryimage"},"image":{"@id":"https:\/\/batisomine.com\/somine-modelleri\/odunlu-somineler\/duz-tip-somine\/100x50-duz-tip-somine-2\/#primaryimage"},"thumbnailUrl":"https:\/\/batisomine.com\/wp-content\/uploads\/2023\/12\/duz-tip-odunlu-somine-80-55.png","datePublished":"2023-12-07T09:00:51+00:00","dateModified":"2025-02-21T10:18:15+00:00","description":"Izmir The most accurate address for cast iron fireplace barbecue stove production is Bat\u0131 Fireplace. Oven wood fireplace barbecue design, production and installation","breadcrumb":{"@id":"https:\/\/batisomine.com\/somine-modelleri\/odunlu-somineler\/duz-tip-somine\/100x50-duz-tip-somine-2\/#breadcrumb"},"inLanguage":"en-GB","potentialAction":[{"@type":"ReadAction","target":["https:\/\/batisomine.com\/somine-modelleri\/odunlu-somineler\/duz-tip-somine\/100x50-duz-tip-somine-2\/"]}]},{"@type":"ImageObject","inLanguage":"en-GB","@id":"https:\/\/batisomine.com\/somine-modelleri\/odunlu-somineler\/duz-tip-somine\/100x50-duz-tip-somine-2\/#primaryimage","url":"https:\/\/batisomine.com\/wp-content\/uploads\/2023\/12\/duz-tip-odunlu-somine-80-55.png","contentUrl":"https:\/\/batisomine.com\/wp-content\/uploads\/2023\/12\/duz-tip-odunlu-somine-80-55.png"},{"@type":"BreadcrumbList","@id":"https:\/\/batisomine.com\/somine-modelleri\/odunlu-somineler\/duz-tip-somine\/100x50-duz-tip-somine-2\/#breadcrumb","itemListElement":[{"@type":"ListItem","position":1,"name":"Anasayfa","item":"http:\/\/batisomine.com\/"},{"@type":"ListItem","position":2,"name":"\u015e\u00f6mineler","item":"https:\/\/batisomine.com\/somine-modelleri\/"},{"@type":"ListItem","position":3,"name":"Odunlu \u015e\u00f6mineler","item":"https:\/\/batisomine.com\/somine-modelleri\/odunlu-somineler\/"},{"@type":"ListItem","position":4,"name":"D\u00fcz Tip \u015e\u00f6mine","item":"https:\/\/batisomine.com\/somine-modelleri\/odunlu-somineler\/duz-tip-somine\/"},{"@type":"ListItem","position":5,"name":"100&#215;50 D\u00fcz Tip \u015e\u00f6mine #2"}]},{"@type":"WebSite","@id":"http:\/\/batisomine.com\/#website","url":"http:\/\/batisomine.com\/","name":"Bat\u0131 \u015e\u00f6mine","description":"Cast Iron Fireplace &amp; Barbecue &amp; Stove","publisher":{"@id":"http:\/\/batisomine.com\/#organization"},"alternateName":"\u0130zmir D\u00f6k\u00fcm \u015e\u00f6mine Barbek\u00fc Soba","potentialAction":[{"@type":"SearchAction","target":{"@type":"EntryPoint","urlTemplate":"http:\/\/batisomine.com\/?s={search_term_string}"},"query-input":{"@type":"PropertyValueSpecification","valueRequired":true,"valueName":"search_term_string"}}],"inLanguage":"en-GB"},{"@type":"Organization","@id":"http:\/\/batisomine.com\/#organization","name":"Bat\u0131 \u015e\u00f6mine","url":"http:\/\/batisomine.com\/","logo":{"@type":"ImageObject","inLanguage":"en-GB","@id":"http:\/\/batisomine.com\/#\/schema\/logo\/image\/","url":"https:\/\/batisomine.com\/wp-content\/uploads\/2023\/12\/yatay-logo.png","contentUrl":"https:\/\/batisomine.com\/wp-content\/uploads\/2023\/12\/yatay-logo.png","width":447,"height":200,"caption":"Bat\u0131 \u015e\u00f6mine"},"image":{"@id":"http:\/\/batisomine.com\/#\/schema\/logo\/image\/"},"sameAs":["https:\/\/www.instagram.com\/batisomine\/"]}]}},"_links":{"self":[{"href":"https:\/\/batisomine.com\/en\/wp-json\/wp\/v2\/pages\/966","targetHints":{"allow":["GET"]}}],"collection":[{"href":"https:\/\/batisomine.com\/en\/wp-json\/wp\/v2\/pages"}],"about":[{"href":"https:\/\/batisomine.com\/en\/wp-json\/wp\/v2\/types\/page"}],"author":[{"embeddable":true,"href":"https:\/\/batisomine.com\/en\/wp-json\/wp\/v2\/users\/3"}],"replies":[{"embeddable":true,"href":"https:\/\/batisomine.com\/en\/wp-json\/wp\/v2\/comments?post=966"}],"version-history":[{"count":10,"href":"https:\/\/batisomine.com\/en\/wp-json\/wp\/v2\/pages\/966\/revisions"}],"predecessor-version":[{"id":4390,"href":"https:\/\/batisomine.com\/en\/wp-json\/wp\/v2\/pages\/966\/revisions\/4390"}],"up":[{"embeddable":true,"href":"https:\/\/batisomine.com\/en\/wp-json\/wp\/v2\/pages\/27"}],"wp:attachment":[{"href":"https:\/\/batisomine.com\/en\/wp-json\/wp\/v2\/media?parent=966"}],"curies":[{"name":"wp","href":"https:\/\/api.w.org\/{rel}","templated":true}]}}